{"id":1441,"date":"2023-02-18T16:39:24","date_gmt":"2023-02-18T15:39:24","guid":{"rendered":"https:\/\/coin-store-nft.com\/?post_type=product&#038;p=1441"},"modified":"2023-05-28T09:27:27","modified_gmt":"2023-05-28T07:27:27","slug":"mondlandung-1-oz-silbermuenze","status":"publish","type":"product","link":"https:\/\/coin-store-nft.com\/en\/produkt\/mondlandung-1-oz-silbermuenze\/","title":{"rendered":"Mondlandung 50. Jahrestag mit echten DIAMANTEN-Splitter, Silberm\u00fcnze 1 Oz"},"content":{"rendered":"<div style=\"width: 800px;\" class=\"wp-video\"><!--[if lt IE 9]><script>document.createElement('video');<\/script><![endif]-->\n<video class=\"wp-video-shortcode\" id=\"video-1441-1\" width=\"800\" height=\"451\" preload=\"metadata\" controls=\"controls\"><source type=\"video\/mp4\" src=\"https:\/\/coin-store-nft.com\/wp-content\/uploads\/2023\/02\/MoonLanding-Diamond.mp4?_=1\" \/><a href=\"https:\/\/coin-store-nft.com\/wp-content\/uploads\/2023\/02\/MoonLanding-Diamond.mp4\">https:\/\/coin-store-nft.com\/wp-content\/uploads\/2023\/02\/MoonLanding-Diamond.mp4<\/a><\/video><\/div>\n<p>50. Jahrestag der Mondlandung-mit echtem DIAMANTEN-Silberm\u00fcnze 1 Oz<\/p>\n<p>Diese wunderbare, zertifizierte, limitierte\u00a0 Space Editions Silberm\u00fcnze 1 Oz beinhalten echte Diamanten-Splitter und ist in Kombination mit NFT#1 weltweit einzigartig. Ein &#8220;must have&#8221; f\u00fcr jeden Sammler.<\/p>\n<p>Diese wundersch\u00f6ne Silberm\u00fcnze ist dem 50. Jahrestag der Mondmission Apollo 11 am 20. Juli 1969 gewidmet. Die M\u00fcnze hat einen wunderbaren Farbauftrag und ein wundersch\u00f6nes Design mit integrierten REAL DIAMOND Splittern. Die Vorderseite der M\u00fcnze zeigt das Bild der Landung, die R\u00fcckseite einen Wappenadler mit Schild, der in der rechten Kralle einen Olivenzweig und in der linken Pfeile umklammert. Das Design von John Mercanti symbolisierte St\u00e4rke und Ausdauer.<\/p>\n","protected":false},"excerpt":{"rendered":"<p>50. Jahrestag der Mondlandung-mit echtem DIAMANTEN-Silberm\u00fcnze 1 Oz<\/p>\n","protected":false},"featured_media":5447,"comment_status":"open","ping_status":"closed","template":"","meta":{"inline_featured_image":false},"product_brand":[],"product_cat":[101,151],"product_tag":[],"class_list":{"0":"post-1441","1":"product","2":"type-product","3":"status-publish","4":"has-post-thumbnail","6":"product_cat-silbermuenze","7":"product_cat-space-edition","8":"pa_anzahl-muenzen-weltweit-237","9":"pa_gewicht-der-muenze-1-oz-2834-g","10":"pa_herstellungsland-usa","11":"pa_material-muenze-silber-0-999","12":"pa_muenzdurchmesser-mm-3861-mm","13":"pa_nennwert-muenze-1-dollar","14":"pa_oberflaechenbeschaffenheit-proof","15":"pa_praegejahr-der-muenze-133","17":"first","18":"instock","19":"taxable","20":"shipping-taxable","21":"purchasable","22":"product-type-simple"},"jetpack_sharing_enabled":true,"_links":{"self":[{"href":"https:\/\/coin-store-nft.com\/en\/wp-json\/wp\/v2\/product\/1441"}],"collection":[{"href":"https:\/\/coin-store-nft.com\/en\/wp-json\/wp\/v2\/product"}],"about":[{"href":"https:\/\/coin-store-nft.com\/en\/wp-json\/wp\/v2\/types\/product"}],"replies":[{"embeddable":true,"href":"https:\/\/coin-store-nft.com\/en\/wp-json\/wp\/v2\/comments?post=1441"}],"wp:featuredmedia":[{"embeddable":true,"href":"https:\/\/coin-store-nft.com\/en\/wp-json\/wp\/v2\/media\/5447"}],"wp:attachment":[{"href":"https:\/\/coin-store-nft.com\/en\/wp-json\/wp\/v2\/media?parent=1441"}],"wp:term":[{"taxonomy":"product_brand","embeddable":true,"href":"https:\/\/coin-store-nft.com\/en\/wp-json\/wp\/v2\/product_brand?post=1441"},{"taxonomy":"product_cat","embeddable":true,"href":"https:\/\/coin-store-nft.com\/en\/wp-json\/wp\/v2\/product_cat?post=1441"},{"taxonomy":"product_tag","embeddable":true,"href":"https:\/\/coin-store-nft.com\/en\/wp-json\/wp\/v2\/product_tag?post=1441"}],"curies":[{"name":"wp","href":"https:\/\/api.w.org\/{rel}","templated":true}]}}