{"id":7129,"date":"2023-04-27T09:27:41","date_gmt":"2023-04-27T07:27:41","guid":{"rendered":"https:\/\/coin-store-nft.com\/?post_type=product&#038;p=7129"},"modified":"2024-10-16T15:22:54","modified_gmt":"2024-10-16T13:22:54","slug":"kama-sutra-i-moments-of-love-nft2-3","status":"publish","type":"product","link":"https:\/\/coin-store-nft.com\/en\/produkt\/kama-sutra-i-moments-of-love-nft2-3\/","title":{"rendered":"KAMA SUTRA I Moments of Love NFT#2\/3"},"content":{"rendered":"<div style=\"width: 640px;\" class=\"wp-video\"><!--[if lt IE 9]><script>document.createElement('video');<\/script><![endif]-->\n<video class=\"wp-video-shortcode\" id=\"video-7129-1\" width=\"640\" height=\"360\" autoplay=\"1\" preload=\"metadata\" controls=\"controls\"><source type=\"video\/webm\" src=\"https:\/\/coin-store-nft.com\/wp-content\/uploads\/2023\/04\/Kama-Sutra-I-Small.webm?_=1\" \/><a href=\"https:\/\/coin-store-nft.com\/wp-content\/uploads\/2023\/04\/Kama-Sutra-I-Small.webm\">https:\/\/coin-store-nft.com\/wp-content\/uploads\/2023\/04\/Kama-Sutra-I-Small.webm<\/a><\/video><\/div>\n<p>&nbsp;<\/p>\n<p>KAMA SUTRA I Moments of Love NFT#1\/3<\/p>\n<p>Dieses au\u00dferordendliche Sammlerst\u00fcck wird gemeinsam mit dem NFT#1 und einem Handbuch geliefert. Limitierte Auflage &#8211; nur 3 NFT weltweit.<\/p>\n<p>Die Vorderseite dieses erstaunlichen 3 OZ seltenen Silberm\u00fcnzen-Sammlerst\u00fccks zeigt zwei Liebende in einem intensiven Moment der Erotik und des Verlangens. Auf dem Hintergrund der Personen ein wundersch\u00f6nes florales buntes Muster. Auf der linken Seite der Vorderseite befindet sich die Inschrift &#8220;KAMA SUTRA&#8221; &#8211; der Name der M\u00fcnze und &#8220;Moments of Love&#8221; &#8211; der Name der Serie. Die R\u00fcckseite der M\u00fcnze zeigt die Gesichter der beiden Liebenden, des Mannes und einer Frau, auf einem Blumenmuster und die Inschriften: &#8220;REPUBLIQUE DU CAMEROUN&#8221; \u2013 das Ausgabeland, &#8220;2019&#8221; \u2013 das Ausgabejahr und &#8220;3000 FRANCS CFA&#8221; \u2013 der Nennwert.<\/p>\n<p>&nbsp;<\/p>\n","protected":false},"excerpt":{"rendered":"<p>&nbsp; KAMA SUTRA I Moments of Love NFT#1\/3 Dieses au\u00dferordendliche Sammlerst\u00fcck wird gemeinsam mit dem NFT#1 und einem Handbuch geliefert. Limitierte Auflage &#8211; nur 3 NFT weltweit. Die Vorderseite dieses erstaunlichen 3 OZ seltenen Silberm\u00fcnzen-Sammlerst\u00fccks zeigt zwei Liebende in einem intensiven Moment der Erotik und des Verlangens. Auf dem Hintergrund der Personen ein wundersch\u00f6nes florales [&hellip;]<\/p>\n","protected":false},"featured_media":7117,"comment_status":"open","ping_status":"closed","template":"","meta":{"inline_featured_image":false},"product_brand":[],"product_cat":[827,100],"product_tag":[],"class_list":{"0":"post-7129","1":"product","2":"type-product","3":"status-publish","4":"has-post-thumbnail","6":"product_cat-kama-sutra","7":"product_cat-nft","8":"pa_anzahl-muenzen-weltweit-169","9":"pa_anzahl-nft-weltweit-3-nfts-weltweit","10":"pa_echtheitszertifikat-ja","11":"pa_gewicht-der-muenze-3-oz-8504-g","12":"pa_herstellungsland-cameroon","13":"pa_material-muenze-silber-0-999","14":"pa_muenzdurchmesser-mm-3-oz","15":"pa_nennwert-muenze-3000-francs","16":"pa_oberflaechenbeschaffenheit-antikes-finish","17":"pa_praegejahr-der-muenze-133","19":"first","20":"instock","21":"virtual","22":"sold-individually","23":"purchasable","24":"product-type-simple"},"jetpack_sharing_enabled":true,"_links":{"self":[{"href":"https:\/\/coin-store-nft.com\/en\/wp-json\/wp\/v2\/product\/7129"}],"collection":[{"href":"https:\/\/coin-store-nft.com\/en\/wp-json\/wp\/v2\/product"}],"about":[{"href":"https:\/\/coin-store-nft.com\/en\/wp-json\/wp\/v2\/types\/product"}],"replies":[{"embeddable":true,"href":"https:\/\/coin-store-nft.com\/en\/wp-json\/wp\/v2\/comments?post=7129"}],"wp:featuredmedia":[{"embeddable":true,"href":"https:\/\/coin-store-nft.com\/en\/wp-json\/wp\/v2\/media\/7117"}],"wp:attachment":[{"href":"https:\/\/coin-store-nft.com\/en\/wp-json\/wp\/v2\/media?parent=7129"}],"wp:term":[{"taxonomy":"product_brand","embeddable":true,"href":"https:\/\/coin-store-nft.com\/en\/wp-json\/wp\/v2\/product_brand?post=7129"},{"taxonomy":"product_cat","embeddable":true,"href":"https:\/\/coin-store-nft.com\/en\/wp-json\/wp\/v2\/product_cat?post=7129"},{"taxonomy":"product_tag","embeddable":true,"href":"https:\/\/coin-store-nft.com\/en\/wp-json\/wp\/v2\/product_tag?post=7129"}],"curies":[{"name":"wp","href":"https:\/\/api.w.org\/{rel}","templated":true}]}}