{"id":7520,"date":"2023-02-14T16:39:05","date_gmt":"2023-02-14T15:39:05","guid":{"rendered":"https:\/\/coin-store-nft.com\/produkt\/the-allegories-space-red-1-oz\/"},"modified":"2023-02-14T16:39:05","modified_gmt":"2023-02-14T15:39:05","slug":"the-allegories-space-red-1-oz","status":"publish","type":"product","link":"https:\/\/coin-store-nft.com\/en\/produkt\/the-allegories-space-red-1-oz\/","title":{"rendered":"THE ALLEGORIES BRITANNIA &#038; GERMANIA SPACE RED Silberm\u00fcnze1 Oz"},"content":{"rendered":"<p>&nbsp;<\/p>\n<div style=\"width: 800px;\" class=\"wp-video\"><!--[if lt IE 9]><script>document.createElement('video');<\/script><![endif]-->\n<video class=\"wp-video-shortcode\" id=\"video-7520-1\" width=\"800\" height=\"450\" preload=\"metadata\" controls=\"controls\"><source type=\"video\/mp4\" src=\"https:\/\/coin-store-nft.com\/wp-content\/uploads\/2023\/02\/small-Germania-SpaceRed.mp4?_=1\" \/><a href=\"https:\/\/coin-store-nft.com\/wp-content\/uploads\/2023\/02\/small-Germania-SpaceRed.mp4\">https:\/\/coin-store-nft.com\/wp-content\/uploads\/2023\/02\/small-Germania-SpaceRed.mp4<\/a><\/video><\/div>\n<p>THE ALLEGORIES BRITANNIA &amp; GERMANIA SPACE RED Silberm\u00fcnze1 Oz<\/p>\n<p>Mit dieser au\u00dfergew\u00f6hnlichen Silberm\u00fcnze 1Oz in Kombination mit NFT#1 erwerben Sie eine Kollektion, die jedes Sammlerherz h\u00f6her schlagen l\u00e4sst.<\/p>\n<p><strong>Vorderseite (M\u00fcnze)<\/strong><br \/>\nDie Allegorien-Serie zeigt eine Personifikation zweier historischer L\u00e4nder: Germanien und Britannien.<\/p>\n<p>Germanias Schwert ruht friedlich in einer Scheide, die an ihrer Taille befestigt ist, und sie streckt ihre Hand in einer sensiblen Geste nach Britannia aus. Bisher wurde Lady Britannia als sch\u00f6ne und nachdenkliche Frau dargestellt, w\u00e4hrend sie von ihren charakteristischen Attributen umgeben ist &gt;ein r\u00f6mischer Helm mit Federbusch, ein Schild und ein Dreizack&lt; was sich auf die ehemalige Seemacht ihres Landes bezieht, und die Symbolik dieser beiden Amazonen, die wir sowohl im historischen Kontext als auch in den aktuellen Ereignissen finden k\u00f6nnen&#8230;<\/p>\n<p><strong>R\u00fcckseite (M\u00fcnze)<br \/>\n<\/strong>Die in diesem Design enthaltene Symbolik repr\u00e4sentiert die moralischen Prinzipien und edlen Werte, die bis heute relevant sind.<\/p>\n<p>Ein Kranz aus Eichenlaub symbolisiert Loyalit\u00e4t, Stabilit\u00e4t und nationale Einheit. In der Vergangenheit durften ihn nur Menschen tragen, die \u00fcber enorme Macht verf\u00fcgten \u2013 Geist, Muskeln oder Magie.<\/p>\n<p><strong>Der Schild<\/strong> ist ein defensiver Teil der Bewaffnung, die von Pferde- und Fu\u00dfformationen von der Bronzezeit \u00fcber die Antike bis ins Mittelalter verwendet wurde. Es hat die Bilder der gr\u00f6\u00dften Krieger begleitet, da es ein Attribut von G\u00f6ttern und Helden ist, Symbol f\u00fcr Wahrheit, Treue und Vertrauen.<\/p>\n<p><strong>Die Krone<\/strong> ist in der Heraldik auch ein Symbol f\u00fcr Autorit\u00e4t und Adel oder Ritterlichkeit. Die oben genannten Symbole entsprechen direkt den Werten, die von Germania und Britannia repr\u00e4sentiert werden.<\/p>\n","protected":false},"excerpt":{"rendered":"<p>&nbsp; THE ALLEGORIES BRITANNIA &amp; GERMANIA SPACE RED Silberm\u00fcnze1 Oz Mit dieser au\u00dfergew\u00f6hnlichen Silberm\u00fcnze 1Oz in Kombination mit NFT#1 erwerben Sie eine Kollektion, die jedes Sammlerherz h\u00f6her schlagen l\u00e4sst. Vorderseite (M\u00fcnze) Die Allegorien-Serie zeigt eine Personifikation zweier historischer L\u00e4nder: Germanien und Britannien. Germanias Schwert ruht friedlich in einer Scheide, die an ihrer Taille befestigt ist, [&hellip;]<\/p>\n","protected":false},"featured_media":6038,"comment_status":"open","ping_status":"closed","template":"","meta":{"inline_featured_image":false},"product_brand":[],"product_cat":[289,324],"product_tag":[],"class_list":{"0":"post-7520","1":"product","2":"type-product","3":"status-publish","4":"has-post-thumbnail","6":"product_cat-allegories-britannia-germania-en","7":"product_cat-silver-coin","8":"pa_anzahl-nft-weltweit-3-en","9":"pa_echtheitszertifikat-yes","10":"pa_gewicht-der-muenze-groesser-1-oz-en","11":"pa_herstellungsland-germania-mint-en","12":"pa_herstellungsland-germany","13":"pa_material-muenze-silver-0-999","14":"pa_muenzdurchmesser-mm-1-oz-en","15":"pa_nennwert-muenze-5-mark-en","16":"pa_oberflaechenbeschaffenheit-space-red-smartminttech-en","17":"pa_praegejahr-der-muenze-2019-en","19":"first","20":"instock","21":"taxable","22":"shipping-taxable","23":"purchasable","24":"product-type-simple"},"jetpack_sharing_enabled":true,"_links":{"self":[{"href":"https:\/\/coin-store-nft.com\/en\/wp-json\/wp\/v2\/product\/7520"}],"collection":[{"href":"https:\/\/coin-store-nft.com\/en\/wp-json\/wp\/v2\/product"}],"about":[{"href":"https:\/\/coin-store-nft.com\/en\/wp-json\/wp\/v2\/types\/product"}],"replies":[{"embeddable":true,"href":"https:\/\/coin-store-nft.com\/en\/wp-json\/wp\/v2\/comments?post=7520"}],"wp:featuredmedia":[{"embeddable":true,"href":"https:\/\/coin-store-nft.com\/en\/wp-json\/wp\/v2\/media\/6038"}],"wp:attachment":[{"href":"https:\/\/coin-store-nft.com\/en\/wp-json\/wp\/v2\/media?parent=7520"}],"wp:term":[{"taxonomy":"product_brand","embeddable":true,"href":"https:\/\/coin-store-nft.com\/en\/wp-json\/wp\/v2\/product_brand?post=7520"},{"taxonomy":"product_cat","embeddable":true,"href":"https:\/\/coin-store-nft.com\/en\/wp-json\/wp\/v2\/product_cat?post=7520"},{"taxonomy":"product_tag","embeddable":true,"href":"https:\/\/coin-store-nft.com\/en\/wp-json\/wp\/v2\/product_tag?post=7520"}],"curies":[{"name":"wp","href":"https:\/\/api.w.org\/{rel}","templated":true}]}}