{"id":4348,"date":"2020-01-13T14:20:52","date_gmt":"2020-01-13T13:20:52","guid":{"rendered":"https:\/\/coin-store-nft.com\/datenschutzerklaerung\/"},"modified":"2023-03-11T08:24:51","modified_gmt":"2023-03-11T07:24:51","slug":"politica-de-privacidad","status":"publish","type":"page","link":"https:\/\/coin-store-nft.com\/es\/politica-de-privacidad\/","title":{"rendered":"Pol\u00edtica de privacidad"},"content":{"rendered":"\t\t<div data-elementor-type=\"wp-page\" data-elementor-id=\"4348\" class=\"elementor elementor-4348 elementor-3\" data-elementor-post-type=\"page\">\n\t\t\t\t\t\t<header class=\"elementor-section elementor-top-section elementor-element elementor-element-477436ba elementor-section-height-min-height elementor-section-content-middle elementor-section-boxed elementor-section-height-default elementor-section-items-middle\" data-id=\"477436ba\" data-element_type=\"section\" data-e-type=\"section\" data-settings=\"{&quot;background_background&quot;:&quot;classic&quot;,&quot;shape_divider_bottom&quot;:&quot;mountains&quot;,&quot;background_motion_fx_motion_fx_scrolling&quot;:&quot;yes&quot;,&quot;background_motion_fx_range&quot;:&quot;viewport&quot;,&quot;background_motion_fx_translateX_effect&quot;:&quot;yes&quot;,&quot;background_motion_fx_translateX_speed&quot;:{&quot;unit&quot;:&quot;px&quot;,&quot;size&quot;:4.6,&quot;sizes&quot;:[]},&quot;background_motion_fx_motion_fx_mouse&quot;:&quot;yes&quot;,&quot;background_motion_fx_translateX_affectedRange&quot;:{&quot;unit&quot;:&quot;%&quot;,&quot;size&quot;:&quot;&quot;,&quot;sizes&quot;:{&quot;start&quot;:0,&quot;end&quot;:100}},&quot;background_motion_fx_devices&quot;:[&quot;desktop&quot;,&quot;tablet&quot;,&quot;mobile&quot;]}\">\n\t\t\t\t\t<div class=\"elementor-shape elementor-shape-bottom\" aria-hidden=\"true\" data-negative=\"false\">\n\t\t\t<svg xmlns=\"http:\/\/www.w3.org\/2000\/svg\" viewBox=\"0 0 1000 100\" preserveAspectRatio=\"none\">\n\t<path class=\"elementor-shape-fill\" opacity=\"0.33\" d=\"M473,67.3c-203.9,88.3-263.1-34-320.3,0C66,119.1,0,59.7,0,59.7V0h1000v59.7 c0,0-62.1,26.1-94.9,29.3c-32.8,3.3-62.8-12.3-75.8-22.1C806,49.6,745.3,8.7,694.9,4.7S492.4,59,473,67.3z\"\/>\n\t<path class=\"elementor-shape-fill\" opacity=\"0.66\" d=\"M734,67.3c-45.5,0-77.2-23.2-129.1-39.1c-28.6-8.7-150.3-10.1-254,39.1 s-91.7-34.4-149.2,0C115.7,118.3,0,39.8,0,39.8V0h1000v36.5c0,0-28.2-18.5-92.1-18.5C810.2,18.1,775.7,67.3,734,67.3z\"\/>\n\t<path class=\"elementor-shape-fill\" d=\"M766.1,28.9c-200-57.5-266,65.5-395.1,19.5C242,1.8,242,5.4,184.8,20.6C128,35.8,132.3,44.9,89.9,52.5C28.6,63.7,0,0,0,0 h1000c0,0-9.9,40.9-83.6,48.1S829.6,47,766.1,28.9z\"\/>\n<\/svg>\t\t<\/div>\n\t\t\t\t\t<div class=\"elementor-container elementor-column-gap-custom\">\n\t\t\t\t\t<header class=\"elementor-column elementor-col-100 elementor-top-column elementor-element elementor-element-2d59cfd1 animated-slow elementor-invisible\" data-id=\"2d59cfd1\" data-element_type=\"column\" data-e-type=\"column\" data-settings=\"{&quot;motion_fx_motion_fx_scrolling&quot;:&quot;yes&quot;,&quot;animation&quot;:&quot;lightSpeedIn&quot;,&quot;motion_fx_devices&quot;:[&quot;desktop&quot;,&quot;tablet&quot;,&quot;mobile&quot;]}\">\n\t\t\t<div class=\"elementor-widget-wrap elementor-element-populated\">\n\t\t\t\t\t\t<div class=\"elementor-element elementor-element-8e2daf1 elementor-widget elementor-widget-video\" data-id=\"8e2daf1\" data-element_type=\"widget\" data-e-type=\"widget\" data-settings=\"{&quot;video_type&quot;:&quot;hosted&quot;,&quot;start&quot;:0,&quot;end&quot;:40,&quot;autoplay&quot;:&quot;yes&quot;,&quot;play_on_mobile&quot;:&quot;yes&quot;,&quot;show_image_overlay&quot;:&quot;yes&quot;,&quot;image_overlay&quot;:{&quot;url&quot;:&quot;&quot;,&quot;id&quot;:&quot;&quot;,&quot;size&quot;:&quot;&quot;,&quot;alt&quot;:&quot;&quot;,&quot;source&quot;:&quot;library&quot;},&quot;motion_fx_motion_fx_mouse&quot;:&quot;yes&quot;,&quot;motion_fx_mouseTrack_effect&quot;:&quot;yes&quot;,&quot;motion_fx_tilt_effect&quot;:&quot;yes&quot;,&quot;controls&quot;:&quot;yes&quot;,&quot;motion_fx_mouseTrack_speed&quot;:{&quot;unit&quot;:&quot;px&quot;,&quot;size&quot;:1,&quot;sizes&quot;:[]},&quot;motion_fx_tilt_speed&quot;:{&quot;unit&quot;:&quot;px&quot;,&quot;size&quot;:4,&quot;sizes&quot;:[]}}\" data-widget_type=\"video.default\">\n\t\t\t\t<div class=\"elementor-widget-container\">\n\t\t\t\t\t\t\t<div class=\"e-hosted-video elementor-wrapper elementor-open-inline\">\n\t\t\t\t\t<video class=\"elementor-video\" src=\"https:\/\/coin-store-nft.com\/wp-content\/uploads\/2023\/03\/Datenschutzerklaerung-coin-store-nft-e.U.-Spanish-1.mp4#t=,40\" autoplay=\"\" controls=\"\" playsinline=\"\" controlsList=\"nodownload\"><\/video>\n\t\t\t\t<\/div>\n\t\t\t\t\t\t<\/div>\n\t\t\t\t<\/div>\n\t\t\t\t\t<\/div>\n\t\t<\/header>\n\t\t\t\t\t<\/div>\n\t\t<\/header>\n\t\t\t\t<section class=\"elementor-section elementor-top-section elementor-element elementor-element-5b740793 elementor-section-boxed elementor-section-height-default elementor-section-height-default\" data-id=\"5b740793\" data-element_type=\"section\" data-e-type=\"section\">\n\t\t\t\t\t\t<div class=\"elementor-container elementor-column-gap-default\">\n\t\t\t\t\t<div class=\"elementor-column elementor-col-100 elementor-top-column elementor-element elementor-element-4db387e5\" data-id=\"4db387e5\" data-element_type=\"column\" data-e-type=\"column\">\n\t\t\t<div class=\"elementor-widget-wrap elementor-element-populated\">\n\t\t\t\t\t\t<div class=\"elementor-element elementor-element-830b22b elementor-widget elementor-widget-heading\" data-id=\"830b22b\" data-element_type=\"widget\" data-e-type=\"widget\" data-widget_type=\"heading.default\">\n\t\t\t\t<div class=\"elementor-widget-container\">\n\t\t\t\t\t<h2 class=\"elementor-heading-title elementor-size-default\">Pol\u00edtica de privacidad<\/h2>\t\t\t\t<\/div>\n\t\t\t\t<\/div>\n\t\t\t\t\t<\/div>\n\t\t<\/div>\n\t\t\t\t\t<\/div>\n\t\t<\/section>\n\t\t\t\t<section class=\"elementor-section elementor-top-section elementor-element elementor-element-c2c9207 elementor-section-boxed elementor-section-height-default elementor-section-height-default\" data-id=\"c2c9207\" data-element_type=\"section\" data-e-type=\"section\">\n\t\t\t\t\t\t<div class=\"elementor-container elementor-column-gap-default\">\n\t\t\t\t\t<div class=\"elementor-column elementor-col-100 elementor-top-column elementor-element elementor-element-09e2c21\" data-id=\"09e2c21\" data-element_type=\"column\" data-e-type=\"column\">\n\t\t\t<div class=\"elementor-widget-wrap elementor-element-populated\">\n\t\t\t\t\t\t<div class=\"elementor-element elementor-element-590aeb6 elementor-widget elementor-widget-text-editor\" data-id=\"590aeb6\" data-element_type=\"widget\" data-e-type=\"widget\" data-widget_type=\"text-editor.default\">\n\t\t\t\t<div class=\"elementor-widget-container\">\n\t\t\t\t\t\t\t\t\t<p>Bienvenido a coin-store-nft e.U., una tienda en l\u00ednea para productos f\u00edsicos y digitales. Nos comprometemos a proteger su privacidad e informaci\u00f3n personal. Esta Pol\u00edtica de privacidad explica c\u00f3mo recopilamos, usamos y protegemos su informaci\u00f3n personal cuando utiliza nuestro sitio web o nos compra productos.<\/p><p><strong>\u00a0Datos personales que recopilamos:<\/strong><\/p><p>Recopilamos informaci\u00f3n personal que usted nos proporciona, como su nombre, direcci\u00f3n de correo electr\u00f3nico, direcci\u00f3n de env\u00edo, direcci\u00f3n de facturaci\u00f3n e informaci\u00f3n de pago. Tambi\u00e9n podemos recopilar informaci\u00f3n sobre su uso de nuestro sitio web, como: Su direcci\u00f3n IP, tipo de navegador y tipo de dispositivo. Cuando crea una cuenta con nosotros, podemos recopilar informaci\u00f3n adicional sobre sus preferencias e historial de compras.<\/p><p><strong>C\u00f3mo utilizamos sus datos personales:<\/strong><\/p><p>Utilizamos sus datos personales para procesar sus pedidos, proporcionar servicio al cliente y comunicarnos con usted sobre nuestros productos y servicios. Tambi\u00e9n podemos utilizar su informaci\u00f3n para personalizar su experiencia en nuestro sitio web, mejorar nuestro sitio web y productos, y cumplir con las obligaciones legales.<\/p><p><strong>C\u00f3mo compartimos sus datos personales:<\/strong><\/p><p>No vendemos ni alquilamos su informaci\u00f3n personal a terceros con fines de marketing. Podemos compartir su informaci\u00f3n personal con nuestros proveedores de servicios, como procesadores de pagos y compa\u00f1\u00edas de env\u00edo, que nos ayudan a cumplir con sus pedidos. Tambi\u00e9n podemos compartir su informaci\u00f3n con agencias de aplicaci\u00f3n de la ley u otros terceros cuando as\u00ed lo exija la ley o para proteger nuestros derechos legales.<\/p><p><strong>C\u00f3mo protegemos sus datos personales:<\/strong><\/p><p>Tomamos medidas razonables para proteger su informaci\u00f3n personal del acceso, divulgaci\u00f3n, alteraci\u00f3n o destrucci\u00f3n no autorizados. Utilizamos tecnolog\u00eda de encriptaci\u00f3n est\u00e1ndar de la industria para proteger su informaci\u00f3n de pago en tr\u00e1nsito. Sin embargo, ning\u00fan m\u00e9todo de transmisi\u00f3n a trav\u00e9s de Internet o almacenamiento electr\u00f3nico es 100% seguro, y no podemos garantizar una seguridad absoluta.<\/p><p><strong>Cookies y tecnolog\u00edas similares:<\/strong><\/p><p>Utilizamos cookies y tecnolog\u00edas similares para recopilar informaci\u00f3n sobre su uso de nuestro sitio web, como: Su historial de navegaci\u00f3n, preferencias e informaci\u00f3n de inicio de sesi\u00f3n. Puede controlar las cookies a trav\u00e9s de la configuraci\u00f3n de su navegador y deshabilitar ciertos tipos de cookies visitando los sitios web de los terceros relevantes.<\/p><p><strong>Sus derechos y opciones:<\/strong><\/p><p>Tiene derecho a acceder, corregir o eliminar sus datos personales y a oponerse o restringir ciertos tipos de procesamiento. Puede ejercer estos derechos poni\u00e9ndose en contacto con nosotros en la direcci\u00f3n de correo electr\u00f3nico que figura a continuaci\u00f3n. Tenga en cuenta que es posible que necesitemos verificar su identidad antes de poder procesar su solicitud.<\/p><p><strong style=\"color: var( --e-global-color-primary ); font-family: var( --e-global-typography-text-font-family ), Sans-serif; font-size: 1rem;\">Privacidad de los ni\u00f1os:<\/strong><\/p><p>Nuestro sitio web no est\u00e1 destinado a ni\u00f1os menores de 13 a\u00f1os, y no recopilamos a sabiendas informaci\u00f3n personal de ni\u00f1os menores de 13 a\u00f1os. Si usted es un padre o tutor y cree que su hijo nos ha proporcionado informaci\u00f3n personal, comun\u00edquese con nosotros a la direcci\u00f3n de correo electr\u00f3nico a continuaci\u00f3n.<\/p><p><strong>Cambios a esta Pol\u00edtica de Privacidad:<\/strong><\/p><p>Podemos actualizar esta Pol\u00edtica de privacidad de vez en cuando para reflejar los cambios en nuestras pr\u00e1cticas u obligaciones legales. Publicaremos el aviso actualizado en nuestro sitio web e indicaremos la fecha de la \u00faltima actualizaci\u00f3n.<\/p><p><strong>Contacto:<\/strong><\/p><p>Si tiene alguna pregunta o inquietud sobre esta Pol\u00edtica de privacidad o nuestras pr\u00e1cticas, cont\u00e1ctenos en el siguiente correo electr\u00f3nico: info@coin-store-nft.com<\/p><p>\u00a0<\/p><p>Tu equipo de Coin-Store<\/p>\t\t\t\t\t\t\t\t<\/div>\n\t\t\t\t<\/div>\n\t\t\t\t\t<\/div>\n\t\t<\/div>\n\t\t\t\t\t<\/div>\n\t\t<\/section>\n\t\t\t\t<\/div>\n\t\t","protected":false},"excerpt":{"rendered":"<p>https:\/\/coin-store-nft.com\/wp-content\/uploads\/2023\/03\/Datenschutzerklaerung-coin-store-nft-e.U.-Spanish-1.mp4#t=,40 Pol\u00edtica de privacidad Bienvenido a coin-store-nft e.U., una tienda en l\u00ednea para productos f\u00edsicos y digitales. Nos comprometemos a proteger su privacidad e informaci\u00f3n personal. Esta Pol\u00edtica de privacidad explica c\u00f3mo recopilamos, usamos y protegemos su informaci\u00f3n personal cuando utiliza nuestro sitio web o nos compra productos. \u00a0Datos personales que recopilamos: Recopilamos informaci\u00f3n personal [&hellip;]<\/p>\n","protected":false},"author":1,"featured_media":3581,"parent":0,"menu_order":0,"comment_status":"closed","ping_status":"closed","template":"","meta":{"inline_featured_image":false,"footnotes":""},"class_list":["post-4348","page","type-page","status-publish","has-post-thumbnail","hentry"],"jetpack_sharing_enabled":true,"_links":{"self":[{"href":"https:\/\/coin-store-nft.com\/es\/wp-json\/wp\/v2\/pages\/4348"}],"collection":[{"href":"https:\/\/coin-store-nft.com\/es\/wp-json\/wp\/v2\/pages"}],"about":[{"href":"https:\/\/coin-store-nft.com\/es\/wp-json\/wp\/v2\/types\/page"}],"author":[{"embeddable":true,"href":"https:\/\/coin-store-nft.com\/es\/wp-json\/wp\/v2\/users\/1"}],"replies":[{"embeddable":true,"href":"https:\/\/coin-store-nft.com\/es\/wp-json\/wp\/v2\/comments?post=4348"}],"version-history":[{"count":0,"href":"https:\/\/coin-store-nft.com\/es\/wp-json\/wp\/v2\/pages\/4348\/revisions"}],"wp:featuredmedia":[{"embeddable":true,"href":"https:\/\/coin-store-nft.com\/es\/wp-json\/wp\/v2\/media\/3581"}],"wp:attachment":[{"href":"https:\/\/coin-store-nft.com\/es\/wp-json\/wp\/v2\/media?parent=4348"}],"curies":[{"name":"wp","href":"https:\/\/api.w.org\/{rel}","templated":true}]}}