{"id":4355,"date":"2020-01-15T23:09:57","date_gmt":"2020-01-15T22:09:57","guid":{"rendered":"https:\/\/coin-store-nft.com\/impressum\/"},"modified":"2023-03-10T11:01:11","modified_gmt":"2023-03-10T10:01:11","slug":"pie-de-imprenta","status":"publish","type":"page","link":"https:\/\/coin-store-nft.com\/es\/pie-de-imprenta\/","title":{"rendered":"Pie de imprenta"},"content":{"rendered":"\t\t<div data-elementor-type=\"wp-page\" data-elementor-id=\"4355\" class=\"elementor elementor-4355 elementor-163\" data-elementor-post-type=\"page\">\n\t\t\t\t\t\t<section class=\"elementor-section elementor-top-section elementor-element elementor-element-2d370bb7 elementor-section-boxed elementor-section-height-default elementor-section-height-default\" data-id=\"2d370bb7\" data-element_type=\"section\" data-e-type=\"section\">\n\t\t\t\t\t\t<div class=\"elementor-container elementor-column-gap-default\">\n\t\t\t\t\t<div class=\"elementor-column elementor-col-100 elementor-top-column elementor-element elementor-element-65b28d33\" data-id=\"65b28d33\" data-element_type=\"column\" data-e-type=\"column\">\n\t\t\t<div class=\"elementor-widget-wrap elementor-element-populated\">\n\t\t\t\t\t\t<div class=\"elementor-element elementor-element-55a714da elementor-widget elementor-widget-text-editor\" data-id=\"55a714da\" data-element_type=\"widget\" data-e-type=\"widget\" data-widget_type=\"text-editor.default\">\n\t\t\t\t<div class=\"elementor-widget-container\">\n\t\t\t\t\t\t\t\t\t<h1>Pie de imprenta<\/h1><p>Deber de informaci\u00f3n seg\u00fan \u00a75 Ley de Comercio Electr\u00f3nico, \u00a714 C\u00f3digo de Sociedades, \u00a763 C\u00f3digo Industrial<\/p><p>y deber de informaci\u00f3n seg\u00fan \u00a725 Ley de Medios de Comunicaci\u00f3n.<\/p><p>Coin-store-nft e.U.<br \/>GF Oliver D. Engstler<br \/>Maroltingergasse 24\/3\/6<br \/>1140 Viena<br \/>Austria<\/p><p>Objeto social: comercio en l\u00ednea<br \/>N\u00famero UID: ATU79101437<\/p><p>GISA: 35683506<br \/>GLN: 9110033073009<br \/>N\u00famero de registro mercantil: FN 596741 k<br \/>Tribunal del registro mercantil: Viena<br \/>Sede social: 1140 Viena<\/p><p>Tel\u00e9fono: +43 (0) 660 6586472<\/p><p>Correo electr\u00f3nico: <a href=\"mailto:info@coin-store-nft.com\">info@coin-store-nft.com<\/a><\/p><p>Miembro de:\u202fLandesgremium Wien des Versand-. Internet y Comercio en General<br \/>Derecho profesional: Normativa comercial: www.ris.bka.gv.at<\/p><p>Datos de contacto de la persona responsable de la protecci\u00f3n de datos<\/p><p>Si tiene alguna pregunta sobre protecci\u00f3n de datos, aqu\u00ed encontrar\u00e1 a la persona de contacto en la p\u00e1gina de <a href=\"https:\/\/coin-store-nft.com\/es\/politica-de-privacidad\/\">Pol\u00edtica de privacidad<\/a>.<\/p><p>Tel\u00e9fono: +43 (0) 660 6586472<\/p><p>Pie de imprenta: <a href=\"https:\/\/www.coin-store-nft.com\/pie-de-imprenta\/\">https:\/\/www.coin-store-nft.com\/pie-de-imprenta\/<\/a><\/p><p>\u00a0<\/p><h2>Resoluci\u00f3n de litigios en la UE<\/h2><p>De conformidad con el Reglamento sobre resoluci\u00f3n de litigios en l\u00ednea en materia de consumo (Reglamento RLL), nos gustar\u00eda informarle sobre la plataforma de resoluci\u00f3n de litigios en l\u00ednea (plataforma OS).<br \/>Los consumidores tienen la posibilidad de presentar reclamaciones a la plataforma de resoluci\u00f3n de litigios en l\u00ednea de la Comisi\u00f3n Europea en http:\/\/ec.europa.eu\/Dispute Resolution. En nuestro pie de imprenta encontrar\u00e1 los datos de contacto necesarios.<\/p><p>No obstante, queremos se\u00f1alar que no estamos dispuestos ni obligados a participar en procedimientos de resoluci\u00f3n de litigios ante una junta arbitral de consumo.<\/p><p>\u00a0<\/p><h2>Responsabilidad por los contenidos de este sitio web<\/h2><p>Desarrollamos constantemente los contenidos de este sitio web y nos esforzamos por ofrecer informaci\u00f3n correcta y actualizada. \u202fLamentablemente, no podemos asumir la responsabilidad de la exactitud de todos los contenidos de este sitio web, especialmente los proporcionados por terceros. Como proveedor de servicios, no estamos obligados a controlar la informaci\u00f3n transmitida o almacenada por ellos ni a investigar circunstancias que indiquen una actividad ilegal.<\/p><p>Nuestras obligaciones de eliminar informaci\u00f3n o bloquear su uso seg\u00fan las leyes generales debido a \u00f3rdenes judiciales u oficiales no se ver\u00e1n afectadas por ello, incluso en el caso de que no seamos responsables.<\/p><p>Si detecta contenidos problem\u00e1ticos o ilegales, p\u00f3ngase en contacto con nosotros inmediatamente para que podamos eliminarlos. Encontrar\u00e1 los datos de contacto en el pie de imprenta.<\/p><p>\u00a0<\/p><h2>Responsabilidad por enlaces en este sitio web<\/h2><p>Nuestro sitio web contiene enlaces a otros sitios web de cuyo contenido no somos responsables. No nos hacemos responsables de los sitios web enlazados, ya que no ten\u00edamos ni tenemos conocimiento de ninguna actividad ilegal, no hemos advertido ninguna actividad ilegal de este tipo y retirar\u00edamos los enlaces inmediatamente si tuvi\u00e9ramos conocimiento de alguna actividad ilegal.<\/p><p>Si detecta enlaces ilegales en nuestro sitio web, p\u00f3ngase en contacto con nosotros. Encontrar\u00e1 los datos de contacto en el pie de imprenta.<\/p><p>\u00a0<\/p><h2>Derechos de autor<\/h2><p>Todos los contenidos de este sitio web (im\u00e1genes, fotos, textos, v\u00eddeos) est\u00e1n sujetos a derechos de autor. Le rogamos que nos consulte antes de distribuir, reproducir o explotar los contenidos de este sitio web, como por ejemplo volver a publicarlos en otros sitios web. En caso necesario, perseguiremos legalmente el uso no autorizado de partes del contenido de nuestro sitio web.<\/p><p>Si encuentra en este sitio alg\u00fan contenido que infrinja los derechos de autor, p\u00f3ngase en contacto con nosotros.<\/p><p>\u00a0<\/p><h2>Cr\u00e9ditos de las im\u00e1genes:<\/h2><p>Todas las im\u00e1genes, fotos, gr\u00e1ficos, v\u00eddeos y NFT de este sitio web han sido creados por el equipo de coin-store-nft e.U. y est\u00e1n protegidos por derechos de autor. Toda la m\u00fasica utilizada para la creaci\u00f3n de los NFT&#8217;s tiene licencia, de generaci\u00f3n en generaci\u00f3n.<\/p><p>Los derechos de imagen pertenecen a los siguientes fot\u00f3grafos y empresas:<\/p><p>\u00a9coin-store-nft e.U.<\/p><p>Dise\u00f1ador art\u00edstico\/director gr\u00e1fico: @KhashaM &#8211; Khashajar Hosseinzadeh Mahdavi<\/p><p>Fot\u00f3grafo\/dise\u00f1ador gr\u00e1fico @Guapitos &#8211; Oliver D. Engstler<\/p><p>Todos los textos, gr\u00e1ficos, NFT, fotos, v\u00eddeos, archivos de audio y otros datos de este sitio web est\u00e1n protegidos por derechos de autor.<\/p>\t\t\t\t\t\t\t\t<\/div>\n\t\t\t\t<\/div>\n\t\t\t\t\t<\/div>\n\t\t<\/div>\n\t\t\t\t\t<\/div>\n\t\t<\/section>\n\t\t\t\t<\/div>\n\t\t","protected":false},"excerpt":{"rendered":"<p>Pie de imprenta Deber de informaci\u00f3n seg\u00fan \u00a75 Ley de Comercio Electr\u00f3nico, \u00a714 C\u00f3digo de Sociedades, \u00a763 C\u00f3digo Industrial y deber de informaci\u00f3n seg\u00fan \u00a725 Ley de Medios de Comunicaci\u00f3n. Coin-store-nft e.U.GF Oliver D. EngstlerMaroltingergasse 24\/3\/61140 VienaAustria Objeto social: comercio en l\u00edneaN\u00famero UID: ATU79101437 GISA: 35683506GLN: 9110033073009N\u00famero de registro mercantil: FN 596741 kTribunal del registro [&hellip;]<\/p>\n","protected":false},"author":1,"featured_media":0,"parent":0,"menu_order":0,"comment_status":"closed","ping_status":"closed","template":"","meta":{"inline_featured_image":false,"footnotes":""},"class_list":["post-4355","page","type-page","status-publish","hentry"],"jetpack_sharing_enabled":true,"_links":{"self":[{"href":"https:\/\/coin-store-nft.com\/es\/wp-json\/wp\/v2\/pages\/4355"}],"collection":[{"href":"https:\/\/coin-store-nft.com\/es\/wp-json\/wp\/v2\/pages"}],"about":[{"href":"https:\/\/coin-store-nft.com\/es\/wp-json\/wp\/v2\/types\/page"}],"author":[{"embeddable":true,"href":"https:\/\/coin-store-nft.com\/es\/wp-json\/wp\/v2\/users\/1"}],"replies":[{"embeddable":true,"href":"https:\/\/coin-store-nft.com\/es\/wp-json\/wp\/v2\/comments?post=4355"}],"version-history":[{"count":0,"href":"https:\/\/coin-store-nft.com\/es\/wp-json\/wp\/v2\/pages\/4355\/revisions"}],"wp:attachment":[{"href":"https:\/\/coin-store-nft.com\/es\/wp-json\/wp\/v2\/media?parent=4355"}],"curies":[{"name":"wp","href":"https:\/\/api.w.org\/{rel}","templated":true}]}}