{"id":4395,"date":"2023-03-09T22:39:27","date_gmt":"2023-03-09T21:39:27","guid":{"rendered":"https:\/\/coin-store-nft.com\/agb\/"},"modified":"2023-03-10T11:37:57","modified_gmt":"2023-03-10T10:37:57","slug":"cgc","status":"publish","type":"page","link":"https:\/\/coin-store-nft.com\/es\/cgc\/","title":{"rendered":"CGC"},"content":{"rendered":"\t\t<div data-elementor-type=\"wp-page\" data-elementor-id=\"4395\" class=\"elementor elementor-4395 elementor-4386\" data-elementor-post-type=\"page\">\n\t\t\t\t\t\t<section class=\"elementor-section elementor-top-section elementor-element elementor-element-46dcd4c7 elementor-section-height-min-height elementor-section-content-space-evenly elementor-section-boxed elementor-section-height-default elementor-section-items-middle\" data-id=\"46dcd4c7\" data-element_type=\"section\" data-e-type=\"section\" data-settings=\"{&quot;background_background&quot;:&quot;classic&quot;,&quot;shape_divider_bottom&quot;:&quot;pyramids&quot;,&quot;motion_fx_motion_fx_scrolling&quot;:&quot;yes&quot;,&quot;motion_fx_devices&quot;:[&quot;desktop&quot;,&quot;tablet&quot;,&quot;mobile&quot;]}\">\n\t\t\t\t\t<div class=\"elementor-shape elementor-shape-bottom\" aria-hidden=\"true\" data-negative=\"false\">\n\t\t\t<svg xmlns=\"http:\/\/www.w3.org\/2000\/svg\" viewBox=\"0 0 1000 100\" preserveAspectRatio=\"none\">\n\t<path class=\"elementor-shape-fill\" d=\"M761.9,44.1L643.1,27.2L333.8,98L0,3.8V0l1000,0v3.9\"\/>\n<\/svg>\t\t<\/div>\n\t\t\t\t\t<div class=\"elementor-container elementor-column-gap-narrow\">\n\t\t\t\t\t<div class=\"elementor-column elementor-col-100 elementor-top-column elementor-element elementor-element-5f0c1499\" data-id=\"5f0c1499\" data-element_type=\"column\" data-e-type=\"column\">\n\t\t\t<div class=\"elementor-widget-wrap\">\n\t\t\t\t\t\t\t<\/div>\n\t\t<\/div>\n\t\t\t\t\t<\/div>\n\t\t<\/section>\n\t\t\t\t<section class=\"elementor-section elementor-top-section elementor-element elementor-element-539a5e6 elementor-section-boxed elementor-section-height-default elementor-section-height-default\" data-id=\"539a5e6\" data-element_type=\"section\" data-e-type=\"section\">\n\t\t\t\t\t\t<div class=\"elementor-container elementor-column-gap-default\">\n\t\t\t\t\t<div class=\"elementor-column elementor-col-100 elementor-top-column elementor-element elementor-element-801bfa7\" data-id=\"801bfa7\" data-element_type=\"column\" data-e-type=\"column\">\n\t\t\t<div class=\"elementor-widget-wrap elementor-element-populated\">\n\t\t\t\t\t\t<div class=\"elementor-element elementor-element-fd68b82 elementor-widget elementor-widget-heading\" data-id=\"fd68b82\" data-element_type=\"widget\" data-e-type=\"widget\" data-widget_type=\"heading.default\">\n\t\t\t\t<div class=\"elementor-widget-container\">\n\t\t\t\t\t<h1 class=\"elementor-heading-title elementor-size-default\">Condiciones Generales de Contrataci\u00f3n (CGC)<\/h1>\t\t\t\t<\/div>\n\t\t\t\t<\/div>\n\t\t\t\t\t<\/div>\n\t\t<\/div>\n\t\t\t\t\t<\/div>\n\t\t<\/section>\n\t\t\t\t<section class=\"elementor-section elementor-top-section elementor-element elementor-element-7f20d36 elementor-section-boxed elementor-section-height-default elementor-section-height-default\" data-id=\"7f20d36\" data-element_type=\"section\" data-e-type=\"section\">\n\t\t\t\t\t\t<div class=\"elementor-container elementor-column-gap-default\">\n\t\t\t\t\t<div class=\"elementor-column elementor-col-100 elementor-top-column elementor-element elementor-element-3a65d6f\" data-id=\"3a65d6f\" data-element_type=\"column\" data-e-type=\"column\">\n\t\t\t<div class=\"elementor-widget-wrap elementor-element-populated\">\n\t\t\t\t\t\t<div class=\"elementor-element elementor-element-b3e9f0a elementor-widget elementor-widget-text-editor\" data-id=\"b3e9f0a\" data-element_type=\"widget\" data-e-type=\"widget\" data-widget_type=\"text-editor.default\">\n\t\t\t\t<div class=\"elementor-widget-container\">\n\t\t\t\t\t\t\t\t\t<p>Bienvenido a coin-store-nft e.U., una tienda en l\u00ednea de productos f\u00edsicos (monedas de plata) y digitales (NFT). Antes de utilizar nuestro sitio web o de realizar una compra, lea atentamente los siguientes t\u00e9rminos y condiciones.<\/p><p>Estos t\u00e9rminos y condiciones regulan el uso de nuestra tienda online. Al acceder a nuestro sitio web o utilizarlo, usted acepta quedar vinculado por las presentes condiciones.<\/p>\t\t\t\t\t\t\t\t<\/div>\n\t\t\t\t<\/div>\n\t\t\t\t<div class=\"elementor-element elementor-element-82fd57b elementor-widget elementor-widget-heading\" data-id=\"82fd57b\" data-element_type=\"widget\" data-e-type=\"widget\" data-widget_type=\"heading.default\">\n\t\t\t\t<div class=\"elementor-widget-container\">\n\t\t\t\t\t<h2 class=\"elementor-heading-title elementor-size-default\">Pol\u00edtica de uso del sitio web<\/h2>\t\t\t\t<\/div>\n\t\t\t\t<\/div>\n\t\t\t\t<div class=\"elementor-element elementor-element-68ae376 elementor-widget elementor-widget-text-editor\" data-id=\"68ae376\" data-element_type=\"widget\" data-e-type=\"widget\" data-widget_type=\"text-editor.default\">\n\t\t\t\t<div class=\"elementor-widget-container\">\n\t\t\t\t\t\t\t\t\t<ol><li><strong>Requisitos:<\/strong><br \/>Para utilizar el Sitio Web o los Servicios, usted debe tener al menos 18 a\u00f1os de edad o la mayor\u00eda de edad en su jurisdicci\u00f3n, la que sea mayor. Al acceder o utilizar el Sitio Web o los Servicios, usted declara y garantiza que cumple estos requisitos de elegibilidad.<\/li><li><strong>Registro de la cuenta:<\/strong><br \/>Para acceder a determinadas funciones del Sitio Web o de los Servicios, es posible que deba registrarse para obtener una cuenta. Usted se compromete a proporcionar informaci\u00f3n precisa, completa y actualizada durante el proceso de registro y a actualizar dicha informaci\u00f3n seg\u00fan sea necesario para garantizar que siga siendo precisa, completa y actualizada. Usted es responsable de mantener la confidencialidad de las credenciales de su cuenta y de todas las actividades que ocurran bajo su cuenta.<\/li><li><strong>Uso aceptable:<\/strong><br \/>Usted se compromete a utilizar el Sitio Web y los Servicios \u00fanicamente con fines l\u00edcitos y de conformidad con las presentes Condiciones. Usted se compromete a no utilizar el Sitio Web o los Servicios de ninguna manera que infrinja cualquier ley o reglamento federal, estatal, local o internacional aplicable, o con el fin de explotar, da\u00f1ar o intentar explotar o da\u00f1ar a menores de cualquier manera exponi\u00e9ndolos a contenidos inapropiados, solicit\u00e1ndoles informaci\u00f3n personal o de otra forma. Asimismo, acepta no participar en ninguna actividad que interfiera o interrumpa el Sitio Web o los Servicios (o los servidores y redes conectados al Sitio Web o los Servicios).<\/li><li><strong>Cambios en el Sitio Web y los Servicios:<\/strong><br \/>Nos reservamos el derecho a modificar o interrumpir el Sitio Web o los Servicios, o cualquier parte de los mismos, en cualquier momento y sin previo aviso. No seremos responsables ante usted ni ante terceros por ninguna modificaci\u00f3n, suspensi\u00f3n o interrupci\u00f3n del Sitio Web o de los Servicios.<\/li><li><strong>Informaci\u00f3n general:<\/strong><br \/>coin-store-nft e.U. es una empresa austriaca y opera en virtud de la legislaci\u00f3n austriaca como empresa registrada con el reg. p\u00fablico n\u00fam. FN 596741 k en Viena, Austria. Al utilizar este sitio web usted acepta estos t\u00e9rminos y condiciones.<\/li><li><strong>Productos:<\/strong><br \/>Ofrecemos una variedad de productos, incluidos bienes f\u00edsicos y activos digitales (NFT). Las descripciones y precios de nuestros productos est\u00e1n sujetos a cambios sin previo aviso. Nos reservamos el derecho a limitar las cantidades de productos que ofrecemos. Hacemos todo lo posible por mostrar con precisi\u00f3n los colores y las im\u00e1genes de nuestros productos, pero no podemos garantizar que la visualizaci\u00f3n de los colores en el monitor de su ordenador sea exacta.<\/li><li><strong>Pagos:<\/strong><br \/>Para realizar un pedido, debe proporcionar informaci\u00f3n de pago v\u00e1lida. Al hacerlo, usted declara y garantiza que est\u00e1 autorizado a utilizar el m\u00e9todo de pago proporcionado. Todos los pagos se procesan a trav\u00e9s de un procesador de pagos seguro de terceros. Aceptamos diversos m\u00e9todos de pago, como tarjetas de cr\u00e9dito y d\u00e9bito, transferencias bancarias y criptomonedas. Nos reservamos el derecho a rechazar pagos o pedidos por cualquier motivo a nuestra entera discreci\u00f3n. Nos reservamos el derecho de cambiar o interrumpir cualquier producto en cualquier momento sin responsabilidad alguna. Nos esforzamos por mostrar la informaci\u00f3n m\u00e1s precisa, pero no podemos garantizar que toda la informaci\u00f3n, incluidos los precios y la disponibilidad, sea completamente exacta en todo momento.<\/li><li><strong>Env\u00edos:<\/strong><br \/>Enviamos productos f\u00edsicos a todo el mundo. Los gastos de env\u00edo se calculan en funci\u00f3n del destino del env\u00edo y del peso del paquete. Hacemos todo lo posible para enviar los pedidos con prontitud, pero no podemos garantizar las fechas u horas de entrega. No nos hacemos responsables de los derechos de aduana, impuestos u otros cargos que puedan ser impuestos por el destino del env\u00edo.<\/li><li><strong>Condiciones de entrega:<\/strong><br \/>A menos que se especifique lo contrario, todos los precios incluyen el embalaje adecuado, pero excluyen los gastos de env\u00edo y seguro, que dependen del lugar de entrega, el valor y el peso. El env\u00edo por parte de Coin-store-nft e.U. s\u00f3lo es posible hasta un valor de la mercanc\u00eda de 15.000,&#8211; EUR. En la p\u00e1gina de inicio, bajo Conocimiento: https:\/\/coin-store-nft.com\/wissensdatenbank\/, encontrar\u00e1 un resumen de todos los pa\u00edses a los que Coin-store-nft e.U. realiza env\u00edos, aunque no se puede garantizar la actualidad de la lista y los env\u00edos pueden ser rechazados. Coin-store-nft e.U. se reserva el derecho de imponer restricciones adicionales a las opciones de entrega para determinados contratos.<\/li><li><strong>Plazos de entrega:<\/strong><br \/>El plazo de entrega previsto a partir de la recepci\u00f3n del pedido se dar\u00e1 a conocer al cliente antes de realizar el pedido. Al realizar el pedido, el cliente acepta el plazo de entrega previsto. Si Coin-store-nft e.U. acepta el pedido, el plazo de entrega se considerar\u00e1 acordado y podr\u00e1 consultarse en la confirmaci\u00f3n del pedido.<\/li><li><strong>Retraso en la entrega:<\/strong><br \/>En caso de retraso en la entrega, Coin-store-nft e.U. informar\u00e1 al cliente sobre el retraso previsto. El cliente tiene derecho a rescindir el contrato fijando un plazo de gracia razonable.<\/li><li><strong>Modo de env\u00edo:<\/strong><br \/>Durante el proceso de pedido se informar\u00e1 al cliente sobre las opciones de env\u00edo. Antes de realizar el pedido, el cliente deber\u00e1 seleccionar la modalidad de env\u00edo deseada. La modalidad de env\u00edo elegida se considerar\u00e1 acordada con la aceptaci\u00f3n del pedido y se enviar\u00e1 entonces a la direcci\u00f3n indicada por el cliente. Coin-store-nft e.U. no se hace responsable de direcciones incorrectas o incompletas, a menos que Coin-store-nft e.U. haya introducido los datos de forma incorrecta o incompleta. A petici\u00f3n del cliente, la entrega puede realizarse de forma distinta a la proporcionada por Coin-store-nft e.U. como est\u00e1ndar (flete a\u00e9reo, servicio de mensajer\u00eda o medio de transporte comparable), por lo que la puesta en servicio s\u00f3lo puede ser realizada por el propio cliente. Si el cliente desea encargar \u00e9l mismo la entrega, deber\u00e1 ponerse en contacto telef\u00f3nico con el departamento de ventas de Coin-store-nft e.U. antes de realizar el pedido y el cliente correr\u00e1 con todos los gastos adicionales derivados de la entrega, incluido cualquier seguro que deba encargar el cliente.<\/li><li><strong>Transferencia del riesgo:<\/strong><br \/>El riesgo de p\u00e9rdida o deterioro de los productos se transmitir\u00e1 al cliente desde el momento en que la mercanc\u00eda se entregue al cliente o a un tercero designado por el cliente y distinto del transportista. No obstante, si el consumidor ha celebrado por s\u00ed mismo el contrato de transporte sin utilizar una opci\u00f3n de selecci\u00f3n sugerida por Coin-store-nft e.U., el riesgo ya se transfiere al transportista en el momento de la entrega.<\/li><li><strong>Obligaci\u00f3n de informar:<\/strong><br \/>Si los productos no han llegado en un plazo de cinco meses a partir del d\u00eda de la confirmaci\u00f3n del env\u00edo, el cliente est\u00e1 obligado a informar inmediatamente por escrito a Coin-store-nft e.U. para que Coin-store-nft e.U. pueda hacer uso de sus derechos de investigaci\u00f3n ante la empresa de transporte.<\/li><li><strong>Gastos en caso de rechazo de la aceptaci\u00f3n:<\/strong><br \/>Si el cliente se niega a aceptar un env\u00edo o si el env\u00edo es devuelto a Coin-store-nft e.U., por ejemplo con la nota \u00abno reparado\u00bb o \u00abimposible de entregar\u00bb, se informar\u00e1 de ello al cliente y tambi\u00e9n se le comunicar\u00e1 lo siguiente: Los gastos ocasionados por la no aceptaci\u00f3n o por una direcci\u00f3n indicada incorrectamente correr\u00e1n a cargo del cliente. S\u00f3lo se realizar\u00e1 un nuevo env\u00edo previo pago de los correspondientes gastos de env\u00edo adicionales por parte del cliente. Adem\u00e1s, el cliente se encuentra en mora acreedora y Coin-store-nft e.U. tiene derecho a depositar los productos en el juzgado o a llevar a cabo una venta por propia iniciativa previo aviso. A partir del momento en que se produzca el impago del acreedor, el riesgo relativo a los productos afectados por el impago del acreedor pasar\u00e1 al cliente; Coin-store-nft e.U. s\u00f3lo ser\u00e1 responsable en caso de dolo y negligencia grave. Adem\u00e1s, Coin-store-nft e.U. tiene derecho a indemnizaci\u00f3n por da\u00f1os y perjuicios en caso de culpa del cliente.<\/li><li><strong>Devoluci\u00f3n y reembolso:<\/strong><br \/>Ofrecemos una pol\u00edtica de devoluci\u00f3n de 14 d\u00edas para productos f\u00edsicos. Si no est\u00e1 satisfecho con su compra, p\u00f3ngase en contacto con nosotros en un plazo de 14 d\u00edas a partir de la recepci\u00f3n de su pedido para organizar la devoluci\u00f3n. Los bienes digitales (NFT) no pueden devolverse ni reembolsarse, salvo en los casos en que el NFT no coincida con la descripci\u00f3n. En tales casos, p\u00f3ngase en contacto con nosotros en un plazo de 7 d\u00edas desde la recepci\u00f3n del NFT para organizar una devoluci\u00f3n o un cambio.<\/li><li><strong>Aviso de garant\u00eda:<\/strong><br \/>coin-store-nft e.U. no ofrece ninguna garant\u00eda sobre los activos digitales (NFT). El valor de los NFT puede fluctuar y est\u00e1 sujeto a las condiciones del mercado. No ofrecemos ninguna declaraci\u00f3n ni garant\u00eda sobre el valor o la autenticidad de los NFT. Los NFT se venden \u00abtal y como se ven\u00bb y \u00abtal y como se visualizan en nuestra tienda web \/ plataforma NFT\u00bb sin ninguna garant\u00eda expresa o impl\u00edcita. Usted reconoce que los NFT no son bienes f\u00edsicos y est\u00e1n sujetos a los riesgos asociados a los activos digitales, incluyendo pero no limitado a la volatilidad, la p\u00e9rdida de acceso o robo, ataque de hacking, fraude, direcci\u00f3n de cartera incorrecta proporcionada por usted, cold wallet hack, que puede resultar en p\u00e9rdidas permanentes debido a la naturaleza de los activos digitales. Nos esforzamos por garantizar la autenticidad de nuestras NFT. Sin embargo, no garantizamos que nuestras NFT est\u00e9n libres de errores, omisiones u otros defectos. En caso de defecto o error en cualquier NFT, nuestra \u00fanica responsabilidad se limitar\u00e1 a la sustituci\u00f3n del NFT o al reembolso del precio de compra.<\/li><li><strong>Diligencia debida:<\/strong><br \/>Le recomendamos que lleve a cabo su propia investigaci\u00f3n y diligencia debida antes de comprar NFT. Cualquier informaci\u00f3n o consejo proporcionado por nosotros es s\u00f3lo para fines de informaci\u00f3n general y no constituye asesoramiento legal, financiero o de inversi\u00f3n. Nos distanciamos de cualquier tipo de asesoramiento financiero o de inversi\u00f3n.<\/li><li><strong>Propiedad intelectual:<\/strong><br \/>Todo el contenido de nuestro sitio web, incluidos textos, gr\u00e1ficos, logotipos, im\u00e1genes y software, es propiedad de coin-store-nft e.U. o de sus filiales y est\u00e1 protegido por las leyes austriacas e internacionales sobre derechos de autor. Queda prohibida la reproducci\u00f3n, modificaci\u00f3n, distribuci\u00f3n o venta de nuestros contenidos sin nuestro consentimiento expreso por escrito.<\/li><li><strong>Responsabilidad:<\/strong><br \/>Queda excluida la responsabilidad de coin-store-nft e.U. frente al cliente en caso de causalidad por negligencia leve, excepto en caso de da\u00f1os personales, da\u00f1os resultantes del incumplimiento de una obligaci\u00f3n contractual principal, da\u00f1os completamente at\u00edpicos o da\u00f1os en objetos tomados para su procesamiento, almacenamiento o transporte. En particular, coin-store-nft e.U. no se hace responsable del lucro cesante, de la falta de disponibilidad de los productos ni de las entradas defectuosas en la tienda online imputables al cliente.<\/li><li><strong>Otros derechos de garant\u00eda<\/strong> del cliente como reclamaciones por da\u00f1os y perjuicios no se ver\u00e1n afectados. coin-store-nft e.U. no se responsabiliza bajo ning\u00fan t\u00edtulo excepto seg\u00fan las disposiciones de estas CGC.<\/li><li><strong>Posibles p\u00e9rdidas por cambio:<\/strong><br \/>coin-store-nft e.U. llama expresamente la atenci\u00f3n sobre los riesgos de posibles fluctuaciones en el precio del oro\/plata y las p\u00e9rdidas de precio asociadas. coin-store-nft e.U. no est\u00e1 obligada a facilitar m\u00e1s informaci\u00f3n que la exigida por ley.<\/li><li><strong>Desistimiento de conformidad con la Ley de Venta a Distancia (FAGG):<\/strong><br \/>En principio, seg\u00fan el art\u00edculo 11 de la FAGG, el cliente puede desistir del contrato en un plazo de 14 d\u00edas sin necesidad de justificaci\u00f3n en el caso de contratos celebrados en l\u00ednea (transacciones de venta a distancia). El plazo de desistimiento comienza el d\u00eda en que el cliente o un tercero que no act\u00fae como transportista y haya sido designado por el cliente obtiene la posesi\u00f3n del producto. No obstante, si el cliente no ha recibido la informaci\u00f3n completa de conformidad con el art\u00edculo 4, apartado 1, punto 8 de la FAGG, el plazo de desistimiento se prorrogar\u00e1 12 meses; sin embargo, si esta informaci\u00f3n se recibe posteriormente dentro del citado plazo de 12 meses, el plazo de desistimiento se prorrogar\u00e1 14 d\u00edas a partir de la fecha en que se facilit\u00f3 la informaci\u00f3n.<br \/>La informaci\u00f3n sobre las condiciones del respectivo derecho de desistimiento del cliente, el plazo y el ejercicio se facilita mediante el formulario de desistimiento adjunto, que tambi\u00e9n puede consultarse en la p\u00e1gina de inicio de coin-store-nft e.U. en cualquier momento.<br \/>No existe derecho de desistimiento para productos cuyo precio depende de la evoluci\u00f3n de las fluctuaciones en los mercados financieros.<br \/>De conformidad con el art. 18 p\u00e1rr. 1 n\u00ba 2 de la FAGG, no existe derecho de desistimiento en los siguientes casos, que, sin embargo, no constituyen una lista exhaustiva, ya que el contrato a distancia se refiere a la entrega de productos cuyo precio depende de las fluctuaciones del mercado financiero, sobre las que coin-store-nft e.U. no tiene ninguna influencia: Monedas de oro, platino o plata en todas las denominaciones, lingotes en todos los tama\u00f1os disponibles, ducados en todas las denominaciones, coronas en todas las denominaciones, florines en todas las denominaciones.<\/li><li><strong>Limitaci\u00f3n de responsabilidad:<\/strong><br \/>En ning\u00fan caso coin-store-nft e.U. o sus afiliados ser\u00e1n responsables de ning\u00fan da\u00f1o indirecto, incidental, especial o consecuente que surja de o est\u00e9 relacionado con el uso que usted haga de nuestro sitio web o de los productos que ofrecemos, tanto si tales da\u00f1os son previsibles como si coin-store-nft e.U. o sus afiliados han sido advertidos de la posibilidad de tales da\u00f1os. Nuestra responsabilidad m\u00e1xima hacia usted se limita al precio de compra de los productos que nos haya adquirido.<\/li><li><strong>Reserva de propiedad:<\/strong><br \/>Los productos suministrados seguir\u00e1n siendo propiedad de Coin-Store-NFT e.U. hasta su pago \u00edntegro.<\/li><li><strong>Protecci\u00f3n de datos:<\/strong><br \/>Coin-Store-NFT e.U. observa la normativa aplicable en materia de protecci\u00f3n de datos y utiliza los datos personales del cliente \u00fanicamente para tramitar el pedido y mejorar el servicio al cliente.<\/li><li><strong>Legislaci\u00f3n aplicable y fuero competente:<\/strong><br \/>Estas Condiciones Generales est\u00e1n sujetas a la legislaci\u00f3n austriaca, lugar de jurisdicci\u00f3n Viena. Todos los litigios derivados o relacionados con las presentes Condiciones Generales se someter\u00e1n a la jurisdicci\u00f3n exclusiva de los tribunales austriacos en lengua alemana.<\/li><li><strong>Modificaciones:<\/strong><br \/>Nos reservamos el derecho de cambiar estos T\u00e9rminos y Condiciones en cualquier momento sin previo aviso. Al seguir utilizando nuestro sitio web o realizar compras en \u00e9l, usted acepta quedar vinculado por las Condiciones actualizadas.<\/li><li><strong>Cl\u00e1usula de salvedad:<\/strong><br \/>Si alguna disposici\u00f3n de estos T\u00e9rminos y Condiciones es o se convierte en inv\u00e1lida, la validez de las disposiciones restantes no se ver\u00e1 afectada.<\/li><\/ol>\t\t\t\t\t\t\t\t<\/div>\n\t\t\t\t<\/div>\n\t\t\t\t\t<\/div>\n\t\t<\/div>\n\t\t\t\t\t<\/div>\n\t\t<\/section>\n\t\t\t\t<\/div>\n\t\t","protected":false},"excerpt":{"rendered":"<p>Condiciones Generales de Contrataci\u00f3n (CGC) Bienvenido a coin-store-nft e.U., una tienda en l\u00ednea de productos f\u00edsicos (monedas de plata) y digitales (NFT). Antes de utilizar nuestro sitio web o de realizar una compra, lea atentamente los siguientes t\u00e9rminos y condiciones. Estos t\u00e9rminos y condiciones regulan el uso de nuestra tienda online. Al acceder a nuestro [&hellip;]<\/p>\n","protected":false},"author":1,"featured_media":0,"parent":0,"menu_order":0,"comment_status":"closed","ping_status":"closed","template":"","meta":{"inline_featured_image":false,"footnotes":""},"class_list":["post-4395","page","type-page","status-publish","hentry"],"jetpack_sharing_enabled":true,"_links":{"self":[{"href":"https:\/\/coin-store-nft.com\/es\/wp-json\/wp\/v2\/pages\/4395"}],"collection":[{"href":"https:\/\/coin-store-nft.com\/es\/wp-json\/wp\/v2\/pages"}],"about":[{"href":"https:\/\/coin-store-nft.com\/es\/wp-json\/wp\/v2\/types\/page"}],"author":[{"embeddable":true,"href":"https:\/\/coin-store-nft.com\/es\/wp-json\/wp\/v2\/users\/1"}],"replies":[{"embeddable":true,"href":"https:\/\/coin-store-nft.com\/es\/wp-json\/wp\/v2\/comments?post=4395"}],"version-history":[{"count":0,"href":"https:\/\/coin-store-nft.com\/es\/wp-json\/wp\/v2\/pages\/4395\/revisions"}],"wp:attachment":[{"href":"https:\/\/coin-store-nft.com\/es\/wp-json\/wp\/v2\/media?parent=4395"}],"curies":[{"name":"wp","href":"https:\/\/api.w.org\/{rel}","templated":true}]}}