{"id":1458,"date":"2023-02-18T16:49:10","date_gmt":"2023-02-18T15:49:10","guid":{"rendered":"https:\/\/coin-store-nft.com\/?post_type=product&#038;p=1458"},"modified":"2023-06-19T10:27:37","modified_gmt":"2023-06-19T08:27:37","slug":"nft-alien-battle-of-los-angeles-1-3","status":"publish","type":"product","link":"https:\/\/coin-store-nft.com\/es\/produkt\/nft-alien-battle-of-los-angeles-1-3\/","title":{"rendered":"NFT-ALIEN Battle of Los Angeles #1\/3"},"content":{"rendered":"<p><a href=\"https:\/\/solsea.io\/n\/6stTTdrnu65sNYU1DmdD1mDpnE66edDmqHSyfuTXhKXp\/\" target=\"_blank\" rel=\"noopener\">https:\/\/solsea.io\/n\/6stTTdrnu65sNYU1DmdD1mDpnE66edDmqHSyfuTXhKXp\/<\/a><\/p>\n<div style=\"width: 480px;\" class=\"wp-video\"><!--[if lt IE 9]><script>document.createElement('video');<\/script><![endif]-->\n<video class=\"wp-video-shortcode\" id=\"video-1458-1\" width=\"480\" height=\"270\" preload=\"metadata\" controls=\"controls\"><source type=\"video\/mp4\" src=\"https:\/\/coin-store-nft.com\/wp-content\/uploads\/2023\/02\/Aliens-Battle-of-Los-Angeles-SMALL.mp4?_=1\" \/><a href=\"https:\/\/coin-store-nft.com\/wp-content\/uploads\/2023\/02\/Aliens-Battle-of-Los-Angeles-SMALL.mp4\">https:\/\/coin-store-nft.com\/wp-content\/uploads\/2023\/02\/Aliens-Battle-of-Los-Angeles-SMALL.mp4<\/a><\/video><\/div>\n<p>NFT-ALIEN Battle of Los Angeles #1\/3 eine zertifizierte Silberm\u00fcnze in limitierter Auflage verwandelt sich in ein animiertes NFT#1, eine neue und weltweit einzigartige Kombination, ein Muss f\u00fcr jeden Sammler, hier kaufen.<\/p>\n<p><span class=\"TextRun SCXW159431946 BCX0\" lang=\"EN-US\" xml:lang=\"EN-US\" data-contrast=\"none\"><span class=\"NormalTextRun SpellingErrorV2Themed SCXW159431946 BCX0\">Diese<\/span> <span class=\"NormalTextRun SpellingErrorV2Themed SCXW159431946 BCX0\">wundersch\u00f6ne<\/span> <span class=\"NormalTextRun SCXW159431946 BCX0\">1<\/span> <span class=\"NormalTextRun SCXW159431946 BCX0\">Oz<\/span> <span class=\"NormalTextRun SpellingErrorV2Themed SCXW159431946 BCX0\">Silberm\u00fcnze<\/span> <span class=\"NormalTextRun SpellingErrorV2Themed SCXW159431946 BCX0\">ist<\/span><span class=\"NormalTextRun SCXW159431946 BCX0\"> der <\/span><span class=\"NormalTextRun SCXW159431946 BCX0\">Schlacht<\/span><span class=\"NormalTextRun SCXW159431946 BCX0\"> von <\/span><span class=\"NormalTextRun SCXW159431946 BCX0\">Los<\/span> <span class=\"NormalTextRun SCXW159431946 BCX0\">Angeles<\/span> <span class=\"NormalTextRun SpellingErrorV2Themed SCXW159431946 BCX0\">gewidmet<\/span><span class=\"NormalTextRun SCXW159431946 BCX0\">, <\/span><span class=\"NormalTextRun SCXW159431946 BCX0\">dem<\/span> <span class=\"NormalTextRun SpellingErrorV2Themed SCXW159431946 BCX0\">feindlichen<\/span> <span class=\"NormalTextRun SCXW159431946 BCX0\">Angriff<\/span><span class=\"NormalTextRun SCXW159431946 BCX0\">, <\/span><span class=\"NormalTextRun SCXW159431946 BCX0\">der<\/span> <span class=\"NormalTextRun SCXW159431946 BCX0\">1942<\/span> <span class=\"NormalTextRun SCXW159431946 BCX0\">in<\/span> <span class=\"NormalTextRun SpellingErrorV2Themed SCXW159431946 BCX0\">Kalifornien<\/span> <span class=\"NormalTextRun SpellingErrorV2Themed SCXW159431946 BCX0\">stattfand<\/span> <span class=\"NormalTextRun SCXW159431946 BCX0\">und<\/span> <span class=\"NormalTextRun SCXW159431946 BCX0\">von<\/span><span class=\"NormalTextRun SCXW159431946 BCX0\"> dem <\/span><span class=\"NormalTextRun SpellingErrorV2Themed SCXW159431946 BCX0\">angenommen<\/span> <span class=\"NormalTextRun SpellingErrorV2Themed SCXW159431946 BCX0\">wurde<\/span><span class=\"NormalTextRun SCXW159431946 BCX0\">,<\/span> <span class=\"NormalTextRun SpellingErrorV2Themed SCXW159431946 BCX0\">dass<\/span> <span class=\"NormalTextRun SCXW159431946 BCX0\">es<\/span> <span class=\"NormalTextRun SpellingErrorV2Themed SCXW159431946 BCX0\">sich<\/span> <span class=\"NormalTextRun SCXW159431946 BCX0\">um<\/span> <span class=\"NormalTextRun SpellingErrorV2Themed SCXW159431946 BCX0\">einen<\/span> <span class=\"NormalTextRun SCXW159431946 BCX0\">UFO<\/span><span class=\"NormalTextRun SCXW159431946 BCX0\">&#8211;<\/span><span class=\"NormalTextRun SCXW159431946 BCX0\">Angriff<\/span> <span class=\"NormalTextRun SpellingErrorV2Themed SCXW159431946 BCX0\">handelte<\/span><span class=\"NormalTextRun SCXW159431946 BCX0\">.<\/span> <span class=\"NormalTextRun SCXW159431946 BCX0\">Die<\/span> <span class=\"NormalTextRun SpellingErrorV2Themed SCXW159431946 BCX0\">M\u00fcnze<\/span> <span class=\"NormalTextRun SCXW159431946 BCX0\">hat<\/span> <span class=\"NormalTextRun SpellingErrorV2Themed SCXW159431946 BCX0\">ein<\/span> <span class=\"NormalTextRun SpellingErrorV2Themed SCXW159431946 BCX0\">atemberaubendes<\/span> <span class=\"NormalTextRun SCXW159431946 BCX0\">Design<\/span><span class=\"NormalTextRun SCXW159431946 BCX0\">,<\/span> <span class=\"NormalTextRun SCXW159431946 BCX0\">hat<\/span> <span class=\"NormalTextRun SpellingErrorV2Themed SCXW159431946 BCX0\">eine<\/span> <span class=\"NormalTextRun SpellingErrorV2Themed SCXW159431946 BCX0\">sch\u00f6ne<\/span> <span class=\"NormalTextRun SpellingErrorV2Themed SCXW159431946 BCX0\">F\u00e4rbung<\/span> <span class=\"NormalTextRun SCXW159431946 BCX0\">und<\/span> <span class=\"NormalTextRun SpellingErrorV2Themed SCXW159431946 BCX0\">eine<\/span> <span class=\"NormalTextRun SCXW159431946 BCX0\">Antik<\/span><span class=\"NormalTextRun SCXW159431946 BCX0\">&#8211;<\/span><span class=\"NormalTextRun SCXW159431946 BCX0\">Finish<\/span><span class=\"NormalTextRun SCXW159431946 BCX0\">&#8211;<\/span><span class=\"NormalTextRun SpellingErrorV2Themed SCXW159431946 BCX0\">Qualit\u00e4t<\/span><span class=\"NormalTextRun SCXW159431946 BCX0\">.<\/span><span class=\"NormalTextRun SCXW159431946 BCX0\">\u00a0\u00a0 <\/span><span class=\"NormalTextRun SCXW159431946 BCX0\">Die<\/span> <span class=\"NormalTextRun SpellingErrorV2Themed SCXW159431946 BCX0\">Vorderseite<\/span> <span class=\"NormalTextRun SCXW159431946 BCX0\">der<\/span> <span class=\"NormalTextRun SpellingErrorV2Themed SCXW159431946 BCX0\">M\u00fcnze<\/span> <span class=\"NormalTextRun SpellingErrorV2Themed SCXW159431946 BCX0\">zeigt<\/span> <span class=\"NormalTextRun SCXW159431946 BCX0\">die<\/span> <span class=\"NormalTextRun SpellingErrorV2Themed SCXW159431946 BCX0\">Nahaufnahme<\/span> <span class=\"NormalTextRun SpellingErrorV2Themed SpellingErrorHighlight SCXW159431946 BCX0\">eines<\/span> <span class=\"NormalTextRun SpellingErrorV2Themed SCXW159431946 BCX0\">klassischen<\/span> <span class=\"NormalTextRun SpellingErrorV2Themed SCXW159431946 BCX0\">au\u00dferirdischen<\/span> <span class=\"NormalTextRun SpellingErrorV2Themed SCXW159431946 BCX0\">Gesichts<\/span> <span class=\"NormalTextRun SpellingErrorV2Themed SCXW159431946 BCX0\">mit<\/span> <span class=\"NormalTextRun SpellingErrorV2Themed SCXW159431946 BCX0\">gro\u00dfen<\/span> <span class=\"NormalTextRun SCXW159431946 BCX0\">Augen<\/span> <span class=\"NormalTextRun SpellingErrorV2Themed SCXW159431946 BCX0\">vor<\/span> <span class=\"NormalTextRun SpellingErrorV2Themed SCXW159431946 BCX0\">einem<\/span> <span class=\"NormalTextRun SpellingErrorV2Themed SCXW159431946 BCX0\">futuristischen<\/span> <span class=\"NormalTextRun SpellingErrorV2Themed SCXW159431946 BCX0\">Hintergrund<\/span><span class=\"NormalTextRun SCXW159431946 BCX0\">.<\/span> <span class=\"NormalTextRun SCXW159431946 BCX0\">Auf<\/span><span class=\"NormalTextRun SCXW159431946 BCX0\"> der <\/span><span class=\"NormalTextRun SpellingErrorV2Themed SCXW159431946 BCX0\">rechten<\/span> <span class=\"NormalTextRun SpellingErrorV2Themed SCXW159431946 BCX0\">Seite<\/span><span class=\"NormalTextRun SCXW159431946 BCX0\"> der <\/span><span class=\"NormalTextRun SpellingErrorV2Themed SCXW159431946 BCX0\">R\u00fcckseite<\/span> <span class=\"NormalTextRun SCXW159431946 BCX0\">die<\/span> <span class=\"NormalTextRun SpellingErrorV2Themed SCXW159431946 BCX0\">Inschriften<\/span><span class=\"NormalTextRun SCXW159431946 BCX0\">:<\/span><span class=\"NormalTextRun SCXW159431946 BCX0\"> \u00ab<\/span><span class=\"NormalTextRun SCXW159431946 BCX0\">BATTLE<\/span> <span class=\"NormalTextRun SCXW159431946 BCX0\">OF<\/span> <span class=\"NormalTextRun SCXW159431946 BCX0\">LOS<\/span> <span class=\"NormalTextRun SCXW159431946 BCX0\">ANGELES<\/span> <span class=\"NormalTextRun SCXW159431946 BCX0\">1942<\/span><span class=\"NormalTextRun SCXW159431946 BCX0\">\u00bb &#8211; <\/span><span class=\"NormalTextRun SCXW159431946 BCX0\">der<\/span> <span class=\"NormalTextRun SCXW159431946 BCX0\">Name<\/span> <span class=\"NormalTextRun SCXW159431946 BCX0\">der<\/span> <span class=\"NormalTextRun SpellingErrorV2Themed SCXW159431946 BCX0\">M\u00fcnze<\/span> <span class=\"NormalTextRun SCXW159431946 BCX0\">und<\/span><span class=\"NormalTextRun SCXW159431946 BCX0\"> \u00ab<\/span><span class=\"NormalTextRun SCXW159431946 BCX0\">2017<\/span><span class=\"NormalTextRun SCXW159431946 BCX0\">\u00ab<\/span> <span class=\"NormalTextRun SCXW159431946 BCX0\">&#8211;<\/span> <span class=\"NormalTextRun SCXW159431946 BCX0\">das<\/span> <span class=\"NormalTextRun SpellingErrorV2Themed SCXW159431946 BCX0\">Ausgabejahr<\/span><span class=\"NormalTextRun SCXW159431946 BCX0\">.<\/span> <span class=\"NormalTextRun SCXW159431946 BCX0\">Die<\/span> <span class=\"NormalTextRun SpellingErrorV2Themed SCXW159431946 BCX0\">R\u00fcckseite<\/span><span class=\"NormalTextRun SCXW159431946 BCX0\"> der <\/span><span class=\"NormalTextRun SpellingErrorV2Themed SCXW159431946 BCX0\">M\u00fcnze<\/span> <span class=\"NormalTextRun SpellingErrorV2Themed SCXW159431946 BCX0\">zeigt<\/span> <span class=\"NormalTextRun SpellingErrorV2Themed SCXW159431946 BCX0\">eine<\/span> <span class=\"NormalTextRun SpellingErrorV2Themed SCXW159431946 BCX0\">sch\u00f6ne<\/span> <span class=\"NormalTextRun SpellingErrorV2Themed SCXW159431946 BCX0\">farbige<\/span> <span class=\"NormalTextRun SpellingErrorV2Themed SCXW159431946 BCX0\">Darstellung<\/span> <span class=\"NormalTextRun SCXW159431946 BCX0\">der<\/span> <span class=\"NormalTextRun SCXW159431946 BCX0\">Schlacht<\/span><span class=\"NormalTextRun SCXW159431946 BCX0\">,<\/span> <span class=\"NormalTextRun SCXW159431946 BCX0\">die<\/span> <span class=\"NormalTextRun SCXW159431946 BCX0\">in<\/span> <span class=\"NormalTextRun SpellingErrorV2Themed SCXW159431946 BCX0\">Kalifornien<\/span> <span class=\"NormalTextRun SpellingErrorV2Themed SCXW159431946 BCX0\">stattfand<\/span><span class=\"NormalTextRun SCXW159431946 BCX0\">.<\/span> <span class=\"NormalTextRun SCXW159431946 BCX0\">Auf<\/span><span class=\"NormalTextRun SCXW159431946 BCX0\"> der <\/span><span class=\"NormalTextRun SpellingErrorV2Themed SCXW159431946 BCX0\">R\u00fcckseite<\/span> <span class=\"NormalTextRun SpellingErrorV2Themed SCXW159431946 BCX0\">sind<\/span> <span class=\"NormalTextRun SpellingErrorV2Themed SCXW159431946 BCX0\">auch<\/span> <span class=\"NormalTextRun SCXW159431946 BCX0\">die<\/span> <span class=\"NormalTextRun SpellingErrorV2Themed SCXW159431946 BCX0\">Inschriften<\/span> <span class=\"NormalTextRun SpellingErrorV2Themed SCXW159431946 BCX0\">zu<\/span> <span class=\"NormalTextRun SpellingErrorV2Themed SCXW159431946 BCX0\">sehen<\/span><span class=\"NormalTextRun SCXW159431946 BCX0\">:<\/span><span class=\"NormalTextRun SCXW159431946 BCX0\"> \u00ab<\/span><span class=\"NormalTextRun SCXW159431946 BCX0\">REPUBLIQUE<\/span> <span class=\"NormalTextRun SCXW159431946 BCX0\">DU<\/span> <span class=\"NormalTextRun SCXW159431946 BCX0\">BURKINA<\/span> <span class=\"NormalTextRun SCXW159431946 BCX0\">FASO<\/span><span class=\"NormalTextRun SCXW159431946 BCX0\">\u00bb <\/span><span class=\"NormalTextRun SCXW159431946 BCX0\">\u2013<\/span> <span class=\"NormalTextRun SCXW159431946 BCX0\">das<\/span> <span class=\"NormalTextRun SpellingErrorV2Themed SCXW159431946 BCX0\">Ausgabeland<\/span> <span class=\"NormalTextRun SCXW159431946 BCX0\">und<\/span><span class=\"NormalTextRun SCXW159431946 BCX0\"> \u00ab<\/span><span class=\"NormalTextRun SCXW159431946 BCX0\">1000<\/span> <span class=\"NormalTextRun SCXW159431946 BCX0\">FRANCS<\/span> <span class=\"NormalTextRun SCXW159431946 BCX0\">CFA<\/span><span class=\"NormalTextRun SCXW159431946 BCX0\">\u00ab<\/span> <span class=\"NormalTextRun SCXW159431946 BCX0\">\u2013<\/span> <span class=\"NormalTextRun SCXW159431946 BCX0\">der<\/span> <span class=\"NormalTextRun SpellingErrorV2Themed SCXW159431946 BCX0\">Nennwert<\/span><span class=\"NormalTextRun SCXW159431946 BCX0\">.<\/span><\/span><span class=\"EOP SCXW159431946 BCX0\" data-ccp-props=\"{&quot;201341983&quot;:0,&quot;335559739&quot;:160,&quot;335559740&quot;:259,&quot;469777462&quot;:[2295],&quot;469777927&quot;:[0],&quot;469777928&quot;:[1]}\">\u00a0<\/span><\/p>\n","protected":false},"excerpt":{"rendered":"<p>https:\/\/solsea.io\/n\/6stTTdrnu65sNYU1DmdD1mDpnE66edDmqHSyfuTXhKXp\/ NFT-ALIEN Battle of Los Angeles #1\/3 eine zertifizierte Silberm\u00fcnze in limitierter Auflage verwandelt sich in ein animiertes NFT#1, eine neue und weltweit einzigartige Kombination, ein Muss f\u00fcr jeden Sammler, hier kaufen. Diese wundersch\u00f6ne 1 Oz Silberm\u00fcnze ist der Schlacht von Los Angeles gewidmet, dem feindlichen Angriff, der 1942 in Kalifornien stattfand und von dem [&hellip;]<\/p>\n","protected":false},"featured_media":1459,"comment_status":"open","ping_status":"closed","template":"","meta":{"inline_featured_image":false},"product_brand":[],"product_cat":[100,151],"product_tag":[],"class_list":{"0":"post-1458","1":"product","2":"type-product","3":"status-publish","4":"has-post-thumbnail","6":"product_cat-nft","7":"product_cat-space-edition","8":"product_shipping_class-digital-asset","10":"first","11":"instock","12":"featured","13":"virtual","14":"purchasable","15":"product-type-simple"},"jetpack_sharing_enabled":true,"_links":{"self":[{"href":"https:\/\/coin-store-nft.com\/es\/wp-json\/wp\/v2\/product\/1458"}],"collection":[{"href":"https:\/\/coin-store-nft.com\/es\/wp-json\/wp\/v2\/product"}],"about":[{"href":"https:\/\/coin-store-nft.com\/es\/wp-json\/wp\/v2\/types\/product"}],"replies":[{"embeddable":true,"href":"https:\/\/coin-store-nft.com\/es\/wp-json\/wp\/v2\/comments?post=1458"}],"wp:featuredmedia":[{"embeddable":true,"href":"https:\/\/coin-store-nft.com\/es\/wp-json\/wp\/v2\/media\/1459"}],"wp:attachment":[{"href":"https:\/\/coin-store-nft.com\/es\/wp-json\/wp\/v2\/media?parent=1458"}],"wp:term":[{"taxonomy":"product_brand","embeddable":true,"href":"https:\/\/coin-store-nft.com\/es\/wp-json\/wp\/v2\/product_brand?post=1458"},{"taxonomy":"product_cat","embeddable":true,"href":"https:\/\/coin-store-nft.com\/es\/wp-json\/wp\/v2\/product_cat?post=1458"},{"taxonomy":"product_tag","embeddable":true,"href":"https:\/\/coin-store-nft.com\/es\/wp-json\/wp\/v2\/product_tag?post=1458"}],"curies":[{"name":"wp","href":"https:\/\/api.w.org\/{rel}","templated":true}]}}