{"id":1466,"date":"2023-02-18T16:54:39","date_gmt":"2023-02-18T15:54:39","guid":{"rendered":"https:\/\/coin-store-nft.com\/?post_type=product&#038;p=1466"},"modified":"2023-06-19T10:19:42","modified_gmt":"2023-06-19T08:19:42","slug":"nft-mexico-libertad-huichol-1-3","status":"publish","type":"product","link":"https:\/\/coin-store-nft.com\/es\/produkt\/nft-mexico-libertad-huichol-1-3\/","title":{"rendered":"NFT-Mexico Libertad &#8211; Huichol #1\/3"},"content":{"rendered":"<p><a href=\"https:\/\/solsea.io\/n\/3bn4xRigr7xuBZreemZgi5mqmgqcgcMdvMzdXR2QxBMC\/\" target=\"_blank\" rel=\"noopener\">https:\/\/solsea.io\/n\/3bn4xRigr7xuBZreemZgi5mqmgqcgcMdvMzdXR2QxBMC\/<\/a><\/p>\n<div style=\"width: 800px;\" class=\"wp-video\"><!--[if lt IE 9]><script>document.createElement('video');<\/script><![endif]-->\n<video class=\"wp-video-shortcode\" id=\"video-1466-1\" width=\"800\" height=\"451\" preload=\"metadata\" controls=\"controls\"><source type=\"video\/mp4\" src=\"https:\/\/coin-store-nft.com\/wp-content\/uploads\/2023\/02\/Mexico-2018-1-Onza-Libertad-Huichol-10-1oz-Silver-Coin-SMALL.mp4?_=1\" \/><a href=\"https:\/\/coin-store-nft.com\/wp-content\/uploads\/2023\/02\/Mexico-2018-1-Onza-Libertad-Huichol-10-1oz-Silver-Coin-SMALL.mp4\">https:\/\/coin-store-nft.com\/wp-content\/uploads\/2023\/02\/Mexico-2018-1-Onza-Libertad-Huichol-10-1oz-Silver-Coin-SMALL.mp4<\/a><\/video><\/div>\n<p>NFT-Mexico Libertad &#8211; Huichol #1\/3 eine zertifizierte Silberm\u00fcnze in limitierter Auflage verwandelt sich in ein animiertes NFT#1, eine neue und weltweit einzigartige Kombination, ein Muss f\u00fcr jeden Sammler, hier kaufen.<\/p>\n<p><span class=\"NormalTextRun SpellingErrorV2Themed SCXW153836047 BCX0\">Diese<\/span> <span class=\"NormalTextRun SpellingErrorV2Themed SCXW153836047 BCX0\">wundersch\u00f6ne<\/span> <span class=\"NormalTextRun SpellingErrorV2Themed SCXW153836047 BCX0\">M\u00fcnze<\/span> <span class=\"NormalTextRun SpellingErrorV2Themed SCXW153836047 BCX0\">zeigt<\/span> <span class=\"NormalTextRun SpellingErrorV2Themed SCXW153836047 BCX0\">zwei<\/span> <span class=\"NormalTextRun SpellingErrorV2Themed SCXW153836047 BCX0\">Schl\u00fcsselsymbole<\/span> <span class=\"NormalTextRun SpellingErrorV2Themed SCXW153836047 BCX0\">Mexikos<\/span><span class=\"NormalTextRun SCXW153836047 BCX0\">:<\/span> <span class=\"NormalTextRun SCXW153836047 BCX0\">den<\/span> <span class=\"NormalTextRun SCXW153836047 BCX0\">Engel<\/span> <span class=\"NormalTextRun SCXW153836047 BCX0\">der<\/span> <span class=\"NormalTextRun SpellingErrorV2Themed SCXW153836047 BCX0\">Unabh\u00e4ngigkeit<\/span> <span class=\"NormalTextRun SCXW153836047 BCX0\">und<\/span> <span class=\"NormalTextRun SCXW153836047 BCX0\">die<\/span> <span class=\"NormalTextRun SpellingErrorV2Themed SCXW153836047 BCX0\">mexikanische<\/span> <span class=\"NormalTextRun SCXW153836047 BCX0\">Flagge<\/span><span class=\"NormalTextRun SCXW153836047 BCX0\">.<\/span> <span class=\"NormalTextRun SCXW153836047 BCX0\">Der<\/span> <span class=\"NormalTextRun SpellingErrorV2Themed SCXW153836047 BCX0\">gefl\u00fcgelte<\/span> <span class=\"NormalTextRun SpellingErrorV2Themed SCXW153836047 BCX0\">Siegesengel<\/span><span class=\"NormalTextRun SCXW153836047 BCX0\">, der <\/span><span class=\"NormalTextRun SCXW153836047 BCX0\">auf<\/span> <span class=\"NormalTextRun SCXW153836047 BCX0\">der<\/span> <span class=\"NormalTextRun SpellingErrorV2Themed SCXW153836047 BCX0\">Vorderseite<\/span> <span class=\"NormalTextRun SpellingErrorV2Themed SCXW153836047 BCX0\">erscheint<\/span><span class=\"NormalTextRun SCXW153836047 BCX0\">,<\/span> <span class=\"NormalTextRun SpellingErrorV2Themed SCXW153836047 BCX0\">ist<\/span> <span class=\"NormalTextRun SpellingErrorV2Themed SCXW153836047 BCX0\">ein<\/span> <span class=\"NormalTextRun SpellingErrorV2Themed SCXW153836047 BCX0\">historisches<\/span> <span class=\"NormalTextRun SpellingErrorV2Themed SCXW153836047 BCX0\">Denkmal<\/span> <span class=\"NormalTextRun SCXW153836047 BCX0\">f\u00fcr<\/span> <span class=\"NormalTextRun SCXW153836047 BCX0\">das<\/span> <span class=\"NormalTextRun SpellingErrorV2Themed SCXW153836047 BCX0\">mexikanische<\/span> <span class=\"NormalTextRun SCXW153836047 BCX0\">Volk<\/span> <span class=\"NormalTextRun SCXW153836047 BCX0\">und<\/span> <span class=\"NormalTextRun SCXW153836047 BCX0\">gilt<\/span> <span class=\"NormalTextRun SpellingErrorV2Themed SCXW153836047 BCX0\">als<\/span> <span class=\"NormalTextRun SCXW153836047 BCX0\">Symbol<\/span> <span class=\"NormalTextRun SCXW153836047 BCX0\">von<\/span> <span class=\"NormalTextRun SpellingErrorV2Themed SCXW153836047 BCX0\">Mexiko<\/span><span class=\"NormalTextRun SCXW153836047 BCX0\">&#8211;<\/span><span class=\"NormalTextRun SCXW153836047 BCX0\">Stadt<\/span><span class=\"NormalTextRun SCXW153836047 BCX0\">.<\/span> <span class=\"NormalTextRun SCXW153836047 BCX0\">Die<\/span> <span class=\"NormalTextRun SpellingErrorV2Themed SCXW153836047 BCX0\">mexikanische<\/span> <span class=\"NormalTextRun SCXW153836047 BCX0\">Flagge<\/span> <span class=\"NormalTextRun SpellingErrorV2Themed SCXW153836047 BCX0\">ist<\/span> <span class=\"NormalTextRun SpellingErrorV2Themed SCXW153836047 BCX0\">im<\/span> <span class=\"NormalTextRun SpellingErrorV2Themed SCXW153836047 BCX0\">Hintergrund<\/span><span class=\"NormalTextRun SCXW153836047 BCX0\">.<\/span> <span class=\"NormalTextRun SCXW153836047 BCX0\">Auf<\/span><span class=\"NormalTextRun SCXW153836047 BCX0\"> der <\/span><span class=\"NormalTextRun SpellingErrorV2Themed SCXW153836047 BCX0\">R\u00fcckseite<\/span> <span class=\"NormalTextRun SpellingErrorV2Themed SCXW153836047 BCX0\">ist<\/span> <span class=\"NormalTextRun SCXW153836047 BCX0\">das<\/span> <span class=\"NormalTextRun SpellingErrorV2Themed SCXW153836047 BCX0\">Nationalwappen<\/span> <span class=\"NormalTextRun SCXW153836047 BCX0\">von<\/span> <span class=\"NormalTextRun SpellingErrorV2Themed SCXW153836047 BCX0\">verschiedenen<\/span> <span class=\"NormalTextRun SpellingErrorV2Themed SCXW153836047 BCX0\">Adlermotiven<\/span> <span class=\"NormalTextRun SpellingErrorV2Themed SCXW153836047 BCX0\">umgeben<\/span><span class=\"NormalTextRun SCXW153836047 BCX0\">, die <\/span><span class=\"NormalTextRun SpellingErrorV2Themed SCXW153836047 BCX0\">im<\/span> <span class=\"NormalTextRun SpellingErrorV2Themed SCXW153836047 BCX0\">Laufe<\/span> <span class=\"NormalTextRun SCXW153836047 BCX0\">der<\/span> <span class=\"NormalTextRun SCXW153836047 BCX0\">Jahre<\/span> <span class=\"NormalTextRun SpellingErrorV2Themed SCXW153836047 BCX0\">als<\/span> <span class=\"NormalTextRun SpellingErrorV2Themed SCXW153836047 BCX0\">nationale<\/span> <span class=\"NormalTextRun SpellingErrorV2Themed SCXW153836047 BCX0\">Embleme<\/span> <span class=\"NormalTextRun SpellingErrorV2Themed SCXW153836047 BCX0\">verwendet<\/span> <span class=\"NormalTextRun SpellingErrorV2Themed SCXW153836047 BCX0\">wurden<\/span><span class=\"NormalTextRun SCXW153836047 BCX0\">,<\/span> <span class=\"NormalTextRun SpellingErrorV2Themed SCXW153836047 BCX0\">sowie<\/span> <span class=\"NormalTextRun SpellingErrorV2Themed SCXW153836047 BCX0\">vom<\/span> <span class=\"NormalTextRun SCXW153836047 BCX0\">Adler<\/span> <span class=\"NormalTextRun SpellingErrorV2Themed SCXW153836047 BCX0\">im<\/span> <span class=\"NormalTextRun SCXW153836047 BCX0\">Codex<\/span> <span class=\"NormalTextRun SCXW153836047 BCX0\">Mendocino.<\/span><\/p>\n","protected":false},"excerpt":{"rendered":"<p>https:\/\/solsea.io\/n\/3bn4xRigr7xuBZreemZgi5mqmgqcgcMdvMzdXR2QxBMC\/ NFT-Mexico Libertad &#8211; Huichol #1\/3 eine zertifizierte Silberm\u00fcnze in limitierter Auflage verwandelt sich in ein animiertes NFT#1, eine neue und weltweit einzigartige Kombination, ein Muss f\u00fcr jeden Sammler, hier kaufen. Diese wundersch\u00f6ne M\u00fcnze zeigt zwei Schl\u00fcsselsymbole Mexikos: den Engel der Unabh\u00e4ngigkeit und die mexikanische Flagge. Der gefl\u00fcgelte Siegesengel, der auf der Vorderseite erscheint, ist [&hellip;]<\/p>\n","protected":false},"featured_media":1467,"comment_status":"open","ping_status":"closed","template":"","meta":{"inline_featured_image":false},"product_brand":[],"product_cat":[100,159],"product_tag":[],"class_list":{"0":"post-1466","1":"product","2":"type-product","3":"status-publish","4":"has-post-thumbnail","6":"product_cat-nft","7":"product_cat-libertys-2","8":"product_shipping_class-digital-asset","10":"first","11":"instock","12":"featured","13":"virtual","14":"purchasable","15":"product-type-simple"},"jetpack_sharing_enabled":true,"_links":{"self":[{"href":"https:\/\/coin-store-nft.com\/es\/wp-json\/wp\/v2\/product\/1466"}],"collection":[{"href":"https:\/\/coin-store-nft.com\/es\/wp-json\/wp\/v2\/product"}],"about":[{"href":"https:\/\/coin-store-nft.com\/es\/wp-json\/wp\/v2\/types\/product"}],"replies":[{"embeddable":true,"href":"https:\/\/coin-store-nft.com\/es\/wp-json\/wp\/v2\/comments?post=1466"}],"wp:featuredmedia":[{"embeddable":true,"href":"https:\/\/coin-store-nft.com\/es\/wp-json\/wp\/v2\/media\/1467"}],"wp:attachment":[{"href":"https:\/\/coin-store-nft.com\/es\/wp-json\/wp\/v2\/media?parent=1466"}],"wp:term":[{"taxonomy":"product_brand","embeddable":true,"href":"https:\/\/coin-store-nft.com\/es\/wp-json\/wp\/v2\/product_brand?post=1466"},{"taxonomy":"product_cat","embeddable":true,"href":"https:\/\/coin-store-nft.com\/es\/wp-json\/wp\/v2\/product_cat?post=1466"},{"taxonomy":"product_tag","embeddable":true,"href":"https:\/\/coin-store-nft.com\/es\/wp-json\/wp\/v2\/product_tag?post=1466"}],"curies":[{"name":"wp","href":"https:\/\/api.w.org\/{rel}","templated":true}]}}