{"id":1483,"date":"2023-02-18T17:15:32","date_gmt":"2023-02-18T16:15:32","guid":{"rendered":"https:\/\/coin-store-nft.com\/?post_type=product&#038;p=1483"},"modified":"2023-06-19T09:16:27","modified_gmt":"2023-06-19T07:16:27","slug":"nft-steampunk-mask-1-3","status":"publish","type":"product","link":"https:\/\/coin-store-nft.com\/es\/produkt\/nft-steampunk-mask-1-3\/","title":{"rendered":"NFT-STEAMPUNK MASK #1\/3"},"content":{"rendered":"<p><a href=\"https:\/\/solsea.io\/n\/8sTbJgoncxMSE2GHoU2fjHCGPGc2utET376YvgUpJuU\/\" target=\"_blank\" rel=\"noopener\">https:\/\/solsea.io\/n\/8sTbJgoncxMSE2GHoU2fjHCGPGc2utET376YvgUpJuU\/<\/a><\/p>\n<div style=\"width: 800px;\" class=\"wp-video\"><!--[if lt IE 9]><script>document.createElement('video');<\/script><![endif]-->\n<video class=\"wp-video-shortcode\" id=\"video-1483-1\" width=\"800\" height=\"451\" preload=\"metadata\" controls=\"controls\"><source type=\"video\/mp4\" src=\"https:\/\/coin-store-nft.com\/wp-content\/uploads\/2023\/02\/Steampunk-Mask-small.mp4?_=1\" \/><a href=\"https:\/\/coin-store-nft.com\/wp-content\/uploads\/2023\/02\/Steampunk-Mask-small.mp4\">https:\/\/coin-store-nft.com\/wp-content\/uploads\/2023\/02\/Steampunk-Mask-small.mp4<\/a><\/video><\/div>\n<p>NFT-STEAMPUNK MASK #1\/3 eine zertifizierte Silberm\u00fcnze in limitierter Auflage verwandelt sich in ein animiertes NFT#1, eine neue und weltweit einzigartige Kombination, ein Muss f\u00fcr jeden Sammler, hier kaufen.<\/p>\n<p><span class=\"TextRun SCXW29989095 BCX0\" lang=\"EN-US\" xml:lang=\"EN-US\" data-contrast=\"none\"><span class=\"NormalTextRun SCXW29989095 BCX0\">Diese<\/span> <span class=\"NormalTextRun SCXW29989095 BCX0\">wunderbare<\/span> <span class=\"NormalTextRun SCXW29989095 BCX0\">3<\/span> <span class=\"NormalTextRun SCXW29989095 BCX0\">Oz<\/span> <span class=\"NormalTextRun SCXW29989095 BCX0\">Silberm\u00fcnze<\/span><span class=\"NormalTextRun SCXW29989095 BCX0\"> ist <\/span><span class=\"NormalTextRun SCXW29989095 BCX0\">dem<\/span> <span class=\"NormalTextRun SCXW29989095 BCX0\">Steampunk<\/span> <span class=\"NormalTextRun SCXW29989095 BCX0\">gewidmet<\/span><span class=\"NormalTextRun SCXW29989095 BCX0\">,<\/span> <span class=\"NormalTextRun SCXW29989095 BCX0\">der<\/span> <span class=\"NormalTextRun SCXW29989095 BCX0\">zu<\/span> <span class=\"NormalTextRun SCXW29989095 BCX0\">einem<\/span> <span class=\"NormalTextRun SCXW29989095 BCX0\">kulturellen<\/span> <span class=\"NormalTextRun SCXW29989095 BCX0\">Ph\u00e4nomen<\/span> <span class=\"NormalTextRun SCXW29989095 BCX0\">geworden<\/span> <span class=\"NormalTextRun SCXW29989095 BCX0\">ist<\/span><span class=\"NormalTextRun SCXW29989095 BCX0\">.<\/span> <span class=\"NormalTextRun SCXW29989095 BCX0\">Die<\/span> <span class=\"NormalTextRun SCXW29989095 BCX0\">M\u00fcnze<\/span> <span class=\"NormalTextRun SCXW29989095 BCX0\">hat<\/span><span class=\"NormalTextRun SCXW29989095 BCX0\"> eine <\/span><span class=\"NormalTextRun SCXW29989095 BCX0\">Antik<\/span><span class=\"NormalTextRun SCXW29989095 BCX0\">&#8211;<\/span><span class=\"NormalTextRun SCXW29989095 BCX0\">Finish<\/span><span class=\"NormalTextRun SCXW29989095 BCX0\">&#8211;<\/span><span class=\"NormalTextRun SCXW29989095 BCX0\">Qualit\u00e4t<\/span><span class=\"NormalTextRun SCXW29989095 BCX0\">,<\/span> <span class=\"NormalTextRun SCXW29989095 BCX0\">hat<\/span> <span class=\"NormalTextRun SCXW29989095 BCX0\">eine<\/span> <span class=\"NormalTextRun SCXW29989095 BCX0\">selektive<\/span> <span class=\"NormalTextRun SCXW29989095 BCX0\">Vergoldung<\/span> <span class=\"NormalTextRun SCXW29989095 BCX0\">und<\/span> <span class=\"NormalTextRun SCXW29989095 BCX0\">verf\u00fcgt<\/span> <span class=\"NormalTextRun SCXW29989095 BCX0\">dank<\/span> <span class=\"NormalTextRun SCXW29989095 BCX0\">der<\/span> <span class=\"NormalTextRun SCXW29989095 BCX0\">Smartminting<\/span><span class=\"NormalTextRun SCXW29989095 BCX0\">&#8211;<\/span><span class=\"NormalTextRun SCXW29989095 BCX0\">Technologie<\/span> <span class=\"NormalTextRun SCXW29989095 BCX0\">\u00fcber<\/span> <span class=\"NormalTextRun SCXW29989095 BCX0\">Ultra<\/span> <span class=\"NormalTextRun SCXW29989095 BCX0\">High<\/span> <span class=\"NormalTextRun SCXW29989095 BCX0\">Reliefs<\/span><span class=\"NormalTextRun SCXW29989095 BCX0\">.<\/span> <span class=\"NormalTextRun SCXW29989095 BCX0\">Diese<\/span> <span class=\"NormalTextRun SCXW29989095 BCX0\">besondere<\/span> <span class=\"NormalTextRun SCXW29989095 BCX0\">M\u00fcnze<\/span> <span class=\"NormalTextRun SCXW29989095 BCX0\">ist<\/span> <span class=\"NormalTextRun SCXW29989095 BCX0\">eine<\/span> <span class=\"NormalTextRun SCXW29989095 BCX0\">perfekte<\/span> <span class=\"NormalTextRun SCXW29989095 BCX0\">Kombination<\/span> <span class=\"NormalTextRun SCXW29989095 BCX0\">in<\/span> <span class=\"NormalTextRun SCXW29989095 BCX0\">Ultra<\/span> <span class=\"NormalTextRun SCXW29989095 BCX0\">High<\/span> <span class=\"NormalTextRun SCXW29989095 BCX0\">Relief<\/span><span class=\"NormalTextRun SCXW29989095 BCX0\"> der <\/span><span class=\"NormalTextRun SCXW29989095 BCX0\">heutigen<\/span><span class=\"NormalTextRun SCXW29989095 BCX0\"> und <\/span><span class=\"NormalTextRun SCXW29989095 BCX0\">gestrigen<\/span> <span class=\"NormalTextRun SCXW29989095 BCX0\">Welt<\/span> <span class=\"NormalTextRun SCXW29989095 BCX0\">und<\/span> <span class=\"NormalTextRun SCXW29989095 BCX0\">die<\/span> <span class=\"NormalTextRun SCXW29989095 BCX0\">mechanischen<\/span> <span class=\"NormalTextRun SCXW29989095 BCX0\">Details<\/span> <span class=\"NormalTextRun SCXW29989095 BCX0\">scheinen<\/span> <span class=\"NormalTextRun SCXW29989095 BCX0\">fast<\/span> <span class=\"NormalTextRun SCXW29989095 BCX0\">in<\/span> <span class=\"NormalTextRun SCXW29989095 BCX0\">Bewegung<\/span> <span class=\"NormalTextRun SCXW29989095 BCX0\">zu<\/span> <span class=\"NormalTextRun SCXW29989095 BCX0\">sein<\/span><span class=\"NormalTextRun SCXW29989095 BCX0\">.<\/span> <span class=\"NormalTextRun SCXW29989095 BCX0\">Auf<\/span><span class=\"NormalTextRun SCXW29989095 BCX0\"> der <\/span><span class=\"NormalTextRun SCXW29989095 BCX0\">linken<\/span> <span class=\"NormalTextRun SCXW29989095 BCX0\">Seite<\/span> <span class=\"NormalTextRun SCXW29989095 BCX0\">der<\/span> <span class=\"NormalTextRun SCXW29989095 BCX0\">R\u00fcckseite<\/span> <span class=\"NormalTextRun SCXW29989095 BCX0\">finden<\/span> <span class=\"NormalTextRun SCXW29989095 BCX0\">wir<\/span> <span class=\"NormalTextRun SCXW29989095 BCX0\">im<\/span> <span class=\"NormalTextRun SCXW29989095 BCX0\">Vordergrund<\/span> <span class=\"NormalTextRun SCXW29989095 BCX0\">einen<\/span> <span class=\"NormalTextRun SCXW29989095 BCX0\">Mann<\/span> <span class=\"NormalTextRun SCXW29989095 BCX0\">mit<\/span> <span class=\"NormalTextRun SCXW29989095 BCX0\">einer<\/span> <span class=\"NormalTextRun SCXW29989095 BCX0\">goldenen<\/span> <span class=\"NormalTextRun SCXW29989095 BCX0\">Maske<\/span><span class=\"NormalTextRun SCXW29989095 BCX0\">.<\/span> <span class=\"NormalTextRun SCXW29989095 BCX0\">Der<\/span> <span class=\"NormalTextRun SCXW29989095 BCX0\">Hintergrund<\/span> <span class=\"NormalTextRun SCXW29989095 BCX0\">besteht<\/span> <span class=\"NormalTextRun SCXW29989095 BCX0\">aus<\/span> <span class=\"NormalTextRun SCXW29989095 BCX0\">Zahnr\u00e4dern<\/span> <span class=\"NormalTextRun SCXW29989095 BCX0\">und<\/span> <span class=\"NormalTextRun SCXW29989095 BCX0\">mechanischen<\/span> <span class=\"NormalTextRun SCXW29989095 BCX0\">Details<\/span><span class=\"NormalTextRun SCXW29989095 BCX0\">,<\/span> <span class=\"NormalTextRun SCXW29989095 BCX0\">von<\/span> <span class=\"NormalTextRun SCXW29989095 BCX0\">denen<\/span> <span class=\"NormalTextRun SCXW29989095 BCX0\">einige<\/span> <span class=\"NormalTextRun SCXW29989095 BCX0\">durch<\/span> <span class=\"NormalTextRun SCXW29989095 BCX0\">selektive<\/span> <span class=\"NormalTextRun SCXW29989095 BCX0\">Vergoldung<\/span> <span class=\"NormalTextRun SCXW29989095 BCX0\">hervorgehoben<\/span> <span class=\"NormalTextRun SCXW29989095 BCX0\">werden<\/span><span class=\"NormalTextRun SCXW29989095 BCX0\">.<\/span> <span class=\"NormalTextRun SCXW29989095 BCX0\">Dies<\/span> <span class=\"NormalTextRun SCXW29989095 BCX0\">ist<\/span> <span class=\"NormalTextRun SCXW29989095 BCX0\">eine<\/span> <span class=\"NormalTextRun SCXW29989095 BCX0\">M\u00fcnze<\/span><span class=\"NormalTextRun SCXW29989095 BCX0\">, <\/span><span class=\"NormalTextRun SCXW29989095 BCX0\">die<\/span> <span class=\"NormalTextRun SCXW29989095 BCX0\">den<\/span> <span class=\"NormalTextRun SCXW29989095 BCX0\">markanten<\/span> <span class=\"NormalTextRun SCXW29989095 BCX0\">Kontrastelementen<\/span><span class=\"NormalTextRun SCXW29989095 BCX0\">,<\/span> <span class=\"NormalTextRun SCXW29989095 BCX0\">die<\/span> <span class=\"NormalTextRun SCXW29989095 BCX0\">f\u00fcr<\/span> <span class=\"NormalTextRun SCXW29989095 BCX0\">Steampunk<\/span> <span class=\"NormalTextRun SCXW29989095 BCX0\">charakteristisch<\/span><span class=\"NormalTextRun SCXW29989095 BCX0\"> sind<\/span><span class=\"NormalTextRun SCXW29989095 BCX0\">,<\/span> <span class=\"NormalTextRun SCXW29989095 BCX0\">perfekt<\/span> <span class=\"NormalTextRun SCXW29989095 BCX0\">Tribut<\/span> <span class=\"NormalTextRun SCXW29989095 BCX0\">zollt<\/span><span class=\"NormalTextRun SCXW29989095 BCX0\">.<\/span> <span class=\"NormalTextRun SCXW29989095 BCX0\">Die<\/span> <span class=\"NormalTextRun SCXW29989095 BCX0\">Vorderseite<\/span><span class=\"NormalTextRun SCXW29989095 BCX0\"> der M\u00fcnze <\/span><span class=\"NormalTextRun SCXW29989095 BCX0\">zeigt<\/span><span class=\"NormalTextRun SCXW29989095 BCX0\"> das <\/span><span class=\"NormalTextRun SCXW29989095 BCX0\">Bildnis<\/span> <span class=\"NormalTextRun SCXW29989095 BCX0\">Ihrer<\/span> <span class=\"NormalTextRun SCXW29989095 BCX0\">Majest\u00e4t<\/span> <span class=\"NormalTextRun SCXW29989095 BCX0\">K\u00f6nigin<\/span> <span class=\"NormalTextRun SCXW29989095 BCX0\">Elizabeth<\/span><span class=\"NormalTextRun SCXW29989095 BCX0\"> II., <\/span><span class=\"NormalTextRun SCXW29989095 BCX0\">umgeben<\/span> <span class=\"NormalTextRun SCXW29989095 BCX0\">von<\/span> <span class=\"NormalTextRun SCXW29989095 BCX0\">wundersch\u00f6nen<\/span> <span class=\"NormalTextRun SCXW29989095 BCX0\">mechanischen<\/span> <span class=\"NormalTextRun SCXW29989095 BCX0\">Details<\/span><span class=\"NormalTextRun SCXW29989095 BCX0\"> und <\/span><span class=\"NormalTextRun SCXW29989095 BCX0\">den<\/span> <span class=\"NormalTextRun SCXW29989095 BCX0\">Inschriften<\/span><span class=\"NormalTextRun SCXW29989095 BCX0\">:<\/span><span class=\"NormalTextRun SCXW29989095 BCX0\"> \u00ab<\/span><span class=\"NormalTextRun SCXW29989095 BCX0\">ELIZABETH<\/span> <span class=\"NormalTextRun SCXW29989095 BCX0\">II<\/span><span class=\"NormalTextRun SCXW29989095 BCX0\">\u00bb &#8211; der Name der <\/span><span class=\"NormalTextRun SCXW29989095 BCX0\">K\u00f6nigin<\/span><span class=\"NormalTextRun SCXW29989095 BCX0\">, \u00ab<\/span><span class=\"NormalTextRun SCXW29989095 BCX0\">COOK<\/span> <span class=\"NormalTextRun SCXW29989095 BCX0\">ISLANDS<\/span><span class=\"NormalTextRun SCXW29989095 BCX0\">\u00bb &#8211; <\/span><span class=\"NormalTextRun SCXW29989095 BCX0\">das<\/span> <span class=\"NormalTextRun SCXW29989095 BCX0\">Ausgabeland<\/span><span class=\"NormalTextRun SCXW29989095 BCX0\">,<\/span><span class=\"NormalTextRun SCXW29989095 BCX0\"> \u00ab<\/span><span class=\"NormalTextRun SCXW29989095 BCX0\">20<\/span> <span class=\"NormalTextRun SCXW29989095 BCX0\">DOLLARS<\/span><span class=\"NormalTextRun SCXW29989095 BCX0\">\u00bb <\/span><span class=\"NormalTextRun SCXW29989095 BCX0\">&#8211;<\/span><span class=\"NormalTextRun SCXW29989095 BCX0\"> der <\/span><span class=\"NormalTextRun SCXW29989095 BCX0\">Nennwert<\/span> <span class=\"NormalTextRun SCXW29989095 BCX0\">und<\/span><span class=\"NormalTextRun SCXW29989095 BCX0\"> \u00ab<\/span><span class=\"NormalTextRun SCXW29989095 BCX0\">STEAMPUNK<\/span><span class=\"NormalTextRun SCXW29989095 BCX0\">\u00ab<\/span> <span class=\"NormalTextRun SCXW29989095 BCX0\">&#8211;<\/span> <span class=\"NormalTextRun SCXW29989095 BCX0\">der<\/span> <span class=\"NormalTextRun SCXW29989095 BCX0\">Name<\/span> <span class=\"NormalTextRun SCXW29989095 BCX0\">der<\/span> <span class=\"NormalTextRun SCXW29989095 BCX0\">M\u00fcnze<\/span><span class=\"NormalTextRun SCXW29989095 BCX0\">.<\/span><\/span><span class=\"EOP SCXW29989095 BCX0\" data-ccp-props=\"{&quot;201341983&quot;:0,&quot;335559739&quot;:160,&quot;335559740&quot;:259,&quot;469777462&quot;:[2295],&quot;469777927&quot;:[0],&quot;469777928&quot;:[1]}\">\u00a0<\/span><\/p>\n","protected":false},"excerpt":{"rendered":"<p>https:\/\/solsea.io\/n\/8sTbJgoncxMSE2GHoU2fjHCGPGc2utET376YvgUpJuU\/ NFT-STEAMPUNK MASK #1\/3 eine zertifizierte Silberm\u00fcnze in limitierter Auflage verwandelt sich in ein animiertes NFT#1, eine neue und weltweit einzigartige Kombination, ein Muss f\u00fcr jeden Sammler, hier kaufen. Diese wunderbare 3 Oz Silberm\u00fcnze ist dem Steampunk gewidmet, der zu einem kulturellen Ph\u00e4nomen geworden ist. Die M\u00fcnze hat eine Antik&#8211;Finish&#8211;Qualit\u00e4t, hat eine selektive Vergoldung und [&hellip;]<\/p>\n","protected":false},"featured_media":1484,"comment_status":"open","ping_status":"closed","template":"","meta":{"inline_featured_image":false},"product_brand":[],"product_cat":[100,150],"product_tag":[],"class_list":{"0":"post-1483","1":"product","2":"type-product","3":"status-publish","4":"has-post-thumbnail","6":"product_cat-nft","7":"product_cat-steampunk","8":"product_shipping_class-digital-asset","10":"first","11":"instock","12":"featured","13":"virtual","14":"purchasable","15":"product-type-simple"},"jetpack_sharing_enabled":true,"_links":{"self":[{"href":"https:\/\/coin-store-nft.com\/es\/wp-json\/wp\/v2\/product\/1483"}],"collection":[{"href":"https:\/\/coin-store-nft.com\/es\/wp-json\/wp\/v2\/product"}],"about":[{"href":"https:\/\/coin-store-nft.com\/es\/wp-json\/wp\/v2\/types\/product"}],"replies":[{"embeddable":true,"href":"https:\/\/coin-store-nft.com\/es\/wp-json\/wp\/v2\/comments?post=1483"}],"wp:featuredmedia":[{"embeddable":true,"href":"https:\/\/coin-store-nft.com\/es\/wp-json\/wp\/v2\/media\/1484"}],"wp:attachment":[{"href":"https:\/\/coin-store-nft.com\/es\/wp-json\/wp\/v2\/media?parent=1483"}],"wp:term":[{"taxonomy":"product_brand","embeddable":true,"href":"https:\/\/coin-store-nft.com\/es\/wp-json\/wp\/v2\/product_brand?post=1483"},{"taxonomy":"product_cat","embeddable":true,"href":"https:\/\/coin-store-nft.com\/es\/wp-json\/wp\/v2\/product_cat?post=1483"},{"taxonomy":"product_tag","embeddable":true,"href":"https:\/\/coin-store-nft.com\/es\/wp-json\/wp\/v2\/product_tag?post=1483"}],"curies":[{"name":"wp","href":"https:\/\/api.w.org\/{rel}","templated":true}]}}