{"id":1867,"date":"2023-02-24T11:44:54","date_gmt":"2023-02-24T10:44:54","guid":{"rendered":"https:\/\/coin-store-nft.com\/?post_type=product&#038;p=1867"},"modified":"2023-06-12T09:32:19","modified_gmt":"2023-06-12T07:32:19","slug":"nft-chariot-rydwan-warfare-1-3","status":"publish","type":"product","link":"https:\/\/coin-store-nft.com\/es\/produkt\/nft-chariot-rydwan-warfare-1-3\/","title":{"rendered":"NFT-Chariot Rydwan Warfare #1\/3"},"content":{"rendered":"<p><a href=\"https:\/\/solsea.io\/n\/8qVq1tuk7ap9etrmCbGmepZd1PqCZstVSgvKshNTkSiX\/\" target=\"_blank\" rel=\"noopener\">https:\/\/solsea.io\/n\/8qVq1tuk7ap9etrmCbGmepZd1PqCZstVSgvKshNTkSiX\/<\/a><\/p>\n<div style=\"width: 800px;\" class=\"wp-video\"><!--[if lt IE 9]><script>document.createElement('video');<\/script><![endif]-->\n<video class=\"wp-video-shortcode\" id=\"video-1867-1\" width=\"800\" height=\"450\" preload=\"metadata\" controls=\"controls\"><source type=\"video\/mp4\" src=\"https:\/\/coin-store-nft.com\/wp-content\/uploads\/2023\/02\/Chariot-Rydwan-Warfare-2oz-Silver-3.mp4?_=1\" \/><a href=\"https:\/\/coin-store-nft.com\/wp-content\/uploads\/2023\/02\/Chariot-Rydwan-Warfare-2oz-Silver-3.mp4\">https:\/\/coin-store-nft.com\/wp-content\/uploads\/2023\/02\/Chariot-Rydwan-Warfare-2oz-Silver-3.mp4<\/a><\/video><\/div>\n<p>&nbsp;<\/p>\n<p>NFT-Chariot Rydwan Warfare #1\/3 a certified, limited edition silver coin morphs into an animated NFT#1, a fresh &amp; unique combination worldwide, a must have for every collector, buy here<\/p>\n<p>\u00abErlebe den Nervenkitzel uralter Kriegsf\u00fchrung mit unserem Chariot Rydwan NFT-Kunstwerk. Ein Meisterwerk des Kampfes und des Ruhms.\u00bb \u00abTauche mit unserem Chariot Rydwan Warfare NFT-Artwork in den Nervenkitzel des Kampfes ein. Atemberaubende Grafiken erwecken alte keltische Kriegsf\u00fchrung zum Leben.\u00bbAls NFT enth\u00e4lt das Kunstwerk Animationen, die die M\u00fcnze in einem digitalen Raum als seltenes Sammlerst\u00fcck zum Leben erwecken. NFT Auflage limitiert auf nur 3 St\u00fcck weltweit<\/p>\n","protected":false},"excerpt":{"rendered":"<p><span id=\"tgtAlignment_0\" class=\"ts-alignment-element\" data-is-focusable=\"true\">\u00ab<\/span><span id=\"tgtAlignment_1\" class=\"ts-alignment-element\" data-is-focusable=\"true\">Erlebe<\/span> <span id=\"tgtAlignment_2\" class=\"ts-alignment-element\" data-is-focusable=\"true\">den<\/span> <span id=\"tgtAlignment_3\" class=\"ts-alignment-element\" data-is-focusable=\"true\">Nervenkitzel<\/span> <span id=\"tgtAlignment_4\" class=\"ts-alignment-element\" data-is-focusable=\"true\">uralter<\/span> <span id=\"tgtAlignment_5\" class=\"ts-alignment-element\" data-is-focusable=\"true\">Kriegsf\u00fchrung<\/span> <span id=\"tgtAlignment_6\" class=\"ts-alignment-element\" data-is-focusable=\"true\">mit<\/span> <span id=\"tgtAlignment_7\" class=\"ts-alignment-element\" data-is-focusable=\"true\">unserem<\/span> <span id=\"tgtAlignment_8\" class=\"ts-alignment-element\" data-is-focusable=\"true\">Chariot<\/span> <span id=\"tgtAlignment_9\" class=\"ts-alignment-element\" data-is-focusable=\"true\">Rydwan<\/span> <span id=\"tgtAlignment_10\" class=\"ts-alignment-element\" data-is-focusable=\"true\">NFT<\/span>&#8211;<span id=\"tgtAlignment_11\" class=\"ts-alignment-element\" data-is-focusable=\"true\">Kunstwerk<\/span>.<\/p>\n<p><span id=\"tgtAlignment_12\" class=\"ts-alignment-element\" data-is-focusable=\"true\">Ein<\/span> <span id=\"tgtAlignment_13\" class=\"ts-alignment-element\" data-is-focusable=\"true\">Meisterwerk<\/span> des <span id=\"tgtAlignment_14\" class=\"ts-alignment-element\" data-is-focusable=\"true\">Kampfes<\/span> <span id=\"tgtAlignment_15\" class=\"ts-alignment-element\" data-is-focusable=\"true\">und<\/span> <span id=\"tgtAlignment_16\" class=\"ts-alignment-element\" data-is-focusable=\"true\">des<\/span> <span id=\"tgtAlignment_17\" class=\"ts-alignment-element\" data-is-focusable=\"true\">Ruhms<\/span><span id=\"tgtAlignment_18\" class=\"ts-alignment-element\" data-is-focusable=\"true\">.\u00bb<\/span> <span id=\"tgtAlignment_19\" class=\"ts-alignment-element\" data-is-focusable=\"true\">\u00ab<\/span><span id=\"tgtAlignment_20\" class=\"ts-alignment-element\" data-is-focusable=\"true\">Tauche<\/span> <span id=\"tgtAlignment_21\" class=\"ts-alignment-element\" data-is-focusable=\"true\">mit<\/span> <span id=\"tgtAlignment_22\" class=\"ts-alignment-element\" data-is-focusable=\"true\">unserem<\/span> <span id=\"tgtAlignment_23\" class=\"ts-alignment-element\" data-is-focusable=\"true\">Chariot<\/span> <span id=\"tgtAlignment_24\" class=\"ts-alignment-element\" data-is-focusable=\"true\">Rydwan<\/span> <span id=\"tgtAlignment_25\" class=\"ts-alignment-element\" data-is-focusable=\"true\">Warfare<\/span> <span id=\"tgtAlignment_26\" class=\"ts-alignment-element\" data-is-focusable=\"true\">NFT<\/span>&#8211;<span id=\"tgtAlignment_27\" class=\"ts-alignment-element\" data-is-focusable=\"true\">Artwork<\/span> in <span id=\"tgtAlignment_28\" class=\"ts-alignment-element\" data-is-focusable=\"true\">den<\/span> <span id=\"tgtAlignment_29\" class=\"ts-alignment-element\" data-is-focusable=\"true\">Nervenkitzel<\/span> <span id=\"tgtAlignment_30\" class=\"ts-alignment-element\" data-is-focusable=\"true\">des<\/span> <span id=\"tgtAlignment_31\" class=\"ts-alignment-element\" data-is-focusable=\"true\">Kampfes<\/span> <span id=\"tgtAlignment_32\" class=\"ts-alignment-element\" data-is-focusable=\"true\">ein<\/span><span id=\"tgtAlignment_33\" class=\"ts-alignment-element\" data-is-focusable=\"true\">.<\/span><\/p>\n<p><span id=\"tgtAlignment_34\" class=\"ts-alignment-element\" data-is-focusable=\"true\">Atemberaubende<\/span> <span id=\"tgtAlignment_35\" class=\"ts-alignment-element\" data-is-focusable=\"true\">Grafiken<\/span> <span id=\"tgtAlignment_36\" class=\"ts-alignment-element\" data-is-focusable=\"true\">erwecken<\/span> <span id=\"tgtAlignment_37\" class=\"ts-alignment-element\" data-is-focusable=\"true\">alte<\/span> <span id=\"tgtAlignment_38\" class=\"ts-alignment-element\" data-is-focusable=\"true\">keltische<\/span> <span id=\"tgtAlignment_39\" class=\"ts-alignment-element\" data-is-focusable=\"true\">Kriegsf\u00fchrung<\/span> <span id=\"tgtAlignment_40\" class=\"ts-alignment-element\" data-is-focusable=\"true\">zum<\/span> <span id=\"tgtAlignment_41\" class=\"ts-alignment-element\" data-is-focusable=\"true\">Leben<\/span><span id=\"tgtAlignment_42\" class=\"ts-alignment-element\" data-is-focusable=\"true\">.\u00bb<\/span><\/p>\n<p><span id=\"tgtAlignment_43\" class=\"ts-alignment-element\" data-is-focusable=\"true\">Als<\/span> <span id=\"tgtAlignment_44\" class=\"ts-alignment-element\" data-is-focusable=\"true\">NFT<\/span> <span id=\"tgtAlignment_45\" class=\"ts-alignment-element\" data-is-focusable=\"true\">enth\u00e4lt<\/span> <span id=\"tgtAlignment_46\" class=\"ts-alignment-element\" data-is-focusable=\"true\">das<\/span> <span id=\"tgtAlignment_47\" class=\"ts-alignment-element\" data-is-focusable=\"true\">Kunstwerk<\/span> <span id=\"tgtAlignment_48\" class=\"ts-alignment-element\" data-is-focusable=\"true\">Animationen<\/span><span id=\"tgtAlignment_49\" class=\"ts-alignment-element\" data-is-focusable=\"true\">,<\/span> die <span id=\"tgtAlignment_50\" class=\"ts-alignment-element\" data-is-focusable=\"true\">die<\/span> <span id=\"tgtAlignment_51\" class=\"ts-alignment-element\" data-is-focusable=\"true\">M\u00fcnze<\/span> <span id=\"tgtAlignment_52\" class=\"ts-alignment-element\" data-is-focusable=\"true\">in<\/span> <span id=\"tgtAlignment_53\" class=\"ts-alignment-element\" data-is-focusable=\"true\">einem<\/span> <span id=\"tgtAlignment_54\" class=\"ts-alignment-element\" data-is-focusable=\"true\">digitalen<\/span> <span id=\"tgtAlignment_55\" class=\"ts-alignment-element\" data-is-focusable=\"true\">Raum<\/span> <span id=\"tgtAlignment_56\" class=\"ts-alignment-element\" data-is-focusable=\"true\">als<\/span> <span id=\"tgtAlignment_57\" class=\"ts-alignment-element\" data-is-focusable=\"true\">seltenes<\/span> <span id=\"tgtAlignment_58\" class=\"ts-alignment-element\" data-is-focusable=\"true\">Sammlerst\u00fcck<\/span> <span id=\"tgtAlignment_59\" class=\"ts-alignment-element\" data-is-focusable=\"true\">zum<\/span> <span id=\"tgtAlignment_60\" class=\"ts-alignment-element\" data-is-focusable=\"true\">Leben<\/span> <span id=\"tgtAlignment_61\" class=\"ts-alignment-element\" data-is-focusable=\"true\">erwecken<\/span><span id=\"tgtAlignment_62\" class=\"ts-alignment-element\" data-is-focusable=\"true\">.<\/span><\/p>\n<p><span id=\"tgtAlignment_63\" class=\"ts-alignment-element\" data-is-focusable=\"true\">NFT<\/span> <span id=\"tgtAlignment_64\" class=\"ts-alignment-element\" data-is-focusable=\"true\">Auflage<\/span> <span id=\"tgtAlignment_65\" class=\"ts-alignment-element\" data-is-focusable=\"true\">limitiert<\/span> <span id=\"tgtAlignment_66\" class=\"ts-alignment-element\" data-is-focusable=\"true\">auf<\/span> <span id=\"tgtAlignment_67\" class=\"ts-alignment-element\" data-is-focusable=\"true\">nur<\/span> <span id=\"tgtAlignment_68\" class=\"ts-alignment-element\" data-is-focusable=\"true\">3<\/span> <span id=\"tgtAlignment_69\" class=\"ts-alignment-element\" data-is-focusable=\"true\">St\u00fcck<\/span> <span id=\"tgtAlignment_70\" class=\"ts-alignment-element\" data-is-focusable=\"true\">weltweit<\/span><\/p>\n","protected":false},"featured_media":1868,"comment_status":"open","ping_status":"closed","template":"","meta":{"inline_featured_image":false},"product_brand":[],"product_cat":[202,100],"product_tag":[],"class_list":{"0":"post-1867","1":"product","2":"type-product","3":"status-publish","4":"has-post-thumbnail","6":"product_cat-epic-tales-of-heroes-and-gods","7":"product_cat-nft","8":"product_shipping_class-digital-asset","9":"pa_anzahl-muenzen-weltweit-169","10":"pa_anzahl-nft-weltweit-3-nfts-weltweit","11":"pa_echtheitszertifikat-ja","12":"pa_gewicht-der-muenze-groesser-2-oz","13":"pa_herstellungsland-niue","14":"pa_material-muenze-silber-0-999","15":"pa_muenzdurchmesser-mm-50-mm","16":"pa_nennwert-muenze-5-dollar","17":"pa_oberflaechenbeschaffenheit-antikes-finish","18":"pa_praegejahr-der-muenze-133","20":"first","21":"instock","22":"featured","23":"virtual","24":"purchasable","25":"product-type-simple"},"jetpack_sharing_enabled":true,"_links":{"self":[{"href":"https:\/\/coin-store-nft.com\/es\/wp-json\/wp\/v2\/product\/1867"}],"collection":[{"href":"https:\/\/coin-store-nft.com\/es\/wp-json\/wp\/v2\/product"}],"about":[{"href":"https:\/\/coin-store-nft.com\/es\/wp-json\/wp\/v2\/types\/product"}],"replies":[{"embeddable":true,"href":"https:\/\/coin-store-nft.com\/es\/wp-json\/wp\/v2\/comments?post=1867"}],"wp:featuredmedia":[{"embeddable":true,"href":"https:\/\/coin-store-nft.com\/es\/wp-json\/wp\/v2\/media\/1868"}],"wp:attachment":[{"href":"https:\/\/coin-store-nft.com\/es\/wp-json\/wp\/v2\/media?parent=1867"}],"wp:term":[{"taxonomy":"product_brand","embeddable":true,"href":"https:\/\/coin-store-nft.com\/es\/wp-json\/wp\/v2\/product_brand?post=1867"},{"taxonomy":"product_cat","embeddable":true,"href":"https:\/\/coin-store-nft.com\/es\/wp-json\/wp\/v2\/product_cat?post=1867"},{"taxonomy":"product_tag","embeddable":true,"href":"https:\/\/coin-store-nft.com\/es\/wp-json\/wp\/v2\/product_tag?post=1867"}],"curies":[{"name":"wp","href":"https:\/\/api.w.org\/{rel}","templated":true}]}}