{"id":2210,"date":"2023-03-03T18:16:38","date_gmt":"2023-03-03T17:16:38","guid":{"rendered":"https:\/\/coin-store-nft.com\/?post_type=product&#038;p=2210"},"modified":"2023-07-06T08:05:41","modified_gmt":"2023-07-06T06:05:41","slug":"nft-young-girl-in-green-tamara-1-3","status":"publish","type":"product","link":"https:\/\/coin-store-nft.com\/es\/produkt\/nft-young-girl-in-green-tamara-1-3\/","title":{"rendered":"NFT-YOUNG GIRL IN GREEN TAMARA #1\/3"},"content":{"rendered":"<p><a href=\"https:\/\/solsea.io\/n\/6h2ZkRkNpokeL3EZBFF6ehagfbnuAkgWuV4UwxpbcTLr\/\" target=\"_blank\" rel=\"noopener\">https:\/\/solsea.io\/n\/6h2ZkRkNpokeL3EZBFF6ehagfbnuAkgWuV4UwxpbcTLr\/<\/a><\/p>\n<p>NFT-YOUNG GIRL IN GREEN TAMARA #1\/3<\/p>\n<div style=\"width: 800px;\" class=\"wp-video\"><!--[if lt IE 9]><script>document.createElement('video');<\/script><![endif]-->\n<video class=\"wp-video-shortcode\" id=\"video-2210-1\" width=\"800\" height=\"450\" autoplay=\"1\" preload=\"metadata\" controls=\"controls\"><source type=\"video\/mp4\" src=\"https:\/\/coin-store-nft.com\/wp-content\/uploads\/2023\/03\/YOUNG-GIRL-IN-GREEN-34mb.mp4?_=1\" \/><a href=\"https:\/\/coin-store-nft.com\/wp-content\/uploads\/2023\/03\/YOUNG-GIRL-IN-GREEN-34mb.mp4\">https:\/\/coin-store-nft.com\/wp-content\/uploads\/2023\/03\/YOUNG-GIRL-IN-GREEN-34mb.mp4<\/a><\/video><\/div>\n<div id=\"ts-body\">\n<div class=\"css-44 ts-pivot-container\">\n<div id=\"ContentContainer\">\n<div>\n<div>\n<div role=\"tabpanel\" aria-labelledby=\"Pivot0-Tab0\">\n<div class=\"ts-lookup-pivot\">\n<div id=\"Lookup\" class=\"ts-pivot-lookup-component\">\n<div class=\"ms-Grid ts-grid\">\n<div class=\"ms-Grid-row\">\n<div class=\"ts-textfield-container \" lang=\"de\">\n<div class=\"ts-alignment-view-container\">\n<div id=\"ts-alignment-view-idtgt\" class=\"ts-alignment-view  ms-font-m ts-alignment-view-tgt ts-ltr-left-zero\" tabindex=\"0\" aria-hidden=\"false\">\n<div tabindex=\"-1\" role=\"label\"><span id=\"tgtAlignment_0\" class=\"ts-alignment-element\" data-is-focusable=\"true\">Entdecken<\/span> <span id=\"tgtAlignment_1\" class=\"ts-alignment-element\" data-is-focusable=\"true\">Sie<\/span> die <span id=\"tgtAlignment_2\" class=\"ts-alignment-element\" data-is-focusable=\"true\">zeitlose<\/span> <span id=\"tgtAlignment_3\" class=\"ts-alignment-element\" data-is-focusable=\"true\">Eleganz<\/span> <span id=\"tgtAlignment_4\" class=\"ts-alignment-element\" data-is-focusable=\"true\">von<\/span> <span id=\"tgtAlignment_5\" class=\"ts-alignment-element\" data-is-focusable=\"true\">Tamara<\/span> <span id=\"tgtAlignment_6\" class=\"ts-alignment-element\" data-is-focusable=\"true\">de<\/span> <span id=\"tgtAlignment_7\" class=\"ts-alignment-element\" data-is-focusable=\"true\">Lempickas<\/span> <span id=\"tgtAlignment_8\" class=\"ts-alignment-element\" data-is-focusable=\"true\">Gem\u00e4lde<\/span> <span id=\"tgtAlignment_9\" class=\"ts-alignment-element\" data-is-focusable=\"true\">\u00ab<\/span><span id=\"tgtAlignment_10\" class=\"ts-alignment-element\" data-is-focusable=\"true\">Junges<\/span> <span id=\"tgtAlignment_11\" class=\"ts-alignment-element\" data-is-focusable=\"true\">M\u00e4dchen<\/span> in <span id=\"tgtAlignment_12\" class=\"ts-alignment-element\" data-is-focusable=\"true\">Gr\u00fcn<\/span><span id=\"tgtAlignment_13\" class=\"ts-alignment-element\" data-is-focusable=\"true\">\u00ab,<\/span> <span id=\"tgtAlignment_14\" class=\"ts-alignment-element\" data-is-focusable=\"true\">das<\/span> in <span id=\"tgtAlignment_15\" class=\"ts-alignment-element\" data-is-focusable=\"true\">einer<\/span> <span id=\"tgtAlignment_16\" class=\"ts-alignment-element\" data-is-focusable=\"true\">atemberaubenden<\/span> <span id=\"tgtAlignment_17\" class=\"ts-alignment-element\" data-is-focusable=\"true\">Silberm\u00fcnze<\/span> <span id=\"tgtAlignment_18\" class=\"ts-alignment-element\" data-is-focusable=\"true\">festgehalten<\/span> ist, die <span id=\"tgtAlignment_19\" class=\"ts-alignment-element\" data-is-focusable=\"true\">mit<\/span> <span id=\"tgtAlignment_20\" class=\"ts-alignment-element\" data-is-focusable=\"true\">mehr<\/span> <span id=\"tgtAlignment_21\" class=\"ts-alignment-element\" data-is-focusable=\"true\">als<\/span> <span id=\"tgtAlignment_22\" class=\"ts-alignment-element\" data-is-focusable=\"true\">8<\/span>.<span id=\"tgtAlignment_23\" class=\"ts-alignment-element\" data-is-focusable=\"true\">000<\/span> <span id=\"tgtAlignment_24\" class=\"ts-alignment-element\" data-is-focusable=\"true\">Kacheln<\/span> in <span id=\"tgtAlignment_25\" class=\"ts-alignment-element\" data-is-focusable=\"true\">au\u00dfergew\u00f6hnlichem<\/span> <span id=\"tgtAlignment_26\" class=\"ts-alignment-element\" data-is-focusable=\"true\">Hochrelief<\/span> <span id=\"tgtAlignment_27\" class=\"ts-alignment-element\" data-is-focusable=\"true\">gepr\u00e4gt<\/span> <span id=\"tgtAlignment_28\" class=\"ts-alignment-element\" data-is-focusable=\"true\">ist<\/span><span id=\"tgtAlignment_29\" class=\"ts-alignment-element\" data-is-focusable=\"true\">,<\/span> <span id=\"tgtAlignment_30\" class=\"ts-alignment-element\" data-is-focusable=\"true\">um<\/span> <span id=\"tgtAlignment_31\" class=\"ts-alignment-element\" data-is-focusable=\"true\">die<\/span> <span id=\"tgtAlignment_32\" class=\"ts-alignment-element\" data-is-focusable=\"true\">au\u00dfergew\u00f6hnliche<\/span> <span id=\"tgtAlignment_33\" class=\"ts-alignment-element\" data-is-focusable=\"true\">Sch\u00f6nheit<\/span> <span id=\"tgtAlignment_34\" class=\"ts-alignment-element\" data-is-focusable=\"true\">dieses<\/span> <span id=\"tgtAlignment_35\" class=\"ts-alignment-element\" data-is-focusable=\"true\">Mosaikkunstwerks<\/span> in <span id=\"tgtAlignment_36\" class=\"ts-alignment-element\" data-is-focusable=\"true\">Miniatur<\/span> zu <span id=\"tgtAlignment_37\" class=\"ts-alignment-element\" data-is-focusable=\"true\">reproduzieren<\/span> <span id=\"tgtAlignment_38\" class=\"ts-alignment-element\" data-is-focusable=\"true\">und<\/span> <span id=\"tgtAlignment_39\" class=\"ts-alignment-element\" data-is-focusable=\"true\">nachzuempfinden<\/span><span id=\"tgtAlignment_40\" class=\"ts-alignment-element\" data-is-focusable=\"true\">,<\/span> das <span id=\"tgtAlignment_41\" class=\"ts-alignment-element\" data-is-focusable=\"true\">in<\/span> <span id=\"tgtAlignment_42\" class=\"ts-alignment-element-highlighted\" data-is-focusable=\"true\">diesem<\/span> <span id=\"tgtAlignment_43\" class=\"ts-alignment-element\" data-is-focusable=\"true\">NFT<\/span> <span id=\"tgtAlignment_44\" class=\"ts-alignment-element\" data-is-focusable=\"true\">visualisiert<\/span> wird<span id=\"tgtAlignment_45\" class=\"ts-alignment-element\" data-is-focusable=\"true\">.<\/span> <span id=\"tgtAlignment_46\" class=\"ts-alignment-element\" data-is-focusable=\"true\">Dieses<\/span> <span id=\"tgtAlignment_47\" class=\"ts-alignment-element\" data-is-focusable=\"true\">beeindruckende<\/span> <span id=\"tgtAlignment_48\" class=\"ts-alignment-element\" data-is-focusable=\"true\">Art<\/span>&#8211;<span id=\"tgtAlignment_49\" class=\"ts-alignment-element\" data-is-focusable=\"true\">d\u00e9co<\/span><span id=\"tgtAlignment_50\" class=\"ts-alignment-element\" data-is-focusable=\"true\">&#8211;<\/span><span id=\"tgtAlignment_51\" class=\"ts-alignment-element\" data-is-focusable=\"true\">Meisterwerk<\/span> <span id=\"tgtAlignment_52\" class=\"ts-alignment-element\" data-is-focusable=\"true\">zeigt<\/span> <span id=\"tgtAlignment_53\" class=\"ts-alignment-element\" data-is-focusable=\"true\">eine<\/span> <span id=\"tgtAlignment_54\" class=\"ts-alignment-element\" data-is-focusable=\"true\">junge<\/span> <span id=\"tgtAlignment_55\" class=\"ts-alignment-element\" data-is-focusable=\"true\">Frau<\/span> <span id=\"tgtAlignment_56\" class=\"ts-alignment-element\" data-is-focusable=\"true\">in<\/span> <span id=\"tgtAlignment_57\" class=\"ts-alignment-element\" data-is-focusable=\"true\">einem<\/span> <span id=\"tgtAlignment_58\" class=\"ts-alignment-element\" data-is-focusable=\"true\">gr\u00fcnen<\/span> <span id=\"tgtAlignment_59\" class=\"ts-alignment-element\" data-is-focusable=\"true\">Kleid<\/span><span id=\"tgtAlignment_60\" class=\"ts-alignment-element\" data-is-focusable=\"true\">,<\/span> die <span id=\"tgtAlignment_61\" class=\"ts-alignment-element\" data-is-focusable=\"true\">Selbstvertrauen<\/span> <span id=\"tgtAlignment_62\" class=\"ts-alignment-element\" data-is-focusable=\"true\">und<\/span> <span id=\"tgtAlignment_63\" class=\"ts-alignment-element\" data-is-focusable=\"true\">Gelassenheit<\/span> <span id=\"tgtAlignment_64\" class=\"ts-alignment-element\" data-is-focusable=\"true\">ausstrahlt<\/span><span id=\"tgtAlignment_65\" class=\"ts-alignment-element\" data-is-focusable=\"true\">,<\/span> <span id=\"tgtAlignment_66\" class=\"ts-alignment-element\" data-is-focusable=\"true\">w\u00e4hrend<\/span> <span id=\"tgtAlignment_67\" class=\"ts-alignment-element\" data-is-focusable=\"true\">sie<\/span> <span id=\"tgtAlignment_68\" class=\"ts-alignment-element\" data-is-focusable=\"true\">den<\/span> <span id=\"tgtAlignment_69\" class=\"ts-alignment-element\" data-is-focusable=\"true\">Betrachter<\/span> <span id=\"tgtAlignment_70\" class=\"ts-alignment-element\" data-is-focusable=\"true\">direkt<\/span> <span id=\"tgtAlignment_71\" class=\"ts-alignment-element\" data-is-focusable=\"true\">anblickt<\/span><span id=\"tgtAlignment_72\" class=\"ts-alignment-element\" data-is-focusable=\"true\">.<\/span> <span id=\"tgtAlignment_73\" class=\"ts-alignment-element\" data-is-focusable=\"true\">Mit<\/span> <span id=\"tgtAlignment_74\" class=\"ts-alignment-element\" data-is-focusable=\"true\">seinen<\/span> <span id=\"tgtAlignment_75\" class=\"ts-alignment-element\" data-is-focusable=\"true\">k\u00fchnen<\/span> <span id=\"tgtAlignment_76\" class=\"ts-alignment-element\" data-is-focusable=\"true\">Linien<\/span><span id=\"tgtAlignment_77\" class=\"ts-alignment-element\" data-is-focusable=\"true\">,<\/span> <span id=\"tgtAlignment_78\" class=\"ts-alignment-element\" data-is-focusable=\"true\">leuchtenden<\/span> <span id=\"tgtAlignment_79\" class=\"ts-alignment-element\" data-is-focusable=\"true\">Farben<\/span> und der <span id=\"tgtAlignment_80\" class=\"ts-alignment-element\" data-is-focusable=\"true\">schlanken<\/span> <span id=\"tgtAlignment_81\" class=\"ts-alignment-element\" data-is-focusable=\"true\">Stilisierung<\/span> <span id=\"tgtAlignment_82\" class=\"ts-alignment-element\" data-is-focusable=\"true\">f\u00e4ngt<\/span> <span id=\"tgtAlignment_83\" class=\"ts-alignment-element\" data-is-focusable=\"true\">dieses<\/span> <span id=\"tgtAlignment_84\" class=\"ts-alignment-element\" data-is-focusable=\"true\">Gem\u00e4lde<\/span> <span id=\"tgtAlignment_85\" class=\"ts-alignment-element\" data-is-focusable=\"true\">den<\/span> <span id=\"tgtAlignment_86\" class=\"ts-alignment-element\" data-is-focusable=\"true\">Glamour<\/span> <span id=\"tgtAlignment_87\" class=\"ts-alignment-element\" data-is-focusable=\"true\">und<\/span> <span id=\"tgtAlignment_88\" class=\"ts-alignment-element\" data-is-focusable=\"true\">die<\/span> <span id=\"tgtAlignment_89\" class=\"ts-alignment-element\" data-is-focusable=\"true\">Raffinesse<\/span> <span id=\"tgtAlignment_90\" class=\"ts-alignment-element\" data-is-focusable=\"true\">des<\/span> <span id=\"tgtAlignment_91\" class=\"ts-alignment-element\" data-is-focusable=\"true\">Jazz<\/span><span id=\"tgtAlignment_92\" class=\"ts-alignment-element\" data-is-focusable=\"true\">&#8211;<\/span><span id=\"tgtAlignment_93\" class=\"ts-alignment-element\" data-is-focusable=\"true\">Zeitalters<\/span> ein<span id=\"tgtAlignment_94\" class=\"ts-alignment-element\" data-is-focusable=\"true\">.<\/span> <span id=\"tgtAlignment_95\" class=\"ts-alignment-element\" data-is-focusable=\"true\">Ein<\/span> <span id=\"tgtAlignment_96\" class=\"ts-alignment-element\" data-is-focusable=\"true\">Muss<\/span> <span id=\"tgtAlignment_97\" class=\"ts-alignment-element\" data-is-focusable=\"true\">f\u00fcr<\/span> <span id=\"tgtAlignment_98\" class=\"ts-alignment-element\" data-is-focusable=\"true\">Kunstliebhaber<\/span> <span id=\"tgtAlignment_99\" class=\"ts-alignment-element\" data-is-focusable=\"true\">und<\/span> <span id=\"tgtAlignment_100\" class=\"ts-alignment-element\" data-is-focusable=\"true\">alle<\/span><span id=\"tgtAlignment_101\" class=\"ts-alignment-element\" data-is-focusable=\"true\">,<\/span> die <span id=\"tgtAlignment_102\" class=\"ts-alignment-element\" data-is-focusable=\"true\">die<\/span> <span id=\"tgtAlignment_103\" class=\"ts-alignment-element\" data-is-focusable=\"true\">Sch\u00f6nheit<\/span> <span id=\"tgtAlignment_104\" class=\"ts-alignment-element\" data-is-focusable=\"true\">der<\/span> <span id=\"tgtAlignment_105\" class=\"ts-alignment-element\" data-is-focusable=\"true\">menschlichen<\/span> <span id=\"tgtAlignment_106\" class=\"ts-alignment-element\" data-is-focusable=\"true\">Form<\/span> <span id=\"tgtAlignment_107\" class=\"ts-alignment-element\" data-is-focusable=\"true\">zu<\/span> <span id=\"tgtAlignment_108\" class=\"ts-alignment-element\" data-is-focusable=\"true\">sch\u00e4tzen<\/span> <span id=\"tgtAlignment_109\" class=\"ts-alignment-element\" data-is-focusable=\"true\">wissen<\/span><span id=\"tgtAlignment_110\" class=\"ts-alignment-element\" data-is-focusable=\"true\">.<\/span> <span id=\"tgtAlignment_111\" class=\"ts-alignment-element\" data-is-focusable=\"true\">Muss<\/span> <span id=\"tgtAlignment_112\" class=\"ts-alignment-element\" data-is-focusable=\"true\">f\u00fcr<\/span> <span id=\"tgtAlignment_113\" class=\"ts-alignment-element\" data-is-focusable=\"true\">jeden<\/span> <span id=\"tgtAlignment_114\" class=\"ts-alignment-element\" data-is-focusable=\"true\">Sammler<\/span> oder <span id=\"tgtAlignment_115\" class=\"ts-alignment-element\" data-is-focusable=\"true\">Kunst<\/span><span id=\"tgtAlignment_116\" class=\"ts-alignment-element\" data-is-focusable=\"true\">,<\/span> <span id=\"tgtAlignment_117\" class=\"ts-alignment-element\" data-is-focusable=\"true\">NFTs<\/span> <span id=\"tgtAlignment_118\" class=\"ts-alignment-element\" data-is-focusable=\"true\">oder<\/span> <span id=\"tgtAlignment_119\" class=\"ts-alignment-element\" data-is-focusable=\"true\">Splitterm\u00fcnzen<\/span><span id=\"tgtAlignment_120\" class=\"ts-alignment-element\" data-is-focusable=\"true\">.<\/span><\/div>\n<\/div>\n<\/div>\n<\/div>\n<\/div>\n<\/div>\n<\/div>\n<\/div>\n<\/div>\n<\/div>\n<\/div>\n<\/div>\n<\/div>\n<\/div>\n","protected":false},"excerpt":{"rendered":"<p>https:\/\/solsea.io\/n\/6h2ZkRkNpokeL3EZBFF6ehagfbnuAkgWuV4UwxpbcTLr\/ NFT-YOUNG GIRL IN GREEN TAMARA #1\/3 Entdecken Sie die zeitlose Eleganz von Tamara de Lempickas Gem\u00e4lde \u00abJunges M\u00e4dchen in Gr\u00fcn\u00ab, das in einer atemberaubenden Silberm\u00fcnze festgehalten ist, die mit mehr als 8.000 Kacheln in au\u00dfergew\u00f6hnlichem Hochrelief gepr\u00e4gt ist, um die au\u00dfergew\u00f6hnliche Sch\u00f6nheit dieses Mosaikkunstwerks in Miniatur zu reproduzieren und nachzuempfinden, das in diesem NFT [&hellip;]<\/p>\n","protected":false},"featured_media":2211,"comment_status":"open","ping_status":"closed","template":"","meta":{"inline_featured_image":false},"product_brand":[],"product_cat":[205,100],"product_tag":[],"class_list":{"0":"post-2210","1":"product","2":"type-product","3":"status-publish","4":"has-post-thumbnail","6":"product_cat-art-coins","7":"product_cat-nft","8":"product_shipping_class-digital-asset","9":"pa_anzahl-muenzen-weltweit-170","10":"pa_anzahl-nft-weltweit-3-nfts-weltweit","11":"pa_echtheitszertifikat-ja","12":"pa_gewicht-der-muenze-3-oz-8504-g","13":"pa_herstellungsland-palau","14":"pa_material-muenze-silber-0-999","15":"pa_muenzdurchmesser-mm-65-mm","16":"pa_nennwert-muenze-20-dollars","17":"pa_oberflaechenbeschaffenheit-proof","18":"pa_praegejahr-der-muenze-135","20":"first","21":"instock","22":"featured","23":"virtual","24":"purchasable","25":"product-type-simple"},"jetpack_sharing_enabled":true,"_links":{"self":[{"href":"https:\/\/coin-store-nft.com\/es\/wp-json\/wp\/v2\/product\/2210"}],"collection":[{"href":"https:\/\/coin-store-nft.com\/es\/wp-json\/wp\/v2\/product"}],"about":[{"href":"https:\/\/coin-store-nft.com\/es\/wp-json\/wp\/v2\/types\/product"}],"replies":[{"embeddable":true,"href":"https:\/\/coin-store-nft.com\/es\/wp-json\/wp\/v2\/comments?post=2210"}],"wp:featuredmedia":[{"embeddable":true,"href":"https:\/\/coin-store-nft.com\/es\/wp-json\/wp\/v2\/media\/2211"}],"wp:attachment":[{"href":"https:\/\/coin-store-nft.com\/es\/wp-json\/wp\/v2\/media?parent=2210"}],"wp:term":[{"taxonomy":"product_brand","embeddable":true,"href":"https:\/\/coin-store-nft.com\/es\/wp-json\/wp\/v2\/product_brand?post=2210"},{"taxonomy":"product_cat","embeddable":true,"href":"https:\/\/coin-store-nft.com\/es\/wp-json\/wp\/v2\/product_cat?post=2210"},{"taxonomy":"product_tag","embeddable":true,"href":"https:\/\/coin-store-nft.com\/es\/wp-json\/wp\/v2\/product_tag?post=2210"}],"curies":[{"name":"wp","href":"https:\/\/api.w.org\/{rel}","templated":true}]}}