{"id":2645,"date":"2023-03-07T16:04:10","date_gmt":"2023-03-07T15:04:10","guid":{"rendered":"https:\/\/coin-store-nft.com\/?post_type=product&#038;p=2645"},"modified":"2023-06-19T10:56:55","modified_gmt":"2023-06-19T08:56:55","slug":"nft-alien-cyborg-1-3","status":"publish","type":"product","link":"https:\/\/coin-store-nft.com\/es\/produkt\/nft-alien-cyborg-1-3\/","title":{"rendered":"NFT-ALIEN CYBORG #1\/3"},"content":{"rendered":"<p>&nbsp;<\/p>\n<div style=\"width: 800px;\" class=\"wp-video\"><!--[if lt IE 9]><script>document.createElement('video');<\/script><![endif]-->\n<video class=\"wp-video-shortcode\" id=\"video-2645-1\" width=\"800\" height=\"450\" preload=\"metadata\" controls=\"controls\"><source type=\"video\/mp4\" src=\"https:\/\/coin-store-nft.com\/wp-content\/uploads\/2023\/03\/ALIEN-Cyborg-Revolution-3-Oz-Silver-Coin-20.mp4?_=1\" \/><a href=\"https:\/\/coin-store-nft.com\/wp-content\/uploads\/2023\/03\/ALIEN-Cyborg-Revolution-3-Oz-Silver-Coin-20.mp4\">https:\/\/coin-store-nft.com\/wp-content\/uploads\/2023\/03\/ALIEN-Cyborg-Revolution-3-Oz-Silver-Coin-20.mp4<\/a><\/video><\/div>\n<p>NFT-ALIEN CYBORG #1\/3 eine zertifizierte Silberm\u00fcnze in limitierter Auflage verwandelt sich in ein animiertes NFT#1, eine neue und weltweit einzigartige Kombination, ein Muss f\u00fcr jeden Sammler, hier kaufen.<\/p>\n<p><span class=\"TextRun SCXW44178214 BCX0\" lang=\"DE-AT\" xml:lang=\"DE-AT\" data-contrast=\"none\"><span class=\"NormalTextRun SCXW44178214 BCX0\">Diese wundersch\u00f6ne 3 Oz Silberm\u00fcnze ist dem 50. Jahrestag der Mondmission Apollo 11 am 20. <\/span><span class=\"NormalTextRun SCXW44178214 BCX0\">Juli 1969 gewidmet. <\/span><span class=\"NormalTextRun SCXW44178214 BCX0\">Die M\u00fcnze hat eine wunderbare Farbgebung, ein atemberaubendes Design und eine Antik-Finish-Qualit\u00e4t. Die Vorderseite der M\u00fcnze zeigt das beeindruckende Bild des ersten Mannes auf dem Mond mit einer wunderbaren Farbe (Malachit), die als das Glas des Raumanzugs eingebracht wurde. Auf der linken Seite der R\u00fcckseite die Inschrift: \u00abAPOLLO 11\u00b71969\u00bb. Die R\u00fcckseite der M\u00fcnze zeigt die Draufsicht auf den Fu\u00dfabdruck des Astronauten und die Inschriften: \u00abREPUBLIQUE DU CAMEROUN\u00bb \u2013 das Ausgabeland, \u00ab2019\u00bb \u2013 das Ausgabejahr und \u00ab3000 FRANCS CFA\u00bb \u2013 der Nennwert.<\/span><\/span><span class=\"EOP SCXW44178214 BCX0\" data-ccp-props=\"{&quot;201341983&quot;:0,&quot;335559739&quot;:160,&quot;335559740&quot;:259,&quot;469777462&quot;:[2295],&quot;469777927&quot;:[0],&quot;469777928&quot;:[1]}\">\u00a0<\/span><\/p>\n","protected":false},"excerpt":{"rendered":"<p>&nbsp; NFT-ALIEN CYBORG #1\/3 eine zertifizierte Silberm\u00fcnze in limitierter Auflage verwandelt sich in ein animiertes NFT#1, eine neue und weltweit einzigartige Kombination, ein Muss f\u00fcr jeden Sammler, hier kaufen. Diese wundersch\u00f6ne 3 Oz Silberm\u00fcnze ist dem 50. Jahrestag der Mondmission Apollo 11 am 20. Juli 1969 gewidmet. Die M\u00fcnze hat eine wunderbare Farbgebung, ein atemberaubendes [&hellip;]<\/p>\n","protected":false},"featured_media":2646,"comment_status":"open","ping_status":"closed","template":"","meta":{"inline_featured_image":false},"product_brand":[],"product_cat":[100,151],"product_tag":[224,225,228,222,223,229,227,226],"class_list":{"0":"post-2645","1":"product","2":"type-product","3":"status-publish","4":"has-post-thumbnail","6":"product_cat-nft","7":"product_cat-space-edition","8":"product_tag-amazing","9":"product_tag-biomechatronic-body-parts","10":"product_tag-black-proof-quality","11":"product_tag-cyborg-revolution","12":"product_tag-extraordinary","13":"product_tag-limited-mintage","14":"product_tag-smartminting-technology","15":"product_tag-ultra-high-relief","16":"product_shipping_class-digital-asset","17":"pa_anzahl-muenzen-weltweit-170","18":"pa_anzahl-nft-weltweit-3-nfts-weltweit","19":"pa_echtheitszertifikat-ja","20":"pa_gewicht-der-muenze-3-oz-8504-g","21":"pa_herstellungsland-palau","22":"pa_material-muenze-silber-0-999","23":"pa_muenzdurchmesser-mm-3-oz","24":"pa_nennwert-muenze-20-dollars","25":"pa_oberflaechenbeschaffenheit-black-proof","26":"pa_praegejahr-der-muenze-135","28":"first","29":"instock","30":"featured","31":"virtual","32":"purchasable","33":"product-type-simple"},"jetpack_sharing_enabled":true,"_links":{"self":[{"href":"https:\/\/coin-store-nft.com\/es\/wp-json\/wp\/v2\/product\/2645"}],"collection":[{"href":"https:\/\/coin-store-nft.com\/es\/wp-json\/wp\/v2\/product"}],"about":[{"href":"https:\/\/coin-store-nft.com\/es\/wp-json\/wp\/v2\/types\/product"}],"replies":[{"embeddable":true,"href":"https:\/\/coin-store-nft.com\/es\/wp-json\/wp\/v2\/comments?post=2645"}],"wp:featuredmedia":[{"embeddable":true,"href":"https:\/\/coin-store-nft.com\/es\/wp-json\/wp\/v2\/media\/2646"}],"wp:attachment":[{"href":"https:\/\/coin-store-nft.com\/es\/wp-json\/wp\/v2\/media?parent=2645"}],"wp:term":[{"taxonomy":"product_brand","embeddable":true,"href":"https:\/\/coin-store-nft.com\/es\/wp-json\/wp\/v2\/product_brand?post=2645"},{"taxonomy":"product_cat","embeddable":true,"href":"https:\/\/coin-store-nft.com\/es\/wp-json\/wp\/v2\/product_cat?post=2645"},{"taxonomy":"product_tag","embeddable":true,"href":"https:\/\/coin-store-nft.com\/es\/wp-json\/wp\/v2\/product_tag?post=2645"}],"curies":[{"name":"wp","href":"https:\/\/api.w.org\/{rel}","templated":true}]}}