{"id":2663,"date":"2023-03-07T16:39:36","date_gmt":"2023-03-07T15:39:36","guid":{"rendered":"https:\/\/coin-store-nft.com\/?post_type=product&#038;p=2663"},"modified":"2023-06-02T07:35:49","modified_gmt":"2023-06-02T05:35:49","slug":"nft-salvatore-dali-money-1-3","status":"publish","type":"product","link":"https:\/\/coin-store-nft.com\/es\/produkt\/nft-salvatore-dali-money-1-3\/","title":{"rendered":"NFT &#8211; SALVATORE Dali Money Heist #1\/3"},"content":{"rendered":"<p><a href=\"https:\/\/solsea.io\/n\/8d77kRX1Zxa2fwG8QBdivfym9q2brRAuBUmMPUzyv3Bw\/\" target=\"_blank\" rel=\"noopener\">https:\/\/solsea.io\/n\/8d77kRX1Zxa2fwG8QBdivfym9q2brRAuBUmMPUzyv3Bw\/<\/a><\/p>\n<div style=\"width: 800px;\" class=\"wp-video\"><!--[if lt IE 9]><script>document.createElement('video');<\/script><![endif]-->\n<video class=\"wp-video-shortcode\" id=\"video-2663-1\" width=\"800\" height=\"450\" preload=\"metadata\" controls=\"controls\"><source type=\"video\/mp4\" src=\"https:\/\/coin-store-nft.com\/wp-content\/uploads\/2023\/03\/SALVATORE-Dali-Money-Heist-Revolutionary-Masks-1-Oz-Silver-Coin-5-Cook-Islands-2018.mp4?_=1\" \/><a href=\"https:\/\/coin-store-nft.com\/wp-content\/uploads\/2023\/03\/SALVATORE-Dali-Money-Heist-Revolutionary-Masks-1-Oz-Silver-Coin-5-Cook-Islands-2018.mp4\">https:\/\/coin-store-nft.com\/wp-content\/uploads\/2023\/03\/SALVATORE-Dali-Money-Heist-Revolutionary-Masks-1-Oz-Silver-Coin-5-Cook-Islands-2018.mp4<\/a><\/video><\/div>\n<p>NFT &#8211; SALVATORE Dali Money Heist #1\/3 eine zertifizierte Silberm\u00fcnze, limitierte Auflage verwandelt sich in ein animiertes NFT.<\/p>\n<p>Eine frische und weltweit einzigartige Kombination, ein Muss f\u00fcr jeden Sammler, hier kaufen.<\/p>\n<p>Atemberaubende Sammlung von Paint-Artisten, die auf NFTs mit erstaunlichen Silberm\u00fcnzen verewigt wurden.<\/p>\n<p>Wir stellen die neueste Erg\u00e4nzung in der Welt der NFTs vor, eine atemberaubende Sammlung von bekannten Maler!<\/p>\n<p>Jede M\u00fcnze zeigt ein ber\u00fchmtes Kunstwerk von einigen der ber\u00fchmtesten Maler aller Zeiten.<\/p>\n<p>Darunter KLIMT, Salvador Dali, Frida Kahlo und die Mona Lisa von Leonard Da Vinci.<\/p>\n<p>Diese NFTs sind nicht nur digitale Kunst &#8211; sie sind physische Kunstwerke f\u00fcr sich.<\/p>\n<p>Jede M\u00fcnze besteht aus reinem Silber mit einem Gewicht von 1 Oz bis 3 Oz.<\/p>\n<p>Sie wurden wundersch\u00f6n gearbeitet, um das Kunstwerk in exquisiten Details zu pr\u00e4sentieren.<\/p>\n<p>Sie werden stolz darauf sein, eines dieser unglaublichen St\u00fccke zu besitzen und es in Ihrem Zuhause oder B\u00fcro auszustellen.<\/p>\n<p>Jjede M\u00fcnze wird auch mit einem einzigartigen NFT-Token geliefert, der ihre Echtheit und ihren Besitz \u00fcberpr\u00fcft.<\/p>\n<p>Diese beziehen sich auf das Kunstwerk und den K\u00fcnstler.<\/p>\n<p>Diese Sammlung ist ein Muss f\u00fcr jeden Kunstliebhaber oder Sammler und stellt auch eine fantastische Investitionsm\u00f6glichkeit dar.<\/p>\n<p>Verpassen Sie nicht Ihre Chance, ein St\u00fcck Geschichte und ein Kunstwerk zu besitzen, das im Laufe der Zeit nur an Wert gewinnt.<\/p>\n<p>Warum also warten?<\/p>\n<p>Besuchen Sie jetzt unsere Website und st\u00f6bern Sie in der Sammlung von Paint-Artist, die auf wundersch\u00f6nen Silberm\u00fcnzen verewigt sind.<\/p>\n<p>Investieren Sie noch heute in Ihre Zukunft und Ihre Leidenschaft f\u00fcr Kunst!<\/p>\n","protected":false},"excerpt":{"rendered":"<p>https:\/\/solsea.io\/n\/8d77kRX1Zxa2fwG8QBdivfym9q2brRAuBUmMPUzyv3Bw\/ NFT &#8211; SALVATORE Dali Money Heist #1\/3 eine zertifizierte Silberm\u00fcnze, limitierte Auflage verwandelt sich in ein animiertes NFT. Eine frische und weltweit einzigartige Kombination, ein Muss f\u00fcr jeden Sammler, hier kaufen. Atemberaubende Sammlung von Paint-Artisten, die auf NFTs mit erstaunlichen Silberm\u00fcnzen verewigt wurden. Wir stellen die neueste Erg\u00e4nzung in der Welt der NFTs vor, [&hellip;]<\/p>\n","protected":false},"featured_media":2664,"comment_status":"open","ping_status":"closed","template":"","meta":{"inline_featured_image":false},"product_brand":[],"product_cat":[203,100],"product_tag":[],"class_list":{"0":"post-2663","1":"product","2":"type-product","3":"status-publish","4":"has-post-thumbnail","6":"product_cat-anonymous-coins","7":"product_cat-nft","8":"product_shipping_class-digital-asset","9":"pa_anzahl-muenzen-weltweit-999-muenzen-weltweit","10":"pa_anzahl-nft-weltweit-3-nfts-weltweit","11":"pa_echtheitszertifikat-ja","12":"pa_gewicht-der-muenze-1-oz-2834-g","13":"pa_herstellungsland-cook-island","14":"pa_material-muenze-silber-0-999","15":"pa_muenzdurchmesser-mm-3861-mm","16":"pa_nennwert-muenze-5-dollar","17":"pa_oberflaechenbeschaffenheit-proof","18":"pa_praegejahr-der-muenze-132","20":"first","21":"instock","22":"featured","23":"virtual","24":"purchasable","25":"product-type-simple"},"jetpack_sharing_enabled":true,"_links":{"self":[{"href":"https:\/\/coin-store-nft.com\/es\/wp-json\/wp\/v2\/product\/2663"}],"collection":[{"href":"https:\/\/coin-store-nft.com\/es\/wp-json\/wp\/v2\/product"}],"about":[{"href":"https:\/\/coin-store-nft.com\/es\/wp-json\/wp\/v2\/types\/product"}],"replies":[{"embeddable":true,"href":"https:\/\/coin-store-nft.com\/es\/wp-json\/wp\/v2\/comments?post=2663"}],"wp:featuredmedia":[{"embeddable":true,"href":"https:\/\/coin-store-nft.com\/es\/wp-json\/wp\/v2\/media\/2664"}],"wp:attachment":[{"href":"https:\/\/coin-store-nft.com\/es\/wp-json\/wp\/v2\/media?parent=2663"}],"wp:term":[{"taxonomy":"product_brand","embeddable":true,"href":"https:\/\/coin-store-nft.com\/es\/wp-json\/wp\/v2\/product_brand?post=2663"},{"taxonomy":"product_cat","embeddable":true,"href":"https:\/\/coin-store-nft.com\/es\/wp-json\/wp\/v2\/product_cat?post=2663"},{"taxonomy":"product_tag","embeddable":true,"href":"https:\/\/coin-store-nft.com\/es\/wp-json\/wp\/v2\/product_tag?post=2663"}],"curies":[{"name":"wp","href":"https:\/\/api.w.org\/{rel}","templated":true}]}}