{"id":6542,"date":"2023-02-25T08:46:23","date_gmt":"2023-02-25T07:46:23","guid":{"rendered":"https:\/\/coin-store-nft.com\/produkt\/guy-fawkes-mask-anonymous-v-for-vendetta-silbermuenze-1-oz\/"},"modified":"2023-04-16T10:31:00","modified_gmt":"2023-04-16T08:31:00","slug":"guy-fawkes-mask-anonymous-v-for-vendetta-silbermuenze-1-oz","status":"publish","type":"product","link":"https:\/\/coin-store-nft.com\/es\/produkt\/guy-fawkes-mask-anonymous-v-for-vendetta-silbermuenze-1-oz\/","title":{"rendered":"GUY FAWKES MASK An\u00f3nimo V de Vendetta Moneda Plata 1 Oz"},"content":{"rendered":"<div style=\"width: 800px;\" class=\"wp-video\"><!--[if lt IE 9]><script>document.createElement('video');<\/script><![endif]-->\n<video class=\"wp-video-shortcode\" id=\"video-6542-1\" width=\"800\" height=\"450\" preload=\"metadata\" controls=\"controls\"><source type=\"video\/mp4\" src=\"https:\/\/coin-store-nft.com\/wp-content\/uploads\/2023\/02\/GUY-FAWKES-MASK-Anonymous-V-for-Vendetta-1-Oz-Black-Proof-Silber-Muenze-5-Cook-Islands-1.mp4?_=1\" \/><a href=\"https:\/\/coin-store-nft.com\/wp-content\/uploads\/2023\/02\/GUY-FAWKES-MASK-Anonymous-V-for-Vendetta-1-Oz-Black-Proof-Silber-Muenze-5-Cook-Islands-1.mp4\">https:\/\/coin-store-nft.com\/wp-content\/uploads\/2023\/02\/GUY-FAWKES-MASK-Anonymous-V-for-Vendetta-1-Oz-Black-Proof-Silber-Muenze-5-Cook-Islands-1.mp4<\/a><\/video><\/div>\n","protected":false},"excerpt":{"rendered":"<p>Presentamos la moneda de plata NFT an\u00f3nima de la m\u00e1scara de Guy Fawkes: \u00a1una pieza imprescindible para su colecci\u00f3n NFT!<\/p>\n<p>Uno de los s\u00edmbolos m\u00e1s reconocibles del movimiento Anonymous, la m\u00e1scara de Guy Fawkes se ha convertido en un icono cultural que representa la libertad, el anonimato y la resistencia a la tiran\u00eda. Ahora puede poseer una parte de la historia con nuestra moneda de plata NFT bellamente dise\u00f1ada con la ic\u00f3nica m\u00e1scara de Guy Fawkes. Fabricado con plata de la m\u00e1s alta calidad y elaborado meticulosamente con detalles intrincados, este NFT no solo es una impresionante obra de arte, sino tambi\u00e9n una valiosa adici\u00f3n a su cartera de inversiones. Con una acu\u00f1aci\u00f3n limitada de solo 999 monedas, este NFT es un hallazgo exclusivo y raro que har\u00e1 que su colecci\u00f3n se destaque. Pero eso no es todo: poseer la moneda de plata NFT de Guy Fawkes Mask Anonymous significa que est\u00e1 apoyando la causa de la libertad y el anonimato. El movimiento Anonymous se trata de empoderar a las personas para que se enfrenten a la opresi\u00f3n, la censura y la injusticia. Al comprar este NFT est\u00e1s contribuyendo al movimiento y defendiendo lo que crees. No te pierdas esta oportunidad de poseer un pedazo de historia y mostrar tu apoyo al movimiento Anonymous. \u00a1Ordene su moneda de plata NFT an\u00f3nima de m\u00e1scara de Guy Fawkes hoy!<\/p>\n","protected":false},"featured_media":5960,"comment_status":"closed","ping_status":"closed","template":"","meta":{"inline_featured_image":false},"product_brand":[],"product_cat":[293,325],"product_tag":[],"class_list":{"0":"post-6542","1":"product","2":"type-product","3":"status-publish","4":"has-post-thumbnail","6":"product_cat-anonymous-coins-es","7":"product_cat-moneda-de-plata","8":"pa_anzahl-muenzen-weltweit-999-muenzen-weltweit-es-2","9":"pa_anzahl-nft-weltweit-344","10":"pa_echtheitszertifikat-si","11":"pa_gewicht-der-muenze-groesser-1-oz-es","12":"pa_herstellungsland-cook-island-es","13":"pa_material-muenze-plata-0-999","14":"pa_nennwert-muenze-5-dollar-es","15":"pa_oberflaechenbeschaffenheit-prueba-negra-es","16":"pa_praegejahr-der-muenze-2016-es","18":"first","19":"instock","20":"taxable","21":"shipping-taxable","22":"purchasable","23":"product-type-simple"},"jetpack_sharing_enabled":true,"_links":{"self":[{"href":"https:\/\/coin-store-nft.com\/es\/wp-json\/wp\/v2\/product\/6542"}],"collection":[{"href":"https:\/\/coin-store-nft.com\/es\/wp-json\/wp\/v2\/product"}],"about":[{"href":"https:\/\/coin-store-nft.com\/es\/wp-json\/wp\/v2\/types\/product"}],"replies":[{"embeddable":true,"href":"https:\/\/coin-store-nft.com\/es\/wp-json\/wp\/v2\/comments?post=6542"}],"wp:featuredmedia":[{"embeddable":true,"href":"https:\/\/coin-store-nft.com\/es\/wp-json\/wp\/v2\/media\/5960"}],"wp:attachment":[{"href":"https:\/\/coin-store-nft.com\/es\/wp-json\/wp\/v2\/media?parent=6542"}],"wp:term":[{"taxonomy":"product_brand","embeddable":true,"href":"https:\/\/coin-store-nft.com\/es\/wp-json\/wp\/v2\/product_brand?post=6542"},{"taxonomy":"product_cat","embeddable":true,"href":"https:\/\/coin-store-nft.com\/es\/wp-json\/wp\/v2\/product_cat?post=6542"},{"taxonomy":"product_tag","embeddable":true,"href":"https:\/\/coin-store-nft.com\/es\/wp-json\/wp\/v2\/product_tag?post=6542"}],"curies":[{"name":"wp","href":"https:\/\/api.w.org\/{rel}","templated":true}]}}