{"id":6549,"date":"2023-02-24T11:49:47","date_gmt":"2023-02-24T10:49:47","guid":{"rendered":"https:\/\/coin-store-nft.com\/produkt\/nizaris-assassins-silbermuenze-2-oz\/"},"modified":"2023-04-28T13:07:39","modified_gmt":"2023-04-28T11:07:39","slug":"nizaris-assassins-silbermuenze-2-oz","status":"publish","type":"product","link":"https:\/\/coin-store-nft.com\/es\/produkt\/nizaris-assassins-silbermuenze-2-oz\/","title":{"rendered":"NIZARIS Asesinos Moneda Plata 2 Oz"},"content":{"rendered":"<div style=\"width: 800px;\" class=\"wp-video\"><!--[if lt IE 9]><script>document.createElement('video');<\/script><![endif]-->\n<video class=\"wp-video-shortcode\" id=\"video-6549-1\" width=\"800\" height=\"450\" autoplay=\"1\" preload=\"metadata\" controls=\"controls\"><source type=\"video\/mp4\" src=\"https:\/\/coin-store-nft.com\/wp-content\/uploads\/2023\/02\/NIZARIS-Assassins-Gold-Plating-2-Oz.mp4?_=1\" \/><a href=\"https:\/\/coin-store-nft.com\/wp-content\/uploads\/2023\/02\/NIZARIS-Assassins-Gold-Plating-2-Oz.mp4\">https:\/\/coin-store-nft.com\/wp-content\/uploads\/2023\/02\/NIZARIS-Assassins-Gold-Plating-2-Oz.mp4<\/a><\/video><\/div>\n","protected":false},"excerpt":{"rendered":"<p>\u00abPosee un trozo de historia con esta impresionante NFT de una moneda de plata Nizaris Assassins.<\/p>\n<p>Un dise\u00f1o intrincado que cobra vida en el mundo digital, un art\u00edculo de colecci\u00f3n excepcional y raro\u00bb. sus h\u00e1biles asesinatos. La obra de arte muestra el dise\u00f1o de la moneda en detalle, destacando el intrincado grabado y el simbolismo incorporados en la pieza. Como NFT, la obra de arte incluye animaciones que representan la moneda en un espacio digital como un art\u00edculo de coleccionista raro que cobra vida.<\/p>\n","protected":false},"featured_media":6248,"comment_status":"closed","ping_status":"closed","template":"","meta":{"inline_featured_image":false},"product_brand":[],"product_cat":[325,303],"product_tag":[],"class_list":{"0":"post-6549","1":"product","2":"type-product","3":"status-publish","4":"has-post-thumbnail","6":"product_cat-moneda-de-plata","7":"product_cat-cuentos-epicos-de-heroes-y-dioses","8":"pa_anzahl-muenzen-weltweit-999-muenzen-weltweit-es-2","9":"pa_anzahl-nft-weltweit-344","10":"pa_echtheitszertifikat-si","11":"pa_gewicht-der-muenze-groesser-2-oz-es","12":"pa_herstellungsland-niue-es","13":"pa_material-muenze-plata-0-999","14":"pa_muenzdurchmesser-mm-50-mm-es","15":"pa_nennwert-muenze-5-dollar-es","16":"pa_oberflaechenbeschaffenheit-acabado-antiguo-es","17":"pa_praegejahr-der-muenze-2019-es","19":"first","20":"instock","21":"featured","22":"taxable","23":"shipping-taxable","24":"purchasable","25":"product-type-simple"},"jetpack_sharing_enabled":true,"_links":{"self":[{"href":"https:\/\/coin-store-nft.com\/es\/wp-json\/wp\/v2\/product\/6549"}],"collection":[{"href":"https:\/\/coin-store-nft.com\/es\/wp-json\/wp\/v2\/product"}],"about":[{"href":"https:\/\/coin-store-nft.com\/es\/wp-json\/wp\/v2\/types\/product"}],"replies":[{"embeddable":true,"href":"https:\/\/coin-store-nft.com\/es\/wp-json\/wp\/v2\/comments?post=6549"}],"wp:featuredmedia":[{"embeddable":true,"href":"https:\/\/coin-store-nft.com\/es\/wp-json\/wp\/v2\/media\/6248"}],"wp:attachment":[{"href":"https:\/\/coin-store-nft.com\/es\/wp-json\/wp\/v2\/media?parent=6549"}],"wp:term":[{"taxonomy":"product_brand","embeddable":true,"href":"https:\/\/coin-store-nft.com\/es\/wp-json\/wp\/v2\/product_brand?post=6549"},{"taxonomy":"product_cat","embeddable":true,"href":"https:\/\/coin-store-nft.com\/es\/wp-json\/wp\/v2\/product_cat?post=6549"},{"taxonomy":"product_tag","embeddable":true,"href":"https:\/\/coin-store-nft.com\/es\/wp-json\/wp\/v2\/product_tag?post=6549"}],"curies":[{"name":"wp","href":"https:\/\/api.w.org\/{rel}","templated":true}]}}