{"id":6557,"date":"2023-02-24T10:24:30","date_gmt":"2023-02-24T09:24:30","guid":{"rendered":"https:\/\/coin-store-nft.com\/produkt\/achilles-vs-hektor-demigods-ultra-high-relief-silbermuenze-2-oz\/"},"modified":"2023-04-28T13:04:38","modified_gmt":"2023-04-28T11:04:38","slug":"achilles-vs-hektor-demigods-ultra-high-relief-silbermuenze-2-oz","status":"publish","type":"product","link":"https:\/\/coin-store-nft.com\/es\/produkt\/achilles-vs-hektor-demigods-ultra-high-relief-silbermuenze-2-oz\/","title":{"rendered":"ACHILLES VS HECTOR, DEMIGODS Moneda de Plata Ultra Alto Relieve 2 Oz"},"content":{"rendered":"<p>ACHILLES VS HECTOR<\/p>\n<p>&nbsp;<\/p>\n<div style=\"width: 480px;\" class=\"wp-video\"><!--[if lt IE 9]><script>document.createElement('video');<\/script><![endif]-->\n<video class=\"wp-video-shortcode\" id=\"video-6557-1\" width=\"480\" height=\"270\" autoplay=\"1\" preload=\"metadata\" controls=\"controls\"><source type=\"video\/mp4\" src=\"https:\/\/coin-store-nft.com\/wp-content\/uploads\/2023\/02\/ACHILLES-VS-HEKTOR-DEMIGODS-Ultra-High-Relief-Coin-SMALL.mp4?_=1\" \/><a href=\"https:\/\/coin-store-nft.com\/wp-content\/uploads\/2023\/02\/ACHILLES-VS-HEKTOR-DEMIGODS-Ultra-High-Relief-Coin-SMALL.mp4\">https:\/\/coin-store-nft.com\/wp-content\/uploads\/2023\/02\/ACHILLES-VS-HEKTOR-DEMIGODS-Ultra-High-Relief-Coin-SMALL.mp4<\/a><\/video><\/div>\n","protected":false},"excerpt":{"rendered":"<p>\u00abSum\u00e9rgete en la emoci\u00f3n del combate con nuestro ACHILLES vs HECTOR\u00bb.<\/p>\n<p>El anverso de la moneda representa la maravillosa imagen en alto relieve de Aquiles matando a H\u00e9ctor con su espada a las puertas de Troya. H\u00e9ctor sostiene un escudo con una incre\u00edble incrustaci\u00f3n de hematites. Alrededor del anverso, las inscripciones: \u00abSEMIGODIOS\u00bb &#8211; el nombre de la serie y \u00abAQUILES\u00bb &#8211; el nombre de la moneda. El reverso de la moneda presenta la efigie de Su Majestad la Reina Isabel II y las inscripciones: \u00abELIZABETH II\u00bb &#8211; el nombre de la Reina, \u00abNIUE ISLANDS\u00bb &#8211; el pa\u00eds de emisi\u00f3n, \u00ab2017\u00bb &#8211; el a\u00f1o de emisi\u00f3n y \u00abTWO D\u00d3LARES\u00bb &#8211; el valor nominal.<\/p>\n","protected":false},"featured_media":6335,"comment_status":"closed","ping_status":"closed","template":"","meta":{"inline_featured_image":false},"product_brand":[],"product_cat":[325,303],"product_tag":[],"class_list":{"0":"post-6557","1":"product","2":"type-product","3":"status-publish","4":"has-post-thumbnail","6":"product_cat-moneda-de-plata","7":"product_cat-cuentos-epicos-de-heroes-y-dioses","8":"pa_anzahl-muenzen-weltweit-650-es-2","9":"pa_anzahl-nft-weltweit-344","10":"pa_echtheitszertifikat-si","11":"pa_gewicht-der-muenze-groesser-2-oz-es","12":"pa_herstellungsland-niue-es","13":"pa_material-muenze-plata-0-999","14":"pa_muenzdurchmesser-mm-1-oz-es","15":"pa_nennwert-muenze-2-dollars-es","16":"pa_oberflaechenbeschaffenheit-acabado-antiguo-es","17":"pa_praegejahr-der-muenze-2017-es","19":"first","20":"instock","21":"taxable","22":"shipping-taxable","23":"purchasable","24":"product-type-simple"},"jetpack_sharing_enabled":true,"_links":{"self":[{"href":"https:\/\/coin-store-nft.com\/es\/wp-json\/wp\/v2\/product\/6557"}],"collection":[{"href":"https:\/\/coin-store-nft.com\/es\/wp-json\/wp\/v2\/product"}],"about":[{"href":"https:\/\/coin-store-nft.com\/es\/wp-json\/wp\/v2\/types\/product"}],"replies":[{"embeddable":true,"href":"https:\/\/coin-store-nft.com\/es\/wp-json\/wp\/v2\/comments?post=6557"}],"wp:featuredmedia":[{"embeddable":true,"href":"https:\/\/coin-store-nft.com\/es\/wp-json\/wp\/v2\/media\/6335"}],"wp:attachment":[{"href":"https:\/\/coin-store-nft.com\/es\/wp-json\/wp\/v2\/media?parent=6557"}],"wp:term":[{"taxonomy":"product_brand","embeddable":true,"href":"https:\/\/coin-store-nft.com\/es\/wp-json\/wp\/v2\/product_brand?post=6557"},{"taxonomy":"product_cat","embeddable":true,"href":"https:\/\/coin-store-nft.com\/es\/wp-json\/wp\/v2\/product_cat?post=6557"},{"taxonomy":"product_tag","embeddable":true,"href":"https:\/\/coin-store-nft.com\/es\/wp-json\/wp\/v2\/product_tag?post=6557"}],"curies":[{"name":"wp","href":"https:\/\/api.w.org\/{rel}","templated":true}]}}