{"id":6575,"date":"2023-02-21T17:29:27","date_gmt":"2023-02-21T16:29:27","guid":{"rendered":"https:\/\/coin-store-nft.com\/produkt\/kapala-skull-world-cultures-silbermuenze-2-oz\/"},"modified":"2023-04-16T10:31:02","modified_gmt":"2023-04-16T08:31:02","slug":"kapala-skull-world-cultures-silbermuenze-2-oz","status":"publish","type":"product","link":"https:\/\/coin-store-nft.com\/es\/produkt\/kapala-skull-world-cultures-silbermuenze-2-oz\/","title":{"rendered":"KAPALA SKULL Culturas del Mundo Moneda Plata 2 Oz"},"content":{"rendered":"<div style=\"width: 800px;\" class=\"wp-video\"><!--[if lt IE 9]><script>document.createElement('video');<\/script><![endif]-->\n<video class=\"wp-video-shortcode\" id=\"video-6575-1\" width=\"800\" height=\"451\" preload=\"metadata\" controls=\"controls\"><source type=\"video\/mp4\" src=\"https:\/\/coin-store-nft.com\/wp-content\/uploads\/2023\/02\/KAPALA-SMALL.mp4?_=1\" \/><a href=\"https:\/\/coin-store-nft.com\/wp-content\/uploads\/2023\/02\/KAPALA-SMALL.mp4\">https:\/\/coin-store-nft.com\/wp-content\/uploads\/2023\/02\/KAPALA-SMALL.mp4<\/a><\/video><\/div>\n","protected":false},"excerpt":{"rendered":"<p>De la serie SKULLS-EDITION presentamos KAPALA &#8211; una moneda \u00fanica de 2 OZ, estrictamente limitada, certificada seg\u00fan COA (ver base de datos de conocimiento) y ya agotada en muchos lugares.<\/p>\n<p>El anverso de la moneda presenta una hermosa imagen detallada y en alto relieve de un kapala, una copa antigua hecha de un cr\u00e1neo humano. El reverso de la moneda presenta s\u00edmbolos de la cultura hind\u00fa y el escudo de armas de Camer\u00fan. Alrededor de la moneda en el reverso est\u00e1n las inscripciones: \u00abWORLD CULTURES\u00bb &#8211; el nombre de la serie, \u00ab2000 FRANCS CFA\u00bb &#8211; el valor nominal, \u00abREPUBLIQUE DU CAMEROUN\u00bb &#8211; el pa\u00eds de emisi\u00f3n y \u00ab2018\u00bb &#8211; el a\u00f1o de emisi\u00f3n .<\/p>\n","protected":false},"featured_media":6268,"comment_status":"closed","ping_status":"closed","template":"","meta":{"inline_featured_image":false},"product_brand":[],"product_cat":[325,314],"product_tag":[],"class_list":{"0":"post-6575","1":"product","2":"type-product","3":"status-publish","4":"has-post-thumbnail","6":"product_cat-moneda-de-plata","7":"product_cat-monedas-de-calavera","8":"pa_anzahl-muenzen-weltweit-500-es","9":"pa_echtheitszertifikat-si","10":"pa_herstellungsland-cameroon-es","11":"pa_material-muenze-plata-0-999","12":"pa_muenzdurchmesser-mm-45-mm","13":"pa_oberflaechenbeschaffenheit-acabado-antiguo-es","14":"pa_praegejahr-der-muenze-2018-es","16":"first","17":"instock","18":"featured","19":"taxable","20":"shipping-taxable","21":"purchasable","22":"product-type-simple"},"jetpack_sharing_enabled":true,"_links":{"self":[{"href":"https:\/\/coin-store-nft.com\/es\/wp-json\/wp\/v2\/product\/6575"}],"collection":[{"href":"https:\/\/coin-store-nft.com\/es\/wp-json\/wp\/v2\/product"}],"about":[{"href":"https:\/\/coin-store-nft.com\/es\/wp-json\/wp\/v2\/types\/product"}],"replies":[{"embeddable":true,"href":"https:\/\/coin-store-nft.com\/es\/wp-json\/wp\/v2\/comments?post=6575"}],"wp:featuredmedia":[{"embeddable":true,"href":"https:\/\/coin-store-nft.com\/es\/wp-json\/wp\/v2\/media\/6268"}],"wp:attachment":[{"href":"https:\/\/coin-store-nft.com\/es\/wp-json\/wp\/v2\/media?parent=6575"}],"wp:term":[{"taxonomy":"product_brand","embeddable":true,"href":"https:\/\/coin-store-nft.com\/es\/wp-json\/wp\/v2\/product_brand?post=6575"},{"taxonomy":"product_cat","embeddable":true,"href":"https:\/\/coin-store-nft.com\/es\/wp-json\/wp\/v2\/product_cat?post=6575"},{"taxonomy":"product_tag","embeddable":true,"href":"https:\/\/coin-store-nft.com\/es\/wp-json\/wp\/v2\/product_tag?post=6575"}],"curies":[{"name":"wp","href":"https:\/\/api.w.org\/{rel}","templated":true}]}}