{"id":6578,"date":"2023-02-18T16:25:25","date_gmt":"2023-02-18T15:25:25","guid":{"rendered":"https:\/\/coin-store-nft.com\/produkt\/apollo-11-moon-landing-silbermuenze-3-oz\/"},"modified":"2023-04-28T13:04:41","modified_gmt":"2023-04-28T11:04:41","slug":"apollo-11-moon-landing-silbermuenze-3-oz","status":"publish","type":"product","link":"https:\/\/coin-store-nft.com\/es\/produkt\/apollo-11-moon-landing-silbermuenze-3-oz\/","title":{"rendered":"Apolo 11 &#8211; Aterrizaje en la Luna Moneda de Plata 3 Oz"},"content":{"rendered":"<div style=\"width: 480px;\" class=\"wp-video\"><!--[if lt IE 9]><script>document.createElement('video');<\/script><![endif]-->\n<video class=\"wp-video-shortcode\" id=\"video-6578-1\" width=\"480\" height=\"270\" autoplay=\"1\" preload=\"metadata\" controls=\"controls\"><source type=\"video\/mp4\" src=\"https:\/\/coin-store-nft.com\/wp-content\/uploads\/2023\/02\/Unbenanntes-Video-5.mp4?_=1\" \/><a href=\"https:\/\/coin-store-nft.com\/wp-content\/uploads\/2023\/02\/Unbenanntes-Video-5.mp4\">https:\/\/coin-store-nft.com\/wp-content\/uploads\/2023\/02\/Unbenanntes-Video-5.mp4<\/a><\/video><\/div>\n<p style=\"text-align: left;\">Esta maravillosa moneda de plata de 3 onzas est\u00e1 dedicada al 50 aniversario de la misi\u00f3n lunar Apolo 11 el 20 de julio de 1969.<\/p>\n<p style=\"text-align: left;\">La moneda tiene una calidad de acabado antiguo y viene en un estuche tem\u00e1tico, junto con el Certificado de Autenticidad.<\/p>\n<p style=\"text-align: left;\">Anverso: Primer hombre impresionantemente escenificado en la luna y la inscripci\u00f3n APOLLO 11-1969 \u2013 reverso muestra la primera huella del astronauta y la inscripci\u00f3n: Republique du Cameroun (pa\u00eds emisor) 2019 el a\u00f1o de emisi\u00f3n y 3000 francos CFA como valor nominal.<\/p>\n<p>Posee un pedazo de historia espacial y ll\u00e9vate esta extraordinaria moneda a casa hoy y agregamos <strong><span style=\"color: #00ff00;\">el NFT # 1 correspondiente como regalo GRATIS a su carrito<\/span> <\/strong>\u00a0(\u00a1promoci\u00f3n por tiempo limitado!)<\/p>\n","protected":false},"excerpt":{"rendered":"<p>Esta maravillosa moneda de plata de 3 onzas est\u00e1 dedicada al 50 aniversario de la misi\u00f3n lunar Apolo 11 el 20 de julio de 1969.<\/p>\n<p>La moneda tiene una calidad de acabado antiguo y viene en un estuche tem\u00e1tico, junto con el Certificado de Autenticidad.<\/p>\n<p>Anverso: Primer hombre impresionantemente escenificado en la luna y la inscripci\u00f3n APOLLO 11-1969 \u2013 reverso muestra la primera huella del astronauta y la inscripci\u00f3n: Republique du Cameroun (pa\u00eds emisor) 2019 el a\u00f1o de emisi\u00f3n y 3000 francos CFA como valor nominal.<\/p>\n<p>Posee un pedazo de historia espacial y obt\u00e9n esta extraordinaria moneda, incluida NFT (gratis NFT, solo por poco tiempo) en casa hoy.<\/p>\n","protected":false},"featured_media":6348,"comment_status":"closed","ping_status":"closed","template":"","meta":{"inline_featured_image":false},"product_brand":[],"product_cat":[325,317],"product_tag":[],"class_list":{"0":"post-6578","1":"product","2":"type-product","3":"status-publish","4":"has-post-thumbnail","6":"product_cat-moneda-de-plata","7":"product_cat-monedas-de-edicion-espacial","8":"pa_anzahl-muenzen-weltweit-500-es","9":"pa_anzahl-nft-weltweit-344","10":"pa_echtheitszertifikat-si","11":"pa_gewicht-der-muenze-3-oz-8504-g-es","12":"pa_herstellungsland-cameroon-es","13":"pa_material-muenze-plata-fina","14":"pa_muenzdurchmesser-mm-3-oz-es","15":"pa_nennwert-muenze-3000-francs-es","16":"pa_oberflaechenbeschaffenheit-acabado-antiguo-es","17":"pa_praegejahr-der-muenze-2019-es","19":"first","20":"instock","21":"taxable","22":"shipping-taxable","23":"purchasable","24":"product-type-simple"},"jetpack_sharing_enabled":true,"_links":{"self":[{"href":"https:\/\/coin-store-nft.com\/es\/wp-json\/wp\/v2\/product\/6578"}],"collection":[{"href":"https:\/\/coin-store-nft.com\/es\/wp-json\/wp\/v2\/product"}],"about":[{"href":"https:\/\/coin-store-nft.com\/es\/wp-json\/wp\/v2\/types\/product"}],"replies":[{"embeddable":true,"href":"https:\/\/coin-store-nft.com\/es\/wp-json\/wp\/v2\/comments?post=6578"}],"wp:featuredmedia":[{"embeddable":true,"href":"https:\/\/coin-store-nft.com\/es\/wp-json\/wp\/v2\/media\/6348"}],"wp:attachment":[{"href":"https:\/\/coin-store-nft.com\/es\/wp-json\/wp\/v2\/media?parent=6578"}],"wp:term":[{"taxonomy":"product_brand","embeddable":true,"href":"https:\/\/coin-store-nft.com\/es\/wp-json\/wp\/v2\/product_brand?post=6578"},{"taxonomy":"product_cat","embeddable":true,"href":"https:\/\/coin-store-nft.com\/es\/wp-json\/wp\/v2\/product_cat?post=6578"},{"taxonomy":"product_tag","embeddable":true,"href":"https:\/\/coin-store-nft.com\/es\/wp-json\/wp\/v2\/product_tag?post=6578"}],"curies":[{"name":"wp","href":"https:\/\/api.w.org\/{rel}","templated":true}]}}