{"id":6583,"date":"2023-02-18T17:15:23","date_gmt":"2023-02-18T16:15:23","guid":{"rendered":"https:\/\/coin-store-nft.com\/produkt\/steampunk-mask-silbermuenze-3oz\/"},"modified":"2023-06-01T00:05:26","modified_gmt":"2023-05-31T22:05:26","slug":"steampunk-mask-silbermuenze-3oz","status":"publish","type":"product","link":"https:\/\/coin-store-nft.com\/es\/produkt\/steampunk-mask-silbermuenze-3oz\/","title":{"rendered":"MASCARA STEAMPUNK Moneda Plata 3Oz"},"content":{"rendered":"<div style=\"width: 800px;\" class=\"wp-video\"><!--[if lt IE 9]><script>document.createElement('video');<\/script><![endif]-->\n<video class=\"wp-video-shortcode\" id=\"video-6583-1\" width=\"800\" height=\"451\" preload=\"metadata\" controls=\"controls\"><source type=\"video\/mp4\" src=\"https:\/\/coin-store-nft.com\/wp-content\/uploads\/2023\/02\/Steampunk-Mask-small.mp4?_=1\" \/><a href=\"https:\/\/coin-store-nft.com\/wp-content\/uploads\/2023\/02\/Steampunk-Mask-small.mp4\">https:\/\/coin-store-nft.com\/wp-content\/uploads\/2023\/02\/Steampunk-Mask-small.mp4<\/a><\/video><\/div>\n","protected":false},"excerpt":{"rendered":"<p>\u00abAdquiera un pedazo de historia con este impresionante NFT de STEAMPUNK NFT, una obra de arte digital, un dise\u00f1o intrincado que cobra vida en el mundo digital\u00bb.<\/p>\n<p>Esta moneda en particular es una combinaci\u00f3n perfecta de ultra alto relieve del mundo de hoy y de ayer y los detalles mec\u00e1nicos casi parecen estar en movimiento. En el lado izquierdo del reverso vemos a un hombre con una m\u00e1scara dorada en primer plano. El fondo est\u00e1 formado por engranajes y detalles mec\u00e1nicos, algunos de los cuales est\u00e1n resaltados con un ba\u00f1o de oro selectivo. Esta es una moneda que rinde homenaje a la perfecci\u00f3n a los llamativos elementos de contraste que son caracter\u00edsticos de Steampunk. El anverso de la moneda presenta la efigie de Su Majestad la Reina Isabel II rodeada de hermosos detalles mec\u00e1nicos y las inscripciones: \u00abELIZABETH II\u00bb &#8211; el nombre de la Reina, \u00abCOOK ISLANDS\u00bb &#8211; el pa\u00eds de emisi\u00f3n, \u00ab20 DOLLARS\u00bb &#8211; el valor nominal y \u00bb STEAMPUNK\u00bb &#8211; el nombre de la moneda.<\/p>\n","protected":false},"featured_media":3512,"comment_status":"closed","ping_status":"closed","template":"","meta":{"inline_featured_image":false},"product_brand":[],"product_cat":[325,321],"product_tag":[],"class_list":{"0":"post-6583","1":"product","2":"type-product","3":"status-publish","4":"has-post-thumbnail","6":"product_cat-moneda-de-plata","7":"product_cat-steampunk-es","8":"pa_anzahl-muenzen-weltweit-555-es","9":"pa_anzahl-nft-weltweit-344","10":"pa_echtheitszertifikat-si","11":"pa_herstellungsland-cook-island-es","12":"pa_material-muenze-plata-0-999","13":"pa_oberflaechenbeschaffenheit-acabado-antiguo-es","14":"pa_praegejahr-der-muenze-2020-es","16":"first","17":"instock","18":"featured","19":"taxable","20":"shipping-taxable","21":"purchasable","22":"product-type-simple"},"jetpack_sharing_enabled":true,"_links":{"self":[{"href":"https:\/\/coin-store-nft.com\/es\/wp-json\/wp\/v2\/product\/6583"}],"collection":[{"href":"https:\/\/coin-store-nft.com\/es\/wp-json\/wp\/v2\/product"}],"about":[{"href":"https:\/\/coin-store-nft.com\/es\/wp-json\/wp\/v2\/types\/product"}],"replies":[{"embeddable":true,"href":"https:\/\/coin-store-nft.com\/es\/wp-json\/wp\/v2\/comments?post=6583"}],"wp:featuredmedia":[{"embeddable":true,"href":"https:\/\/coin-store-nft.com\/es\/wp-json\/wp\/v2\/media\/3512"}],"wp:attachment":[{"href":"https:\/\/coin-store-nft.com\/es\/wp-json\/wp\/v2\/media?parent=6583"}],"wp:term":[{"taxonomy":"product_brand","embeddable":true,"href":"https:\/\/coin-store-nft.com\/es\/wp-json\/wp\/v2\/product_brand?post=6583"},{"taxonomy":"product_cat","embeddable":true,"href":"https:\/\/coin-store-nft.com\/es\/wp-json\/wp\/v2\/product_cat?post=6583"},{"taxonomy":"product_tag","embeddable":true,"href":"https:\/\/coin-store-nft.com\/es\/wp-json\/wp\/v2\/product_tag?post=6583"}],"curies":[{"name":"wp","href":"https:\/\/api.w.org\/{rel}","templated":true}]}}