{"id":6605,"date":"2023-02-23T16:46:35","date_gmt":"2023-02-23T15:46:35","guid":{"rendered":"https:\/\/coin-store-nft.com\/produkt\/bitcoin-black-platinum-silbermuenze-1-oz\/"},"modified":"2023-04-28T13:07:16","modified_gmt":"2023-04-28T11:07:16","slug":"bitcoin-black-platinum-silbermuenze-1-oz","status":"publish","type":"product","link":"https:\/\/coin-store-nft.com\/es\/produkt\/bitcoin-black-platinum-silbermuenze-1-oz\/","title":{"rendered":"BITCOIN BLACK Moneda de Plata Rutenio 1 Oz"},"content":{"rendered":"<div style=\"width: 800px;\" class=\"wp-video\"><!--[if lt IE 9]><script>document.createElement('video');<\/script><![endif]-->\n<video class=\"wp-video-shortcode\" id=\"video-6605-1\" width=\"800\" height=\"450\" preload=\"metadata\" controls=\"controls\"><source type=\"video\/mp4\" src=\"https:\/\/coin-store-nft.com\/wp-content\/uploads\/2023\/02\/BITCOIN_BlackPlatinum.mp4?_=1\" \/><a href=\"https:\/\/coin-store-nft.com\/wp-content\/uploads\/2023\/02\/BITCOIN_BlackPlatinum.mp4\">https:\/\/coin-store-nft.com\/wp-content\/uploads\/2023\/02\/BITCOIN_BlackPlatinum.mp4<\/a><\/video><\/div>\n","protected":false},"excerpt":{"rendered":"<p>Aproveche la oportunidad de poseer una parte de la historia criptogr\u00e1fica con esta serie NFT altamente limitada y un BITCOIN de plata real. BITCOIN es una moneda digital descentralizada que permite transacciones entre pares sin la necesidad de un intermediario como un banco o el gobierno. Fue creado en 2009 por un individuo o grupo an\u00f3nimo con el seud\u00f3nimo de Satoshi Nakamoto y desde entonces se ha convertido en una de las criptomonedas m\u00e1s conocidas y utilizadas. A diferencia de las monedas tradicionales, BITCOIN tiene un suministro finito, con solo 21 millones de bitcoins que se crear\u00e1n alguna vez, lo que lo convierte en un activo deflacionario y potencialmente valioso para los tenedores a largo plazo. La tecnolog\u00eda detr\u00e1s de BITCOIN, conocida como blockchain, es un libro mayor descentralizado que registra todas las transacciones y las hace visibles p\u00fablicamente mientras mantiene la privacidad a trav\u00e9s de m\u00e9todos criptogr\u00e1ficos. BITCOIN ha experimentado una extrema volatilidad de precios, con su valor subiendo y bajando r\u00e1pidamente en cortos per\u00edodos de tiempo. Tambi\u00e9n se ha enfrentado a desaf\u00edos regulatorios y cr\u00edticas por su asociaci\u00f3n con actividades ilegales, pero ha seguido ganando aceptaci\u00f3n general como una forma alternativa de moneda y dep\u00f3sito de valor.<\/p>\n<p>&nbsp;<\/p>\n<p>&nbsp;<\/p>\n","protected":false},"featured_media":5996,"comment_status":"closed","ping_status":"closed","template":"","meta":{"inline_featured_image":false},"product_brand":[],"product_cat":[325,300],"product_tag":[],"class_list":{"0":"post-6605","1":"product","2":"type-product","3":"status-publish","4":"has-post-thumbnail","6":"product_cat-moneda-de-plata","7":"product_cat-crypto-coins-es","8":"pa_anzahl-muenzen-weltweit-100-es","9":"pa_anzahl-nft-weltweit-344","10":"pa_echtheitszertifikat-si","11":"pa_gewicht-der-muenze-groesser-1-oz-es","12":"pa_herstellungsland-niue-es","13":"pa_material-muenze-plata-0-999","14":"pa_muenzdurchmesser-mm-1-oz-es","15":"pa_nennwert-muenze-2-dollars-es","16":"pa_oberflaechenbeschaffenheit-brillante-sin-circular-es","17":"pa_praegejahr-der-muenze-2021-es","19":"first","20":"instock","21":"taxable","22":"shipping-taxable","23":"purchasable","24":"product-type-simple"},"jetpack_sharing_enabled":true,"_links":{"self":[{"href":"https:\/\/coin-store-nft.com\/es\/wp-json\/wp\/v2\/product\/6605"}],"collection":[{"href":"https:\/\/coin-store-nft.com\/es\/wp-json\/wp\/v2\/product"}],"about":[{"href":"https:\/\/coin-store-nft.com\/es\/wp-json\/wp\/v2\/types\/product"}],"replies":[{"embeddable":true,"href":"https:\/\/coin-store-nft.com\/es\/wp-json\/wp\/v2\/comments?post=6605"}],"wp:featuredmedia":[{"embeddable":true,"href":"https:\/\/coin-store-nft.com\/es\/wp-json\/wp\/v2\/media\/5996"}],"wp:attachment":[{"href":"https:\/\/coin-store-nft.com\/es\/wp-json\/wp\/v2\/media?parent=6605"}],"wp:term":[{"taxonomy":"product_brand","embeddable":true,"href":"https:\/\/coin-store-nft.com\/es\/wp-json\/wp\/v2\/product_brand?post=6605"},{"taxonomy":"product_cat","embeddable":true,"href":"https:\/\/coin-store-nft.com\/es\/wp-json\/wp\/v2\/product_cat?post=6605"},{"taxonomy":"product_tag","embeddable":true,"href":"https:\/\/coin-store-nft.com\/es\/wp-json\/wp\/v2\/product_tag?post=6605"}],"curies":[{"name":"wp","href":"https:\/\/api.w.org\/{rel}","templated":true}]}}