{"id":7214,"date":"2023-04-27T08:05:29","date_gmt":"2023-04-27T06:05:29","guid":{"rendered":"https:\/\/coin-store-nft.com\/produkt\/kama-sutra-i-moments-of-love-3000-francs-cameroon-2019-3oz-silbermuenze\/"},"modified":"2024-10-16T15:22:54","modified_gmt":"2024-10-16T13:22:54","slug":"kama-sutra-i-moments-of-love-3000-francs-cameroon-2019-3oz-silbermuenze","status":"publish","type":"product","link":"https:\/\/coin-store-nft.com\/es\/produkt\/kama-sutra-i-moments-of-love-3000-francs-cameroon-2019-3oz-silbermuenze\/","title":{"rendered":"KAMA SUTRA I Momentos de amor  3000 Francs Cameroon 2019 &#8211; 3Oz Moneda de plata"},"content":{"rendered":"<div style=\"width: 640px;\" class=\"wp-video\"><!--[if lt IE 9]><script>document.createElement('video');<\/script><![endif]-->\n<video class=\"wp-video-shortcode\" id=\"video-7214-1\" width=\"640\" height=\"360\" autoplay=\"1\" preload=\"metadata\" controls=\"controls\"><source type=\"video\/webm\" src=\"https:\/\/coin-store-nft.com\/wp-content\/uploads\/2023\/04\/Kama-Sutra-I-Small.webm?_=1\" \/><a href=\"https:\/\/coin-store-nft.com\/wp-content\/uploads\/2023\/04\/Kama-Sutra-I-Small.webm\">https:\/\/coin-store-nft.com\/wp-content\/uploads\/2023\/04\/Kama-Sutra-I-Small.webm<\/a><\/video><\/div>\n<p>&nbsp;<\/p>\n<p>KAMA SUTRA I Momentos de amor 3000 Francs Cameroon 2019 &#8211; 3Oz Moneda de plata<\/p>\n<p>GRATIS NFT#1 con la compra de la moneda.<\/p>\n<p>El anverso de esta incre\u00edble moneda de plata rara de 3 OZ coleccionable representa a dos amantes en un intenso momento de erotismo y deseo. En el fondo de la gente un hermoso patr\u00f3n floral de colores. En el lado izquierdo del anverso est\u00e1 la inscripci\u00f3n \u00abKAMA SUTRA\u00bb, el nombre de la moneda y \u00abMomentos de amor\u00bb, el nombre de la serie. El reverso de la moneda representa los rostros de los dos amantes, el hombre y una mujer, con un patr\u00f3n floral y las inscripciones: \u00abREPUBLIQUE DU CAMEROUN\u00bb \u2013 el pa\u00eds emisor, \u00ab2019\u00bb \u2013 el a\u00f1o de emisi\u00f3n y \u00ab3000 FRANCS CFA\u00bb \u2013 el valor facial. Este extraordinario art\u00edculo de colecci\u00f3n viene con el NFT # 1 y un manual. Edici\u00f3n limitada &#8211; solo 3 NFT en todo el mundo.<\/p>\n","protected":false},"excerpt":{"rendered":"<p>&nbsp; KAMA SUTRA I Momentos de amor 3000 Francs Cameroon 2019 &#8211; 3Oz Moneda de plata GRATIS NFT#1 con la compra de la moneda. El anverso de esta incre\u00edble moneda de plata rara de 3 OZ coleccionable representa a dos amantes en un intenso momento de erotismo y deseo. En el fondo de la gente [&hellip;]<\/p>\n","protected":false},"featured_media":7090,"comment_status":"closed","ping_status":"closed","template":"","meta":{"inline_featured_image":false},"product_brand":[],"product_cat":[830,325],"product_tag":[],"class_list":{"0":"post-7214","1":"product","2":"type-product","3":"status-publish","4":"has-post-thumbnail","6":"product_cat-kama-sutra-es","7":"product_cat-moneda-de-plata","8":"pa_anzahl-muenzen-weltweit-500-es","9":"pa_anzahl-nft-weltweit-344","10":"pa_echtheitszertifikat-si","11":"pa_gewicht-der-muenze-3-oz-8504-g-es","12":"pa_herstellungsland-cameroon-es","13":"pa_material-muenze-plata-0-999","14":"pa_muenzdurchmesser-mm-3-oz-es","15":"pa_nennwert-muenze-3000-francs-es","16":"pa_oberflaechenbeschaffenheit-acabado-antiguo-es","17":"pa_praegejahr-der-muenze-2019-es","19":"first","20":"instock","21":"sold-individually","22":"purchasable","23":"product-type-simple"},"jetpack_sharing_enabled":true,"_links":{"self":[{"href":"https:\/\/coin-store-nft.com\/es\/wp-json\/wp\/v2\/product\/7214"}],"collection":[{"href":"https:\/\/coin-store-nft.com\/es\/wp-json\/wp\/v2\/product"}],"about":[{"href":"https:\/\/coin-store-nft.com\/es\/wp-json\/wp\/v2\/types\/product"}],"replies":[{"embeddable":true,"href":"https:\/\/coin-store-nft.com\/es\/wp-json\/wp\/v2\/comments?post=7214"}],"wp:featuredmedia":[{"embeddable":true,"href":"https:\/\/coin-store-nft.com\/es\/wp-json\/wp\/v2\/media\/7090"}],"wp:attachment":[{"href":"https:\/\/coin-store-nft.com\/es\/wp-json\/wp\/v2\/media?parent=7214"}],"wp:term":[{"taxonomy":"product_brand","embeddable":true,"href":"https:\/\/coin-store-nft.com\/es\/wp-json\/wp\/v2\/product_brand?post=7214"},{"taxonomy":"product_cat","embeddable":true,"href":"https:\/\/coin-store-nft.com\/es\/wp-json\/wp\/v2\/product_cat?post=7214"},{"taxonomy":"product_tag","embeddable":true,"href":"https:\/\/coin-store-nft.com\/es\/wp-json\/wp\/v2\/product_tag?post=7214"}],"curies":[{"name":"wp","href":"https:\/\/api.w.org\/{rel}","templated":true}]}}