{"id":7311,"date":"2023-04-27T09:54:42","date_gmt":"2023-04-27T07:54:42","guid":{"rendered":"https:\/\/coin-store-nft.com\/produkt\/kama-sutra-iii-momentos-de-amor-nft1-3\/"},"modified":"2023-06-01T00:05:28","modified_gmt":"2023-05-31T22:05:28","slug":"kama-sutra-iii-moments-of-love-nft1-3","status":"publish","type":"product","link":"https:\/\/coin-store-nft.com\/es\/produkt\/kama-sutra-iii-moments-of-love-nft1-3\/","title":{"rendered":"KAMA SUTRA III momentos de amor NFT#1\/3"},"content":{"rendered":"<p>&nbsp;<\/p>\n<div style=\"width: 640px;\" class=\"wp-video\"><!--[if lt IE 9]><script>document.createElement('video');<\/script><![endif]-->\n<video class=\"wp-video-shortcode\" id=\"video-7311-1\" width=\"640\" height=\"360\" autoplay=\"1\" preload=\"metadata\" controls=\"controls\"><source type=\"video\/webm\" src=\"https:\/\/coin-store-nft.com\/wp-content\/uploads\/2023\/04\/Kama-Sutra-III-Small.webm?_=1\" \/><a href=\"https:\/\/coin-store-nft.com\/wp-content\/uploads\/2023\/04\/Kama-Sutra-III-Small.webm\">https:\/\/coin-store-nft.com\/wp-content\/uploads\/2023\/04\/Kama-Sutra-III-Small.webm<\/a><\/video><\/div>\n<p>KAMA SUTRA III momentos de amor NFT#1\/3<\/p>\n<p>El anverso de la asombrosa moneda de plata de colecci\u00f3n representa a dos amantes en un intenso momento de erotismo y deseo. En el fondo de la gente un hermoso patr\u00f3n floral colorido En la parte inferior del anverso est\u00e1 la inscripci\u00f3n \u00abKAMA SUTRA\u00bb, el nombre de la moneda y \u00abMomentos de amor\u00bb, el nombre de la serie. El reverso de la moneda muestra los rostros de los dos amantes, el hombre y la mujer, sobre un dise\u00f1o floral y las inscripciones: \u00abREPUBLIQUE DU CAMEROUN\u00bb &#8211; el pa\u00eds de emisi\u00f3n, \u00ab2021\u00bb &#8211; el a\u00f1o de emisi\u00f3n y \u00ab3000 FRANCS CFA\u00bb &#8211; el valor nominal.<\/p>\n<p>Esta excepcional pieza de coleccionista viene completa con el NFT#1 y un manual.<\/p>\n<p>Edici\u00f3n limitada: solo 3 NFT en todo el mundo.<\/p>\n<p><a href=\"https:\/\/solsea.io\/n\/Ryq8rcfYc5pkE83C7eGcD1QAVqJBC6fZZBSRZedpEqt\/\" target=\"_blank\" rel=\"noopener\">https:\/\/solsea.io\/n\/Ryq8rcfYc5pkE83C7eGcD1QAVqJBC6fZZBSRZedpEqt\/<\/a><\/p>\n","protected":false},"excerpt":{"rendered":"<p>&nbsp; KAMA SUTRA III momentos de amor NFT#1\/3 El anverso de la asombrosa moneda de plata de colecci\u00f3n representa a dos amantes en un intenso momento de erotismo y deseo. En el fondo de la gente un hermoso patr\u00f3n floral colorido En la parte inferior del anverso est\u00e1 la inscripci\u00f3n \u00abKAMA SUTRA\u00bb, el nombre de [&hellip;]<\/p>\n","protected":false},"featured_media":7208,"comment_status":"closed","ping_status":"closed","template":"","meta":{"inline_featured_image":false},"product_brand":[],"product_cat":[830,311],"product_tag":[],"class_list":{"0":"post-7311","1":"product","2":"type-product","3":"status-publish","4":"has-post-thumbnail","6":"product_cat-kama-sutra-es","7":"product_cat-nft-es","8":"pa_anzahl-muenzen-weltweit-500-es","9":"pa_anzahl-nft-weltweit-344","10":"pa_echtheitszertifikat-si","11":"pa_gewicht-der-muenze-3-oz-8504-g-es","12":"pa_herstellungsland-cameroon-es","13":"pa_material-muenze-plata-0-999","14":"pa_muenzdurchmesser-mm-3-oz-es","15":"pa_nennwert-muenze-3000-francs-es","16":"pa_oberflaechenbeschaffenheit-acabado-antiguo-es","17":"pa_praegejahr-der-muenze-2021-es","19":"first","20":"instock","21":"virtual","22":"sold-individually","23":"purchasable","24":"product-type-simple"},"jetpack_sharing_enabled":true,"_links":{"self":[{"href":"https:\/\/coin-store-nft.com\/es\/wp-json\/wp\/v2\/product\/7311"}],"collection":[{"href":"https:\/\/coin-store-nft.com\/es\/wp-json\/wp\/v2\/product"}],"about":[{"href":"https:\/\/coin-store-nft.com\/es\/wp-json\/wp\/v2\/types\/product"}],"replies":[{"embeddable":true,"href":"https:\/\/coin-store-nft.com\/es\/wp-json\/wp\/v2\/comments?post=7311"}],"wp:featuredmedia":[{"embeddable":true,"href":"https:\/\/coin-store-nft.com\/es\/wp-json\/wp\/v2\/media\/7208"}],"wp:attachment":[{"href":"https:\/\/coin-store-nft.com\/es\/wp-json\/wp\/v2\/media?parent=7311"}],"wp:term":[{"taxonomy":"product_brand","embeddable":true,"href":"https:\/\/coin-store-nft.com\/es\/wp-json\/wp\/v2\/product_brand?post=7311"},{"taxonomy":"product_cat","embeddable":true,"href":"https:\/\/coin-store-nft.com\/es\/wp-json\/wp\/v2\/product_cat?post=7311"},{"taxonomy":"product_tag","embeddable":true,"href":"https:\/\/coin-store-nft.com\/es\/wp-json\/wp\/v2\/product_tag?post=7311"}],"curies":[{"name":"wp","href":"https:\/\/api.w.org\/{rel}","templated":true}]}}