{"id":7312,"date":"2023-04-27T09:42:17","date_gmt":"2023-04-27T07:42:17","guid":{"rendered":"https:\/\/coin-store-nft.com\/produkt\/kama-sutra-iii-momentos-de-amor-3000-francs-cameroon-2021-3oz-moneda-de-plata\/"},"modified":"2023-06-01T00:05:28","modified_gmt":"2023-05-31T22:05:28","slug":"kama-sutra-iii-momentos-de-amor-3000-francs-cameroon-2021-3oz-moneda-de-plata","status":"publish","type":"product","link":"https:\/\/coin-store-nft.com\/es\/produkt\/kama-sutra-iii-momentos-de-amor-3000-francs-cameroon-2021-3oz-moneda-de-plata\/","title":{"rendered":"KAMA SUTRA III momentos de amor 3000 Francs Cameroon 2021 &#8211; 3Oz moneda de plata"},"content":{"rendered":"<p>&nbsp;<\/p>\n<div style=\"width: 640px;\" class=\"wp-video\"><!--[if lt IE 9]><script>document.createElement('video');<\/script><![endif]-->\n<video class=\"wp-video-shortcode\" id=\"video-7312-1\" width=\"640\" height=\"360\" autoplay=\"1\" preload=\"metadata\" controls=\"controls\"><source type=\"video\/webm\" src=\"https:\/\/coin-store-nft.com\/wp-content\/uploads\/2023\/04\/Kama-Sutra-III-Small.webm?_=1\" \/><a href=\"https:\/\/coin-store-nft.com\/wp-content\/uploads\/2023\/04\/Kama-Sutra-III-Small.webm\">https:\/\/coin-store-nft.com\/wp-content\/uploads\/2023\/04\/Kama-Sutra-III-Small.webm<\/a><\/video><\/div>\n<p>KAMA SUTRA III momentos de amor 3000 Francs Cameroon 2021 &#8211; 3Oz moneda de plata<\/p>\n<p>El anverso de la asombrosa moneda de plata de colecci\u00f3n representa a dos amantes en un intenso momento de erotismo y deseo. En el fondo de la gente un hermoso patr\u00f3n floral colorido En la parte inferior del anverso est\u00e1 la inscripci\u00f3n \u00abKAMA SUTRA\u00bb, el nombre de la moneda y \u00abMomentos de amor\u00bb, el nombre de la serie. El reverso de la moneda muestra los rostros de los dos amantes, el hombre y la mujer, sobre un dise\u00f1o floral y las inscripciones: \u00abREPUBLIQUE DU CAMEROUN\u00bb &#8211; el pa\u00eds de emisi\u00f3n, \u00ab2021\u00bb &#8211; el a\u00f1o de emisi\u00f3n y \u00ab3000 FRANCS CFA\u00bb &#8211; el valor nominal.<\/p>\n<p>Esta excepcional pieza de coleccionista viene completa con el NFT#1 y un manual.<\/p>\n<p>Edici\u00f3n limitada: solo 3 NFT en todo el mundo.<\/p>\n","protected":false},"excerpt":{"rendered":"<p>&nbsp; KAMA SUTRA III momentos de amor 3000 Francs Cameroon 2021 &#8211; 3Oz moneda de plata El anverso de la asombrosa moneda de plata de colecci\u00f3n representa a dos amantes en un intenso momento de erotismo y deseo. En el fondo de la gente un hermoso patr\u00f3n floral colorido En la parte inferior del anverso [&hellip;]<\/p>\n","protected":false},"featured_media":7166,"comment_status":"closed","ping_status":"closed","template":"","meta":{"inline_featured_image":false},"product_brand":[],"product_cat":[830,325],"product_tag":[],"class_list":{"0":"post-7312","1":"product","2":"type-product","3":"status-publish","4":"has-post-thumbnail","6":"product_cat-kama-sutra-es","7":"product_cat-moneda-de-plata","8":"pa_anzahl-muenzen-weltweit-500-es","9":"pa_anzahl-nft-weltweit-344","10":"pa_echtheitszertifikat-si","11":"pa_gewicht-der-muenze-3-oz-8504-g-es","12":"pa_herstellungsland-cameroon-es","13":"pa_material-muenze-plata-0-999","14":"pa_muenzdurchmesser-mm-3-oz-es","15":"pa_nennwert-muenze-3000-francs-es","16":"pa_oberflaechenbeschaffenheit-acabado-antiguo-es","17":"pa_praegejahr-der-muenze-2021-es","19":"first","20":"instock","21":"sold-individually","22":"purchasable","23":"product-type-simple"},"jetpack_sharing_enabled":true,"_links":{"self":[{"href":"https:\/\/coin-store-nft.com\/es\/wp-json\/wp\/v2\/product\/7312"}],"collection":[{"href":"https:\/\/coin-store-nft.com\/es\/wp-json\/wp\/v2\/product"}],"about":[{"href":"https:\/\/coin-store-nft.com\/es\/wp-json\/wp\/v2\/types\/product"}],"replies":[{"embeddable":true,"href":"https:\/\/coin-store-nft.com\/es\/wp-json\/wp\/v2\/comments?post=7312"}],"wp:featuredmedia":[{"embeddable":true,"href":"https:\/\/coin-store-nft.com\/es\/wp-json\/wp\/v2\/media\/7166"}],"wp:attachment":[{"href":"https:\/\/coin-store-nft.com\/es\/wp-json\/wp\/v2\/media?parent=7312"}],"wp:term":[{"taxonomy":"product_brand","embeddable":true,"href":"https:\/\/coin-store-nft.com\/es\/wp-json\/wp\/v2\/product_brand?post=7312"},{"taxonomy":"product_cat","embeddable":true,"href":"https:\/\/coin-store-nft.com\/es\/wp-json\/wp\/v2\/product_cat?post=7312"},{"taxonomy":"product_tag","embeddable":true,"href":"https:\/\/coin-store-nft.com\/es\/wp-json\/wp\/v2\/product_tag?post=7312"}],"curies":[{"name":"wp","href":"https:\/\/api.w.org\/{rel}","templated":true}]}}