{"id":4347,"date":"2020-01-13T14:20:52","date_gmt":"2020-01-13T13:20:52","guid":{"rendered":"https:\/\/coin-store-nft.com\/datenschutzerklaerung\/"},"modified":"2023-03-11T08:30:24","modified_gmt":"2023-03-11T07:30:24","slug":"declaration-de-confidentialite","status":"publish","type":"page","link":"https:\/\/coin-store-nft.com\/fr\/declaration-de-confidentialite\/","title":{"rendered":"D\u00e9claration de confidentialit\u00e9"},"content":{"rendered":"\t\t<div data-elementor-type=\"wp-page\" data-elementor-id=\"4347\" class=\"elementor elementor-4347 elementor-3\" data-elementor-post-type=\"page\">\n\t\t\t\t\t\t<header class=\"elementor-section elementor-top-section elementor-element elementor-element-477436ba elementor-section-height-min-height elementor-section-content-middle elementor-section-boxed elementor-section-height-default elementor-section-items-middle\" data-id=\"477436ba\" data-element_type=\"section\" data-e-type=\"section\" data-settings=\"{&quot;background_background&quot;:&quot;classic&quot;,&quot;shape_divider_bottom&quot;:&quot;mountains&quot;,&quot;background_motion_fx_motion_fx_scrolling&quot;:&quot;yes&quot;,&quot;background_motion_fx_range&quot;:&quot;viewport&quot;,&quot;background_motion_fx_translateX_effect&quot;:&quot;yes&quot;,&quot;background_motion_fx_translateX_speed&quot;:{&quot;unit&quot;:&quot;px&quot;,&quot;size&quot;:4.6,&quot;sizes&quot;:[]},&quot;background_motion_fx_motion_fx_mouse&quot;:&quot;yes&quot;,&quot;background_motion_fx_translateX_affectedRange&quot;:{&quot;unit&quot;:&quot;%&quot;,&quot;size&quot;:&quot;&quot;,&quot;sizes&quot;:{&quot;start&quot;:0,&quot;end&quot;:100}},&quot;background_motion_fx_devices&quot;:[&quot;desktop&quot;,&quot;tablet&quot;,&quot;mobile&quot;]}\">\n\t\t\t\t\t<div class=\"elementor-shape elementor-shape-bottom\" aria-hidden=\"true\" data-negative=\"false\">\n\t\t\t<svg xmlns=\"http:\/\/www.w3.org\/2000\/svg\" viewBox=\"0 0 1000 100\" preserveAspectRatio=\"none\">\n\t<path class=\"elementor-shape-fill\" opacity=\"0.33\" d=\"M473,67.3c-203.9,88.3-263.1-34-320.3,0C66,119.1,0,59.7,0,59.7V0h1000v59.7 c0,0-62.1,26.1-94.9,29.3c-32.8,3.3-62.8-12.3-75.8-22.1C806,49.6,745.3,8.7,694.9,4.7S492.4,59,473,67.3z\"\/>\n\t<path class=\"elementor-shape-fill\" opacity=\"0.66\" d=\"M734,67.3c-45.5,0-77.2-23.2-129.1-39.1c-28.6-8.7-150.3-10.1-254,39.1 s-91.7-34.4-149.2,0C115.7,118.3,0,39.8,0,39.8V0h1000v36.5c0,0-28.2-18.5-92.1-18.5C810.2,18.1,775.7,67.3,734,67.3z\"\/>\n\t<path class=\"elementor-shape-fill\" d=\"M766.1,28.9c-200-57.5-266,65.5-395.1,19.5C242,1.8,242,5.4,184.8,20.6C128,35.8,132.3,44.9,89.9,52.5C28.6,63.7,0,0,0,0 h1000c0,0-9.9,40.9-83.6,48.1S829.6,47,766.1,28.9z\"\/>\n<\/svg>\t\t<\/div>\n\t\t\t\t\t<div class=\"elementor-container elementor-column-gap-custom\">\n\t\t\t\t\t<header class=\"elementor-column elementor-col-100 elementor-top-column elementor-element elementor-element-2d59cfd1 animated-slow elementor-invisible\" data-id=\"2d59cfd1\" data-element_type=\"column\" data-e-type=\"column\" data-settings=\"{&quot;motion_fx_motion_fx_scrolling&quot;:&quot;yes&quot;,&quot;animation&quot;:&quot;lightSpeedIn&quot;,&quot;motion_fx_devices&quot;:[&quot;desktop&quot;,&quot;tablet&quot;,&quot;mobile&quot;]}\">\n\t\t\t<div class=\"elementor-widget-wrap elementor-element-populated\">\n\t\t\t\t\t\t<div class=\"elementor-element elementor-element-8e2daf1 elementor-widget__width-auto elementor-invisible elementor-widget elementor-widget-video\" data-id=\"8e2daf1\" data-element_type=\"widget\" data-e-type=\"widget\" data-settings=\"{&quot;video_type&quot;:&quot;hosted&quot;,&quot;start&quot;:0,&quot;end&quot;:35,&quot;autoplay&quot;:&quot;yes&quot;,&quot;play_on_mobile&quot;:&quot;yes&quot;,&quot;show_image_overlay&quot;:&quot;yes&quot;,&quot;image_overlay&quot;:{&quot;url&quot;:&quot;&quot;,&quot;id&quot;:&quot;&quot;,&quot;size&quot;:&quot;&quot;,&quot;alt&quot;:&quot;&quot;,&quot;source&quot;:&quot;library&quot;},&quot;motion_fx_motion_fx_scrolling&quot;:&quot;yes&quot;,&quot;motion_fx_range&quot;:&quot;viewport&quot;,&quot;motion_fx_motion_fx_mouse&quot;:&quot;yes&quot;,&quot;motion_fx_mouseTrack_effect&quot;:&quot;yes&quot;,&quot;motion_fx_tilt_effect&quot;:&quot;yes&quot;,&quot;motion_fx_tilt_speed&quot;:{&quot;unit&quot;:&quot;px&quot;,&quot;size&quot;:3,&quot;sizes&quot;:[]},&quot;_animation&quot;:&quot;rollIn&quot;,&quot;controls&quot;:&quot;yes&quot;,&quot;motion_fx_devices&quot;:[&quot;desktop&quot;,&quot;tablet&quot;,&quot;mobile&quot;],&quot;motion_fx_mouseTrack_speed&quot;:{&quot;unit&quot;:&quot;px&quot;,&quot;size&quot;:1,&quot;sizes&quot;:[]}}\" data-widget_type=\"video.default\">\n\t\t\t\t<div class=\"elementor-widget-container\">\n\t\t\t\t\t\t\t<div class=\"e-hosted-video elementor-wrapper elementor-open-inline\">\n\t\t\t\t\t<video class=\"elementor-video\" src=\"https:\/\/coin-store-nft.com\/wp-content\/uploads\/2023\/03\/Datenschutzerklaerung-coin-store-nft-e.U.-Franzoesisch.mp4#t=,35\" autoplay=\"\" controls=\"\" playsinline=\"\" controlsList=\"nodownload\"><\/video>\n\t\t\t\t<\/div>\n\t\t\t\t\t\t<\/div>\n\t\t\t\t<\/div>\n\t\t\t\t\t<\/div>\n\t\t<\/header>\n\t\t\t\t\t<\/div>\n\t\t<\/header>\n\t\t\t\t<section class=\"elementor-section elementor-top-section elementor-element elementor-element-5b740793 elementor-section-boxed elementor-section-height-default elementor-section-height-default\" data-id=\"5b740793\" data-element_type=\"section\" data-e-type=\"section\">\n\t\t\t\t\t\t<div class=\"elementor-container elementor-column-gap-default\">\n\t\t\t\t\t<div class=\"elementor-column elementor-col-100 elementor-top-column elementor-element elementor-element-4db387e5\" data-id=\"4db387e5\" data-element_type=\"column\" data-e-type=\"column\">\n\t\t\t<div class=\"elementor-widget-wrap elementor-element-populated\">\n\t\t\t\t\t\t<div class=\"elementor-element elementor-element-830b22b elementor-widget elementor-widget-heading\" data-id=\"830b22b\" data-element_type=\"widget\" data-e-type=\"widget\" data-widget_type=\"heading.default\">\n\t\t\t\t<div class=\"elementor-widget-container\">\n\t\t\t\t\t<h2 class=\"elementor-heading-title elementor-size-default\">D\u00e9claration de confidentialit\u00e9<\/h2>\t\t\t\t<\/div>\n\t\t\t\t<\/div>\n\t\t\t\t\t<\/div>\n\t\t<\/div>\n\t\t\t\t\t<\/div>\n\t\t<\/section>\n\t\t\t\t<section class=\"elementor-section elementor-top-section elementor-element elementor-element-c2c9207 elementor-section-boxed elementor-section-height-default elementor-section-height-default\" data-id=\"c2c9207\" data-element_type=\"section\" data-e-type=\"section\">\n\t\t\t\t\t\t<div class=\"elementor-container elementor-column-gap-default\">\n\t\t\t\t\t<div class=\"elementor-column elementor-col-100 elementor-top-column elementor-element elementor-element-09e2c21\" data-id=\"09e2c21\" data-element_type=\"column\" data-e-type=\"column\">\n\t\t\t<div class=\"elementor-widget-wrap elementor-element-populated\">\n\t\t\t\t\t\t<div class=\"elementor-element elementor-element-590aeb6 elementor-widget elementor-widget-text-editor\" data-id=\"590aeb6\" data-element_type=\"widget\" data-e-type=\"widget\" data-widget_type=\"text-editor.default\">\n\t\t\t\t<div class=\"elementor-widget-container\">\n\t\t\t\t\t\t\t\t\t<p>Bienvenue sur coin-store-nft e.U., une boutique en ligne de biens physiques et num\u00e9riques. Nous nous engageons \u00e0 prot\u00e9ger votre vie priv\u00e9e et vos donn\u00e9es personnelles. La pr\u00e9sente d\u00e9claration de confidentialit\u00e9 explique comment nous collectons, utilisons et prot\u00e9geons vos donn\u00e9es personnelles lorsque vous utilisez notre site web ou achetez des produits chez nous.<\/p><p>\u00a0<\/p><h2>Donn\u00e9es personnelles que nous collectons :<\/h2><p>Nous collectons les donn\u00e9es personnelles que vous nous fournissez, telles que votre nom, votre adresse \u00e9lectronique, votre adresse de livraison, votre adresse de facturation et vos informations de paiement. Nous pouvons \u00e9galement collecter des informations sur votre utilisation de notre site, telles que votre adresse IP, votre type de navigateur et votre type d&rsquo;appareil. Si vous cr\u00e9ez un compte chez nous, nous pouvons collecter des informations suppl\u00e9mentaires sur vos pr\u00e9f\u00e9rences et votre historique d&rsquo;achat.<\/p><p>\u00a0<\/p><h2>Comment nous utilisons vos donn\u00e9es personnelles :<\/h2><p>Nous utilisons vos donn\u00e9es personnelles pour traiter vos commandes, fournir un service client et communiquer avec vous sur nos produits et services. Nous pouvons \u00e9galement utiliser vos informations pour personnaliser votre exp\u00e9rience sur notre site, am\u00e9liorer notre site et nos produits et nous conformer aux obligations l\u00e9gales.<\/p><p>\u00a0<\/p><h2>Comment nous partageons vos donn\u00e9es personnelles :<\/h2><p>Nous ne vendons ni ne louons vos donn\u00e9es personnelles \u00e0 des tiers \u00e0 des fins de marketing. Nous pouvons partager vos donn\u00e9es personnelles avec nos prestataires de services, tels que les processeurs de paiement et les soci\u00e9t\u00e9s d&rsquo;exp\u00e9dition, qui nous aident \u00e0 honorer vos commandes. Nous pouvons \u00e9galement communiquer vos donn\u00e9es aux autorit\u00e9s charg\u00e9es de l&rsquo;application de la loi ou \u00e0 d&rsquo;autres tiers si la loi l&rsquo;exige ou pour prot\u00e9ger nos droits l\u00e9gaux.<\/p><p>\u00a0<\/p><h2>Comment nous prot\u00e9geons vos donn\u00e9es personnelles :<\/h2><p>Nous prenons des mesures raisonnables pour prot\u00e9ger vos donn\u00e9es personnelles contre tout acc\u00e8s, divulgation, modification ou destruction non autoris\u00e9s. Nous utilisons une technologie de cryptage conforme aux normes du secteur pour prot\u00e9ger vos informations de paiement pendant la transmission. Toutefois, aucune m\u00e9thode de transmission sur Internet ou de stockage \u00e9lectronique n&rsquo;est s\u00fbre \u00e0 100 % et nous ne pouvons pas garantir une s\u00e9curit\u00e9 absolue.<\/p><p>\u00a0<\/p><h2>Cookies et technologies similaires :<\/h2><p>Nous utilisons des cookies et des technologies similaires pour collecter des informations sur votre utilisation de notre site web, telles que votre historique de navigation, vos pr\u00e9f\u00e9rences et vos informations de connexion. Vous pouvez contr\u00f4ler les cookies via les param\u00e8tres de votre navigateur et d\u00e9sactiver certains types de cookies en visitant les sites web des fournisseurs tiers concern\u00e9s.<\/p><p>\u00a0<\/p><h2>Vos droits et vos choix :<\/h2><p>Vous avez le droit d&rsquo;acc\u00e9der \u00e0 vos donn\u00e9es personnelles, de les corriger ou de les supprimer et de vous opposer \u00e0 certains types de traitement ou de les limiter. Vous pouvez exercer ces droits en nous contactant \u00e0 l&rsquo;adresse \u00e9lectronique indiqu\u00e9e ci-dessous. Veuillez noter que nous pouvons \u00eatre amen\u00e9s \u00e0 v\u00e9rifier votre identit\u00e9 avant de pouvoir traiter votre demande.<\/p><p>\u00a0<\/p><h2>Protection de la vie priv\u00e9e des enfants :<\/h2><p>Notre site web n&rsquo;est pas destin\u00e9 aux enfants de moins de 13 ans et nous ne collectons pas sciemment d&rsquo;informations personnelles aupr\u00e8s d&rsquo;enfants de moins de 13 ans. Si vous \u00eates un parent ou un tuteur et que vous pensez que votre enfant nous a fourni des donn\u00e9es personnelles, veuillez nous contacter \u00e0 l&rsquo;adresse e-mail indiqu\u00e9e ci-dessous.<\/p><p>\u00a0<\/p><h2>Modifications de la pr\u00e9sente d\u00e9claration de confidentialit\u00e9 :<\/h2><p>Nous pouvons mettre \u00e0 jour cette d\u00e9claration de confidentialit\u00e9 de temps en temps pour refl\u00e9ter les changements dans nos pratiques ou nos obligations l\u00e9gales. Nous publierons l&rsquo;avis mis \u00e0 jour sur notre site web et indiquerons la date de la derni\u00e8re mise \u00e0 jour.<\/p><p>\u00a0<\/p><h2>Contact :<\/h2><p>Si vous avez des questions ou des pr\u00e9occupations concernant cette d\u00e9claration de confidentialit\u00e9 ou nos pratiques, veuillez nous contacter \u00e0 l&rsquo;adresse \u00e9lectronique suivante : <a href=\"mailto:info@coin-store-nft.com\">info@coin-store-nft.com<\/a><\/p><p><br \/>Votre \u00e9quipe Coin-Store<\/p>\t\t\t\t\t\t\t\t<\/div>\n\t\t\t\t<\/div>\n\t\t\t\t\t<\/div>\n\t\t<\/div>\n\t\t\t\t\t<\/div>\n\t\t<\/section>\n\t\t\t\t<\/div>\n\t\t","protected":false},"excerpt":{"rendered":"<p>https:\/\/coin-store-nft.com\/wp-content\/uploads\/2023\/03\/Datenschutzerklaerung-coin-store-nft-e.U.-Franzoesisch.mp4#t=,35 D\u00e9claration de confidentialit\u00e9 Bienvenue sur coin-store-nft e.U., une boutique en ligne de biens physiques et num\u00e9riques. Nous nous engageons \u00e0 prot\u00e9ger votre vie priv\u00e9e et vos donn\u00e9es personnelles. La pr\u00e9sente d\u00e9claration de confidentialit\u00e9 explique comment nous collectons, utilisons et prot\u00e9geons vos donn\u00e9es personnelles lorsque vous utilisez notre site web ou achetez des produits chez [&hellip;]<\/p>\n","protected":false},"author":1,"featured_media":3580,"parent":0,"menu_order":0,"comment_status":"closed","ping_status":"closed","template":"","meta":{"inline_featured_image":false,"footnotes":""},"class_list":["post-4347","page","type-page","status-publish","has-post-thumbnail","hentry"],"jetpack_sharing_enabled":true,"_links":{"self":[{"href":"https:\/\/coin-store-nft.com\/fr\/wp-json\/wp\/v2\/pages\/4347"}],"collection":[{"href":"https:\/\/coin-store-nft.com\/fr\/wp-json\/wp\/v2\/pages"}],"about":[{"href":"https:\/\/coin-store-nft.com\/fr\/wp-json\/wp\/v2\/types\/page"}],"author":[{"embeddable":true,"href":"https:\/\/coin-store-nft.com\/fr\/wp-json\/wp\/v2\/users\/1"}],"replies":[{"embeddable":true,"href":"https:\/\/coin-store-nft.com\/fr\/wp-json\/wp\/v2\/comments?post=4347"}],"version-history":[{"count":0,"href":"https:\/\/coin-store-nft.com\/fr\/wp-json\/wp\/v2\/pages\/4347\/revisions"}],"wp:featuredmedia":[{"embeddable":true,"href":"https:\/\/coin-store-nft.com\/fr\/wp-json\/wp\/v2\/media\/3580"}],"wp:attachment":[{"href":"https:\/\/coin-store-nft.com\/fr\/wp-json\/wp\/v2\/media?parent=4347"}],"curies":[{"name":"wp","href":"https:\/\/api.w.org\/{rel}","templated":true}]}}