{"id":4354,"date":"2020-01-15T23:09:57","date_gmt":"2020-01-15T22:09:57","guid":{"rendered":"https:\/\/coin-store-nft.com\/impressum\/"},"modified":"2023-03-10T11:07:21","modified_gmt":"2023-03-10T10:07:21","slug":"mentions-legales","status":"publish","type":"page","link":"https:\/\/coin-store-nft.com\/fr\/mentions-legales\/","title":{"rendered":"Mentions l\u00e9gales"},"content":{"rendered":"\t\t<div data-elementor-type=\"wp-page\" data-elementor-id=\"4354\" class=\"elementor elementor-4354 elementor-163\" data-elementor-post-type=\"page\">\n\t\t\t\t\t\t<section class=\"elementor-section elementor-top-section elementor-element elementor-element-2d370bb7 elementor-section-boxed elementor-section-height-default elementor-section-height-default\" data-id=\"2d370bb7\" data-element_type=\"section\" data-e-type=\"section\">\n\t\t\t\t\t\t<div class=\"elementor-container elementor-column-gap-default\">\n\t\t\t\t\t<div class=\"elementor-column elementor-col-100 elementor-top-column elementor-element elementor-element-65b28d33\" data-id=\"65b28d33\" data-element_type=\"column\" data-e-type=\"column\">\n\t\t\t<div class=\"elementor-widget-wrap elementor-element-populated\">\n\t\t\t\t\t\t<div class=\"elementor-element elementor-element-55a714da elementor-widget elementor-widget-text-editor\" data-id=\"55a714da\" data-element_type=\"widget\" data-e-type=\"widget\" data-widget_type=\"text-editor.default\">\n\t\t\t\t<div class=\"elementor-widget-container\">\n\t\t\t\t\t\t\t\t\t<h1>Mentions l\u00e9gales<\/h1><p>Obligation d&rsquo;information selon le \u00a75 de la loi sur le commerce \u00e9lectronique, le \u00a714 du code des entreprises, le \u00a763 de la loi sur l&rsquo;industrie et le commerce.<\/p><p>et obligation de publication selon le \u00a725 de la loi sur les m\u00e9dias.<\/p><p>Coin-store-nft e.U.<br \/>GF Oliver D. Engstler<br \/>Maroltingergasse 24\/3\/6<br \/>1140 Vienne<br \/>Autriche<\/p><p>Objet de l&rsquo;entreprise : commerce en ligne<br \/>Num\u00e9ro d&rsquo;identification fiscale : ATU79101437<\/p><p>GISA : 35683506<br \/>GLN : 9110033073009<br \/>Num\u00e9ro du registre du commerce : FN 596741 k<br \/>Tribunal du registre des entreprises : Vienne<br \/>Si\u00e8ge de la soci\u00e9t\u00e9 : 1140 Vienne<\/p><p>T\u00e9l. : +43 (0) 660 6586472<\/p><p>Courrier \u00e9lectronique : <a href=\"mailto:info@coin-store-nft.com\">info@coin-store-nft.com<\/a><\/p><p><br \/>Membre de :\u202fLandesgremium Wien des Versand-. Internet et du commerce g\u00e9n\u00e9ral<br \/>Droit professionnel : Code du commerce : www.ris.bka.gv.at<\/p><p>Coordonn\u00e9es de la personne responsable de la protection des donn\u00e9es<\/p><p>Si vous avez des questions concernant la protection des donn\u00e9es, vous trouverez la personne de contact ici, sur la page <a href=\"https:\/\/coin-store-nft.com\/fr\/declaration-de-confidentialite\/\">D\u00e9claration de confidentialit\u00e9<\/a>.<\/p><p>T\u00e9l\u00e9phone : +43 (0) 660 6586472<\/p><p>Mentions l\u00e9gales : <a href=\"https:\/\/www.coin-store-nft.com\/mentions-legales\/\">https:\/\/www.coin-store-nft.com\/mentions-legales\/<\/a><\/p><h2><br \/>R\u00e8glement des litiges de l&rsquo;UE<\/h2><p>Conform\u00e9ment au r\u00e8glement relatif au r\u00e8glement en ligne des litiges de consommation (r\u00e8glement ODR), nous souhaitons vous informer sur la plateforme de r\u00e8glement en ligne des litiges (plateforme OS).<br \/>Les consommateurs ont la possibilit\u00e9 d&rsquo;adresser leurs plaintes \u00e0 la plateforme de r\u00e8glement des litiges en ligne de la Commission europ\u00e9enne \u00e0 l&rsquo;adresse http:\/\/ec.europa.eu\/Dispute Resolution. Vous trouverez les coordonn\u00e9es n\u00e9cessaires \u00e0 cet effet dans nos mentions l\u00e9gales.<\/p><p>Nous tenons toutefois \u00e0 vous informer que nous ne sommes pas dispos\u00e9s ou oblig\u00e9s de participer \u00e0 des proc\u00e9dures de r\u00e8glement des litiges devant un organisme de conciliation des consommateurs.<\/p><p>\u00a0<\/p><h2>Responsabilit\u00e9 pour le contenu de ce site web<\/h2><p>Nous d\u00e9veloppons en permanence le contenu de ce site web et nous nous effor\u00e7ons de mettre \u00e0 disposition des informations correctes et actuelles. \u202fMalheureusement, nous ne pouvons pas \u00eatre tenus responsables de l&rsquo;exactitude de tous les contenus de ce site web, en particulier de ceux fournis par des tiers. En tant que fournisseur de services, nous ne sommes pas tenus de surveiller les informations qu&rsquo;ils transmettent ou stockent, ni de rechercher des circonstances indiquant une activit\u00e9 ill\u00e9gale.<\/p><p>Nos obligations de supprimer des informations ou de bloquer l&rsquo;utilisation d&rsquo;informations conform\u00e9ment aux lois g\u00e9n\u00e9rales en raison d&rsquo;ordonnances judiciaires ou administratives restent inchang\u00e9es, m\u00eame si nous ne sommes pas responsables.<\/p><p>Si vous remarquez des contenus probl\u00e9matiques ou ill\u00e9gaux, nous vous prions de nous contacter imm\u00e9diatement afin que nous puissions supprimer les contenus ill\u00e9gaux. Vous trouverez nos coordonn\u00e9es dans les mentions l\u00e9gales.<\/p><p>\u00a0<\/p><h2>Responsabilit\u00e9 pour les liens sur ce site web<\/h2><p>Notre site web contient des liens vers d&rsquo;autres sites web dont nous ne sommes pas responsables du contenu. Nous n&rsquo;assumons aucune responsabilit\u00e9 pour les sites web li\u00e9s, car nous n&rsquo;avions pas et n&rsquo;avons pas connaissance d&rsquo;activit\u00e9s ill\u00e9gales, nous n&rsquo;avons pas non plus remarqu\u00e9 de telles ill\u00e9galit\u00e9s jusqu&rsquo;\u00e0 pr\u00e9sent et nous supprimerions imm\u00e9diatement les liens si nous avions connaissance d&rsquo;ill\u00e9galit\u00e9s.<\/p><p>Si vous remarquez des liens ill\u00e9gaux sur notre site web, nous vous prions de nous contacter. Vous trouverez nos coordonn\u00e9es dans les mentions l\u00e9gales.<\/p><p>\u00a0<\/p><h2>Avis de droit d&rsquo;auteur<\/h2><p>Tous les contenus de ce site web (images, photos, textes, vid\u00e9os) sont soumis au droit d&rsquo;auteur. Veuillez nous consulter avant de diffuser, de reproduire ou d&rsquo;exploiter les contenus de ce site web, comme par exemple les republier sur d&rsquo;autres sites web. Si n\u00e9cessaire, nous poursuivrons en justice toute utilisation non autoris\u00e9e d&rsquo;une partie des contenus de notre site.<\/p><p>Si vous trouvez sur ce site des contenus qui violent les droits d&rsquo;auteur, nous vous prions de nous contacter.<\/p><p>\u00a0<\/p><h2>Cr\u00e9dits photographiques :<\/h2><p>Toutes les images, photos, graphiques, vid\u00e9os &amp; NFT de ce site ont \u00e9t\u00e9 cr\u00e9\u00e9s par l&rsquo;\u00e9quipe de coin-store-nft e.U. et sont prot\u00e9g\u00e9s par des droits d&rsquo;auteur. Toute la musique utilis\u00e9e pour cr\u00e9er les NFT est sous licence, toutes g\u00e9n\u00e9rations confondues.<\/p><p>Les droits d&rsquo;image sont d\u00e9tenus par les photographes et entreprises suivants :<\/p><p>\u00a9coin-store-nft e.U.<\/p><p>Concepteur artistique\/directeur graphique : @KhashaM &#8211; Khaschajar Hosseinzadeh Mahdavi<\/p><p>Photographe\/Designer graphique @Guapitos &#8211; Oliver D. Engstler<\/p><p>Tous les textes, graphiques, NFT&rsquo;s, photos, vid\u00e9os, fichiers audio, autres donn\u00e9es de ce site sont prot\u00e9g\u00e9s par le droit d&rsquo;auteur.<\/p>\t\t\t\t\t\t\t\t<\/div>\n\t\t\t\t<\/div>\n\t\t\t\t\t<\/div>\n\t\t<\/div>\n\t\t\t\t\t<\/div>\n\t\t<\/section>\n\t\t\t\t<\/div>\n\t\t","protected":false},"excerpt":{"rendered":"<p>Mentions l\u00e9gales Obligation d&rsquo;information selon le \u00a75 de la loi sur le commerce \u00e9lectronique, le \u00a714 du code des entreprises, le \u00a763 de la loi sur l&rsquo;industrie et le commerce. et obligation de publication selon le \u00a725 de la loi sur les m\u00e9dias. Coin-store-nft e.U.GF Oliver D. EngstlerMaroltingergasse 24\/3\/61140 VienneAutriche Objet de l&rsquo;entreprise : commerce [&hellip;]<\/p>\n","protected":false},"author":1,"featured_media":0,"parent":0,"menu_order":0,"comment_status":"closed","ping_status":"closed","template":"","meta":{"inline_featured_image":false,"footnotes":""},"class_list":["post-4354","page","type-page","status-publish","hentry"],"jetpack_sharing_enabled":true,"_links":{"self":[{"href":"https:\/\/coin-store-nft.com\/fr\/wp-json\/wp\/v2\/pages\/4354"}],"collection":[{"href":"https:\/\/coin-store-nft.com\/fr\/wp-json\/wp\/v2\/pages"}],"about":[{"href":"https:\/\/coin-store-nft.com\/fr\/wp-json\/wp\/v2\/types\/page"}],"author":[{"embeddable":true,"href":"https:\/\/coin-store-nft.com\/fr\/wp-json\/wp\/v2\/users\/1"}],"replies":[{"embeddable":true,"href":"https:\/\/coin-store-nft.com\/fr\/wp-json\/wp\/v2\/comments?post=4354"}],"version-history":[{"count":0,"href":"https:\/\/coin-store-nft.com\/fr\/wp-json\/wp\/v2\/pages\/4354\/revisions"}],"wp:attachment":[{"href":"https:\/\/coin-store-nft.com\/fr\/wp-json\/wp\/v2\/media?parent=4354"}],"curies":[{"name":"wp","href":"https:\/\/api.w.org\/{rel}","templated":true}]}}