{"id":4375,"date":"2023-01-30T15:26:42","date_gmt":"2023-01-30T14:26:42","guid":{"rendered":"https:\/\/coin-store-nft.com\/widerrufsbelehrung\/"},"modified":"2023-01-30T15:26:42","modified_gmt":"2023-01-30T14:26:42","slug":"widerrufsbelehrung","status":"publish","type":"page","link":"https:\/\/coin-store-nft.com\/fr\/widerrufsbelehrung\/","title":{"rendered":"Widerrufsbelehrung"},"content":{"rendered":"\t\t<div data-elementor-type=\"wp-page\" data-elementor-id=\"4375\" class=\"elementor elementor-4375 elementor-939\" data-elementor-post-type=\"page\">\n\t\t\t\t\t\t<section class=\"elementor-section elementor-top-section elementor-element elementor-element-6ca45e10 elementor-section-boxed elementor-section-height-default elementor-section-height-default\" data-id=\"6ca45e10\" data-element_type=\"section\" data-e-type=\"section\">\n\t\t\t\t\t\t<div class=\"elementor-container elementor-column-gap-default\">\n\t\t\t\t\t<div class=\"elementor-column elementor-col-100 elementor-top-column elementor-element elementor-element-69830599\" data-id=\"69830599\" data-element_type=\"column\" data-e-type=\"column\">\n\t\t\t<div class=\"elementor-widget-wrap elementor-element-populated\">\n\t\t\t\t\t\t<div class=\"elementor-element elementor-element-53779820 elementor-widget elementor-widget-text-editor\" data-id=\"53779820\" data-element_type=\"widget\" data-e-type=\"widget\" data-widget_type=\"text-editor.default\">\n\t\t\t\t<div class=\"elementor-widget-container\">\n\t\t\t\t\t\t\t\t\t<p>Widerrufsklausel<span data-ccp-parastyle=\"Title\">&nbsp;<\/span><span data-ccp-props=\"{&quot;201341983&quot;:0,&quot;335559739&quot;:0,&quot;335559740&quot;:240}\">&nbsp;<\/span><\/p>\n<p><span data-contrast=\"auto\">&nbsp;<\/span><\/p>\n<p><span data-contrast=\"auto\">Widerrufsklausel f\u00fcr den Online-Webshop von Coin-Store-NFT e.U. zus\u00e4tzlich\/erg\u00e4nzend zu den Allgemeinen Gesch\u00e4ftsbedingungen.<\/span><span data-ccp-props=\"{&quot;201341983&quot;:0,&quot;335559739&quot;:160,&quot;335559740&quot;:259,&quot;469777462&quot;:[928],&quot;469777927&quot;:[0],&quot;469777928&quot;:[1]}\">&nbsp;<\/span><\/p>\n<p><span data-contrast=\"auto\">&nbsp;<\/span><\/p>\n<ol>\n<li><span data-contrast=\"auto\"> Widerrufsrecht f\u00fcr physische Waren:<\/span><\/li>\n<\/ol>\n<p><span data-contrast=\"auto\">&nbsp;Der Kunde hat das Recht, binnen 14 Tagen ohne Angabe von Gr\u00fcnden den Vertrag \u00fcber die physischen Waren zu widerrufen. Die Widerrufsfrist betr\u00e4gt 14 Tage ab dem Tag, an dem der Kunde oder ein von ihm benannter Dritter, der nicht der Bef\u00f6rderer ist, die Ware in Besitz genommen hat.<\/span><span data-ccp-props=\"{&quot;201341983&quot;:0,&quot;335559739&quot;:160,&quot;335559740&quot;:259,&quot;469777462&quot;:[928],&quot;469777927&quot;:[0],&quot;469777928&quot;:[1]}\">&nbsp;<\/span><\/p>\n<ol start=\"2\">\n<li><span data-contrast=\"auto\"> Kein Widerrufsrecht f\u00fcr digitale Werte (NFT);<\/span><\/li>\n<\/ol>\n<p><span data-contrast=\"auto\">&nbsp;Der Kunde ist dar\u00fcber informiert, dass er bei digitalen Werten (NFT) kein Widerrufsrecht hat, da diese Waren nach dem Download nicht mehr zur\u00fcckgegeben werden k\u00f6nnen. Mit dem Kauf und der Bezahlung von NFT-Produkten im Online-Webshop von Coin-Store-NFT e.U. erkl\u00e4rt sich der Kunde ausdr\u00fccklich damit einverstanden, dass das Widerrufsrecht f\u00fcr digitale Werte ausgeschlossen ist.<\/span><span data-ccp-props=\"{&quot;201341983&quot;:0,&quot;335559739&quot;:160,&quot;335559740&quot;:259,&quot;469777462&quot;:[928],&quot;469777927&quot;:[0],&quot;469777928&quot;:[1]}\">&nbsp;<\/span><\/p>\n<ol start=\"3\">\n<li><span data-contrast=\"auto\"> Aus\u00fcbung des Widerrufsrechts:<\/span><\/li>\n<\/ol>\n<p><span data-contrast=\"auto\">&nbsp;Um das Widerrufsrecht auszu\u00fcben, muss der Kunde Coin-Store-NFT e.U. mittels einer eindeutigen Erkl\u00e4rung \u00fcber den Entschluss, den Vertrag \u00fcber physische Waren zu widerrufen, informieren. Der Widerruf kann per E-Mail oder postalisch erfolgen. Zur Wahrung der Widerrufsfrist reicht es aus, dass der Kunde die Mitteilung \u00fcber die Aus\u00fcbung des Widerrufsrechts vor Ablauf der Widerrufsfrist absendet.<\/span><span data-ccp-props=\"{&quot;201341983&quot;:0,&quot;335559739&quot;:160,&quot;335559740&quot;:259,&quot;469777462&quot;:[928],&quot;469777927&quot;:[0],&quot;469777928&quot;:[1]}\">&nbsp;<\/span><\/p>\n<ol start=\"4\">\n<li><span data-contrast=\"auto\"> Folgen des Widerrufs:<\/span><\/li>\n<\/ol>\n<p><span data-contrast=\"auto\">Wenn der Kunde den Vertrag \u00fcber physische Waren widerruft, sind die bereits geleisteten Zahlungen zur\u00fcckzuerstatten. Die R\u00fcckzahlung erfolgt auf demselben Zahlungsweg, den der Kunde bei der urspr\u00fcnglichen Transaktion gew\u00e4hlt hat, es sei denn, es wurde ausdr\u00fccklich etwas anderes vereinbart. Coin-Store-NFT e.U. kann die R\u00fcckzahlung verweigern, bis die Waren wieder unbeschadet zur\u00fcckgesandt wurden.<\/span><span data-ccp-props=\"{&quot;201341983&quot;:0,&quot;335559739&quot;:160,&quot;335559740&quot;:259,&quot;469777462&quot;:[928],&quot;469777927&quot;:[0],&quot;469777928&quot;:[1]}\">&nbsp;<\/span><\/p>\n<ol start=\"5\">\n<li><span data-contrast=\"auto\"> R\u00fccksendung der Waren:<\/span><\/li>\n<\/ol>\n<p><span data-contrast=\"auto\">&nbsp;Der Kunde hat die Waren unverz\u00fcglich und in jedem Fall sp\u00e4testens binnen 14 Tagen ab dem Tag, an dem er Coin-Store-NFT e.U. \u00fcber den Widerruf des Vertrags unterrichtet hat, an Coin-Store-NFT e.U. zur\u00fcckzusenden oder zu \u00fcbergeben. Die Frist ist gewahrt, wenn der Kunde die Waren vor Ablauf der Frist von 14 Tagen absendet.<\/span><span data-ccp-props=\"{&quot;201341983&quot;:0,&quot;335559739&quot;:160,&quot;335559740&quot;:259,&quot;469777462&quot;:[928],&quot;469777927&quot;:[0],&quot;469777928&quot;:[1]}\">&nbsp;<\/span><\/p>\n<p><\/p>\n<p><span data-contrast=\"auto\">&nbsp;<\/span>Coin-Store-NFT e.U. Gesch\u00e4ftsf\u00fchrer: Oliver D. Engstler<\/p>\n<p>Sitz: siehe <a href=\"https:\/\/coin-store-nft.com\/impressum\/\">IMPRESSUM<\/a><\/p>\n<p>UID-Nummer: ATU79101437<\/p>\n<p>Telefon: +43 (0) 660 6586472<\/p>\n<p>E-Mail: \u202fcoin-store.nft(@)protonmail.com<\/p>\t\t\t\t\t\t\t\t<\/div>\n\t\t\t\t<\/div>\n\t\t\t\t\t<\/div>\n\t\t<\/div>\n\t\t\t\t\t<\/div>\n\t\t<\/section>\n\t\t\t\t<\/div>\n\t\t","protected":false},"excerpt":{"rendered":"<p>Widerrufsklausel&nbsp;&nbsp; &nbsp; Widerrufsklausel f\u00fcr den Online-Webshop von Coin-Store-NFT e.U. zus\u00e4tzlich\/erg\u00e4nzend zu den Allgemeinen Gesch\u00e4ftsbedingungen.&nbsp; &nbsp; Widerrufsrecht f\u00fcr physische Waren: &nbsp;Der Kunde hat das Recht, binnen 14 Tagen ohne Angabe von Gr\u00fcnden den Vertrag \u00fcber die physischen Waren zu widerrufen. Die Widerrufsfrist betr\u00e4gt 14 Tage ab dem Tag, an dem der Kunde oder ein von ihm [&hellip;]<\/p>\n","protected":false},"author":1,"featured_media":0,"parent":0,"menu_order":0,"comment_status":"closed","ping_status":"closed","template":"","meta":{"inline_featured_image":false,"footnotes":""},"class_list":["post-4375","page","type-page","status-publish","hentry"],"jetpack_sharing_enabled":true,"_links":{"self":[{"href":"https:\/\/coin-store-nft.com\/fr\/wp-json\/wp\/v2\/pages\/4375"}],"collection":[{"href":"https:\/\/coin-store-nft.com\/fr\/wp-json\/wp\/v2\/pages"}],"about":[{"href":"https:\/\/coin-store-nft.com\/fr\/wp-json\/wp\/v2\/types\/page"}],"author":[{"embeddable":true,"href":"https:\/\/coin-store-nft.com\/fr\/wp-json\/wp\/v2\/users\/1"}],"replies":[{"embeddable":true,"href":"https:\/\/coin-store-nft.com\/fr\/wp-json\/wp\/v2\/comments?post=4375"}],"version-history":[{"count":0,"href":"https:\/\/coin-store-nft.com\/fr\/wp-json\/wp\/v2\/pages\/4375\/revisions"}],"wp:attachment":[{"href":"https:\/\/coin-store-nft.com\/fr\/wp-json\/wp\/v2\/media?parent=4375"}],"curies":[{"name":"wp","href":"https:\/\/api.w.org\/{rel}","templated":true}]}}