{"id":4387,"date":"2023-03-09T22:39:27","date_gmt":"2023-03-09T21:39:27","guid":{"rendered":"https:\/\/coin-store-nft.com\/?page_id=4387"},"modified":"2023-03-10T11:36:47","modified_gmt":"2023-03-10T10:36:47","slug":"cgv","status":"publish","type":"page","link":"https:\/\/coin-store-nft.com\/fr\/cgv\/","title":{"rendered":"CGV"},"content":{"rendered":"\t\t<div data-elementor-type=\"wp-page\" data-elementor-id=\"4387\" class=\"elementor elementor-4387 elementor-4386\" data-elementor-post-type=\"page\">\n\t\t\t\t\t\t<section class=\"elementor-section elementor-top-section elementor-element elementor-element-46dcd4c7 elementor-section-height-min-height elementor-section-content-space-evenly elementor-section-boxed elementor-section-height-default elementor-section-items-middle\" data-id=\"46dcd4c7\" data-element_type=\"section\" data-e-type=\"section\" data-settings=\"{&quot;background_background&quot;:&quot;classic&quot;,&quot;shape_divider_bottom&quot;:&quot;pyramids&quot;,&quot;motion_fx_motion_fx_scrolling&quot;:&quot;yes&quot;,&quot;motion_fx_devices&quot;:[&quot;desktop&quot;,&quot;tablet&quot;,&quot;mobile&quot;]}\">\n\t\t\t\t\t<div class=\"elementor-shape elementor-shape-bottom\" aria-hidden=\"true\" data-negative=\"false\">\n\t\t\t<svg xmlns=\"http:\/\/www.w3.org\/2000\/svg\" viewBox=\"0 0 1000 100\" preserveAspectRatio=\"none\">\n\t<path class=\"elementor-shape-fill\" d=\"M761.9,44.1L643.1,27.2L333.8,98L0,3.8V0l1000,0v3.9\"\/>\n<\/svg>\t\t<\/div>\n\t\t\t\t\t<div class=\"elementor-container elementor-column-gap-narrow\">\n\t\t\t\t\t<div class=\"elementor-column elementor-col-100 elementor-top-column elementor-element elementor-element-5f0c1499\" data-id=\"5f0c1499\" data-element_type=\"column\" data-e-type=\"column\">\n\t\t\t<div class=\"elementor-widget-wrap\">\n\t\t\t\t\t\t\t<\/div>\n\t\t<\/div>\n\t\t\t\t\t<\/div>\n\t\t<\/section>\n\t\t\t\t<section class=\"elementor-section elementor-top-section elementor-element elementor-element-539a5e6 elementor-section-boxed elementor-section-height-default elementor-section-height-default\" data-id=\"539a5e6\" data-element_type=\"section\" data-e-type=\"section\">\n\t\t\t\t\t\t<div class=\"elementor-container elementor-column-gap-default\">\n\t\t\t\t\t<div class=\"elementor-column elementor-col-100 elementor-top-column elementor-element elementor-element-801bfa7\" data-id=\"801bfa7\" data-element_type=\"column\" data-e-type=\"column\">\n\t\t\t<div class=\"elementor-widget-wrap elementor-element-populated\">\n\t\t\t\t\t\t<div class=\"elementor-element elementor-element-fd68b82 elementor-widget elementor-widget-heading\" data-id=\"fd68b82\" data-element_type=\"widget\" data-e-type=\"widget\" data-widget_type=\"heading.default\">\n\t\t\t\t<div class=\"elementor-widget-container\">\n\t\t\t\t\t<h1 class=\"elementor-heading-title elementor-size-default\">Conditions g\u00e9n\u00e9rales de vente (CGV)<\/h1>\t\t\t\t<\/div>\n\t\t\t\t<\/div>\n\t\t\t\t\t<\/div>\n\t\t<\/div>\n\t\t\t\t\t<\/div>\n\t\t<\/section>\n\t\t\t\t<section class=\"elementor-section elementor-top-section elementor-element elementor-element-7f20d36 elementor-section-boxed elementor-section-height-default elementor-section-height-default\" data-id=\"7f20d36\" data-element_type=\"section\" data-e-type=\"section\">\n\t\t\t\t\t\t<div class=\"elementor-container elementor-column-gap-default\">\n\t\t\t\t\t<div class=\"elementor-column elementor-col-100 elementor-top-column elementor-element elementor-element-3a65d6f\" data-id=\"3a65d6f\" data-element_type=\"column\" data-e-type=\"column\">\n\t\t\t<div class=\"elementor-widget-wrap elementor-element-populated\">\n\t\t\t\t\t\t<div class=\"elementor-element elementor-element-b3e9f0a elementor-widget elementor-widget-text-editor\" data-id=\"b3e9f0a\" data-element_type=\"widget\" data-e-type=\"widget\" data-widget_type=\"text-editor.default\">\n\t\t\t\t<div class=\"elementor-widget-container\">\n\t\t\t\t\t\t\t\t\t<p>Bienvenue sur coin-store-nft e.U., une boutique en ligne de biens physiques (pi\u00e8ces d&rsquo;argent) et num\u00e9riques (NFTs). Avant d&rsquo;utiliser notre site web ou d&rsquo;effectuer un achat, veuillez lire attentivement les conditions g\u00e9n\u00e9rales de vente suivantes.<\/p><p>Ces conditions g\u00e9n\u00e9rales r\u00e9gissent l&rsquo;utilisation de notre boutique en ligne. En acc\u00e9dant \u00e0 notre site web ou en l&rsquo;utilisant, vous acceptez d&rsquo;\u00eatre li\u00e9 par ces conditions g\u00e9n\u00e9rales.<\/p>\t\t\t\t\t\t\t\t<\/div>\n\t\t\t\t<\/div>\n\t\t\t\t<div class=\"elementor-element elementor-element-82fd57b elementor-widget elementor-widget-heading\" data-id=\"82fd57b\" data-element_type=\"widget\" data-e-type=\"widget\" data-widget_type=\"heading.default\">\n\t\t\t\t<div class=\"elementor-widget-container\">\n\t\t\t\t\t<h2 class=\"elementor-heading-title elementor-size-default\">Utilisation de la politique du site<\/h2>\t\t\t\t<\/div>\n\t\t\t\t<\/div>\n\t\t\t\t<div class=\"elementor-element elementor-element-68ae376 elementor-widget elementor-widget-text-editor\" data-id=\"68ae376\" data-element_type=\"widget\" data-e-type=\"widget\" data-widget_type=\"text-editor.default\">\n\t\t\t\t<div class=\"elementor-widget-container\">\n\t\t\t\t\t\t\t\t\t<ol><li><strong>\u00c9ligibilit\u00e9 \u00e0 la participation :<\/strong><br \/>Pour utiliser le Site ou les Services, vous devez \u00eatre \u00e2g\u00e9 d&rsquo;au moins 18 ans ou avoir atteint l&rsquo;\u00e2ge de la majorit\u00e9 dans votre juridiction, selon le plus \u00e9lev\u00e9 des deux. En acc\u00e9dant ou en utilisant le Site ou les Services, vous d\u00e9clarez et garantissez que vous remplissez ces conditions d&rsquo;autorisation.<\/li><li><strong>Inscription au compte :<\/strong><br \/>Pour acc\u00e9der \u00e0 certaines fonctionnalit\u00e9s du Site ou des Services, vous devrez peut-\u00eatre vous inscrire \u00e0 un compte. Vous acceptez de fournir des informations exactes, compl\u00e8tes et \u00e0 jour au cours du processus d&rsquo;enregistrement et de mettre \u00e0 jour ces informations si n\u00e9cessaire afin de garantir qu&rsquo;elles restent exactes, compl\u00e8tes et \u00e0 jour. Vous \u00eates responsable du maintien de la confidentialit\u00e9 des informations d&rsquo;identification de votre compte et de toutes les activit\u00e9s qui se d\u00e9roulent sous votre compte.<\/li><li><strong>Utilisation acceptable :<\/strong><br \/>Vous acceptez d&rsquo;utiliser le Site et les Services uniquement \u00e0 des fins l\u00e9gitimes et conform\u00e9ment aux pr\u00e9sentes Conditions. Vous acceptez de ne pas utiliser le Site ou les Services d&rsquo;une mani\u00e8re qui enfreindrait les lois ou r\u00e8glements f\u00e9d\u00e9raux, d&rsquo;\u00c9tat, locaux ou internationaux applicables, ou dans le but d&rsquo;exploiter, de nuire ou de tenter d&rsquo;exploiter ou de nuire \u00e0 des mineurs de quelque mani\u00e8re que ce soit, en les exposant \u00e0 des contenus inappropri\u00e9s, en leur demandant des informations personnelles ou autrement. Vous acceptez \u00e9galement de ne pas vous engager dans des activit\u00e9s qui perturbent ou interrompent le site web ou les services (ou les serveurs et r\u00e9seaux connect\u00e9s au site web ou aux services).<\/li><li><strong>Modifications du site web et des services :<\/strong><br \/>Nous nous r\u00e9servons le droit de modifier ou d&rsquo;interrompre le Site ou les Services, ou toute partie de ceux-ci, \u00e0 tout moment et sans pr\u00e9avis. Nous ne sommes pas responsables envers vous ou un tiers de toute modification, suspension ou interruption du site web ou des services.<\/li><li><strong>Informations g\u00e9n\u00e9rales :<\/strong><br \/>coin-store-nft e.U. est une entreprise autrichienne et exerce ses activit\u00e9s conform\u00e9ment au droit autrichien en tant qu&rsquo;entreprise enregistr\u00e9e sous le num\u00e9ro d&rsquo;enregistrement public. N\u00b0 : FN 596741 k \u00e0 Vienne, Autriche. En utilisant ce site, vous acceptez les pr\u00e9sentes conditions.<\/li><li><strong>Produits :<\/strong><br \/>Nous proposons une grande vari\u00e9t\u00e9 de produits, notamment des biens physiques et des actifs num\u00e9riques (NFT). Les descriptions et les prix de nos produits peuvent \u00eatre modifi\u00e9s \u00e0 tout moment sans pr\u00e9avis. Nous nous r\u00e9servons le droit de limiter les quantit\u00e9s des produits que nous proposons. Nous nous effor\u00e7ons d&rsquo;afficher avec pr\u00e9cision les couleurs et les images de nos produits, mais nous ne pouvons pas garantir l&rsquo;exactitude de l&rsquo;affichage des couleurs sur votre \u00e9cran d&rsquo;ordinateur.<\/li><li><strong>Paiements :<\/strong><br \/>Pour passer une commande, vous devez fournir des informations de paiement valables. En faisant cela, vous d\u00e9clarez et garantissez que vous \u00eates autoris\u00e9 \u00e0 utiliser le mode de paiement indiqu\u00e9. Tous les paiements sont trait\u00e9s par une soci\u00e9t\u00e9 de traitement des paiements externe et s\u00e9curis\u00e9e. Nous acceptons diff\u00e9rents modes de paiement, notamment les cartes de cr\u00e9dit et de d\u00e9bit, les virements bancaires et les cryptomonnaies. Nous nous r\u00e9servons le droit de refuser tout paiement ou toute commande pour quelque raison que ce soit, \u00e0 notre enti\u00e8re discr\u00e9tion. Nous nous r\u00e9servons le droit de modifier ou d&rsquo;interrompre tout produit \u00e0 tout moment sans engager notre responsabilit\u00e9. Nous nous effor\u00e7ons d&rsquo;afficher les informations les plus pr\u00e9cises possibles, mais nous ne pouvons pas garantir que toutes les informations, y compris les prix et la disponibilit\u00e9, soient enti\u00e8rement correctes \u00e0 tout moment.<\/li><li><strong>Exp\u00e9dition :<\/strong><br \/>Nous exp\u00e9dions des marchandises physiques dans le monde entier. Les frais d&rsquo;exp\u00e9dition sont calcul\u00e9s en fonction de la destination et du poids du colis. Nous nous effor\u00e7ons d&rsquo;exp\u00e9dier les commandes rapidement, mais nous ne pouvons pas garantir les dates ou les heures de livraison. Nous ne sommes pas responsables des droits de douane, taxes ou autres frais pouvant \u00eatre impos\u00e9s par la destination d&rsquo;exp\u00e9dition.<\/li><li><strong>Conditions de livraison :<\/strong><br \/>Sauf indication contraire, tous les prix comprennent l&#8217;emballage appropri\u00e9, mais sont major\u00e9s des frais d&rsquo;exp\u00e9dition et d&rsquo;assurance, qui d\u00e9pendent du lieu de livraison, de la valeur et du poids, l&rsquo;exp\u00e9dition par Coin-store-nft e.U. \u00e9tant exclusivement possible jusqu&rsquo;\u00e0 une valeur de marchandise de 15.000,&#8211; euros. Un aper\u00e7u de tous les pays vers lesquels Coin-store-nft e.U. exp\u00e9die est disponible sur la page d&rsquo;accueil sous Connaissance : https:\/\/coin-store-nft.com\/wissensdatenbank\/, l&rsquo;actualit\u00e9 de la liste n&rsquo;\u00e9tant pas garantie et les livraisons pouvant \u00eatre refus\u00e9es le cas \u00e9ch\u00e9ant. Coin-store-nft e.U. se r\u00e9serve le droit de pr\u00e9voir d&rsquo;autres restrictions des possibilit\u00e9s de livraison pour certains contrats.<\/li><li><strong>D\u00e9lai de livraison :<\/strong><br \/>Le d\u00e9lai de livraison pr\u00e9vu \u00e0 partir de la r\u00e9ception de la commande est communiqu\u00e9 au client avant la commande. En passant sa commande, le client accepte le d\u00e9lai de livraison pr\u00e9vu. Si Coin-store-nft e.U. accepte la commande, le d\u00e9lai de livraison est consid\u00e9r\u00e9 comme convenu et figure dans la confirmation de commande.<\/li><li><strong>Retard de livraison :<\/strong><br \/>En cas de retard de livraison, Coin-store-nft e.U. informera le client du retard probable. Le client a le droit de r\u00e9silier le contrat en fixant un d\u00e9lai suppl\u00e9mentaire raisonnable.<\/li><li><strong>Mode d&rsquo;exp\u00e9dition :<\/strong><br \/>Dans le cadre du processus de commande, le client est inform\u00e9 des possibilit\u00e9s d&rsquo;exp\u00e9dition. Avant de passer sa commande, il doit choisir le mode d&rsquo;exp\u00e9dition souhait\u00e9. Le mode d&rsquo;exp\u00e9dition choisi est consid\u00e9r\u00e9 comme convenu \u00e0 l&rsquo;acceptation de la commande et est ensuite envoy\u00e9 \u00e0 l&rsquo;adresse indiqu\u00e9e par le client. Coin-store-nft e.U. n&rsquo;est pas responsable des adresses indiqu\u00e9es de mani\u00e8re incorrecte ou incompl\u00e8te, sauf si les donn\u00e9es sont saisies de mani\u00e8re incorrecte ou incompl\u00e8te lors de la saisie par Coin-store-nft e.U.. Sur demande du client, la livraison peut \u00eatre effectu\u00e9e par un autre moyen que celui mis \u00e0 disposition par Coin-store-nft e.U. de mani\u00e8re standard (fret a\u00e9rien, service de messagerie ou moyens de transport comparables), la commande ne pouvant \u00eatre pass\u00e9e que par le client lui-m\u00eame. Si le client souhaite organiser lui-m\u00eame la livraison, il doit prendre contact par t\u00e9l\u00e9phone avec le service commercial de Coin-store-nft e.U. avant de passer commande et le client prend en charge tous les frais suppl\u00e9mentaires li\u00e9s \u00e0 la livraison, y compris une \u00e9ventuelle assurance \u00e0 contracter \u00e9galement par le client.<\/li><li><strong>Transfert des risques :<\/strong><br \/>Le risque de perte ou d&rsquo;endommagement des produits est transf\u00e9r\u00e9 au client d\u00e8s que la marchandise est livr\u00e9e au client ou \u00e0 un tiers d\u00e9sign\u00e9 par ce dernier et diff\u00e9rent du transporteur. Toutefois, si le consommateur a conclu lui-m\u00eame le contrat de transport sans utiliser une option de choix propos\u00e9e par Coin-store-nft e.U., le transfert des risques a lieu d\u00e8s la remise au transporteur.<\/li><li><strong>Obligation d&rsquo;information :<\/strong><br \/>Si les produits ne sont pas arriv\u00e9s dans un d\u00e9lai de cinq mois \u00e0 compter du jour de la confirmation d&rsquo;exp\u00e9dition, le client est tenu d&rsquo;en informer imm\u00e9diatement Coin-store-nft e.U. par \u00e9crit, afin que Coin-store-nft e.U. puisse faire usage de son droit d&rsquo;enqu\u00eate aupr\u00e8s du transporteur.<\/li><li><strong>Frais en cas de refus de r\u00e9ception :<\/strong><br \/>Si la r\u00e9ception d&rsquo;un envoi est refus\u00e9e par le client ou si l&rsquo;envoi est retourn\u00e9 \u00e0 Coin-store-nft e.U. avec la mention \u00ab\u00a0non r\u00e9par\u00e9\u00a0\u00bb ou \u00ab\u00a0non distribuable\u00a0\u00bb, le client en est inform\u00e9 et les informations suivantes lui sont \u00e9galement communiqu\u00e9es : Les frais occasionn\u00e9s par une non-r\u00e9ception ou une adresse communiqu\u00e9e de mani\u00e8re erron\u00e9e sont \u00e0 la charge du client. Une nouvelle exp\u00e9dition ne sera effectu\u00e9e qu&rsquo;apr\u00e8s le paiement des frais d&rsquo;exp\u00e9dition suppl\u00e9mentaires correspondants par le client. En outre, le client est en retard de paiement et Coin-store-nft e.U. est en droit soit de d\u00e9poser les produits en justice, soit de proc\u00e9der \u00e0 une vente d&rsquo;entraide apr\u00e8s avoir averti le client au pr\u00e9alable. D\u00e8s la survenance du retard de paiement, les risques li\u00e9s aux produits concern\u00e9s par le retard de paiement sont transf\u00e9r\u00e9s au client ; Coin-store-nft e.U. n&rsquo;est responsable qu&rsquo;en cas de faute intentionnelle ou de n\u00e9gligence grave. En outre, Coin-store-nft e.U. est en droit de r\u00e9clamer des dommages et int\u00e9r\u00eats en cas de faute du client.<\/li><li><strong>Retour et remboursement :<\/strong><br \/>Nous offrons un droit de retour de 14 jours pour les marchandises physiques. Si vous n&rsquo;\u00eates pas satisfait de votre achat, veuillez nous contacter dans les 14 jours suivant la r\u00e9ception de votre commande afin d&rsquo;organiser un retour. Les actifs num\u00e9riques (NFT) ne peuvent pas \u00eatre retourn\u00e9s ou rembours\u00e9s, sauf dans les cas o\u00f9 le NFT ne correspond pas \u00e0 la description. Dans de tels cas, veuillez nous contacter dans les 7 jours suivant la r\u00e9ception du NFT afin d&rsquo;organiser un retour ou un \u00e9change.<\/li><li><strong>Avis de garantie :<\/strong><br \/>coin-store-nft e.U. n&rsquo;offre aucune garantie sur les actifs num\u00e9riques (NFT). La valeur des NFT peut fluctuer et est soumise aux conditions du march\u00e9. Nous ne donnons aucune assurance ou garantie concernant la valeur ou l&rsquo;authenticit\u00e9 des NFT. Les NFT sont vendus \u00ab\u00a0tels quels\u00a0\u00bb et \u00ab\u00a0tels que visualis\u00e9s dans notre boutique en ligne \/ plateforme NFT\u00a0\u00bb sans aucune garantie, expresse ou implicite. Vous reconnaissez que les NFT ne sont pas des biens physiques et qu&rsquo;ils sont soumis \u00e0 des risques li\u00e9s aux actifs num\u00e9riques, y compris, mais sans s&rsquo;y limiter, la volatilit\u00e9, la perte d&rsquo;acc\u00e8s ou le vol, le piratage, la fraude, la mauvaise adresse de portefeuille que vous avez fournie, le piratage de portefeuille \u00e0 froid, qui peuvent entra\u00eener des pertes permanentes en raison de la nature des actifs num\u00e9riques. Nous nous effor\u00e7ons de garantir l&rsquo;authenticit\u00e9 de nos NFT. Toutefois, nous ne garantissons pas que nos NFT soient exempts d&rsquo;erreurs, d&rsquo;omissions ou d&rsquo;autres d\u00e9fauts. En cas de d\u00e9faut ou d&rsquo;erreur dans une NFT, notre seule responsabilit\u00e9 se limite au remplacement de la NFT ou au remboursement du prix d&rsquo;achat.<\/li><li><strong>Diligence requise :<\/strong><br \/>Nous vous recommandons de faire vos propres recherches et de faire preuve de diligence raisonnable avant d&rsquo;acheter des NFT. Toutes les informations ou tous les conseils que nous fournissons le sont uniquement \u00e0 des fins d&rsquo;information g\u00e9n\u00e9rale et ne constituent pas des conseils juridiques, financiers ou d&rsquo;investissement. Nous nous distan\u00e7ons de toute forme de conseil financier ou d&rsquo;investissement.<\/li><li><strong>Propri\u00e9t\u00e9 intellectuelle :<\/strong><br \/>Tous les contenus de notre site web, y compris les textes, graphiques, logos, images et logiciels, sont la propri\u00e9t\u00e9 de coin-store-nft e.U. ou de ses filiales et sont prot\u00e9g\u00e9s par les lois autrichiennes et internationales sur les droits d&rsquo;auteur. Vous ne pouvez pas reproduire, modifier, distribuer ou vendre notre contenu sans notre autorisation \u00e9crite expresse.<\/li><li><strong>Responsabilit\u00e9 :<\/strong><br \/>La responsabilit\u00e9 de coin-store-nft e.U. envers le client en cas de n\u00e9gligence l\u00e9g\u00e8re est exclue, sauf s&rsquo;il s&rsquo;agit de dommages corporels, de dommages r\u00e9sultant de la violation d&rsquo;une obligation contractuelle principale, de dommages totalement atypiques ou de dommages \u00e0 des objets pris en charge pour \u00eatre trait\u00e9s, stock\u00e9s ou transport\u00e9s. coin-store-nft e.U. n&rsquo;est pas responsable en particulier d&rsquo;un manque \u00e0 gagner, d&rsquo;un manque de disponibilit\u00e9 des produits et de saisies erron\u00e9es dans la boutique en ligne imputables au client.<\/li><li><strong>Les droits de garantie<\/strong> du client autres que les dommages et int\u00e9r\u00eats ne sont pas affect\u00e9s. La responsabilit\u00e9 de coin-store-nft e.U. n&rsquo;est engag\u00e9e \u00e0 aucun titre, quel qu&rsquo;il soit, en dehors des dispositions des pr\u00e9sentes conditions g\u00e9n\u00e9rales.<\/li><li><strong>Pertes de cours potentielles :<\/strong><br \/>La soci\u00e9t\u00e9 coin-store-nft e.U. attire express\u00e9ment l&rsquo;attention sur les risques de fluctuations possibles du prix de l&rsquo;or\/de l&rsquo;argent et des pertes de cours qui y sont li\u00e9es. La soci\u00e9t\u00e9 coin-store-nft e.U. n&rsquo;a pas d&rsquo;obligation d&rsquo;information allant au-del\u00e0 des exigences l\u00e9gales en la mati\u00e8re.<\/li><li><strong>R\u00e9siliation selon la loi sur les transactions \u00e0 distance et hors domicile (FAGG):<\/strong><br \/>En principe, conform\u00e9ment \u00e0 l&rsquo;article 11 de la FAGG, le client peut r\u00e9silier le contrat dans un d\u00e9lai de 14 jours pour les contrats conclus en ligne (ventes \u00e0 distance) sans avoir \u00e0 indiquer de motif. Le d\u00e9lai de r\u00e9tractation commence \u00e0 courir le jour o\u00f9 le client ou un tiers d\u00e9sign\u00e9 par le client et n&rsquo;agissant pas en tant que transporteur prend possession du produit. Toutefois, si le client n&rsquo;a pas re\u00e7u l&rsquo;int\u00e9gralit\u00e9 des informations vis\u00e9es \u00e0 l&rsquo;article 4, paragraphe 1, point 8, de la FAGG, le d\u00e9lai de r\u00e9tractation est prolong\u00e9 de 12 mois ; toutefois, en cas de r\u00e9ception ult\u00e9rieure de ces informations dans le d\u00e9lai de 12 mois susmentionn\u00e9, le d\u00e9lai de r\u00e9tractation est de 14 jours \u00e0 compter de la date de communication des informations.<br \/>Les informations relatives aux conditions du droit de r\u00e9tractation du client, au d\u00e9lai et \u00e0 l&rsquo;exercice de ce droit sont fournies par le biais du formulaire de r\u00e9tractation joint, qui peut \u00e9galement \u00eatre consult\u00e9 \u00e0 tout moment sur le site Internet de coin-store-nft e.U..<br \/>Aucun droit de r\u00e9tractation n&rsquo;existe pour les produits dont le prix d\u00e9pend de l&rsquo;\u00e9volution des fluctuations sur les march\u00e9s financiers.<br \/>Conform\u00e9ment au \u00a7 18 alin\u00e9a 1 Z 2 FAGG, il n&rsquo;existe pas de droit de r\u00e9tractation dans les cas suivants, qui ne constituent toutefois pas une liste exhaustive, \u00e9tant donn\u00e9 que le contrat \u00e0 distance a pour objet la livraison de marchandises dont le prix d\u00e9pend de fluctuations sur le march\u00e9 financier, sur lesquelles coin-store-nft e.U. n&rsquo;a aucune influence : Pi\u00e8ces d&rsquo;or, de platine ou d&rsquo;argent en toutes coupures, lingots en toutes tailles disponibles, ducats en toutes coupures, couronnes en toutes coupures, florins en toutes coupures.<\/li><li><strong>Limitation de responsabilit\u00e9 :<\/strong><br \/>En aucun cas coin-store-nft e.U. ou ses soci\u00e9t\u00e9s affili\u00e9es ne seront responsables des dommages indirects, accidentels, sp\u00e9ciaux ou cons\u00e9cutifs r\u00e9sultant de ou li\u00e9s \u00e0 votre utilisation de notre site web ou des produits que nous proposons, que de tels dommages soient pr\u00e9visibles ou que coin-store-nft e.U. ou ses soci\u00e9t\u00e9s affili\u00e9es aient \u00e9t\u00e9 inform\u00e9es de la possibilit\u00e9 de tels dommages. Notre responsabilit\u00e9 envers vous est limit\u00e9e au maximum au prix d&rsquo;achat des produits que vous avez achet\u00e9s chez nous.<\/li><li><strong>R\u00e9serve de propri\u00e9t\u00e9 :<\/strong><br \/>Les produits livr\u00e9s restent la propri\u00e9t\u00e9 de Coin-Store-NFT e.U. jusqu&rsquo;\u00e0 leur paiement int\u00e9gral.<\/li><li><strong>Protection des donn\u00e9es :<\/strong><br \/>Coin-Store-NFT e.U. respecte les dispositions en vigueur en mati\u00e8re de protection des donn\u00e9es et n&rsquo;utilise les donn\u00e9es personnelles du client que pour le traitement de la commande et l&rsquo;am\u00e9lioration du service \u00e0 la client\u00e8le.<\/li><li><strong>Droit applicable et juridiction comp\u00e9tente :<\/strong><br \/>Les pr\u00e9sentes conditions g\u00e9n\u00e9rales de vente sont soumises au droit autrichien, le tribunal comp\u00e9tent est celui de Vienne. Tout litige d\u00e9coulant de ces conditions g\u00e9n\u00e9rales ou en rapport avec celles-ci est soumis \u00e0 la comp\u00e9tence exclusive des tribunaux autrichiens de langue allemande.<\/li><li><strong>Modifications :<\/strong><br \/>Nous nous r\u00e9servons le droit de modifier les pr\u00e9sentes conditions g\u00e9n\u00e9rales \u00e0 tout moment et sans pr\u00e9avis. En continuant \u00e0 utiliser notre site Internet ou en effectuant des achats chez nous, vous acceptez d&rsquo;\u00eatre li\u00e9 par les conditions g\u00e9n\u00e9rales mises \u00e0 jour.<\/li><li><strong>Clause de sauvegarde :<\/strong><br \/>Si certaines dispositions des pr\u00e9sentes conditions g\u00e9n\u00e9rales sont ou deviennent invalides, la validit\u00e9 des autres dispositions n&rsquo;en est pas affect\u00e9e.<\/li><\/ol>\t\t\t\t\t\t\t\t<\/div>\n\t\t\t\t<\/div>\n\t\t\t\t\t<\/div>\n\t\t<\/div>\n\t\t\t\t\t<\/div>\n\t\t<\/section>\n\t\t\t\t<\/div>\n\t\t","protected":false},"excerpt":{"rendered":"<p>Conditions g\u00e9n\u00e9rales de vente (CGV) Bienvenue sur coin-store-nft e.U., une boutique en ligne de biens physiques (pi\u00e8ces d&rsquo;argent) et num\u00e9riques (NFTs). Avant d&rsquo;utiliser notre site web ou d&rsquo;effectuer un achat, veuillez lire attentivement les conditions g\u00e9n\u00e9rales de vente suivantes. Ces conditions g\u00e9n\u00e9rales r\u00e9gissent l&rsquo;utilisation de notre boutique en ligne. En acc\u00e9dant \u00e0 notre site web [&hellip;]<\/p>\n","protected":false},"author":1,"featured_media":0,"parent":0,"menu_order":0,"comment_status":"closed","ping_status":"closed","template":"","meta":{"inline_featured_image":false,"footnotes":""},"class_list":["post-4387","page","type-page","status-publish","hentry"],"jetpack_sharing_enabled":true,"_links":{"self":[{"href":"https:\/\/coin-store-nft.com\/fr\/wp-json\/wp\/v2\/pages\/4387"}],"collection":[{"href":"https:\/\/coin-store-nft.com\/fr\/wp-json\/wp\/v2\/pages"}],"about":[{"href":"https:\/\/coin-store-nft.com\/fr\/wp-json\/wp\/v2\/types\/page"}],"author":[{"embeddable":true,"href":"https:\/\/coin-store-nft.com\/fr\/wp-json\/wp\/v2\/users\/1"}],"replies":[{"embeddable":true,"href":"https:\/\/coin-store-nft.com\/fr\/wp-json\/wp\/v2\/comments?post=4387"}],"version-history":[{"count":0,"href":"https:\/\/coin-store-nft.com\/fr\/wp-json\/wp\/v2\/pages\/4387\/revisions"}],"wp:attachment":[{"href":"https:\/\/coin-store-nft.com\/fr\/wp-json\/wp\/v2\/media?parent=4387"}],"curies":[{"name":"wp","href":"https:\/\/api.w.org\/{rel}","templated":true}]}}