{"id":1012,"date":"2023-02-10T15:59:35","date_gmt":"2023-02-10T14:59:35","guid":{"rendered":"https:\/\/coin-store-nft.com\/?post_type=product&#038;p=1012"},"modified":"2023-06-25T11:27:03","modified_gmt":"2023-06-25T09:27:03","slug":"1oz-fall-der-berliner-mauer","status":"publish","type":"product","link":"https:\/\/coin-store-nft.com\/fr\/produkt\/1oz-fall-der-berliner-mauer\/","title":{"rendered":"Germania 2019 5 Mark Silberm\u00fcnze Fall der Berliner Mauer 1 Oz- No.065\/200"},"content":{"rendered":"<p>&nbsp;<\/p>\n<div style=\"width: 800px;\" class=\"wp-video\"><!--[if lt IE 9]><script>document.createElement('video');<\/script><![endif]-->\n<video class=\"wp-video-shortcode\" id=\"video-1012-1\" width=\"800\" height=\"800\" preload=\"metadata\" controls=\"controls\"><source type=\"video\/mp4\" src=\"https:\/\/coin-store-nft.com\/wp-content\/uploads\/2023\/02\/Germania-2019-5-Mark-Germania-1Oz-Berlin-Wall-Fall-No.065-only-200-pcs.mp4?_=1\" \/><a href=\"https:\/\/coin-store-nft.com\/wp-content\/uploads\/2023\/02\/Germania-2019-5-Mark-Germania-1Oz-Berlin-Wall-Fall-No.065-only-200-pcs.mp4\">https:\/\/coin-store-nft.com\/wp-content\/uploads\/2023\/02\/Germania-2019-5-Mark-Germania-1Oz-Berlin-Wall-Fall-No.065-only-200-pcs.mp4<\/a><\/video><\/div>\n<p>Germania 2019 5 Mark Silberm\u00fcnze Fall der Berliner Mauer 1 Oz- No.065\/200<\/p>\n<p>Die\u00a0<b>Berliner Mauer<\/b>\u00a0war w\u00e4hrend der\u00a0Teilung Deutschlands\u00a0ein\u00a0Grenzbefestigungssystem\u00a0der\u00a0Deutschen Demokratischen Republik\u00a0(DDR), das vom 13.\u00a0August 1961 bis zum <strong>9.\u00a0November 1989<\/strong> bestand, um\u00a0West-Berlin\u00a0vom Gebiet der DDR\u00a0hermetisch\u00a0abzuriegeln. Sie trennte nicht nur die Verbindungen im Gebiet\u00a0Gro\u00df-Berlins\u00a0zwischen dem\u00a0Ostteil\u00a0(\u201eHauptstadt der DDR\u201c) und dem Westteil der Stadt, sondern umschloss alle drei\u00a0Sektoren\u00a0des Westteils vollst\u00e4ndig und unterbrach damit auch seine Verbindungen zum sonstigen Umland, das im DDR-Bezirk Potsdam\u00a0lag. Die Mauer verlief dabei zumeist einige Meter hinter der eigentlichen Grenze.<\/p>\n<p>Die Germania als Personifikation zeigt eine sch\u00f6ne Frau mit langen, wallenden Haaren, gekleidet in ein vom Wind verwehtes Kleid, mit einem Siegeskranz auf dem Kopf. Die Silhouette der weiblichen Personifikation Germania ist in w\u00fcrdevoller Pose dargestellt. Begleitet wird Lady Germania vom zweik\u00f6pfigen Adler (auf dem linken Arm thronend)\u2013 einem Symbol aus der germanischen Mythologie, das mit Janus in Verbindung gebracht wird, dem Gott aller Herkunft, dem W\u00e4chter von T\u00fcren, Toren, Durchg\u00e4ngen und Br\u00fccken, dem Schutzpatron von Vertr\u00e4gen und B\u00fcndnissen. Die gegen\u00fcberliegenden K\u00f6pfe des Adlers symbolisieren die Vergangenheit und die Zukunft. In der rechten oberen Ecke ist das Eiserne Kreuz zu sehen, das nur an die Tapfersten verliehen wird.<\/p>\n<p>Der zweik\u00f6pfige Adler ist ein Symbol, das in der r\u00f6mischen Mythologie mit Janus in Verbindung gebracht wird \u2013 dem Gott aller Herkunft, W\u00e4chter von T\u00fcren, Toren, Durchg\u00e4ngen und Br\u00fccken, dem Schutzpatron alliierter Vereinbarungen und Vereinbarungen. Gegen\u00fcberliegende K\u00f6pfe symbolisieren Vergangenheit und Zukunft. Die Blitze, die in den Klauen eines Adlers gehalten werden, sind ein g\u00f6ttliches Attribut, das St\u00e4rke und die Macht von Sch\u00f6pfung und Zerst\u00f6rung symbolisiert.<\/p>\n","protected":false},"excerpt":{"rendered":"<p>&nbsp; Germania 2019 5 Mark Silberm\u00fcnze Fall der Berliner Mauer 1 Oz- No.065\/200 Die\u00a0Berliner Mauer\u00a0war w\u00e4hrend der\u00a0Teilung Deutschlands\u00a0ein\u00a0Grenzbefestigungssystem\u00a0der\u00a0Deutschen Demokratischen Republik\u00a0(DDR), das vom 13.\u00a0August 1961 bis zum 9.\u00a0November 1989 bestand, um\u00a0West-Berlin\u00a0vom Gebiet der DDR\u00a0hermetisch\u00a0abzuriegeln. Sie trennte nicht nur die Verbindungen im Gebiet\u00a0Gro\u00df-Berlins\u00a0zwischen dem\u00a0Ostteil\u00a0(\u201eHauptstadt der DDR\u201c) und dem Westteil der Stadt, sondern umschloss alle drei\u00a0Sektoren\u00a0des Westteils vollst\u00e4ndig [&hellip;]<\/p>\n","protected":false},"featured_media":1030,"comment_status":"open","ping_status":"closed","template":"","meta":{"inline_featured_image":false},"product_brand":[],"product_cat":[148,101],"product_tag":[96,97,99,98],"class_list":{"0":"post-1012","1":"product","2":"type-product","3":"status-publish","4":"has-post-thumbnail","6":"product_cat-allegories-britannia-germania","7":"product_cat-silbermuenze","8":"product_tag-fall-der-berliner-mauer","9":"product_tag-gedenkmuenze","10":"product_tag-limitierte-muenze","11":"product_tag-sammlermuenze","12":"pa_anzahl-nft-weltweit-3-nfts-weltweit","13":"pa_echtheitszertifikat-ja","14":"pa_gewicht-der-muenze-groesser-1-oz","15":"pa_herstellungsland-germania-mint","16":"pa_material-muenze-feinsilber-0-999","17":"pa_muenzdurchmesser-mm-3861-mm","18":"pa_nennwert-muenze-5-mark","19":"pa_oberflaechenbeschaffenheit-gilded-ruthenium-serialnr","20":"pa_praegejahr-der-muenze-133","22":"first","23":"instock","24":"taxable","25":"shipping-taxable","26":"purchasable","27":"product-type-simple"},"jetpack_sharing_enabled":true,"_links":{"self":[{"href":"https:\/\/coin-store-nft.com\/fr\/wp-json\/wp\/v2\/product\/1012"}],"collection":[{"href":"https:\/\/coin-store-nft.com\/fr\/wp-json\/wp\/v2\/product"}],"about":[{"href":"https:\/\/coin-store-nft.com\/fr\/wp-json\/wp\/v2\/types\/product"}],"replies":[{"embeddable":true,"href":"https:\/\/coin-store-nft.com\/fr\/wp-json\/wp\/v2\/comments?post=1012"}],"wp:featuredmedia":[{"embeddable":true,"href":"https:\/\/coin-store-nft.com\/fr\/wp-json\/wp\/v2\/media\/1030"}],"wp:attachment":[{"href":"https:\/\/coin-store-nft.com\/fr\/wp-json\/wp\/v2\/media?parent=1012"}],"wp:term":[{"taxonomy":"product_brand","embeddable":true,"href":"https:\/\/coin-store-nft.com\/fr\/wp-json\/wp\/v2\/product_brand?post=1012"},{"taxonomy":"product_cat","embeddable":true,"href":"https:\/\/coin-store-nft.com\/fr\/wp-json\/wp\/v2\/product_cat?post=1012"},{"taxonomy":"product_tag","embeddable":true,"href":"https:\/\/coin-store-nft.com\/fr\/wp-json\/wp\/v2\/product_tag?post=1012"}],"curies":[{"name":"wp","href":"https:\/\/api.w.org\/{rel}","templated":true}]}}