{"id":1166,"date":"2023-02-12T14:18:05","date_gmt":"2023-02-12T13:18:05","guid":{"rendered":"https:\/\/coin-store-nft.com\/?post_type=product&#038;p=1166"},"modified":"2023-07-26T07:19:03","modified_gmt":"2023-07-26T05:19:03","slug":"air-force-1-oz-silbermuenze","status":"publish","type":"product","link":"https:\/\/coin-store-nft.com\/fr\/produkt\/air-force-1-oz-silbermuenze\/","title":{"rendered":"Air Force Germania Camouflage Silberm\u00fcnze 1 Oz"},"content":{"rendered":"<p><a href=\"https:\/\/coin-store-nft.com\/produkt\/germania-camouflage-edition-air-force-1-oz-silbermuenze\/\">Link zu NFT<\/a><\/p>\n<div style=\"width: 800px;\" class=\"wp-video\"><!--[if lt IE 9]><script>document.createElement('video');<\/script><![endif]-->\n<video class=\"wp-video-shortcode\" id=\"video-1166-1\" width=\"800\" height=\"800\" preload=\"metadata\" controls=\"controls\"><source type=\"video\/mp4\" src=\"https:\/\/coin-store-nft.com\/wp-content\/uploads\/2023\/02\/Germania-2020-5-Mark-Germania-Camouflage-Edition-Air-Force-1-Oz-Silbermuenze.mp4?_=1\" \/><a href=\"https:\/\/coin-store-nft.com\/wp-content\/uploads\/2023\/02\/Germania-2020-5-Mark-Germania-Camouflage-Edition-Air-Force-1-Oz-Silbermuenze.mp4\">https:\/\/coin-store-nft.com\/wp-content\/uploads\/2023\/02\/Germania-2020-5-Mark-Germania-Camouflage-Edition-Air-Force-1-Oz-Silbermuenze.mp4<\/a><\/video><\/div>\n<p>&nbsp;<\/p>\n<p>Germania Camouflage Air Force Silberm\u00fcnze, weltweit ausverkauft, Sammlerst\u00fcck, limitierte Auflage nur 100Stk weltweit.<\/p>\n<p>Die Germania als Personifikation zeigt eine sch\u00f6ne Frau mit langen, wallenden Haaren, gekleidet in ein vom Wind verwehtes Kleid, mit einem Siegeskranz auf dem Kopf. Die Silhouette der weiblichen Personifikation Germania ist in w\u00fcrdevoller Pose dargestellt. Begleitet wird Lady Germania vom zweik\u00f6pfigen Adler (auf dem linken Arm thronend)\u2013 einem Symbol aus der germanischen Mythologie, das mit Janus in Verbindung gebracht wird, dem Gott aller Herkunft, dem W\u00e4chter von T\u00fcren, Toren, Durchg\u00e4ngen und Br\u00fccken, dem Schutzpatron von Vertr\u00e4gen und B\u00fcndnissen. Die gegen\u00fcberliegenden K\u00f6pfe des Adlers symbolisieren die Vergangenheit und die Zukunft. In der rechten oberen Ecke ist das Eiserne Kreuz zu sehen, das nur an die Tapfersten verliehen wird.<\/p>\n<p>Der zweik\u00f6pfige Adler ist ein Symbol, das in der r\u00f6mischen Mythologie mit Janus in Verbindung gebracht wird \u2013 dem Gott aller Herkunft, W\u00e4chter von T\u00fcren, Toren, Durchg\u00e4ngen und Br\u00fccken, dem Schutzpatron alliierter Vereinbarungen und Vereinbarungen. Gegen\u00fcberliegende K\u00f6pfe symbolisieren Vergangenheit und Zukunft. Die Blitze, die in den Klauen eines Adlers gehalten werden, sind ein g\u00f6ttliches Attribut, das St\u00e4rke und die Macht von Sch\u00f6pfung und Zerst\u00f6rung symbolisiert.<\/p>\n","protected":false},"excerpt":{"rendered":"<p>Link zu NFT &nbsp; Germania Camouflage Air Force Silberm\u00fcnze, weltweit ausverkauft, Sammlerst\u00fcck, limitierte Auflage nur 100Stk weltweit. Die Germania als Personifikation zeigt eine sch\u00f6ne Frau mit langen, wallenden Haaren, gekleidet in ein vom Wind verwehtes Kleid, mit einem Siegeskranz auf dem Kopf. Die Silhouette der weiblichen Personifikation Germania ist in w\u00fcrdevoller Pose dargestellt. Begleitet wird [&hellip;]<\/p>\n","protected":false},"featured_media":1168,"comment_status":"open","ping_status":"closed","template":"","meta":{"inline_featured_image":false},"product_brand":[],"product_cat":[148,101],"product_tag":[],"class_list":{"0":"post-1166","1":"product","2":"type-product","3":"status-publish","4":"has-post-thumbnail","6":"product_cat-allegories-britannia-germania","7":"product_cat-silbermuenze","8":"pa_anzahl-muenzen-weltweit-164","9":"pa_anzahl-nft-weltweit-3-nfts-weltweit","10":"pa_gewicht-der-muenze-groesser-1-oz","11":"pa_herstellungsland-germania-mint","12":"pa_material-muenze-feinsilber-0-999","13":"pa_muenzdurchmesser-mm-3861-mm","14":"pa_nennwert-muenze-5-mark","15":"pa_oberflaechenbeschaffenheit-bu-brilliant-unzirkuliert","16":"pa_praegejahr-der-muenze-134","18":"first","19":"instock","20":"taxable","21":"shipping-taxable","22":"purchasable","23":"product-type-simple"},"jetpack_sharing_enabled":true,"_links":{"self":[{"href":"https:\/\/coin-store-nft.com\/fr\/wp-json\/wp\/v2\/product\/1166"}],"collection":[{"href":"https:\/\/coin-store-nft.com\/fr\/wp-json\/wp\/v2\/product"}],"about":[{"href":"https:\/\/coin-store-nft.com\/fr\/wp-json\/wp\/v2\/types\/product"}],"replies":[{"embeddable":true,"href":"https:\/\/coin-store-nft.com\/fr\/wp-json\/wp\/v2\/comments?post=1166"}],"wp:featuredmedia":[{"embeddable":true,"href":"https:\/\/coin-store-nft.com\/fr\/wp-json\/wp\/v2\/media\/1168"}],"wp:attachment":[{"href":"https:\/\/coin-store-nft.com\/fr\/wp-json\/wp\/v2\/media?parent=1166"}],"wp:term":[{"taxonomy":"product_brand","embeddable":true,"href":"https:\/\/coin-store-nft.com\/fr\/wp-json\/wp\/v2\/product_brand?post=1166"},{"taxonomy":"product_cat","embeddable":true,"href":"https:\/\/coin-store-nft.com\/fr\/wp-json\/wp\/v2\/product_cat?post=1166"},{"taxonomy":"product_tag","embeddable":true,"href":"https:\/\/coin-store-nft.com\/fr\/wp-json\/wp\/v2\/product_tag?post=1166"}],"curies":[{"name":"wp","href":"https:\/\/api.w.org\/{rel}","templated":true}]}}