{"id":1180,"date":"2023-02-13T11:43:52","date_gmt":"2023-02-13T10:43:52","guid":{"rendered":"https:\/\/coin-store-nft.com\/?post_type=product&#038;p=1180"},"modified":"2023-05-25T12:22:21","modified_gmt":"2023-05-25T10:22:21","slug":"nft-usa-liberty-eagle-universe-1-oz","status":"publish","type":"product","link":"https:\/\/coin-store-nft.com\/fr\/produkt\/nft-usa-liberty-eagle-universe-1-oz\/","title":{"rendered":"USA Liberty Eagle Yin Yang Silberm\u00fcnze 1 Oz"},"content":{"rendered":"<div style=\"width: 800px;\" class=\"wp-video\"><!--[if lt IE 9]><script>document.createElement('video');<\/script><![endif]-->\n<video class=\"wp-video-shortcode\" id=\"video-1180-1\" width=\"800\" height=\"450\" preload=\"metadata\" controls=\"controls\"><source type=\"video\/mp4\" src=\"https:\/\/coin-store-nft.com\/wp-content\/uploads\/2023\/02\/Unbenanntes-Video-2-2.mp4?_=1\" \/><a href=\"https:\/\/coin-store-nft.com\/wp-content\/uploads\/2023\/02\/Unbenanntes-Video-2-2.mp4\">https:\/\/coin-store-nft.com\/wp-content\/uploads\/2023\/02\/Unbenanntes-Video-2-2.mp4<\/a><\/video><\/div>\n<p>USA Liberty Eagle Yin Yang Silberm\u00fcnze 1 Oz<\/p>\n<p>Eine zertifizierte, limitierte\/seltene ECHTE SILBERM\u00dcNZEN in Kombination mit NTF#1 (nur 3 NFT\u00b4s weltweit)<\/p>\n<p>&nbsp;<\/p>\n<p>Diese wundersch\u00f6ne 1 Oz Silberm\u00fcnze ist dem American Eagle gewidmet, der ber\u00fchmtesten nordamerikanischen M\u00fcnze,<\/p>\n<p>die die sch\u00f6ne Walking Liberty darstellt. Diese M\u00fcnze hat ein unglaubliches Design, eine wundersch\u00f6ne F\u00e4rbung und wird<\/p>\n<p>in einem Etui zusammen mit dem Echtheitszertifikat geliefert. American Eagle Silberm\u00fcnzen sind M\u00fcnzen, deren Gewicht<\/p>\n<p>und Reinheit von der Regierung der Vereinigten Staaten garantiert werden. Jede M\u00fcnze enth\u00e4lt mindestens eine Feinunze 99,9% reines Silber.<\/p>\n<p>Das Design der Vorderseite der American Eagle Silber-Anlagem\u00fcnzen basiert auf Adolph A. Weinmans \u00ab\u00a0Walking Liberty\u00a0\u00bb-Halbdollar,<\/p>\n<p>der von 1916 bis 1947 hergestellt wurde. Es gilt weithin als eine der sch\u00f6nsten amerikanischen M\u00fcnzen, die jemals gepr\u00e4gt wurden.<\/p>\n<p>Im Jahr 2021 feierte die U.S. Mint das 35-j\u00e4hrige Jubil\u00e4um des American Eagle Coin Program mit einem aufgefrischten Design.<\/p>\n<p>Dank technologischer Fortschritte im Design- und Pr\u00e4geprozess umfasst das Design nun einige von Weinmans urspr\u00fcnglichen Details,<\/p>\n<p>die zuvor nicht m\u00f6glich waren. Von 1986 bis 2021 zeigte die R\u00fcckseite einen Wappenadler mit einem Schild, der in der rechten Kralle einen<\/p>\n<p>Olivenzweig und in der linken Kralle Pfeile hielt. Das Design von John Mercanti symbolisierte St\u00e4rke und Ausdauer.<\/p>\n","protected":false},"excerpt":{"rendered":"<p>USA Liberty Eagle Yin Yang Silberm\u00fcnze 1 Oz Eine zertifizierte, limitierte\/seltene ECHTE SILBERM\u00dcNZEN in Kombination mit NTF#1 (nur 3 NFT\u00b4s weltweit) &nbsp; Diese wundersch\u00f6ne 1 Oz Silberm\u00fcnze ist dem American Eagle gewidmet, der ber\u00fchmtesten nordamerikanischen M\u00fcnze, die die sch\u00f6ne Walking Liberty darstellt. Diese M\u00fcnze hat ein unglaubliches Design, eine wundersch\u00f6ne F\u00e4rbung und wird in einem [&hellip;]<\/p>\n","protected":false},"featured_media":6324,"comment_status":"open","ping_status":"closed","template":"","meta":{"inline_featured_image":false},"product_brand":[],"product_cat":[101,159],"product_tag":[],"class_list":{"0":"post-1180","1":"product","2":"type-product","3":"status-publish","4":"has-post-thumbnail","6":"product_cat-silbermuenze","7":"product_cat-libertys-2","8":"pa_anzahl-nft-weltweit-3-nfts-weltweit","9":"pa_echtheitszertifikat-ja","10":"pa_gewicht-der-muenze-1-oz-2834-g","11":"pa_herstellungsland-usa","12":"pa_material-muenze-silber-0-999","13":"pa_muenzdurchmesser-mm-1-oz","14":"pa_nennwert-muenze-1-dollar","15":"pa_oberflaechenbeschaffenheit-bu-brilliant-unzirkuliert","16":"pa_praegejahr-der-muenze-131","18":"first","19":"instock","20":"taxable","21":"shipping-taxable","22":"purchasable","23":"product-type-simple"},"jetpack_sharing_enabled":true,"_links":{"self":[{"href":"https:\/\/coin-store-nft.com\/fr\/wp-json\/wp\/v2\/product\/1180"}],"collection":[{"href":"https:\/\/coin-store-nft.com\/fr\/wp-json\/wp\/v2\/product"}],"about":[{"href":"https:\/\/coin-store-nft.com\/fr\/wp-json\/wp\/v2\/types\/product"}],"replies":[{"embeddable":true,"href":"https:\/\/coin-store-nft.com\/fr\/wp-json\/wp\/v2\/comments?post=1180"}],"wp:featuredmedia":[{"embeddable":true,"href":"https:\/\/coin-store-nft.com\/fr\/wp-json\/wp\/v2\/media\/6324"}],"wp:attachment":[{"href":"https:\/\/coin-store-nft.com\/fr\/wp-json\/wp\/v2\/media?parent=1180"}],"wp:term":[{"taxonomy":"product_brand","embeddable":true,"href":"https:\/\/coin-store-nft.com\/fr\/wp-json\/wp\/v2\/product_brand?post=1180"},{"taxonomy":"product_cat","embeddable":true,"href":"https:\/\/coin-store-nft.com\/fr\/wp-json\/wp\/v2\/product_cat?post=1180"},{"taxonomy":"product_tag","embeddable":true,"href":"https:\/\/coin-store-nft.com\/fr\/wp-json\/wp\/v2\/product_tag?post=1180"}],"curies":[{"name":"wp","href":"https:\/\/api.w.org\/{rel}","templated":true}]}}