{"id":1187,"date":"2023-02-13T12:07:32","date_gmt":"2023-02-13T11:07:32","guid":{"rendered":"https:\/\/coin-store-nft.com\/?post_type=product&#038;p=1187"},"modified":"2023-06-19T09:40:10","modified_gmt":"2023-06-19T07:40:10","slug":"nft-usa-liberty-eagle-1-oz","status":"publish","type":"product","link":"https:\/\/coin-store-nft.com\/fr\/produkt\/nft-usa-liberty-eagle-1-oz\/","title":{"rendered":"NFT-USA Liberty Eagle Yin Yang #1\/3"},"content":{"rendered":"<p><a href=\"https:\/\/solsea.io\/n\/8VR1rBjhgVjrCFeZuxeEa1g3bxVYbAwaFaVj3CJmSNrq\/\" target=\"_blank\" rel=\"noopener\">https:\/\/solsea.io\/n\/8VR1rBjhgVjrCFeZuxeEa1g3bxVYbAwaFaVj3CJmSNrq\/<\/a><\/p>\n<div style=\"width: 800px;\" class=\"wp-video\"><!--[if lt IE 9]><script>document.createElement('video');<\/script><![endif]-->\n<video class=\"wp-video-shortcode\" id=\"video-1187-1\" width=\"800\" height=\"450\" preload=\"metadata\" controls=\"controls\"><source type=\"video\/mp4\" src=\"https:\/\/coin-store-nft.com\/wp-content\/uploads\/2023\/02\/Unbenanntes-Video-2-2.mp4?_=1\" \/><a href=\"https:\/\/coin-store-nft.com\/wp-content\/uploads\/2023\/02\/Unbenanntes-Video-2-2.mp4\">https:\/\/coin-store-nft.com\/wp-content\/uploads\/2023\/02\/Unbenanntes-Video-2-2.mp4<\/a><\/video><\/div>\n<p>&nbsp;<\/p>\n<p>NFT-USA Liberty Eagle Yin Yang #1\/3: eine zertifizierte Silberm\u00fcnze in limitierter Auflage verwandelt sich in ein animiertes NFT#1, eine neue und weltweit einzigartige Kombination. Ein Muss f\u00fcr jeden Sammler, hier kaufen.<\/p>\n<p><span class=\"TextRun SCXW19540867 BCX0\" lang=\"DE-DE\" xml:lang=\"DE-DE\" data-contrast=\"auto\"><span class=\"NormalTextRun SCXW19540867 BCX0\">Diese wundersch\u00f6ne 1 Oz Silberm\u00fcnze ist der ber\u00fchmtesten nordamerikanischen M\u00fcnzebAmerican Eagle gewidmet. Darstellung Walking Liberty. <\/span><\/span><\/p>\n<p><span class=\"TextRun SCXW19540867 BCX0\" lang=\"DE-DE\" xml:lang=\"DE-DE\" data-contrast=\"auto\"><span class=\"NormalTextRun SCXW19540867 BCX0\">Diese M\u00fcnze hat ein unglaubliches Design, eine <\/span><span class=\"NormalTextRun SCXW19540867 BCX0\">wundersch\u00f6ne <\/span><span class=\"NormalTextRun SCXW19540867 BCX0\">F\u00e4rbung und wird in einem Etui zusammen mit dem Echtheitszertifikat geliefert. <\/span><\/span><\/p>\n<p><span class=\"TextRun SCXW19540867 BCX0\" lang=\"DE-DE\" xml:lang=\"DE-DE\" data-contrast=\"auto\"><span class=\"NormalTextRun SCXW19540867 BCX0\">American Eagle Silberm\u00fcnzen sind M\u00fcnzen, deren Gewicht und Reinheit von der <\/span><span class=\"NormalTextRun SCXW19540867 BCX0\">Regierung<\/span><span class=\"NormalTextRun SCXW19540867 BCX0\"> der Vereinigten Staaten garantiert werden. Jede M\u00fcnze enth\u00e4lt mindestens eine Feinunze 99,9% reines Silber. Das Design der Vorderseite der American Eagle Silber-Anlagem\u00fcnzen basiert auf Adolph A. <\/span><span class=\"NormalTextRun SpellingErrorV2Themed SCXW19540867 BCX0\">Weinmans<\/span><span class=\"NormalTextRun SCXW19540867 BCX0\"> \u00ab\u00a0Walking Liberty\u00a0\u00bb-Halbdollar. (von 1916 bis 1947). Es gilt weithin als eine der sch\u00f6nsten amerikanischen M\u00fcnzen, die jemals gepr\u00e4gt wurden. Im Jahr 2021 feierte die U.S. Mint das 35-j\u00e4hrige Jubil\u00e4um des American Eagle Coin <\/span><span class=\"NormalTextRun SpellingErrorV2Themed SCXW19540867 BCX0\">Program<\/span><span class=\"NormalTextRun SCXW19540867 BCX0\"> mit einem aufgefrischten Design. Dank technologischer Fortschritte im Design- und Pr\u00e4geprozess umfasst das Design nun einige von <\/span><span class=\"NormalTextRun SpellingErrorV2Themed SCXW19540867 BCX0\">Weinmans<\/span><span class=\"NormalTextRun SCXW19540867 BCX0\"> urspr\u00fcnglichen Details, die zuvor nicht m\u00f6glich waren. Von 1986 bis 2021 zeigte die R\u00fcckseite einen Wappenadler mit einem Schild, der in der rechten Kralle einen Olivenzweig und in der linken<\/span><span class=\"NormalTextRun SCXW19540867 BCX0\"> Kralle<\/span><span class=\"NormalTextRun SCXW19540867 BCX0\"> Pfeile hielt. Das Design von John <\/span><span class=\"NormalTextRun SpellingErrorV2Themed SCXW19540867 BCX0\">Mercanti<\/span><span class=\"NormalTextRun SCXW19540867 BCX0\"> symbolisierte St\u00e4rke und Ausdauer.<\/span><\/span><span class=\"EOP SCXW19540867 BCX0\" data-ccp-props=\"{&quot;201341983&quot;:0,&quot;335559739&quot;:0,&quot;335559740&quot;:240}\">\u00a0<\/span><\/p>\n","protected":false},"excerpt":{"rendered":"<p>https:\/\/solsea.io\/n\/8VR1rBjhgVjrCFeZuxeEa1g3bxVYbAwaFaVj3CJmSNrq\/ &nbsp; NFT-USA Liberty Eagle Yin Yang #1\/3: eine zertifizierte Silberm\u00fcnze in limitierter Auflage verwandelt sich in ein animiertes NFT#1, eine neue und weltweit einzigartige Kombination. Ein Muss f\u00fcr jeden Sammler, hier kaufen. Diese wundersch\u00f6ne 1 Oz Silberm\u00fcnze ist der ber\u00fchmtesten nordamerikanischen M\u00fcnzebAmerican Eagle gewidmet. Darstellung Walking Liberty. Diese M\u00fcnze hat ein unglaubliches Design, eine [&hellip;]<\/p>\n","protected":false},"featured_media":1264,"comment_status":"open","ping_status":"closed","template":"","meta":{"inline_featured_image":false},"product_brand":[],"product_cat":[100,159],"product_tag":[],"class_list":{"0":"post-1187","1":"product","2":"type-product","3":"status-publish","4":"has-post-thumbnail","6":"product_cat-nft","7":"product_cat-libertys-2","8":"product_shipping_class-digital-asset","10":"first","11":"instock","12":"featured","13":"virtual","14":"purchasable","15":"product-type-simple"},"jetpack_sharing_enabled":true,"_links":{"self":[{"href":"https:\/\/coin-store-nft.com\/fr\/wp-json\/wp\/v2\/product\/1187"}],"collection":[{"href":"https:\/\/coin-store-nft.com\/fr\/wp-json\/wp\/v2\/product"}],"about":[{"href":"https:\/\/coin-store-nft.com\/fr\/wp-json\/wp\/v2\/types\/product"}],"replies":[{"embeddable":true,"href":"https:\/\/coin-store-nft.com\/fr\/wp-json\/wp\/v2\/comments?post=1187"}],"wp:featuredmedia":[{"embeddable":true,"href":"https:\/\/coin-store-nft.com\/fr\/wp-json\/wp\/v2\/media\/1264"}],"wp:attachment":[{"href":"https:\/\/coin-store-nft.com\/fr\/wp-json\/wp\/v2\/media?parent=1187"}],"wp:term":[{"taxonomy":"product_brand","embeddable":true,"href":"https:\/\/coin-store-nft.com\/fr\/wp-json\/wp\/v2\/product_brand?post=1187"},{"taxonomy":"product_cat","embeddable":true,"href":"https:\/\/coin-store-nft.com\/fr\/wp-json\/wp\/v2\/product_cat?post=1187"},{"taxonomy":"product_tag","embeddable":true,"href":"https:\/\/coin-store-nft.com\/fr\/wp-json\/wp\/v2\/product_tag?post=1187"}],"curies":[{"name":"wp","href":"https:\/\/api.w.org\/{rel}","templated":true}]}}