{"id":1191,"date":"2023-02-13T12:14:43","date_gmt":"2023-02-13T11:14:43","guid":{"rendered":"https:\/\/coin-store-nft.com\/?post_type=product&#038;p=1191"},"modified":"2023-06-19T09:29:25","modified_gmt":"2023-06-19T07:29:25","slug":"nft-usa-liberty-eagle-jazz-1-oz","status":"publish","type":"product","link":"https:\/\/coin-store-nft.com\/fr\/produkt\/nft-usa-liberty-eagle-jazz-1-oz\/","title":{"rendered":"NFT USA Liberty Eagle JAZZ #1\/3"},"content":{"rendered":"<div style=\"width: 640px;\" class=\"wp-video\"><!--[if lt IE 9]><script>document.createElement('video');<\/script><![endif]-->\n<video class=\"wp-video-shortcode\" id=\"video-1191-1\" width=\"640\" height=\"360\" preload=\"metadata\" controls=\"controls\"><source type=\"video\/mp4\" src=\"https:\/\/coin-store-nft.com\/wp-content\/uploads\/2023\/02\/Unbenanntes-Video-2_2.mp4?_=1\" \/><a href=\"https:\/\/coin-store-nft.com\/wp-content\/uploads\/2023\/02\/Unbenanntes-Video-2_2.mp4\">https:\/\/coin-store-nft.com\/wp-content\/uploads\/2023\/02\/Unbenanntes-Video-2_2.mp4<\/a><\/video><\/div>\n<p><a href=\"https:\/\/solsea.io\/n\/BEfFU7u38vZoYuumRvqz63vX9Vh4wPGr5mNc7qQQ39TQ\/\" target=\"_blank\" rel=\"noopener\">https:\/\/solsea.io\/n\/BEfFU7u38vZoYuumRvqz63vX9Vh4wPGr5mNc7qQQ39TQ\/<\/a><\/p>\n<p>NFT USA Liberty Eagle JAZZ #1\/3 eine zertifizierte Silberm\u00fcnze in limitierter Auflage verwandelt sich in ein animiertes NFT#1, eine neue und weltweit einzigartige Kombination, ein Muss f\u00fcr jeden Sammler, hier kaufen.<\/p>\n<p><span class=\"TextRun SCXW208216376 BCX0\" lang=\"DE-DE\" xml:lang=\"DE-DE\" data-contrast=\"auto\"><span class=\"NormalTextRun SCXW208216376 BCX0\">Diese wundersch\u00f6ne 1 Oz Silberm\u00fcnze ist dem American Eagle und dem JAZZ gewidmet, der ber\u00fchmtesten nordamerikanischen M\u00fcnze, die die sch\u00f6ne Walking Liberty darstellt. Diese M\u00fcnze hat ein unglaubliches Design, eine <\/span><span class=\"NormalTextRun SCXW208216376 BCX0\">wundersch\u00f6ne <\/span><span class=\"NormalTextRun SCXW208216376 BCX0\">F\u00e4rbung und wird in einem Etui zusammen mit dem Echtheitszertifikat geliefert. American Eagle Silberm\u00fcnzen sind M\u00fcnzen, deren Gewicht und Reinheit von der <\/span><span class=\"NormalTextRun SCXW208216376 BCX0\">Regierung<\/span><span class=\"NormalTextRun SCXW208216376 BCX0\"> der Vereinigten Staaten garantiert werden. Jede M\u00fcnze enth\u00e4lt mindestens eine Feinunze 99,9% reines Silber. Das Design der Vorderseite der American Eagle Silber-Anlagem\u00fcnzen basiert auf Adolph A. <\/span><span class=\"NormalTextRun SpellingErrorV2Themed SCXW208216376 BCX0\">Weinmans<\/span><span class=\"NormalTextRun SCXW208216376 BCX0\"> \u00ab\u00a0Walking Liberty\u00a0\u00bb-Halbdollar, der von 1916 bis 1947 hergestellt wurde. Es gilt weithin als eine der sch\u00f6nsten amerikanischen M\u00fcnzen, die jemals gepr\u00e4gt wurden. Im Jahr 2021 feierte die U.S. Mint das 35-j\u00e4hrige Jubil\u00e4um des American Eagle Coin <\/span><span class=\"NormalTextRun SpellingErrorV2Themed SCXW208216376 BCX0\">Program<\/span><span class=\"NormalTextRun SCXW208216376 BCX0\"> mit einem aufgefrischten Design. Dank technologischer Fortschritte im Design- und Pr\u00e4geprozess umfasst das Design nun einige von <\/span><span class=\"NormalTextRun SpellingErrorV2Themed SCXW208216376 BCX0\">Weinmans<\/span><span class=\"NormalTextRun SCXW208216376 BCX0\"> urspr\u00fcnglichen Details, die zuvor nicht m\u00f6glich waren. Von 1986 bis 2021 zeigte die R\u00fcckseite einen Wappenadler mit einem Schild, der in der rechten Kralle einen Olivenzweig und in der linken<\/span><span class=\"NormalTextRun SCXW208216376 BCX0\"> Kralle<\/span><span class=\"NormalTextRun SCXW208216376 BCX0\"> Pfeile hielt. Das Design von John <\/span><span class=\"NormalTextRun SpellingErrorV2Themed SCXW208216376 BCX0\">Mercanti<\/span><span class=\"NormalTextRun SCXW208216376 BCX0\"> symbolisierte St\u00e4rke und Ausdauer.<\/span><\/span><span class=\"EOP SCXW208216376 BCX0\" data-ccp-props=\"{&quot;201341983&quot;:0,&quot;335559739&quot;:0,&quot;335559740&quot;:240}\">\u00a0<\/span><\/p>\n","protected":false},"excerpt":{"rendered":"<p>https:\/\/solsea.io\/n\/BEfFU7u38vZoYuumRvqz63vX9Vh4wPGr5mNc7qQQ39TQ\/ NFT USA Liberty Eagle JAZZ #1\/3 eine zertifizierte Silberm\u00fcnze in limitierter Auflage verwandelt sich in ein animiertes NFT#1, eine neue und weltweit einzigartige Kombination, ein Muss f\u00fcr jeden Sammler, hier kaufen. Diese wundersch\u00f6ne 1 Oz Silberm\u00fcnze ist dem American Eagle und dem JAZZ gewidmet, der ber\u00fchmtesten nordamerikanischen M\u00fcnze, die die sch\u00f6ne Walking Liberty darstellt. [&hellip;]<\/p>\n","protected":false},"featured_media":1253,"comment_status":"open","ping_status":"closed","template":"","meta":{"inline_featured_image":false},"product_brand":[],"product_cat":[159,100],"product_tag":[],"class_list":{"0":"post-1191","1":"product","2":"type-product","3":"status-publish","4":"has-post-thumbnail","6":"product_cat-libertys-2","7":"product_cat-nft","8":"product_shipping_class-digital-asset","10":"first","11":"instock","12":"featured","13":"virtual","14":"purchasable","15":"product-type-simple"},"jetpack_sharing_enabled":true,"_links":{"self":[{"href":"https:\/\/coin-store-nft.com\/fr\/wp-json\/wp\/v2\/product\/1191"}],"collection":[{"href":"https:\/\/coin-store-nft.com\/fr\/wp-json\/wp\/v2\/product"}],"about":[{"href":"https:\/\/coin-store-nft.com\/fr\/wp-json\/wp\/v2\/types\/product"}],"replies":[{"embeddable":true,"href":"https:\/\/coin-store-nft.com\/fr\/wp-json\/wp\/v2\/comments?post=1191"}],"wp:featuredmedia":[{"embeddable":true,"href":"https:\/\/coin-store-nft.com\/fr\/wp-json\/wp\/v2\/media\/1253"}],"wp:attachment":[{"href":"https:\/\/coin-store-nft.com\/fr\/wp-json\/wp\/v2\/media?parent=1191"}],"wp:term":[{"taxonomy":"product_brand","embeddable":true,"href":"https:\/\/coin-store-nft.com\/fr\/wp-json\/wp\/v2\/product_brand?post=1191"},{"taxonomy":"product_cat","embeddable":true,"href":"https:\/\/coin-store-nft.com\/fr\/wp-json\/wp\/v2\/product_cat?post=1191"},{"taxonomy":"product_tag","embeddable":true,"href":"https:\/\/coin-store-nft.com\/fr\/wp-json\/wp\/v2\/product_tag?post=1191"}],"curies":[{"name":"wp","href":"https:\/\/api.w.org\/{rel}","templated":true}]}}