{"id":1417,"date":"2023-02-18T16:07:36","date_gmt":"2023-02-18T15:07:36","guid":{"rendered":"https:\/\/coin-store-nft.com\/?post_type=product&#038;p=1417"},"modified":"2023-06-25T11:27:02","modified_gmt":"2023-06-25T09:27:02","slug":"jewish-holidays-bar-mitzvah-silber-1-oz","status":"publish","type":"product","link":"https:\/\/coin-store-nft.com\/fr\/produkt\/jewish-holidays-bar-mitzvah-silber-1-oz\/","title":{"rendered":"Exklusiv Jewish Holidays-Silver Eagle-Bar Mitzvah Silberm\u00fcnze 1 Oz"},"content":{"rendered":"<div style=\"width: 800px;\" class=\"wp-video\"><!--[if lt IE 9]><script>document.createElement('video');<\/script><![endif]-->\n<video class=\"wp-video-shortcode\" id=\"video-1417-1\" width=\"800\" height=\"451\" preload=\"metadata\" controls=\"controls\"><source type=\"video\/mp4\" src=\"https:\/\/coin-store-nft.com\/wp-content\/uploads\/2023\/02\/USA-Silver-Eagle-Bar-MitzvahSmall.mp4?_=1\" \/><a href=\"https:\/\/coin-store-nft.com\/wp-content\/uploads\/2023\/02\/USA-Silver-Eagle-Bar-MitzvahSmall.mp4\">https:\/\/coin-store-nft.com\/wp-content\/uploads\/2023\/02\/USA-Silver-Eagle-Bar-MitzvahSmall.mp4<\/a><\/video><\/div>\n<p>Silver Eagle &#8211; Jewish Holidays &#8211; Bar Mitzvah Silberm\u00fcnze 1 Oz<\/p>\n<p>Mit Bar Mitzvah Silver Eagle, einer limitierten, zertifizierten, mit echtem Opal best\u00fcckten Silberm\u00fcnze in weltweit einzigartiger Kombination mit NFT#1<\/p>\n<p>erwerben Sie eine einmalige physisch\/digitale Kollektion, die jedes Sammlerherz h\u00f6her schlagen l\u00e4sst.<\/p>\n<p>Das Vorderseitendesign der Bar Mitzvah Silberm\u00fcnze der American Eagle Silberanlagem\u00fcnzen basiert auf Adolph A. Weinmans \u00ab\u00a0Walking Liberty\u00a0\u00bb-Halbdollar, der von 1916 bis 1947 hergestellt wurde. Sie gilt weithin als eine der sch\u00f6nsten amerikanischen M\u00fcnzen, die jemals gepr\u00e4gt wurden. Dank technologischer Fortschritte im Design- und Pr\u00e4geprozess umfasst das Design nun einige von Weinmans urspr\u00fcnglichen Details, die zuvor nicht m\u00f6glich waren. Der integrierte OPAL als Judenstern ist neben der lebendigen Farbgebung und dem harmonischen Design als atemberaubender optischer Zusatzeffekt zu sehen.<\/p>\n","protected":false},"excerpt":{"rendered":"<p>Silver Eagle &#8211; Jewish Holidays &#8211; Bar Mitzvah Silberm\u00fcnze 1 Oz Mit Bar Mitzvah Silver Eagle, einer limitierten, zertifizierten, mit echtem Opal best\u00fcckten Silberm\u00fcnze in weltweit einzigartiger Kombination mit NFT#1 erwerben Sie eine einmalige physisch\/digitale Kollektion, die jedes Sammlerherz h\u00f6her schlagen l\u00e4sst. Das Vorderseitendesign der Bar Mitzvah Silberm\u00fcnze der American Eagle Silberanlagem\u00fcnzen basiert auf Adolph [&hellip;]<\/p>\n","protected":false},"featured_media":1419,"comment_status":"open","ping_status":"closed","template":"","meta":{"inline_featured_image":false},"product_brand":[],"product_cat":[101,159],"product_tag":[],"class_list":{"0":"post-1417","1":"product","2":"type-product","3":"status-publish","4":"has-post-thumbnail","6":"product_cat-silbermuenze","7":"product_cat-libertys-2","8":"pa_anzahl-nft-weltweit-3-nfts-weltweit","9":"pa_echtheitszertifikat-ja","10":"pa_gewicht-der-muenze-groesser-1-oz","11":"pa_herstellungsland-usa","12":"pa_material-muenze-silber-0-999","13":"pa_muenzdurchmesser-mm-1-oz","14":"pa_nennwert-muenze-1-dollar","15":"pa_oberflaechenbeschaffenheit-koloriert-mit-echtem-opal","16":"pa_praegejahr-der-muenze-133","18":"first","19":"instock","20":"featured","21":"taxable","22":"shipping-taxable","23":"purchasable","24":"product-type-simple"},"jetpack_sharing_enabled":true,"_links":{"self":[{"href":"https:\/\/coin-store-nft.com\/fr\/wp-json\/wp\/v2\/product\/1417"}],"collection":[{"href":"https:\/\/coin-store-nft.com\/fr\/wp-json\/wp\/v2\/product"}],"about":[{"href":"https:\/\/coin-store-nft.com\/fr\/wp-json\/wp\/v2\/types\/product"}],"replies":[{"embeddable":true,"href":"https:\/\/coin-store-nft.com\/fr\/wp-json\/wp\/v2\/comments?post=1417"}],"wp:featuredmedia":[{"embeddable":true,"href":"https:\/\/coin-store-nft.com\/fr\/wp-json\/wp\/v2\/media\/1419"}],"wp:attachment":[{"href":"https:\/\/coin-store-nft.com\/fr\/wp-json\/wp\/v2\/media?parent=1417"}],"wp:term":[{"taxonomy":"product_brand","embeddable":true,"href":"https:\/\/coin-store-nft.com\/fr\/wp-json\/wp\/v2\/product_brand?post=1417"},{"taxonomy":"product_cat","embeddable":true,"href":"https:\/\/coin-store-nft.com\/fr\/wp-json\/wp\/v2\/product_cat?post=1417"},{"taxonomy":"product_tag","embeddable":true,"href":"https:\/\/coin-store-nft.com\/fr\/wp-json\/wp\/v2\/product_tag?post=1417"}],"curies":[{"name":"wp","href":"https:\/\/api.w.org\/{rel}","templated":true}]}}