{"id":1425,"date":"2023-02-18T16:25:25","date_gmt":"2023-02-18T15:25:25","guid":{"rendered":"https:\/\/coin-store-nft.com\/?post_type=product&#038;p=1425"},"modified":"2023-07-26T07:19:04","modified_gmt":"2023-07-26T05:19:04","slug":"apollo-11-mondlandung-silber-3-oz","status":"publish","type":"product","link":"https:\/\/coin-store-nft.com\/fr\/produkt\/apollo-11-mondlandung-silber-3-oz\/","title":{"rendered":"Apollo 11 &#8211; Mondlandung Silberm\u00fcnze 3 Oz"},"content":{"rendered":"<div style=\"width: 480px;\" class=\"wp-video\"><!--[if lt IE 9]><script>document.createElement('video');<\/script><![endif]-->\n<video class=\"wp-video-shortcode\" id=\"video-1425-1\" width=\"480\" height=\"270\" preload=\"metadata\" controls=\"controls\"><source type=\"video\/mp4\" src=\"https:\/\/coin-store-nft.com\/wp-content\/uploads\/2023\/02\/Unbenanntes-Video-5.mp4?_=1\" \/><a href=\"https:\/\/coin-store-nft.com\/wp-content\/uploads\/2023\/02\/Unbenanntes-Video-5.mp4\">https:\/\/coin-store-nft.com\/wp-content\/uploads\/2023\/02\/Unbenanntes-Video-5.mp4<\/a><\/video><\/div>\n<p>Diese wunderbare 3 Oz Silberm\u00fcnze ist dem 50. Jahrestag der Apollo 11 Mondmission am 20. Juli 1969 gewidmet.<\/p>\n<p>Die M\u00fcnze hat eine antike Oberfl\u00e4chenqualit\u00e4t und wird in einer Themenbox zusammen mit dem Echtheitszertifikat geliefert.<\/p>\n<p>Vorderseite: Erster Mensch auf dem Mond eindrucksvoll in Szene gesetzt sowie die Inschrift APOLLO 11-1969 &#8211; R\u00fcckseite zeigt den ersten Fu\u00dfabdruck des Astronauten sowie die Inschrift: Republique du Cameroun (Ausgabeland) 2019 das Pr\u00e4gejahr und 3000 Francs CFA als Nennwert.<\/p>\n<p>Besitzen Sie ein St\u00fcck Weltraum Geschichte und holen Sie sich noch heute diese au\u00dfergew\u00f6hnliche M\u00fcnze nach Hause, <strong><span style=\"color: #00ff00;\">dazu gibt es als Geschenk GRATIS den dazugeh\u00f6rigen NFT#1\u00a0<\/span><\/strong> \u00a0 (Aktion zeitlich begrenzt!).<\/p>\n","protected":false},"excerpt":{"rendered":"<p>Diese wunderbare 3 Oz Silberm\u00fcnze ist dem 50. Jahrestag der Apollo 11 Mondmission am 20. Juli 1969 gewidmet. Die M\u00fcnze hat eine antike Oberfl\u00e4chenqualit\u00e4t und wird in einer Themenbox zusammen mit dem Echtheitszertifikat geliefert. Vorderseite: Erster Mensch auf dem Mond eindrucksvoll in Szene gesetzt sowie die Inschrift APOLLO 11-1969 &#8211; R\u00fcckseite zeigt den ersten Fu\u00dfabdruck [&hellip;]<\/p>\n","protected":false},"featured_media":6345,"comment_status":"open","ping_status":"closed","template":"","meta":{"inline_featured_image":false},"product_brand":[],"product_cat":[101,151],"product_tag":[],"class_list":{"0":"post-1425","1":"product","2":"type-product","3":"status-publish","4":"has-post-thumbnail","6":"product_cat-silbermuenze","7":"product_cat-space-edition","8":"pa_anzahl-muenzen-weltweit-169","9":"pa_anzahl-nft-weltweit-3-nfts-weltweit","10":"pa_echtheitszertifikat-ja","11":"pa_gewicht-der-muenze-3-oz-8504-g","12":"pa_herstellungsland-cameroon","13":"pa_material-muenze-feinsilber-0-999","14":"pa_muenzdurchmesser-mm-3-oz","15":"pa_nennwert-muenze-3000-francs","16":"pa_oberflaechenbeschaffenheit-antikes-finish","17":"pa_praegejahr-der-muenze-133","19":"first","20":"instock","21":"taxable","22":"shipping-taxable","23":"purchasable","24":"product-type-simple"},"jetpack_sharing_enabled":true,"_links":{"self":[{"href":"https:\/\/coin-store-nft.com\/fr\/wp-json\/wp\/v2\/product\/1425"}],"collection":[{"href":"https:\/\/coin-store-nft.com\/fr\/wp-json\/wp\/v2\/product"}],"about":[{"href":"https:\/\/coin-store-nft.com\/fr\/wp-json\/wp\/v2\/types\/product"}],"replies":[{"embeddable":true,"href":"https:\/\/coin-store-nft.com\/fr\/wp-json\/wp\/v2\/comments?post=1425"}],"wp:featuredmedia":[{"embeddable":true,"href":"https:\/\/coin-store-nft.com\/fr\/wp-json\/wp\/v2\/media\/6345"}],"wp:attachment":[{"href":"https:\/\/coin-store-nft.com\/fr\/wp-json\/wp\/v2\/media?parent=1425"}],"wp:term":[{"taxonomy":"product_brand","embeddable":true,"href":"https:\/\/coin-store-nft.com\/fr\/wp-json\/wp\/v2\/product_brand?post=1425"},{"taxonomy":"product_cat","embeddable":true,"href":"https:\/\/coin-store-nft.com\/fr\/wp-json\/wp\/v2\/product_cat?post=1425"},{"taxonomy":"product_tag","embeddable":true,"href":"https:\/\/coin-store-nft.com\/fr\/wp-json\/wp\/v2\/product_tag?post=1425"}],"curies":[{"name":"wp","href":"https:\/\/api.w.org\/{rel}","templated":true}]}}