{"id":1448,"date":"2023-02-18T16:44:45","date_gmt":"2023-02-18T15:44:45","guid":{"rendered":"https:\/\/coin-store-nft.com\/?post_type=product&#038;p=1448"},"modified":"2026-02-12T13:49:30","modified_gmt":"2026-02-12T12:49:30","slug":"silver-eagle-apollo11-1-oz","status":"publish","type":"product","link":"https:\/\/coin-store-nft.com\/fr\/produkt\/silver-eagle-apollo11-1-oz\/","title":{"rendered":"SILVER EAGLE &#8211; APOLLO 11 &#8211; 50er Jahrestag der Mondlandung-Silberm\u00fcnze 1 Oz"},"content":{"rendered":"<div style=\"width: 800px;\" class=\"wp-video\"><!--[if lt IE 9]><script>document.createElement('video');<\/script><![endif]-->\n<video class=\"wp-video-shortcode\" id=\"video-1448-1\" width=\"800\" height=\"451\" preload=\"metadata\" controls=\"controls\"><source type=\"video\/mp4\" src=\"https:\/\/coin-store-nft.com\/wp-content\/uploads\/2023\/02\/50th-Anniversary-of-the-Moon-Landing-1-Oz-SMALL.mp4?_=1\" \/><a href=\"https:\/\/coin-store-nft.com\/wp-content\/uploads\/2023\/02\/50th-Anniversary-of-the-Moon-Landing-1-Oz-SMALL.mp4\">https:\/\/coin-store-nft.com\/wp-content\/uploads\/2023\/02\/50th-Anniversary-of-the-Moon-Landing-1-Oz-SMALL.mp4<\/a><\/video><\/div>\n<p>SILVER EAGLE &#8211; APOLLO 11 &#8211; 50er Jahrestag der Mondlandung-Silberm\u00fcnze 1 Oz<\/p>\n<p>Diese wundersch\u00f6ne Silberm\u00fcnze ist dem 50. Jahrestag der Mondmission Apollo 11 am 20. Juli 1969 gewidmet. Die M\u00fcnze hat einen wunderbaren Farbauftrag und ein wundersch\u00f6nes Design. Die Vorderseite der M\u00fcnze zeigt das den Astronauten auf der Mondoberfl\u00e4che neben der Amerikanischen Flagge. \u00a0Die R\u00fcckseite einen Wappenadler mit Schild, der in der rechten Kralle einen Olivenzweig und in der linken Pfeile umklammert. Das Design von John Mercanti symbolisierte St\u00e4rke und Ausdauer.<\/p>\n","protected":false},"excerpt":{"rendered":"<p>SILVER EAGLE &#8211; APOLLO 11 &#8211; 50er Jahrestag der Mondlandung-Silberm\u00fcnze 1 Oz Diese wundersch\u00f6ne Silberm\u00fcnze ist dem 50. Jahrestag der Mondmission Apollo 11 am 20. Juli 1969 gewidmet. Die M\u00fcnze hat einen wunderbaren Farbauftrag und ein wundersch\u00f6nes Design. Die Vorderseite der M\u00fcnze zeigt das den Astronauten auf der Mondoberfl\u00e4che neben der Amerikanischen Flagge. \u00a0Die R\u00fcckseite [&hellip;]<\/p>\n","protected":false},"featured_media":6354,"comment_status":"open","ping_status":"closed","template":"","meta":{"inline_featured_image":false},"product_brand":[],"product_cat":[101,151],"product_tag":[],"class_list":{"0":"post-1448","1":"product","2":"type-product","3":"status-publish","4":"has-post-thumbnail","6":"product_cat-silbermuenze","7":"product_cat-space-edition","8":"pa_anzahl-muenzen-weltweit-185","9":"pa_anzahl-nft-weltweit-3-nfts-weltweit","10":"pa_echtheitszertifikat-ja","11":"pa_gewicht-der-muenze-groesser-1-oz","12":"pa_herstellungsland-usa","13":"pa_material-muenze-silber-0-999","14":"pa_muenzdurchmesser-mm-1-oz","15":"pa_nennwert-muenze-1-dollar","16":"pa_oberflaechenbeschaffenheit-bu-brilliant-unzirkuliert","17":"pa_praegejahr-der-muenze-133","19":"first","20":"outofstock","21":"taxable","22":"shipping-taxable","23":"purchasable","24":"product-type-simple"},"jetpack_sharing_enabled":true,"_links":{"self":[{"href":"https:\/\/coin-store-nft.com\/fr\/wp-json\/wp\/v2\/product\/1448"}],"collection":[{"href":"https:\/\/coin-store-nft.com\/fr\/wp-json\/wp\/v2\/product"}],"about":[{"href":"https:\/\/coin-store-nft.com\/fr\/wp-json\/wp\/v2\/types\/product"}],"replies":[{"embeddable":true,"href":"https:\/\/coin-store-nft.com\/fr\/wp-json\/wp\/v2\/comments?post=1448"}],"wp:featuredmedia":[{"embeddable":true,"href":"https:\/\/coin-store-nft.com\/fr\/wp-json\/wp\/v2\/media\/6354"}],"wp:attachment":[{"href":"https:\/\/coin-store-nft.com\/fr\/wp-json\/wp\/v2\/media?parent=1448"}],"wp:term":[{"taxonomy":"product_brand","embeddable":true,"href":"https:\/\/coin-store-nft.com\/fr\/wp-json\/wp\/v2\/product_brand?post=1448"},{"taxonomy":"product_cat","embeddable":true,"href":"https:\/\/coin-store-nft.com\/fr\/wp-json\/wp\/v2\/product_cat?post=1448"},{"taxonomy":"product_tag","embeddable":true,"href":"https:\/\/coin-store-nft.com\/fr\/wp-json\/wp\/v2\/product_tag?post=1448"}],"curies":[{"name":"wp","href":"https:\/\/api.w.org\/{rel}","templated":true}]}}