{"id":1455,"date":"2023-02-18T16:48:58","date_gmt":"2023-02-18T15:48:58","guid":{"rendered":"https:\/\/coin-store-nft.com\/?post_type=product&#038;p=1455"},"modified":"2023-07-26T07:19:03","modified_gmt":"2023-07-26T05:19:03","slug":"alien-schlacht-silber-1-oz","status":"publish","type":"product","link":"https:\/\/coin-store-nft.com\/fr\/produkt\/alien-schlacht-silber-1-oz\/","title":{"rendered":"ALIEN-Schlacht um Los Angeles Silberm\u00fcnze 1 Oz"},"content":{"rendered":"<div style=\"width: 480px;\" class=\"wp-video\"><!--[if lt IE 9]><script>document.createElement('video');<\/script><![endif]-->\n<video class=\"wp-video-shortcode\" id=\"video-1455-1\" width=\"480\" height=\"270\" autoplay=\"1\" preload=\"metadata\" controls=\"controls\"><source type=\"video\/mp4\" src=\"https:\/\/coin-store-nft.com\/wp-content\/uploads\/2023\/02\/Aliens-Battle-of-Los-Angeles-SMALL.mp4?_=1\" \/><a href=\"https:\/\/coin-store-nft.com\/wp-content\/uploads\/2023\/02\/Aliens-Battle-of-Los-Angeles-SMALL.mp4\">https:\/\/coin-store-nft.com\/wp-content\/uploads\/2023\/02\/Aliens-Battle-of-Los-Angeles-SMALL.mp4<\/a><\/video><\/div>\n<p>ALIEN-Schlacht um Los Angeles Silberm\u00fcnze 1 Oz<\/p>\n<p>Diese au\u00dfergew\u00f6hnliche Silberm\u00fcnze ist dem Film WORLD INVASION gewidmet und in Kombination mit NFT#1 (weltweit nur 3 NFT\u00b4s)<\/p>\n<p>exklusiv und nur bei coin-store-nft.com angeboten.<\/p>\n<p>World Invasion: Battle Los Angeles (auch bekannt als Battle: LA und Battle: Los Angeles) ist ein US-amerikanischer Science-Fiction-Kriegsfilm,<\/p>\n<p>der am 11. M\u00e4rz 2011 in den amerikanischen Kinos anlief und am 14. April 2011 in den deutschen. Regie f\u00fchrte Jonathan Liebesman;<\/p>\n<p>die Hauptrollen \u00fcbernahmen Aaron Eckhart und Michelle Rodr\u00edguez.<\/p>\n","protected":false},"excerpt":{"rendered":"<p>ALIEN-Schlacht um Los Angeles Silberm\u00fcnze 1 Oz Diese au\u00dfergew\u00f6hnliche Silberm\u00fcnze ist dem Film WORLD INVASION gewidmet und in Kombination mit NFT#1 (weltweit nur 3 NFT\u00b4s) exklusiv und nur bei coin-store-nft.com angeboten. World Invasion: Battle Los Angeles (auch bekannt als Battle: LA und Battle: Los Angeles) ist ein US-amerikanischer Science-Fiction-Kriegsfilm, der am 11. M\u00e4rz 2011 in [&hellip;]<\/p>\n","protected":false},"featured_media":6341,"comment_status":"open","ping_status":"closed","template":"","meta":{"inline_featured_image":false},"product_brand":[],"product_cat":[101,151],"product_tag":[],"class_list":{"0":"post-1455","1":"product","2":"type-product","3":"status-publish","4":"has-post-thumbnail","6":"product_cat-silbermuenze","7":"product_cat-space-edition","8":"pa_anzahl-muenzen-weltweit-169","9":"pa_anzahl-nft-weltweit-3-nfts-weltweit","10":"pa_echtheitszertifikat-ja","11":"pa_gewicht-der-muenze-groesser-1-oz","12":"pa_herstellungsland-burkina-faso","13":"pa_material-muenze-silber-0-999","14":"pa_muenzdurchmesser-mm-2-oz","15":"pa_nennwert-muenze-1000-francs","16":"pa_oberflaechenbeschaffenheit-antikes-finish","17":"pa_praegejahr-der-muenze-131","19":"first","20":"instock","21":"taxable","22":"shipping-taxable","23":"purchasable","24":"product-type-simple"},"jetpack_sharing_enabled":true,"_links":{"self":[{"href":"https:\/\/coin-store-nft.com\/fr\/wp-json\/wp\/v2\/product\/1455"}],"collection":[{"href":"https:\/\/coin-store-nft.com\/fr\/wp-json\/wp\/v2\/product"}],"about":[{"href":"https:\/\/coin-store-nft.com\/fr\/wp-json\/wp\/v2\/types\/product"}],"replies":[{"embeddable":true,"href":"https:\/\/coin-store-nft.com\/fr\/wp-json\/wp\/v2\/comments?post=1455"}],"wp:featuredmedia":[{"embeddable":true,"href":"https:\/\/coin-store-nft.com\/fr\/wp-json\/wp\/v2\/media\/6341"}],"wp:attachment":[{"href":"https:\/\/coin-store-nft.com\/fr\/wp-json\/wp\/v2\/media?parent=1455"}],"wp:term":[{"taxonomy":"product_brand","embeddable":true,"href":"https:\/\/coin-store-nft.com\/fr\/wp-json\/wp\/v2\/product_brand?post=1455"},{"taxonomy":"product_cat","embeddable":true,"href":"https:\/\/coin-store-nft.com\/fr\/wp-json\/wp\/v2\/product_cat?post=1455"},{"taxonomy":"product_tag","embeddable":true,"href":"https:\/\/coin-store-nft.com\/fr\/wp-json\/wp\/v2\/product_tag?post=1455"}],"curies":[{"name":"wp","href":"https:\/\/api.w.org\/{rel}","templated":true}]}}