{"id":1462,"date":"2023-02-18T16:54:31","date_gmt":"2023-02-18T15:54:31","guid":{"rendered":"https:\/\/coin-store-nft.com\/?post_type=product&#038;p=1462"},"modified":"2023-05-26T10:30:47","modified_gmt":"2023-05-26T08:30:47","slug":"mexico-libertad-silber-1-oz","status":"publish","type":"product","link":"https:\/\/coin-store-nft.com\/fr\/produkt\/mexico-libertad-silber-1-oz\/","title":{"rendered":"Mexico Libertad &#8211; Huichol Silberm\u00fcnze 1 Oz"},"content":{"rendered":"<div style=\"width: 800px;\" class=\"wp-video\"><!--[if lt IE 9]><script>document.createElement('video');<\/script><![endif]-->\n<video class=\"wp-video-shortcode\" id=\"video-1462-1\" width=\"800\" height=\"451\" preload=\"metadata\" controls=\"controls\"><source type=\"video\/mp4\" src=\"https:\/\/coin-store-nft.com\/wp-content\/uploads\/2023\/02\/Mexico-2018-1-Onza-Libertad-Huichol-10-1oz-Silver-Coin-SMALL.mp4?_=1\" \/><a href=\"https:\/\/coin-store-nft.com\/wp-content\/uploads\/2023\/02\/Mexico-2018-1-Onza-Libertad-Huichol-10-1oz-Silver-Coin-SMALL.mp4\">https:\/\/coin-store-nft.com\/wp-content\/uploads\/2023\/02\/Mexico-2018-1-Onza-Libertad-Huichol-10-1oz-Silver-Coin-SMALL.mp4<\/a><\/video><\/div>\n<p>Mexico Libertad &#8211; Huichol Silberm\u00fcnze 1 Oz<\/p>\n<p>Weltweit einzigartige Kombination der Silberm\u00fcnze mit individuell erstelltem NFT#1.<\/p>\n<p>Diese wundersch\u00f6ne M\u00fcnze zeigt zwei Schl\u00fcsselsymbole Mexikos: den Engel der Unabh\u00e4ngigkeit und die mexikanische Flagge. Der gefl\u00fcgelte Siegesengel, der auf der Vorderseite erscheint, ist ein historisches Denkmal f\u00fcr das mexikanische Volk und gilt als Symbol von Mexiko-Stadt. Die mexikanische Flagge ist im Hintergrund. Auf der R\u00fcckseite ist das Nationalwappen von verschiedenen Adlermotiven umgeben, die im Laufe der Jahre als nationale Embleme verwendet wurden, sowie vom Adler im Codex Mendocino.<\/p>\n<p>Jedes NFT ist ein einzigartiges Kunstwerk, das die Essenz der M\u00fcnze in ihrer ganzen Pracht einfangen soll. Diese M\u00fcnzen sind die perfekte Erg\u00e4nzung f\u00fcr jede Sammlung, egal ob Sie ein erfahrener Sammler oder ein Neuling in der NFT-Szene sind. Die komplizierten Designs und die Liebe zum Detail heben diese M\u00fcnzen von den anderen ab, wobei jede ihre eigene, einzigartige Geschichte erz\u00e4hlt. Von bedrohlich und dunkel bis hin zu skurril und verspielt ist jeder Skull Coin NFT ein Kunstwerk, das Sie von dem Moment an, in dem Sie es sehen, in seinen Bann ziehen wird. Die komplizierten Details auf jeder M\u00fcnze sind ein Beweis f\u00fcr das K\u00f6nnen und Talent des K\u00fcnstlers, und die hochwertige Aufl\u00f6sung sorgt daf\u00fcr, dass jede Nuance in atemberaubenden Details eingefangen wird.<\/p>\n","protected":false},"excerpt":{"rendered":"<p>Mexico Libertad &#8211; Huichol Silberm\u00fcnze 1 Oz Weltweit einzigartige Kombination der Silberm\u00fcnze mit individuell erstelltem NFT#1. Diese wundersch\u00f6ne M\u00fcnze zeigt zwei Schl\u00fcsselsymbole Mexikos: den Engel der Unabh\u00e4ngigkeit und die mexikanische Flagge. Der gefl\u00fcgelte Siegesengel, der auf der Vorderseite erscheint, ist ein historisches Denkmal f\u00fcr das mexikanische Volk und gilt als Symbol von Mexiko-Stadt. Die mexikanische [&hellip;]<\/p>\n","protected":false},"featured_media":1465,"comment_status":"open","ping_status":"closed","template":"","meta":{"inline_featured_image":false},"product_brand":[],"product_cat":[101,159],"product_tag":[],"class_list":{"0":"post-1462","1":"product","2":"type-product","3":"status-publish","4":"has-post-thumbnail","6":"product_cat-silbermuenze","7":"product_cat-libertys-2","8":"pa_anzahl-nft-weltweit-3-nfts-weltweit","9":"pa_echtheitszertifikat-ja","10":"pa_gewicht-der-muenze-groesser-1-oz","11":"pa_herstellungsland-mexiko","12":"pa_material-muenze-silber-0-999","13":"pa_muenzdurchmesser-mm-1-oz","14":"pa_nennwert-muenze-1-dollar","15":"pa_oberflaechenbeschaffenheit-antikes-finish","16":"pa_praegejahr-der-muenze-132","18":"first","19":"instock","20":"taxable","21":"shipping-taxable","22":"purchasable","23":"product-type-simple"},"jetpack_sharing_enabled":true,"_links":{"self":[{"href":"https:\/\/coin-store-nft.com\/fr\/wp-json\/wp\/v2\/product\/1462"}],"collection":[{"href":"https:\/\/coin-store-nft.com\/fr\/wp-json\/wp\/v2\/product"}],"about":[{"href":"https:\/\/coin-store-nft.com\/fr\/wp-json\/wp\/v2\/types\/product"}],"replies":[{"embeddable":true,"href":"https:\/\/coin-store-nft.com\/fr\/wp-json\/wp\/v2\/comments?post=1462"}],"wp:featuredmedia":[{"embeddable":true,"href":"https:\/\/coin-store-nft.com\/fr\/wp-json\/wp\/v2\/media\/1465"}],"wp:attachment":[{"href":"https:\/\/coin-store-nft.com\/fr\/wp-json\/wp\/v2\/media?parent=1462"}],"wp:term":[{"taxonomy":"product_brand","embeddable":true,"href":"https:\/\/coin-store-nft.com\/fr\/wp-json\/wp\/v2\/product_brand?post=1462"},{"taxonomy":"product_cat","embeddable":true,"href":"https:\/\/coin-store-nft.com\/fr\/wp-json\/wp\/v2\/product_cat?post=1462"},{"taxonomy":"product_tag","embeddable":true,"href":"https:\/\/coin-store-nft.com\/fr\/wp-json\/wp\/v2\/product_tag?post=1462"}],"curies":[{"name":"wp","href":"https:\/\/api.w.org\/{rel}","templated":true}]}}