{"id":1476,"date":"2023-02-18T17:05:06","date_gmt":"2023-02-18T16:05:06","guid":{"rendered":"https:\/\/coin-store-nft.com\/?post_type=product&#038;p=1476"},"modified":"2023-07-06T08:05:28","modified_gmt":"2023-07-06T06:05:28","slug":"nft-steampunk-jet-pack-cook-island-1-3","status":"publish","type":"product","link":"https:\/\/coin-store-nft.com\/fr\/produkt\/nft-steampunk-jet-pack-cook-island-1-3\/","title":{"rendered":"NFT-Steampunk Jet Pack Cook Island #1\/3"},"content":{"rendered":"<p>&nbsp;<\/p>\n<p><a href=\"https:\/\/solsea.io\/n\/6TkN3GcD4zb71xE4YcFFXTw1YMeQh9DuL8KJVyd9BmdP\/\" target=\"_blank\" rel=\"noopener\">https:\/\/solsea.io\/n\/6TkN3GcD4zb71xE4YcFFXTw1YMeQh9DuL8KJVyd9BmdP\/<\/a><\/p>\n<div style=\"width: 480px;\" class=\"wp-video\"><!--[if lt IE 9]><script>document.createElement('video');<\/script><![endif]-->\n<video class=\"wp-video-shortcode\" id=\"video-1476-1\" width=\"480\" height=\"270\" preload=\"metadata\" controls=\"controls\"><source type=\"video\/mp4\" src=\"https:\/\/coin-store-nft.com\/wp-content\/uploads\/2023\/02\/Jetpack-small.mp4?_=1\" \/><a href=\"https:\/\/coin-store-nft.com\/wp-content\/uploads\/2023\/02\/Jetpack-small.mp4\">https:\/\/coin-store-nft.com\/wp-content\/uploads\/2023\/02\/Jetpack-small.mp4<\/a><\/video><\/div>\n<p>NFT-Steampunk Jet Pack Cook Island #1\/3 eine zertifizierte Silberm\u00fcnze in limitierter Auflage verwandelt sich in ein animiertes NFT#1, eine neue und weltweit einzigartige Kombination, ein Muss f\u00fcr jeden Sammler, hier kaufen.<\/p>\n<p><span class=\"TextRun SCXW151602119 BCX0\" lang=\"EN-US\" xml:lang=\"EN-US\" data-contrast=\"none\"><span class=\"NormalTextRun SCXW151602119 BCX0\">Diese<\/span> <span class=\"NormalTextRun SCXW151602119 BCX0\">wundersch\u00f6ne<\/span> <span class=\"NormalTextRun SCXW151602119 BCX0\">3<\/span><span class=\"NormalTextRun SCXW151602119 BCX0\">&#8211;<\/span><span class=\"NormalTextRun SCXW151602119 BCX0\">Unzen<\/span><span class=\"NormalTextRun SCXW151602119 BCX0\">&#8211;<\/span><span class=\"NormalTextRun SCXW151602119 BCX0\">M\u00fcnze<\/span> <span class=\"NormalTextRun SCXW151602119 BCX0\">hat<\/span><span class=\"NormalTextRun SCXW151602119 BCX0\"> eine <\/span><span class=\"NormalTextRun SCXW151602119 BCX0\">Antik<\/span><span class=\"NormalTextRun SCXW151602119 BCX0\">&#8211;<\/span><span class=\"NormalTextRun SCXW151602119 BCX0\">Finish<\/span><span class=\"NormalTextRun SCXW151602119 BCX0\">&#8211;<\/span><span class=\"NormalTextRun SCXW151602119 BCX0\">Qualit\u00e4t<\/span><span class=\"NormalTextRun SCXW151602119 BCX0\">, <\/span><span class=\"NormalTextRun SCXW151602119 BCX0\">hat<\/span> <span class=\"NormalTextRun SCXW151602119 BCX0\">eine<\/span> <span class=\"NormalTextRun SCXW151602119 BCX0\">selektive<\/span> <span class=\"NormalTextRun SCXW151602119 BCX0\">Vergoldung<\/span><span class=\"NormalTextRun SCXW151602119 BCX0\">, <\/span><span class=\"NormalTextRun SCXW151602119 BCX0\">verf\u00fcgt<\/span> <span class=\"NormalTextRun SCXW151602119 BCX0\">dank<\/span> <span class=\"NormalTextRun SCXW151602119 BCX0\">der<\/span> <span class=\"NormalTextRun SCXW151602119 BCX0\">Smartminting<\/span><span class=\"NormalTextRun SCXW151602119 BCX0\">&#8211;<\/span><span class=\"NormalTextRun SCXW151602119 BCX0\">Technologie<\/span> <span class=\"NormalTextRun SCXW151602119 BCX0\">\u00fcber<\/span> <span class=\"NormalTextRun SCXW151602119 BCX0\">Ultra<\/span> <span class=\"NormalTextRun SCXW151602119 BCX0\">High<\/span> <span class=\"NormalTextRun SCXW151602119 BCX0\">Reliefs<\/span> <span class=\"NormalTextRun SCXW151602119 BCX0\">und<\/span><span class=\"NormalTextRun SCXW151602119 BCX0\"> ist <\/span><span class=\"NormalTextRun SCXW151602119 BCX0\">dem<\/span> <span class=\"NormalTextRun SCXW151602119 BCX0\">Steampunk<\/span> <span class=\"NormalTextRun SCXW151602119 BCX0\">gewidmet<\/span><span class=\"NormalTextRun SCXW151602119 BCX0\">,<\/span> <span class=\"NormalTextRun SCXW151602119 BCX0\">der<\/span> <span class=\"NormalTextRun SCXW151602119 BCX0\">zu<\/span> <span class=\"NormalTextRun SCXW151602119 BCX0\">einem<\/span> <span class=\"NormalTextRun SCXW151602119 BCX0\">kulturellen<\/span> <span class=\"NormalTextRun SCXW151602119 BCX0\">Ph\u00e4nomen<\/span> <span class=\"NormalTextRun SCXW151602119 BCX0\">geworden<\/span> <span class=\"NormalTextRun SCXW151602119 BCX0\">ist<\/span><span class=\"NormalTextRun SCXW151602119 BCX0\">.<\/span> <span class=\"NormalTextRun SCXW151602119 BCX0\">Diese<\/span> <span class=\"NormalTextRun SCXW151602119 BCX0\">R\u00fcckseite<\/span> <span class=\"NormalTextRun SCXW151602119 BCX0\">der<\/span> <span class=\"NormalTextRun SCXW151602119 BCX0\">M\u00fcnze<\/span> <span class=\"NormalTextRun SCXW151602119 BCX0\">zeigt<\/span> <span class=\"NormalTextRun SCXW151602119 BCX0\">einen<\/span> <span class=\"NormalTextRun SCXW151602119 BCX0\">belebten<\/span> <span class=\"NormalTextRun SCXW151602119 BCX0\">Bahnhof<\/span> <span class=\"NormalTextRun SCXW151602119 BCX0\">in<\/span> <span class=\"NormalTextRun SCXW151602119 BCX0\">einem<\/span> <span class=\"NormalTextRun SCXW151602119 BCX0\">Bergdorf<\/span> <span class=\"NormalTextRun SCXW151602119 BCX0\">mit<\/span> <span class=\"NormalTextRun SCXW151602119 BCX0\">verschiedenen<\/span> <span class=\"NormalTextRun SCXW151602119 BCX0\">Transportmitteln<\/span><span class=\"NormalTextRun SCXW151602119 BCX0\">, <\/span><span class=\"NormalTextRun SCXW151602119 BCX0\">darunter<\/span> <span class=\"NormalTextRun SCXW151602119 BCX0\">ein<\/span> <span class=\"NormalTextRun SCXW151602119 BCX0\">Jetpack<\/span><span class=\"NormalTextRun SCXW151602119 BCX0\">,<\/span> <span class=\"NormalTextRun SCXW151602119 BCX0\">das<\/span> <span class=\"NormalTextRun SCXW151602119 BCX0\">in<\/span> <span class=\"NormalTextRun SCXW151602119 BCX0\">Zukunft<\/span> <span class=\"NormalTextRun SCXW151602119 BCX0\">Teil<\/span> <span class=\"NormalTextRun SCXW151602119 BCX0\">unseres<\/span> <span class=\"NormalTextRun SCXW151602119 BCX0\">Mobilit\u00e4tssystems<\/span> <span class=\"NormalTextRun SCXW151602119 BCX0\">sein<\/span> <span class=\"NormalTextRun SCXW151602119 BCX0\">k\u00f6nnte<\/span><span class=\"NormalTextRun SCXW151602119 BCX0\">.<\/span> <span class=\"NormalTextRun SCXW151602119 BCX0\">Der<\/span> <span class=\"NormalTextRun SCXW151602119 BCX0\">Hintergrund<\/span> <span class=\"NormalTextRun SCXW151602119 BCX0\">besteht<\/span> <span class=\"NormalTextRun SCXW151602119 BCX0\">aus<\/span> <span class=\"NormalTextRun SCXW151602119 BCX0\">Zahnr\u00e4dern<\/span> <span class=\"NormalTextRun SCXW151602119 BCX0\">und<\/span> <span class=\"NormalTextRun SCXW151602119 BCX0\">mechanischen<\/span> <span class=\"NormalTextRun SCXW151602119 BCX0\">Details<\/span><span class=\"NormalTextRun SCXW151602119 BCX0\">,<\/span> <span class=\"NormalTextRun SCXW151602119 BCX0\">von<\/span> <span class=\"NormalTextRun SCXW151602119 BCX0\">denen<\/span> <span class=\"NormalTextRun SCXW151602119 BCX0\">einige<\/span> <span class=\"NormalTextRun SCXW151602119 BCX0\">durch<\/span> <span class=\"NormalTextRun SCXW151602119 BCX0\">selektive<\/span> <span class=\"NormalTextRun SCXW151602119 BCX0\">Vergoldung<\/span> <span class=\"NormalTextRun SCXW151602119 BCX0\">hervorgehoben<\/span> <span class=\"NormalTextRun SCXW151602119 BCX0\">werden<\/span><span class=\"NormalTextRun SCXW151602119 BCX0\">.<\/span> <span class=\"NormalTextRun SCXW151602119 BCX0\">Diese<\/span> <span class=\"NormalTextRun SCXW151602119 BCX0\">M\u00fcnze<\/span> <span class=\"NormalTextRun SCXW151602119 BCX0\">ist<\/span> <span class=\"NormalTextRun SCXW151602119 BCX0\">eine<\/span> <span class=\"NormalTextRun SCXW151602119 BCX0\">perfekte<\/span> <span class=\"NormalTextRun SCXW151602119 BCX0\">Hommage<\/span> <span class=\"NormalTextRun SCXW151602119 BCX0\">an<\/span><span class=\"NormalTextRun SCXW151602119 BCX0\"> die <\/span><span class=\"NormalTextRun SCXW151602119 BCX0\">markanten<\/span> <span class=\"NormalTextRun SCXW151602119 BCX0\">Kontrastelemente<\/span><span class=\"NormalTextRun SCXW151602119 BCX0\">, <\/span><span class=\"NormalTextRun SCXW151602119 BCX0\">die<\/span> <span class=\"NormalTextRun SCXW151602119 BCX0\">f\u00fcr<\/span> <span class=\"NormalTextRun SCXW151602119 BCX0\">Steampunk<\/span> <span class=\"NormalTextRun SCXW151602119 BCX0\">charakteristisch<\/span><span class=\"NormalTextRun SCXW151602119 BCX0\"> sind<\/span><span class=\"NormalTextRun SCXW151602119 BCX0\">.<\/span> <span class=\"NormalTextRun SCXW151602119 BCX0\">Die<\/span> <span class=\"NormalTextRun SCXW151602119 BCX0\">Vorderseite<\/span><span class=\"NormalTextRun SCXW151602119 BCX0\"> der M\u00fcnze <\/span><span class=\"NormalTextRun SCXW151602119 BCX0\">zeigt<\/span><span class=\"NormalTextRun SCXW151602119 BCX0\"> das <\/span><span class=\"NormalTextRun SCXW151602119 BCX0\">Bildnis<\/span> <span class=\"NormalTextRun SCXW151602119 BCX0\">Ihrer<\/span> <span class=\"NormalTextRun SCXW151602119 BCX0\">Majest\u00e4t<\/span> <span class=\"NormalTextRun SCXW151602119 BCX0\">K\u00f6nigin<\/span> <span class=\"NormalTextRun SCXW151602119 BCX0\">Elizabeth<\/span><span class=\"NormalTextRun SCXW151602119 BCX0\"> II., <\/span><span class=\"NormalTextRun SCXW151602119 BCX0\">umgeben<\/span> <span class=\"NormalTextRun SCXW151602119 BCX0\">von<\/span> <span class=\"NormalTextRun SCXW151602119 BCX0\">wundersch\u00f6nen<\/span> <span class=\"NormalTextRun SCXW151602119 BCX0\">mechanischen<\/span> <span class=\"NormalTextRun SCXW151602119 BCX0\">Details<\/span><span class=\"NormalTextRun SCXW151602119 BCX0\"> und <\/span><span class=\"NormalTextRun SCXW151602119 BCX0\">den<\/span> <span class=\"NormalTextRun SCXW151602119 BCX0\">Inschriften<\/span><span class=\"NormalTextRun SCXW151602119 BCX0\">:<\/span><span class=\"NormalTextRun SCXW151602119 BCX0\"> \u00ab\u00a0<\/span><span class=\"NormalTextRun SCXW151602119 BCX0\">ELIZABETH<\/span> <span class=\"NormalTextRun SCXW151602119 BCX0\">II<\/span><span class=\"NormalTextRun SCXW151602119 BCX0\">\u00a0\u00bb &#8211; der Name der <\/span><span class=\"NormalTextRun SCXW151602119 BCX0\">K\u00f6nigin<\/span><span class=\"NormalTextRun SCXW151602119 BCX0\">, \u00ab\u00a0<\/span><span class=\"NormalTextRun SCXW151602119 BCX0\">COOK<\/span> <span class=\"NormalTextRun SCXW151602119 BCX0\">ISLANDS<\/span><span class=\"NormalTextRun SCXW151602119 BCX0\">\u00a0\u00bb &#8211; <\/span><span class=\"NormalTextRun SCXW151602119 BCX0\">das<\/span> <span class=\"NormalTextRun SCXW151602119 BCX0\">Ausgabeland<\/span><span class=\"NormalTextRun SCXW151602119 BCX0\">,<\/span><span class=\"NormalTextRun SCXW151602119 BCX0\"> \u00ab\u00a0<\/span><span class=\"NormalTextRun SCXW151602119 BCX0\">20<\/span> <span class=\"NormalTextRun SCXW151602119 BCX0\">DOLLARS<\/span><span class=\"NormalTextRun SCXW151602119 BCX0\">\u00a0\u00bb <\/span><span class=\"NormalTextRun SCXW151602119 BCX0\">&#8211;<\/span><span class=\"NormalTextRun SCXW151602119 BCX0\"> der <\/span><span class=\"NormalTextRun SCXW151602119 BCX0\">Nennwert<\/span> <span class=\"NormalTextRun SCXW151602119 BCX0\">und<\/span><span class=\"NormalTextRun SCXW151602119 BCX0\"> \u00ab\u00a0<\/span><span class=\"NormalTextRun SCXW151602119 BCX0\">STEAMPUNK<\/span><span class=\"NormalTextRun SCXW151602119 BCX0\">\u00ab\u00a0<\/span> <span class=\"NormalTextRun SCXW151602119 BCX0\">&#8211;<\/span> <span class=\"NormalTextRun SCXW151602119 BCX0\">der<\/span> <span class=\"NormalTextRun SCXW151602119 BCX0\">Name<\/span> <span class=\"NormalTextRun SCXW151602119 BCX0\">der<\/span> <span class=\"NormalTextRun SCXW151602119 BCX0\">M\u00fcnze<\/span><span class=\"NormalTextRun SCXW151602119 BCX0\">.<\/span><\/span><span class=\"EOP SCXW151602119 BCX0\" data-ccp-props=\"{&quot;201341983&quot;:0,&quot;335559739&quot;:160,&quot;335559740&quot;:259,&quot;469777462&quot;:[2295],&quot;469777927&quot;:[0],&quot;469777928&quot;:[1]}\">\u00a0<\/span><\/p>\n","protected":false},"excerpt":{"rendered":"<p>&nbsp; https:\/\/solsea.io\/n\/6TkN3GcD4zb71xE4YcFFXTw1YMeQh9DuL8KJVyd9BmdP\/ NFT-Steampunk Jet Pack Cook Island #1\/3 eine zertifizierte Silberm\u00fcnze in limitierter Auflage verwandelt sich in ein animiertes NFT#1, eine neue und weltweit einzigartige Kombination, ein Muss f\u00fcr jeden Sammler, hier kaufen. Diese wundersch\u00f6ne 3&#8211;Unzen&#8211;M\u00fcnze hat eine Antik&#8211;Finish&#8211;Qualit\u00e4t, hat eine selektive Vergoldung, verf\u00fcgt dank der Smartminting&#8211;Technologie \u00fcber Ultra High Reliefs und ist dem Steampunk [&hellip;]<\/p>\n","protected":false},"featured_media":1478,"comment_status":"open","ping_status":"closed","template":"","meta":{"inline_featured_image":false},"product_brand":[],"product_cat":[100,150],"product_tag":[],"class_list":{"0":"post-1476","1":"product","2":"type-product","3":"status-publish","4":"has-post-thumbnail","6":"product_cat-nft","7":"product_cat-steampunk","8":"product_shipping_class-digital-asset","10":"first","11":"instock","12":"featured","13":"virtual","14":"purchasable","15":"product-type-simple"},"jetpack_sharing_enabled":true,"_links":{"self":[{"href":"https:\/\/coin-store-nft.com\/fr\/wp-json\/wp\/v2\/product\/1476"}],"collection":[{"href":"https:\/\/coin-store-nft.com\/fr\/wp-json\/wp\/v2\/product"}],"about":[{"href":"https:\/\/coin-store-nft.com\/fr\/wp-json\/wp\/v2\/types\/product"}],"replies":[{"embeddable":true,"href":"https:\/\/coin-store-nft.com\/fr\/wp-json\/wp\/v2\/comments?post=1476"}],"wp:featuredmedia":[{"embeddable":true,"href":"https:\/\/coin-store-nft.com\/fr\/wp-json\/wp\/v2\/media\/1478"}],"wp:attachment":[{"href":"https:\/\/coin-store-nft.com\/fr\/wp-json\/wp\/v2\/media?parent=1476"}],"wp:term":[{"taxonomy":"product_brand","embeddable":true,"href":"https:\/\/coin-store-nft.com\/fr\/wp-json\/wp\/v2\/product_brand?post=1476"},{"taxonomy":"product_cat","embeddable":true,"href":"https:\/\/coin-store-nft.com\/fr\/wp-json\/wp\/v2\/product_cat?post=1476"},{"taxonomy":"product_tag","embeddable":true,"href":"https:\/\/coin-store-nft.com\/fr\/wp-json\/wp\/v2\/product_tag?post=1476"}],"curies":[{"name":"wp","href":"https:\/\/api.w.org\/{rel}","templated":true}]}}