{"id":1479,"date":"2023-02-18T17:15:23","date_gmt":"2023-02-18T16:15:23","guid":{"rendered":"https:\/\/coin-store-nft.com\/?post_type=product&#038;p=1479"},"modified":"2023-06-01T00:05:25","modified_gmt":"2023-05-31T22:05:25","slug":"steampunk-mask-silbermuenze-3oz","status":"publish","type":"product","link":"https:\/\/coin-store-nft.com\/fr\/produkt\/steampunk-mask-silbermuenze-3oz\/","title":{"rendered":"STEAMPUNK MASK Silberm\u00fcnze 3Oz animiert"},"content":{"rendered":"<div style=\"width: 800px;\" class=\"wp-video\"><!--[if lt IE 9]><script>document.createElement('video');<\/script><![endif]-->\n<video class=\"wp-video-shortcode\" id=\"video-1479-1\" width=\"800\" height=\"451\" preload=\"metadata\" controls=\"controls\"><source type=\"video\/mp4\" src=\"https:\/\/coin-store-nft.com\/wp-content\/uploads\/2023\/02\/Steampunk-Mask-small.mp4?_=1\" \/><a href=\"https:\/\/coin-store-nft.com\/wp-content\/uploads\/2023\/02\/Steampunk-Mask-small.mp4\">https:\/\/coin-store-nft.com\/wp-content\/uploads\/2023\/02\/Steampunk-Mask-small.mp4<\/a><\/video><\/div>\n<p>STEAMPUNK MASK Silberm\u00fcnze 3Oz<\/p>\n<p>Diese au\u00dfergew\u00f6hnliche, limitierte, zertifizierte 3 Oz Silberm\u00fcnze in einzigartiger Kombination<\/p>\n<p>mit animiertem NFT#1 findest\u00a0Du nur bei <strong>coin-store-nft.com<\/strong>!<\/p>\n<p><strong>Steampunk<\/strong> (von englisch steam \u201eDampf\u201c amerikanisches Englisch punk \u201emies\u201c, \u201ewertlos\u201c, verselbst\u00e4ndigt \u201ePunk\u201c).<\/p>\n<p>Ein Ph\u00e4nomen, das als literarische Str\u00f6mung erstmals in den 1980ern auftrat und sich zu einem Kunstgenre,<\/p>\n<p>einer kulturellen Bewegung, einem Stil und einer Subkultur entwickelt hat. Dabei werden einerseits moderne<\/p>\n<p>und futuristische technische Funktionen mit Mitteln und Materialien des viktorianischen Zeitalters verkn\u00fcpft,<\/p>\n<p>wodurch ein deutlicher Retro-Look der Technik entsteht. Andererseits wird die Kultur des viktorianischen Zeitalters<\/p>\n<p>in idealisierter Form pr\u00e4sentiert. Steampunk f\u00e4llt damit in den Bereich des sogenannten Retro-Futurismus,<\/p>\n<p>also einer Vorstellung der Zukunft\u00a0 aus der Perspektive fr\u00fcherer Zeiten.<\/p>\n<p>&nbsp;<\/p>\n","protected":false},"excerpt":{"rendered":"<p><span id=\"tgtAlignment_0\" class=\"ts-alignment-element\" data-is-focusable=\"true\">\u00ab\u00a0<\/span><span id=\"tgtAlignment_1\" class=\"ts-alignment-element\" data-is-focusable=\"true\">Besitze<\/span> <span id=\"tgtAlignment_2\" class=\"ts-alignment-element\" data-is-focusable=\"true\">ein<\/span> <span id=\"tgtAlignment_3\" class=\"ts-alignment-element\" data-is-focusable=\"true\">St\u00fcck<\/span> <span id=\"tgtAlignment_4\" class=\"ts-alignment-element\" data-is-focusable=\"true\">Geschichte<\/span> <span id=\"tgtAlignment_5\" class=\"ts-alignment-element\" data-is-focusable=\"true\">mit<\/span> <span id=\"tgtAlignment_6\" class=\"ts-alignment-element\" data-is-focusable=\"true\">dieser<\/span> <span id=\"tgtAlignment_7\" class=\"ts-alignment-element\" data-is-focusable=\"true\">atemberaubenden<\/span> <span id=\"tgtAlignment_8\" class=\"ts-alignment-element\" data-is-focusable=\"true\">NFT<\/span> <span id=\"tgtAlignment_9\" class=\"ts-alignment-element\" data-is-focusable=\"true\">einer<\/span> STEAMPUNK NFT, einem digitalen Kunstwerk, ein k<span id=\"tgtAlignment_14\" class=\"ts-alignment-element\" data-is-focusable=\"true\">omplexes<\/span> <span id=\"tgtAlignment_15\" class=\"ts-alignment-element\" data-is-focusable=\"true\">Design<\/span><span id=\"tgtAlignment_16\" class=\"ts-alignment-element\" data-is-focusable=\"true\">,<\/span> <span id=\"tgtAlignment_17\" class=\"ts-alignment-element\" data-is-focusable=\"true\">das<\/span> <span id=\"tgtAlignment_18\" class=\"ts-alignment-element\" data-is-focusable=\"true\">in<\/span> <span id=\"tgtAlignment_19\" class=\"ts-alignment-element\" data-is-focusable=\"true\">der<\/span> <span id=\"tgtAlignment_20\" class=\"ts-alignment-element\" data-is-focusable=\"true\">digitalen<\/span> <span id=\"tgtAlignment_21\" class=\"ts-alignment-element\" data-is-focusable=\"true\">Welt<\/span> <span id=\"tgtAlignment_22\" class=\"ts-alignment-element\" data-is-focusable=\"true\">zum<\/span> <span id=\"tgtAlignment_23\" class=\"ts-alignment-element\" data-is-focusable=\"true\">Leben<\/span> <span id=\"tgtAlignment_24\" class=\"ts-alignment-element\" data-is-focusable=\"true\">erweckt<\/span> <span id=\"tgtAlignment_25\" class=\"ts-alignment-element\" data-is-focusable=\"true\">wird<\/span><span id=\"tgtAlignment_26\" class=\"ts-alignment-element\" data-is-focusable=\"true\">.\u00a0\u00bb<\/span><\/p>\n<p><span id=\"tgtAlignment_0\" class=\"ts-alignment-element\" data-is-focusable=\"true\">Diese<\/span> <span id=\"tgtAlignment_1\" class=\"ts-alignment-element\" data-is-focusable=\"true\">besondere<\/span> <span id=\"tgtAlignment_2\" class=\"ts-alignment-element\" data-is-focusable=\"true\">M\u00fcnze<\/span> <span id=\"tgtAlignment_3\" class=\"ts-alignment-element\" data-is-focusable=\"true\">ist<\/span> <span id=\"tgtAlignment_4\" class=\"ts-alignment-element\" data-is-focusable=\"true\">eine<\/span> <span id=\"tgtAlignment_5\" class=\"ts-alignment-element\" data-is-focusable=\"true\">perfekte<\/span> <span id=\"tgtAlignment_6\" class=\"ts-alignment-element\" data-is-focusable=\"true\">Kombination<\/span> in <span id=\"tgtAlignment_7\" class=\"ts-alignment-element\" data-is-focusable=\"true\">Ultra<\/span> <span id=\"tgtAlignment_8\" class=\"ts-alignment-element\" data-is-focusable=\"true\">High<\/span> <span id=\"tgtAlignment_9\" class=\"ts-alignment-element\" data-is-focusable=\"true\">Relief<\/span> <span id=\"tgtAlignment_10\" class=\"ts-alignment-element\" data-is-focusable=\"true\">der<\/span> <span id=\"tgtAlignment_11\" class=\"ts-alignment-element\" data-is-focusable=\"true\">Welt<\/span> von <span id=\"tgtAlignment_12\" class=\"ts-alignment-element\" data-is-focusable=\"true\">heute<\/span> und <span id=\"tgtAlignment_13\" class=\"ts-alignment-element\" data-is-focusable=\"true\">gestern<\/span> <span id=\"tgtAlignment_14\" class=\"ts-alignment-element\" data-is-focusable=\"true\">und<\/span> <span id=\"tgtAlignment_15\" class=\"ts-alignment-element\" data-is-focusable=\"true\">die<\/span> <span id=\"tgtAlignment_16\" class=\"ts-alignment-element\" data-is-focusable=\"true\">mechanischen<\/span> <span id=\"tgtAlignment_17\" class=\"ts-alignment-element\" data-is-focusable=\"true\">Details<\/span> <span id=\"tgtAlignment_18\" class=\"ts-alignment-element\" data-is-focusable=\"true\">scheinen<\/span> <span id=\"tgtAlignment_19\" class=\"ts-alignment-element\" data-is-focusable=\"true\">fast<\/span> <span id=\"tgtAlignment_20\" class=\"ts-alignment-element\" data-is-focusable=\"true\">in<\/span> <span id=\"tgtAlignment_21\" class=\"ts-alignment-element\" data-is-focusable=\"true\">Bewegung<\/span> zu <span id=\"tgtAlignment_22\" class=\"ts-alignment-element\" data-is-focusable=\"true\">sein<\/span><span id=\"tgtAlignment_23\" class=\"ts-alignment-element\" data-is-focusable=\"true\">.<\/span> <span id=\"tgtAlignment_24\" class=\"ts-alignment-element\" data-is-focusable=\"true\">Auf<\/span> <span id=\"tgtAlignment_25\" class=\"ts-alignment-element\" data-is-focusable=\"true\">der<\/span> <span id=\"tgtAlignment_26\" class=\"ts-alignment-element\" data-is-focusable=\"true\">linken<\/span> <span id=\"tgtAlignment_27\" class=\"ts-alignment-element\" data-is-focusable=\"true\">Seite<\/span> <span id=\"tgtAlignment_28\" class=\"ts-alignment-element\" data-is-focusable=\"true\">der<\/span> <span id=\"tgtAlignment_29\" class=\"ts-alignment-element\" data-is-focusable=\"true\">R\u00fcckseite<\/span> <span id=\"tgtAlignment_30\" class=\"ts-alignment-element\" data-is-focusable=\"true\">sehen<\/span> <span id=\"tgtAlignment_31\" class=\"ts-alignment-element\" data-is-focusable=\"true\">wir<\/span> <span id=\"tgtAlignment_32\" class=\"ts-alignment-element\" data-is-focusable=\"true\">im<\/span> <span id=\"tgtAlignment_33\" class=\"ts-alignment-element\" data-is-focusable=\"true\">Vordergrund<\/span> <span id=\"tgtAlignment_34\" class=\"ts-alignment-element\" data-is-focusable=\"true\">einen<\/span> <span id=\"tgtAlignment_35\" class=\"ts-alignment-element\" data-is-focusable=\"true\">Mann<\/span> <span id=\"tgtAlignment_36\" class=\"ts-alignment-element\" data-is-focusable=\"true\">mit<\/span> <span id=\"tgtAlignment_37\" class=\"ts-alignment-element\" data-is-focusable=\"true\">einer<\/span> <span id=\"tgtAlignment_38\" class=\"ts-alignment-element\" data-is-focusable=\"true\">goldenen<\/span> <span id=\"tgtAlignment_39\" class=\"ts-alignment-element\" data-is-focusable=\"true\">Maske<\/span><span id=\"tgtAlignment_40\" class=\"ts-alignment-element\" data-is-focusable=\"true\">.<\/span> <span id=\"tgtAlignment_41\" class=\"ts-alignment-element\" data-is-focusable=\"true\">Der<\/span> <span id=\"tgtAlignment_42\" class=\"ts-alignment-element\" data-is-focusable=\"true\">Hintergrund<\/span> <span id=\"tgtAlignment_43\" class=\"ts-alignment-element\" data-is-focusable=\"true\">besteht<\/span> <span id=\"tgtAlignment_44\" class=\"ts-alignment-element\" data-is-focusable=\"true\">aus<\/span> <span id=\"tgtAlignment_45\" class=\"ts-alignment-element\" data-is-focusable=\"true\">Zahnr\u00e4dern<\/span> <span id=\"tgtAlignment_46\" class=\"ts-alignment-element\" data-is-focusable=\"true\">und<\/span> <span id=\"tgtAlignment_47\" class=\"ts-alignment-element\" data-is-focusable=\"true\">mechanischen<\/span> <span id=\"tgtAlignment_48\" class=\"ts-alignment-element\" data-is-focusable=\"true\">Details<\/span><span id=\"tgtAlignment_49\" class=\"ts-alignment-element\" data-is-focusable=\"true\">,<\/span> <span id=\"tgtAlignment_50\" class=\"ts-alignment-element\" data-is-focusable=\"true\">von<\/span> <span id=\"tgtAlignment_51\" class=\"ts-alignment-element\" data-is-focusable=\"true\">denen<\/span> <span id=\"tgtAlignment_52\" class=\"ts-alignment-element\" data-is-focusable=\"true\">einige<\/span> <span id=\"tgtAlignment_53\" class=\"ts-alignment-element\" data-is-focusable=\"true\">durch<\/span> <span id=\"tgtAlignment_54\" class=\"ts-alignment-element\" data-is-focusable=\"true\">selektive<\/span> <span id=\"tgtAlignment_55\" class=\"ts-alignment-element\" data-is-focusable=\"true\">Vergoldung<\/span> <span id=\"tgtAlignment_56\" class=\"ts-alignment-element\" data-is-focusable=\"true\">hervorgehoben<\/span> <span id=\"tgtAlignment_57\" class=\"ts-alignment-element\" data-is-focusable=\"true\">werden<\/span><span id=\"tgtAlignment_58\" class=\"ts-alignment-element\" data-is-focusable=\"true\">.<\/span> <span id=\"tgtAlignment_59\" class=\"ts-alignment-element\" data-is-focusable=\"true\">Dies<\/span> <span id=\"tgtAlignment_60\" class=\"ts-alignment-element\" data-is-focusable=\"true\">ist<\/span> <span id=\"tgtAlignment_61\" class=\"ts-alignment-element\" data-is-focusable=\"true\">eine<\/span> <span id=\"tgtAlignment_62\" class=\"ts-alignment-element\" data-is-focusable=\"true\">M\u00fcnze<\/span>, die <span id=\"tgtAlignment_63\" class=\"ts-alignment-element\" data-is-focusable=\"true\">den<\/span> <span id=\"tgtAlignment_64\" class=\"ts-alignment-element\" data-is-focusable=\"true\">markanten<\/span> <span id=\"tgtAlignment_65\" class=\"ts-alignment-element\" data-is-focusable=\"true\">Kontrastelementen<\/span>, <span id=\"tgtAlignment_66\" class=\"ts-alignment-element\" data-is-focusable=\"true\">die<\/span> <span id=\"tgtAlignment_67\" class=\"ts-alignment-element\" data-is-focusable=\"true\">f\u00fcr<\/span> <span id=\"tgtAlignment_68\" class=\"ts-alignment-element\" data-is-focusable=\"true\">Steampunk<\/span> <span id=\"tgtAlignment_69\" class=\"ts-alignment-element\" data-is-focusable=\"true\">charakteristisch<\/span> <span id=\"tgtAlignment_70\" class=\"ts-alignment-element\" data-is-focusable=\"true\">sind<\/span><span id=\"tgtAlignment_71\" class=\"ts-alignment-element\" data-is-focusable=\"true\">,<\/span> <span id=\"tgtAlignment_72\" class=\"ts-alignment-element\" data-is-focusable=\"true\">perfekt<\/span> <span id=\"tgtAlignment_73\" class=\"ts-alignment-element\" data-is-focusable=\"true\">Tribut<\/span> zollt<span id=\"tgtAlignment_74\" class=\"ts-alignment-element\" data-is-focusable=\"true\">.<\/span> <span id=\"tgtAlignment_75\" class=\"ts-alignment-element\" data-is-focusable=\"true\">Die<\/span> <span id=\"tgtAlignment_76\" class=\"ts-alignment-element\" data-is-focusable=\"true\">Vorderseite<\/span> der M\u00fcnze <span id=\"tgtAlignment_77\" class=\"ts-alignment-element\" data-is-focusable=\"true\">zeigt<\/span> das <span id=\"tgtAlignment_78\" class=\"ts-alignment-element\" data-is-focusable=\"true\">Bildnis<\/span> <span id=\"tgtAlignment_79\" class=\"ts-alignment-element\" data-is-focusable=\"true\">Ihrer<\/span> <span id=\"tgtAlignment_80\" class=\"ts-alignment-element\" data-is-focusable=\"true\">Majest\u00e4t<\/span> K\u00f6nigin <span id=\"tgtAlignment_81\" class=\"ts-alignment-element\" data-is-focusable=\"true\">Elizabeth<\/span> II<span id=\"tgtAlignment_82\" class=\"ts-alignment-element\" data-is-focusable=\"true\">.<\/span>, <span id=\"tgtAlignment_83\" class=\"ts-alignment-element\" data-is-focusable=\"true\">umgeben<\/span> <span id=\"tgtAlignment_84\" class=\"ts-alignment-element\" data-is-focusable=\"true\">von<\/span> <span id=\"tgtAlignment_85\" class=\"ts-alignment-element\" data-is-focusable=\"true\">wundersch\u00f6nen<\/span> <span id=\"tgtAlignment_86\" class=\"ts-alignment-element\" data-is-focusable=\"true\">mechanischen<\/span> <span id=\"tgtAlignment_87\" class=\"ts-alignment-element\" data-is-focusable=\"true\">Details<\/span> und <span id=\"tgtAlignment_88\" class=\"ts-alignment-element\" data-is-focusable=\"true\">den<\/span> <span id=\"tgtAlignment_89\" class=\"ts-alignment-element\" data-is-focusable=\"true\">Inschriften<\/span><span id=\"tgtAlignment_90\" class=\"ts-alignment-element\" data-is-focusable=\"true\">:<\/span> \u00ab\u00a0<span id=\"tgtAlignment_91\" class=\"ts-alignment-element\" data-is-focusable=\"true\">ELIZABETH<\/span> <span id=\"tgtAlignment_92\" class=\"ts-alignment-element\" data-is-focusable=\"true\">II<\/span>\u00a0\u00bb &#8211; der Name der <span id=\"tgtAlignment_93\" class=\"ts-alignment-element\" data-is-focusable=\"true\">K\u00f6nigin<\/span>, \u00ab\u00a0<span id=\"tgtAlignment_94\" class=\"ts-alignment-element\" data-is-focusable=\"true\">COOK<\/span> <span id=\"tgtAlignment_95\" class=\"ts-alignment-element\" data-is-focusable=\"true\">ISLANDS<\/span>\u00a0\u00bb &#8211; <span id=\"tgtAlignment_96\" class=\"ts-alignment-element\" data-is-focusable=\"true\">das<\/span> <span id=\"tgtAlignment_97\" class=\"ts-alignment-element\" data-is-focusable=\"true\">Ausgabeland<\/span><span id=\"tgtAlignment_98\" class=\"ts-alignment-element\" data-is-focusable=\"true\">,<\/span> \u00ab\u00a0<span id=\"tgtAlignment_99\" class=\"ts-alignment-element\" data-is-focusable=\"true\">20<\/span> <span id=\"tgtAlignment_100\" class=\"ts-alignment-element\" data-is-focusable=\"true\">DOLLARS<\/span>\u00a0\u00bb <span id=\"tgtAlignment_101\" class=\"ts-alignment-element\" data-is-focusable=\"true\">&#8211;<\/span> der <span id=\"tgtAlignment_102\" class=\"ts-alignment-element\" data-is-focusable=\"true\">Nennwert<\/span> <span id=\"tgtAlignment_103\" class=\"ts-alignment-element\" data-is-focusable=\"true\">und<\/span> \u00ab\u00a0<span id=\"tgtAlignment_104\" class=\"ts-alignment-element\" data-is-focusable=\"true\">STEAMPUNK<\/span><span id=\"tgtAlignment_105\" class=\"ts-alignment-element\" data-is-focusable=\"true\">\u00ab\u00a0<\/span> <span id=\"tgtAlignment_106\" class=\"ts-alignment-element\" data-is-focusable=\"true\">&#8211;<\/span> <span id=\"tgtAlignment_107\" class=\"ts-alignment-element\" data-is-focusable=\"true\">der<\/span> <span id=\"tgtAlignment_108\" class=\"ts-alignment-element\" data-is-focusable=\"true\">Name<\/span> <span id=\"tgtAlignment_109\" class=\"ts-alignment-element\" data-is-focusable=\"true\">der<\/span> <span id=\"tgtAlignment_110\" class=\"ts-alignment-element\" data-is-focusable=\"true\">M\u00fcnze<\/span><span id=\"tgtAlignment_111\" class=\"ts-alignment-element\" data-is-focusable=\"true\">.<\/span><\/p>\n","protected":false},"featured_media":1482,"comment_status":"open","ping_status":"closed","template":"","meta":{"inline_featured_image":false},"product_brand":[],"product_cat":[101,150],"product_tag":[],"class_list":{"0":"post-1479","1":"product","2":"type-product","3":"status-publish","4":"has-post-thumbnail","6":"product_cat-silbermuenze","7":"product_cat-steampunk","8":"pa_anzahl-muenzen-weltweit-173","9":"pa_anzahl-nft-weltweit-3-nfts-weltweit","10":"pa_echtheitszertifikat-ja","11":"pa_herstellungsland-cook-island","12":"pa_material-muenze-silber-0-999","13":"pa_oberflaechenbeschaffenheit-antikes-finish","14":"pa_praegejahr-der-muenze-134","16":"first","17":"instock","18":"featured","19":"taxable","20":"shipping-taxable","21":"purchasable","22":"product-type-simple"},"jetpack_sharing_enabled":true,"_links":{"self":[{"href":"https:\/\/coin-store-nft.com\/fr\/wp-json\/wp\/v2\/product\/1479"}],"collection":[{"href":"https:\/\/coin-store-nft.com\/fr\/wp-json\/wp\/v2\/product"}],"about":[{"href":"https:\/\/coin-store-nft.com\/fr\/wp-json\/wp\/v2\/types\/product"}],"replies":[{"embeddable":true,"href":"https:\/\/coin-store-nft.com\/fr\/wp-json\/wp\/v2\/comments?post=1479"}],"wp:featuredmedia":[{"embeddable":true,"href":"https:\/\/coin-store-nft.com\/fr\/wp-json\/wp\/v2\/media\/1482"}],"wp:attachment":[{"href":"https:\/\/coin-store-nft.com\/fr\/wp-json\/wp\/v2\/media?parent=1479"}],"wp:term":[{"taxonomy":"product_brand","embeddable":true,"href":"https:\/\/coin-store-nft.com\/fr\/wp-json\/wp\/v2\/product_brand?post=1479"},{"taxonomy":"product_cat","embeddable":true,"href":"https:\/\/coin-store-nft.com\/fr\/wp-json\/wp\/v2\/product_cat?post=1479"},{"taxonomy":"product_tag","embeddable":true,"href":"https:\/\/coin-store-nft.com\/fr\/wp-json\/wp\/v2\/product_tag?post=1479"}],"curies":[{"name":"wp","href":"https:\/\/api.w.org\/{rel}","templated":true}]}}