{"id":1590,"date":"2023-02-21T17:08:34","date_gmt":"2023-02-21T16:08:34","guid":{"rendered":"https:\/\/coin-store-nft.com\/?post_type=product&#038;p=1590"},"modified":"2023-06-25T11:27:01","modified_gmt":"2023-06-25T09:27:01","slug":"carved-skull-bones-silbermuenze-1-oz","status":"publish","type":"product","link":"https:\/\/coin-store-nft.com\/fr\/produkt\/carved-skull-bones-silbermuenze-1-oz\/","title":{"rendered":"CARVED SKULL Bones grossartige Silberm\u00fcnze 1 Oz"},"content":{"rendered":"<div style=\"width: 480px;\" class=\"wp-video\"><!--[if lt IE 9]><script>document.createElement('video');<\/script><![endif]-->\n<video class=\"wp-video-shortcode\" id=\"video-1590-1\" width=\"480\" height=\"270\" autoplay=\"1\" preload=\"metadata\" controls=\"controls\"><source type=\"video\/mp4\" src=\"https:\/\/coin-store-nft.com\/wp-content\/uploads\/2023\/02\/CarvedSkull-small.mp4?_=1\" \/><a href=\"https:\/\/coin-store-nft.com\/wp-content\/uploads\/2023\/02\/CarvedSkull-small.mp4\">https:\/\/coin-store-nft.com\/wp-content\/uploads\/2023\/02\/CarvedSkull-small.mp4<\/a><\/video><\/div>\n<p>CARVED SKULL Bones Silberm\u00fcnze 1 Oz<\/p>\n<p>Wir stellen vor: Skull Coins NFT &#8211; eine einzigartige Sammlung digitaler Sammlerst\u00fccke, die Ihnen den Atem rauben wird!<\/p>\n<p>Diese wundersch\u00f6ne Silberm\u00fcnze zeigt einen detaillierten geschnitzten Sch\u00e4del. Limitierte Auflage!<\/p>\n<p>Einzigartig weltweit ist die Kombination von echter, limitierter, zertifizierter Silberm\u00fcnze und NFT#1.<\/p>\n<p>Jedes NFT ist ein einzigartiges Kunstwerk, das die Essenz der Skulls in ihrer ganzen Pracht einfangen soll. Diese M\u00fcnzen sind die perfekte Erg\u00e4nzung f\u00fcr jede Sammlung, egal ob Sie ein erfahrener Sammler oder ein Neuling in der NFT-Szene sind. Die komplizierten Designs und die Liebe zum Detail heben diese M\u00fcnzen von den anderen ab, wobei jede ihre eigene, einzigartige Geschichte erz\u00e4hlt. Von bedrohlich und dunkel bis hin zu skurril und verspielt ist jeder Skull Coin NFT ein Kunstwerk, das Sie von dem Moment an, in dem Sie es sehen, in seinen Bann ziehen wird. Die komplizierten Details auf jeder M\u00fcnze sind ein Beweis f\u00fcr das K\u00f6nnen und Talent des K\u00fcnstlers, und die hochwertige Aufl\u00f6sung sorgt daf\u00fcr, dass jede Nuance in atemberaubenden Details eingefangen wird.<\/p>\n<p>Die Vorderseite der CARVED SKULL Silberm\u00fcnze zeigt das wundersch\u00f6n geschnitzte Profil eines verkupferten Sch\u00e4dels vor einem unglaublich gestalteten Hintergrund. Auf der Unterseite der R\u00fcckseite die Inschrift: \u00ab\u00a0CARVED SKULL\u00a0\u00bb &#8211; der Name der M\u00fcnze. Die R\u00fcckseite der M\u00fcnze zeigt das Wappen von Kamerun und die Inschriften: \u00ab\u00a0REPUBLIQUE DU CAMEROUN\u00a0\u00bb &#8211; das Ausgabeland, \u00ab\u00a01000 FRANCS CFA\u00a0\u00bb &#8211; der Nennwert und \u00ab\u00a02017\u00a0\u00bb &#8211; das Ausgabejahr.<\/p>\n","protected":false},"excerpt":{"rendered":"<p>CARVED SKULL Bones Silberm\u00fcnze 1 Oz Wir stellen vor: Skull Coins NFT &#8211; eine einzigartige Sammlung digitaler Sammlerst\u00fccke, die Ihnen den Atem rauben wird! Diese wundersch\u00f6ne Silberm\u00fcnze zeigt einen detaillierten geschnitzten Sch\u00e4del. Limitierte Auflage! Einzigartig weltweit ist die Kombination von echter, limitierter, zertifizierter Silberm\u00fcnze und NFT#1. Jedes NFT ist ein einzigartiges Kunstwerk, das die Essenz [&hellip;]<\/p>\n","protected":false},"featured_media":6336,"comment_status":"open","ping_status":"closed","template":"","meta":{"inline_featured_image":false},"product_brand":[],"product_cat":[101,160],"product_tag":[],"class_list":{"0":"post-1590","1":"product","2":"type-product","3":"status-publish","4":"has-post-thumbnail","6":"product_cat-silbermuenze","7":"product_cat-skull-coins-2","8":"pa_anzahl-muenzen-weltweit-174","9":"pa_anzahl-nft-weltweit-3-nfts-weltweit","10":"pa_echtheitszertifikat-ja","11":"pa_gewicht-der-muenze-groesser-1-oz","12":"pa_herstellungsland-cameroon","13":"pa_material-muenze-silber-0-999","14":"pa_oberflaechenbeschaffenheit-antikes-finish","15":"pa_praegejahr-der-muenze-131","17":"first","18":"instock","19":"featured","20":"taxable","21":"shipping-taxable","22":"purchasable","23":"product-type-simple"},"jetpack_sharing_enabled":true,"_links":{"self":[{"href":"https:\/\/coin-store-nft.com\/fr\/wp-json\/wp\/v2\/product\/1590"}],"collection":[{"href":"https:\/\/coin-store-nft.com\/fr\/wp-json\/wp\/v2\/product"}],"about":[{"href":"https:\/\/coin-store-nft.com\/fr\/wp-json\/wp\/v2\/types\/product"}],"replies":[{"embeddable":true,"href":"https:\/\/coin-store-nft.com\/fr\/wp-json\/wp\/v2\/comments?post=1590"}],"wp:featuredmedia":[{"embeddable":true,"href":"https:\/\/coin-store-nft.com\/fr\/wp-json\/wp\/v2\/media\/6336"}],"wp:attachment":[{"href":"https:\/\/coin-store-nft.com\/fr\/wp-json\/wp\/v2\/media?parent=1590"}],"wp:term":[{"taxonomy":"product_brand","embeddable":true,"href":"https:\/\/coin-store-nft.com\/fr\/wp-json\/wp\/v2\/product_brand?post=1590"},{"taxonomy":"product_cat","embeddable":true,"href":"https:\/\/coin-store-nft.com\/fr\/wp-json\/wp\/v2\/product_cat?post=1590"},{"taxonomy":"product_tag","embeddable":true,"href":"https:\/\/coin-store-nft.com\/fr\/wp-json\/wp\/v2\/product_tag?post=1590"}],"curies":[{"name":"wp","href":"https:\/\/api.w.org\/{rel}","templated":true}]}}