{"id":1610,"date":"2023-02-21T17:45:05","date_gmt":"2023-02-21T16:45:05","guid":{"rendered":"https:\/\/coin-store-nft.com\/?post_type=product&#038;p=1610"},"modified":"2023-07-06T08:05:25","modified_gmt":"2023-07-06T06:05:25","slug":"nft-kapala-skull-world-cultures-1-3","status":"publish","type":"product","link":"https:\/\/coin-store-nft.com\/fr\/produkt\/nft-kapala-skull-world-cultures-1-3\/","title":{"rendered":"NFT-KAPALA SKULL World Cultures #1\/3"},"content":{"rendered":"<p><a href=\"https:\/\/solsea.io\/n\/58KynZhTCUDqGPXUnFyrYnga2uEYbPv34w8tq1vM2DAr\/\" target=\"_blank\" rel=\"noopener\">https:\/\/solsea.io\/n\/58KynZhTCUDqGPXUnFyrYnga2uEYbPv34w8tq1vM2DAr\/<\/a><\/p>\n<div style=\"width: 800px;\" class=\"wp-video\"><!--[if lt IE 9]><script>document.createElement('video');<\/script><![endif]-->\n<video class=\"wp-video-shortcode\" id=\"video-1610-1\" width=\"800\" height=\"451\" preload=\"metadata\" controls=\"controls\"><source type=\"video\/mp4\" src=\"https:\/\/coin-store-nft.com\/wp-content\/uploads\/2023\/02\/KAPALA-SMALL.mp4?_=1\" \/><a href=\"https:\/\/coin-store-nft.com\/wp-content\/uploads\/2023\/02\/KAPALA-SMALL.mp4\">https:\/\/coin-store-nft.com\/wp-content\/uploads\/2023\/02\/KAPALA-SMALL.mp4<\/a><\/video><\/div>\n<p>NFT-KAPALA SKULL World Cultures #1\/3 eine zertifizierte Silberm\u00fcnze in limitierter Auflage verwandelt sich in ein animiertes NFT#1, eine neue und weltweit einzigartige Kombination, ein Muss f\u00fcr jeden Sammler, hier kaufen.<\/p>\n<p><span class=\"TextRun SCXW153978403 BCX0\" lang=\"EN-US\" xml:lang=\"EN-US\" data-contrast=\"none\"><span class=\"NormalTextRun SpellingErrorV2Themed SCXW153978403 BCX0\">mit<\/span> <span class=\"NormalTextRun SCXW153978403 BCX0\">KAPALA<\/span> <span class=\"NormalTextRun SCXW153978403 BCX0\">&#8211;<\/span> <span class=\"NormalTextRun SpellingErrorV2Themed SCXW153978403 BCX0\">einer<\/span> <span class=\"NormalTextRun SpellingErrorV2Themed SCXW153978403 BCX0\">einzigartigen<\/span><span class=\"NormalTextRun SCXW153978403 BCX0\">, <\/span><span class=\"NormalTextRun SCXW153978403 BCX0\">2<\/span> <span class=\"NormalTextRun SCXW153978403 BCX0\">OZ<\/span> <span class=\"NormalTextRun SpellingErrorV2Themed SCXW153978403 BCX0\">limitierten<\/span><span class=\"NormalTextRun SCXW153978403 BCX0\">, <\/span><span class=\"NormalTextRun SpellingErrorV2Themed SCXW153978403 BCX0\">zertifizierten<\/span> <span class=\"NormalTextRun SpellingErrorV2Themed SCXW153978403 BCX0\">Silberm\u00fcnze<\/span> <span class=\"NormalTextRun SpellingErrorV2Themed SCXW153978403 BCX0\">als<\/span> <span class=\"NormalTextRun SpellingErrorV2Themed SCXW153978403 BCX0\">digitales<\/span> <span class=\"NormalTextRun SpellingErrorV2Themed SCXW153978403 BCX0\">Sammlerst\u00fcck<\/span><span class=\"NormalTextRun SCXW153978403 BCX0\">,<\/span> <span class=\"NormalTextRun SCXW153978403 BCX0\">das<\/span> <span class=\"NormalTextRun SCXW153978403 BCX0\">Ihnen<\/span> <span class=\"NormalTextRun SCXW153978403 BCX0\">den<\/span><span class=\"NormalTextRun SCXW153978403 BCX0\"> Atem <\/span><span class=\"NormalTextRun SpellingErrorV2Themed SCXW153978403 BCX0\">rauben<\/span> <span class=\"NormalTextRun SpellingErrorV2Themed SCXW153978403 BCX0\">wird<\/span><span class=\"NormalTextRun SCXW153978403 BCX0\">!<\/span> <span class=\"NormalTextRun SCXW153978403 BCX0\">Die<\/span> <span class=\"NormalTextRun SpellingErrorV2Themed SCXW153978403 BCX0\">Vorderseite<\/span> <span class=\"NormalTextRun SCXW153978403 BCX0\">der<\/span> <span class=\"NormalTextRun SpellingErrorV2Themed SCXW153978403 BCX0\">M\u00fcnze<\/span> <span class=\"NormalTextRun SpellingErrorV2Themed SCXW153978403 BCX0\">zeigt<\/span> <span class=\"NormalTextRun SpellingErrorV2Themed SCXW153978403 BCX0\">ein<\/span> <span class=\"NormalTextRun SpellingErrorV2Themed SCXW153978403 BCX0\">wundersch\u00f6nes<\/span> <span class=\"NormalTextRun SpellingErrorV2Themed SCXW153978403 BCX0\">Hochrelief<\/span> <span class=\"NormalTextRun SCXW153978403 BCX0\">und<\/span> <span class=\"NormalTextRun SpellingErrorV2Themed SCXW153978403 BCX0\">ein<\/span> <span class=\"NormalTextRun SpellingErrorV2Themed SCXW153978403 BCX0\">detailliertes<\/span> <span class=\"NormalTextRun SCXW153978403 BCX0\">Bild<\/span> <span class=\"NormalTextRun SpellingErrorV2Themed SCXW153978403 BCX0\">eines<\/span> <span class=\"NormalTextRun SCXW153978403 BCX0\">Kapala<\/span><span class=\"NormalTextRun SCXW153978403 BCX0\">,<\/span> <span class=\"NormalTextRun SpellingErrorV2Themed SCXW153978403 BCX0\">eines<\/span> <span class=\"NormalTextRun SpellingErrorV2Themed SCXW153978403 BCX0\">alten<\/span> <span class=\"NormalTextRun SpellingErrorV2Themed SCXW153978403 BCX0\">Bechers<\/span> <span class=\"NormalTextRun SpellingErrorV2Themed SCXW153978403 BCX0\">aus<\/span> <span class=\"NormalTextRun SpellingErrorV2Themed SCXW153978403 BCX0\">einem<\/span> <span class=\"NormalTextRun SpellingErrorV2Themed SCXW153978403 BCX0\">menschlichen<\/span> <span class=\"NormalTextRun SpellingErrorV2Themed SCXW153978403 BCX0\">Sch\u00e4del<\/span><span class=\"NormalTextRun SCXW153978403 BCX0\">.<\/span> <span class=\"NormalTextRun SCXW153978403 BCX0\">Die<\/span> <span class=\"NormalTextRun SpellingErrorV2Themed SCXW153978403 BCX0\">R\u00fcckseite<\/span> <span class=\"NormalTextRun SCXW153978403 BCX0\">der<\/span> <span class=\"NormalTextRun SpellingErrorV2Themed SCXW153978403 BCX0\">M\u00fcnze<\/span> <span class=\"NormalTextRun SpellingErrorV2Themed SCXW153978403 BCX0\">zeigt<\/span> <span class=\"NormalTextRun SpellingErrorV2Themed SCXW153978403 BCX0\">unglaubliche<\/span> <span class=\"NormalTextRun SpellingErrorV2Themed SCXW153978403 BCX0\">Symbole<\/span> <span class=\"NormalTextRun SCXW153978403 BCX0\">der<\/span> <span class=\"NormalTextRun SpellingErrorV2Themed SCXW153978403 BCX0\">hinduistischen<\/span> <span class=\"NormalTextRun SCXW153978403 BCX0\">Kultur<\/span> <span class=\"NormalTextRun SCXW153978403 BCX0\">und<\/span> <span class=\"NormalTextRun SCXW153978403 BCX0\">das<\/span> <span class=\"NormalTextRun SpellingErrorV2Themed SCXW153978403 BCX0\">Wappen<\/span> <span class=\"NormalTextRun SCXW153978403 BCX0\">von<\/span> <span class=\"NormalTextRun SpellingErrorV2Themed SCXW153978403 BCX0\">Kamerun<\/span><span class=\"NormalTextRun SCXW153978403 BCX0\">.<\/span> <span class=\"NormalTextRun SCXW153978403 BCX0\">Rund<\/span> <span class=\"NormalTextRun SCXW153978403 BCX0\">um<\/span><span class=\"NormalTextRun SCXW153978403 BCX0\"> die <\/span><span class=\"NormalTextRun SpellingErrorV2Themed SCXW153978403 BCX0\">M\u00fcnze<\/span> <span class=\"NormalTextRun SpellingErrorV2Themed SCXW153978403 BCX0\">befinden<\/span> <span class=\"NormalTextRun SpellingErrorV2Themed SCXW153978403 BCX0\">sich<\/span> <span class=\"NormalTextRun SCXW153978403 BCX0\">die<\/span> <span class=\"NormalTextRun SpellingErrorV2Themed SCXW153978403 BCX0\">Inschriften<\/span><span class=\"NormalTextRun SCXW153978403 BCX0\">:<\/span><span class=\"NormalTextRun SCXW153978403 BCX0\"> \u00ab\u00a0<\/span><span class=\"NormalTextRun SCXW153978403 BCX0\">WORLD<\/span> <span class=\"NormalTextRun SCXW153978403 BCX0\">CULTURES<\/span><span class=\"NormalTextRun SCXW153978403 BCX0\">\u00a0\u00bb &#8211; der <\/span><span class=\"NormalTextRun SCXW153978403 BCX0\">Name<\/span> <span class=\"NormalTextRun SCXW153978403 BCX0\">der<\/span> <span class=\"NormalTextRun SCXW153978403 BCX0\">Serie<\/span><span class=\"NormalTextRun SCXW153978403 BCX0\">, \u00ab\u00a0<\/span><span class=\"NormalTextRun SCXW153978403 BCX0\">2000<\/span> <span class=\"NormalTextRun SCXW153978403 BCX0\">FRANCS<\/span> <span class=\"NormalTextRun SCXW153978403 BCX0\">CFA<\/span><span class=\"NormalTextRun SCXW153978403 BCX0\">\u00a0\u00bb &#8211; <\/span><span class=\"NormalTextRun SCXW153978403 BCX0\">der<\/span> <span class=\"NormalTextRun SpellingErrorV2Themed SCXW153978403 BCX0\">Nennwert<\/span><span class=\"NormalTextRun SCXW153978403 BCX0\">,<\/span><span class=\"NormalTextRun SCXW153978403 BCX0\"> \u00ab\u00a0<\/span><span class=\"NormalTextRun SCXW153978403 BCX0\">REPUBLIQUE<\/span> <span class=\"NormalTextRun SCXW153978403 BCX0\">DU<\/span> <span class=\"NormalTextRun SCXW153978403 BCX0\">CAMEROUN<\/span><span class=\"NormalTextRun SCXW153978403 BCX0\">\u00a0\u00bb <\/span><span class=\"NormalTextRun SCXW153978403 BCX0\">&#8211;<\/span> <span class=\"NormalTextRun SCXW153978403 BCX0\">das<\/span> <span class=\"NormalTextRun SpellingErrorV2Themed SCXW153978403 BCX0\">Ausgabeland<\/span> <span class=\"NormalTextRun SCXW153978403 BCX0\">und<\/span><span class=\"NormalTextRun SCXW153978403 BCX0\"> \u00ab\u00a0<\/span><span class=\"NormalTextRun SCXW153978403 BCX0\">2018<\/span><span class=\"NormalTextRun SCXW153978403 BCX0\">\u00ab\u00a0<\/span> <span class=\"NormalTextRun SCXW153978403 BCX0\">&#8211;<\/span> <span class=\"NormalTextRun SCXW153978403 BCX0\">das<\/span> <span class=\"NormalTextRun SpellingErrorV2Themed SCXW153978403 BCX0\">Ausgabejahr<\/span><span class=\"NormalTextRun SCXW153978403 BCX0\">.<\/span><\/span><span class=\"EOP SCXW153978403 BCX0\" data-ccp-props=\"{&quot;201341983&quot;:0,&quot;335559739&quot;:160,&quot;335559740&quot;:259,&quot;469777462&quot;:[2295],&quot;469777927&quot;:[0],&quot;469777928&quot;:[1]}\">\u00a0<\/span><\/p>\n","protected":false},"excerpt":{"rendered":"<p>https:\/\/solsea.io\/n\/58KynZhTCUDqGPXUnFyrYnga2uEYbPv34w8tq1vM2DAr\/ NFT-KAPALA SKULL World Cultures #1\/3 eine zertifizierte Silberm\u00fcnze in limitierter Auflage verwandelt sich in ein animiertes NFT#1, eine neue und weltweit einzigartige Kombination, ein Muss f\u00fcr jeden Sammler, hier kaufen. mit KAPALA &#8211; einer einzigartigen, 2 OZ limitierten, zertifizierten Silberm\u00fcnze als digitales Sammlerst\u00fcck, das Ihnen den Atem rauben wird! Die Vorderseite der M\u00fcnze zeigt [&hellip;]<\/p>\n","protected":false},"featured_media":1611,"comment_status":"open","ping_status":"closed","template":"","meta":{"inline_featured_image":false},"product_brand":[],"product_cat":[100,160],"product_tag":[],"class_list":{"0":"post-1610","1":"product","2":"type-product","3":"status-publish","4":"has-post-thumbnail","6":"product_cat-nft","7":"product_cat-skull-coins-2","8":"product_shipping_class-digital-asset","10":"first","11":"instock","12":"featured","13":"virtual","14":"purchasable","15":"product-type-simple"},"jetpack_sharing_enabled":true,"_links":{"self":[{"href":"https:\/\/coin-store-nft.com\/fr\/wp-json\/wp\/v2\/product\/1610"}],"collection":[{"href":"https:\/\/coin-store-nft.com\/fr\/wp-json\/wp\/v2\/product"}],"about":[{"href":"https:\/\/coin-store-nft.com\/fr\/wp-json\/wp\/v2\/types\/product"}],"replies":[{"embeddable":true,"href":"https:\/\/coin-store-nft.com\/fr\/wp-json\/wp\/v2\/comments?post=1610"}],"wp:featuredmedia":[{"embeddable":true,"href":"https:\/\/coin-store-nft.com\/fr\/wp-json\/wp\/v2\/media\/1611"}],"wp:attachment":[{"href":"https:\/\/coin-store-nft.com\/fr\/wp-json\/wp\/v2\/media?parent=1610"}],"wp:term":[{"taxonomy":"product_brand","embeddable":true,"href":"https:\/\/coin-store-nft.com\/fr\/wp-json\/wp\/v2\/product_brand?post=1610"},{"taxonomy":"product_cat","embeddable":true,"href":"https:\/\/coin-store-nft.com\/fr\/wp-json\/wp\/v2\/product_cat?post=1610"},{"taxonomy":"product_tag","embeddable":true,"href":"https:\/\/coin-store-nft.com\/fr\/wp-json\/wp\/v2\/product_tag?post=1610"}],"curies":[{"name":"wp","href":"https:\/\/api.w.org\/{rel}","templated":true}]}}