{"id":1615,"date":"2023-02-22T07:26:13","date_gmt":"2023-02-22T06:26:13","guid":{"rendered":"https:\/\/coin-store-nft.com\/?post_type=product&#038;p=1615"},"modified":"2023-05-26T10:07:26","modified_gmt":"2023-05-26T08:07:26","slug":"virgo-memento-silbermuenze-1-oz","status":"publish","type":"product","link":"https:\/\/coin-store-nft.com\/fr\/produkt\/virgo-memento-silbermuenze-1-oz\/","title":{"rendered":"VIRGO Memento Mori Zodiac Skull Silberm\u00fcnze 1 Oz"},"content":{"rendered":"<div style=\"width: 480px;\" class=\"wp-video\"><!--[if lt IE 9]><script>document.createElement('video');<\/script><![endif]-->\n<video class=\"wp-video-shortcode\" id=\"video-1615-1\" width=\"480\" height=\"270\" autoplay=\"1\" preload=\"metadata\" controls=\"controls\"><source type=\"video\/mp4\" src=\"https:\/\/coin-store-nft.com\/wp-content\/uploads\/2023\/02\/VIRGO-Zodiac-Skull-Silver-Coin-1-Oz-SMALL.mp4?_=1\" \/><a href=\"https:\/\/coin-store-nft.com\/wp-content\/uploads\/2023\/02\/VIRGO-Zodiac-Skull-Silver-Coin-1-Oz-SMALL.mp4\">https:\/\/coin-store-nft.com\/wp-content\/uploads\/2023\/02\/VIRGO-Zodiac-Skull-Silver-Coin-1-Oz-SMALL.mp4<\/a><\/video><\/div>\n<p>VIRGO Memento Mori Zodiac Skull Silberm\u00fcnze 1 Oz<\/p>\n<p>Besitzen Sie mit dem Kauf dieser Silberm\u00fcnze eine einzigartige Kollektion (Silberm\u00fcnze und NFT#1).<\/p>\n<p>Die Vorderseite zeigt eine Skelettfrau, die in der Mitte der M\u00fcnze steht, sich um einen Schmetterling k\u00fcmmert und das Leben bewundert. Die R\u00fcckseite der M\u00fcnze zeigt einen sch\u00f6nen Totenkopf in der Mitte der Tierkreiszeichen und die Inschriften: \u00ab\u00a0Zodiac\u00a0\u00bb, \u00ab\u00a0Memento Mori\u00a0\u00bb, \u00ab\u00a0Skullcoins\u00a0\u00bb, das Ausgabedatum und die Silberfeinheit.<\/p>\n<p>Diese Kombination gibt es weltweit nur bei coin-store-nft.com &#8211; jede M\u00fcnze gibt es nur 1 x im Shop! Die mei\u00dften M\u00fcnzen sind weltweit ausverkauft.<\/p>\n","protected":false},"excerpt":{"rendered":"<p>VIRGO Memento Mori Zodiac Skull Silberm\u00fcnze 1 Oz Besitzen Sie mit dem Kauf dieser Silberm\u00fcnze eine einzigartige Kollektion (Silberm\u00fcnze und NFT#1). Die Vorderseite zeigt eine Skelettfrau, die in der Mitte der M\u00fcnze steht, sich um einen Schmetterling k\u00fcmmert und das Leben bewundert. Die R\u00fcckseite der M\u00fcnze zeigt einen sch\u00f6nen Totenkopf in der Mitte der Tierkreiszeichen [&hellip;]<\/p>\n","protected":false},"featured_media":1618,"comment_status":"open","ping_status":"closed","template":"","meta":{"inline_featured_image":false},"product_brand":[],"product_cat":[101,160],"product_tag":[],"class_list":{"0":"post-1615","1":"product","2":"type-product","3":"status-publish","4":"has-post-thumbnail","6":"product_cat-silbermuenze","7":"product_cat-skull-coins-2","8":"pa_anzahl-muenzen-weltweit-169","9":"pa_anzahl-nft-weltweit-3-nfts-weltweit","10":"pa_gewicht-der-muenze-1-oz-2834-g","11":"pa_herstellungsland-usa","12":"pa_material-muenze-silber-0-999","13":"pa_muenzdurchmesser-mm-1-oz","14":"pa_praegejahr-der-muenze-129","16":"first","17":"instock","18":"featured","19":"taxable","20":"shipping-taxable","21":"purchasable","22":"product-type-simple"},"jetpack_sharing_enabled":true,"_links":{"self":[{"href":"https:\/\/coin-store-nft.com\/fr\/wp-json\/wp\/v2\/product\/1615"}],"collection":[{"href":"https:\/\/coin-store-nft.com\/fr\/wp-json\/wp\/v2\/product"}],"about":[{"href":"https:\/\/coin-store-nft.com\/fr\/wp-json\/wp\/v2\/types\/product"}],"replies":[{"embeddable":true,"href":"https:\/\/coin-store-nft.com\/fr\/wp-json\/wp\/v2\/comments?post=1615"}],"wp:featuredmedia":[{"embeddable":true,"href":"https:\/\/coin-store-nft.com\/fr\/wp-json\/wp\/v2\/media\/1618"}],"wp:attachment":[{"href":"https:\/\/coin-store-nft.com\/fr\/wp-json\/wp\/v2\/media?parent=1615"}],"wp:term":[{"taxonomy":"product_brand","embeddable":true,"href":"https:\/\/coin-store-nft.com\/fr\/wp-json\/wp\/v2\/product_brand?post=1615"},{"taxonomy":"product_cat","embeddable":true,"href":"https:\/\/coin-store-nft.com\/fr\/wp-json\/wp\/v2\/product_cat?post=1615"},{"taxonomy":"product_tag","embeddable":true,"href":"https:\/\/coin-store-nft.com\/fr\/wp-json\/wp\/v2\/product_tag?post=1615"}],"curies":[{"name":"wp","href":"https:\/\/api.w.org\/{rel}","templated":true}]}}