{"id":1819,"date":"2023-02-23T17:29:34","date_gmt":"2023-02-23T16:29:34","guid":{"rendered":"https:\/\/coin-store-nft.com\/?post_type=product&#038;p=1819"},"modified":"2023-06-25T11:27:01","modified_gmt":"2023-06-25T09:27:01","slug":"btc-wires-silbermuenze-1-oz","status":"publish","type":"product","link":"https:\/\/coin-store-nft.com\/fr\/produkt\/btc-wires-silbermuenze-1-oz\/","title":{"rendered":"BTC WIRES II Ruthenium &#038; GOLD plated Silberm\u00fcnze 1 Oz"},"content":{"rendered":"<p>offizielle Bezeichnung: USA 2017 1$ Liberty Eagle Bitcoin Wires II Ruthenium and Gold plated 1oz<\/p>\n<div style=\"width: 800px;\" class=\"wp-video\"><!--[if lt IE 9]><script>document.createElement('video');<\/script><![endif]-->\n<video class=\"wp-video-shortcode\" id=\"video-1819-1\" width=\"800\" height=\"450\" preload=\"metadata\" controls=\"controls\"><source type=\"video\/mp4\" src=\"https:\/\/coin-store-nft.com\/wp-content\/uploads\/2023\/02\/USA2017LibertyEagle-final-1.mp4?_=1\" \/><a href=\"https:\/\/coin-store-nft.com\/wp-content\/uploads\/2023\/02\/USA2017LibertyEagle-final-1.mp4\">https:\/\/coin-store-nft.com\/wp-content\/uploads\/2023\/02\/USA2017LibertyEagle-final-1.mp4<\/a><\/video><\/div>\n<p>BTC WIRES II Ruthenium &amp; GOLD plated Silberm\u00fcnze 1 Oz<\/p>\n<p><span id=\"tgtAlignment_0\" class=\"ts-alignment-element\" data-is-focusable=\"true\">Ergreifen<\/span> <span id=\"tgtAlignment_1\" class=\"ts-alignment-element\" data-is-focusable=\"true\">Sie<\/span> <span id=\"tgtAlignment_2\" class=\"ts-alignment-element\" data-is-focusable=\"true\">Ihre<\/span> <span id=\"tgtAlignment_3\" class=\"ts-alignment-element\" data-is-focusable=\"true\">Chance<\/span><span id=\"tgtAlignment_4\" class=\"ts-alignment-element\" data-is-focusable=\"true\">,<\/span> <span id=\"tgtAlignment_5\" class=\"ts-alignment-element\" data-is-focusable=\"true\">ein<\/span> <span id=\"tgtAlignment_6\" class=\"ts-alignment-element\" data-is-focusable=\"true\">St\u00fcck<\/span> <span id=\"tgtAlignment_7\" class=\"ts-alignment-element\" data-is-focusable=\"true\">Krypto<\/span>&#8211;<span id=\"tgtAlignment_8\" class=\"ts-alignment-element\" data-is-focusable=\"true\">Geschichte<\/span> mit <span id=\"tgtAlignment_9\" class=\"ts-alignment-element\" data-is-focusable=\"true\">dieser stark <\/span><span id=\"tgtAlignment_10\" class=\"ts-alignment-element\" data-is-focusable=\"true\">limitierten<\/span> <span id=\"tgtAlignment_11\" class=\"ts-alignment-element\" data-is-focusable=\"true\">NFT<\/span><span id=\"tgtAlignment_12\" class=\"ts-alignment-element\" data-is-focusable=\"true\">&#8211;<\/span><span id=\"tgtAlignment_13\" class=\"ts-alignment-element\" data-is-focusable=\"true\">Serie<\/span> sowie <span id=\"tgtAlignment_15\" class=\"ts-alignment-element\" data-is-focusable=\"true\">einem<\/span> <span id=\"tgtAlignment_16\" class=\"ts-alignment-element\" data-is-focusable=\"true\">echten<\/span> <span id=\"tgtAlignment_17\" class=\"ts-alignment-element\" data-is-focusable=\"true\">silbernen<\/span> <span id=\"tgtAlignment_18\" class=\"ts-alignment-element\" data-is-focusable=\"true\">BITCOIN<\/span> <span id=\"tgtAlignment_19\" class=\"ts-alignment-element\" data-is-focusable=\"true\">zu<\/span> <span id=\"tgtAlignment_20\" class=\"ts-alignment-element\" data-is-focusable=\"true\">besitzen<\/span><span id=\"tgtAlignment_21\" class=\"ts-alignment-element\" data-is-focusable=\"true\">.<\/span><\/p>\n<p><strong>BITCOIN ist eine <\/strong>\u00a0dezentralisierte digitale W\u00e4hrung, die Peer-to-Peer-Transaktionen erm\u00f6glicht, ohne dass ein Mittelsmann wie eine Bank oder eine Regierung erforderlich ist.<\/p>\n<p>Sie wurde 2009 von einer anonymen Person oder Gruppe unter dem Pseudonym Satoshi Nakamoto ins Leben gerufen. Sie hat sich seitdem zu einer der bekanntesten und am weitesten verbreiteten Kryptow\u00e4hrungen entwickelt.<\/p>\n<p>Im Gegensatz zu traditionellen W\u00e4hrungen hat BITCOIN ein endliches Angebot, nur 21 Millionen Bitcoins. Dies f\u00fchrt zu einem deflation\u00e4ren Verm\u00f6genswert und ist potenziell wertvoll f\u00fcr langfristige Anleger.<\/p>\n<p>Die Technologie hinter BITCOIN, bekannt als Blockchain, ist ein dezentrales Hauptbuch. S\u00e4mtliche Transaktionen werden aufgezeichnet und \u00f6ffentlich sichtbar macht, w\u00e4hrend die Privatsph\u00e4re durch kryptografische Methoden gewahrt bleibt.<\/p>\n<p>BITCOIN war einer extremen Preisvolatilit\u00e4t ausgesetzt, wobei sein Wert in kurzen Zeitr\u00e4umen schnell stieg und fiel. Es sah sich auch mit regulatorischen Herausforderungen und Kritik wegen seiner Verbindung zu illegalen Aktivit\u00e4ten konfrontiert. Unabh\u00e4ngig davon hat sich BTC weiterhin als alternative Form von W\u00e4hrung und Wertaufbewahrungsmittel durchgesetzt.<\/p>\n","protected":false},"excerpt":{"rendered":"<p>&nbsp;<\/p>\n<p>&nbsp;<\/p>\n<p>&nbsp;<\/p>\n","protected":false},"featured_media":1816,"comment_status":"open","ping_status":"closed","template":"","meta":{"inline_featured_image":false},"product_brand":[],"product_cat":[152,101],"product_tag":[],"class_list":{"0":"post-1819","1":"product","2":"type-product","3":"status-publish","4":"has-post-thumbnail","6":"product_cat-crypto-coins","7":"product_cat-silbermuenze","8":"pa_anzahl-muenzen-weltweit-164","9":"pa_anzahl-nft-weltweit-3-nfts-weltweit","10":"pa_echtheitszertifikat-ja","11":"pa_gewicht-der-muenze-groesser-1-oz","12":"pa_herstellungsland-niue","13":"pa_material-muenze-silber-0-999","14":"pa_muenzdurchmesser-mm-1-oz","15":"pa_nennwert-muenze-2-dollars","16":"pa_oberflaechenbeschaffenheit-bu-brilliant-unzirkuliert","17":"pa_praegejahr-der-muenze-132","19":"first","20":"instock","21":"taxable","22":"shipping-taxable","23":"purchasable","24":"product-type-simple"},"jetpack_sharing_enabled":true,"_links":{"self":[{"href":"https:\/\/coin-store-nft.com\/fr\/wp-json\/wp\/v2\/product\/1819"}],"collection":[{"href":"https:\/\/coin-store-nft.com\/fr\/wp-json\/wp\/v2\/product"}],"about":[{"href":"https:\/\/coin-store-nft.com\/fr\/wp-json\/wp\/v2\/types\/product"}],"replies":[{"embeddable":true,"href":"https:\/\/coin-store-nft.com\/fr\/wp-json\/wp\/v2\/comments?post=1819"}],"wp:featuredmedia":[{"embeddable":true,"href":"https:\/\/coin-store-nft.com\/fr\/wp-json\/wp\/v2\/media\/1816"}],"wp:attachment":[{"href":"https:\/\/coin-store-nft.com\/fr\/wp-json\/wp\/v2\/media?parent=1819"}],"wp:term":[{"taxonomy":"product_brand","embeddable":true,"href":"https:\/\/coin-store-nft.com\/fr\/wp-json\/wp\/v2\/product_brand?post=1819"},{"taxonomy":"product_cat","embeddable":true,"href":"https:\/\/coin-store-nft.com\/fr\/wp-json\/wp\/v2\/product_cat?post=1819"},{"taxonomy":"product_tag","embeddable":true,"href":"https:\/\/coin-store-nft.com\/fr\/wp-json\/wp\/v2\/product_tag?post=1819"}],"curies":[{"name":"wp","href":"https:\/\/api.w.org\/{rel}","templated":true}]}}