{"id":1859,"date":"2023-02-24T11:35:03","date_gmt":"2023-02-24T10:35:03","guid":{"rendered":"https:\/\/coin-store-nft.com\/?post_type=product&#038;p=1859"},"modified":"2023-05-26T08:51:10","modified_gmt":"2023-05-26T06:51:10","slug":"streitwagen-rydwan-silber-2-oz","status":"publish","type":"product","link":"https:\/\/coin-store-nft.com\/fr\/produkt\/streitwagen-rydwan-silber-2-oz\/","title":{"rendered":"Streitwagen Rydwan Kriegsf\u00fchrung grossartige Silberm\u00fcnze 2 Oz"},"content":{"rendered":"<div style=\"width: 800px;\" class=\"wp-video\"><!--[if lt IE 9]><script>document.createElement('video');<\/script><![endif]-->\n<video class=\"wp-video-shortcode\" id=\"video-1859-1\" width=\"800\" height=\"450\" autoplay=\"1\" preload=\"metadata\" controls=\"controls\"><source type=\"video\/mp4\" src=\"https:\/\/coin-store-nft.com\/wp-content\/uploads\/2023\/02\/Chariot-Rydwan-Warfare-2oz-Silver-3.mp4?_=1\" \/><a href=\"https:\/\/coin-store-nft.com\/wp-content\/uploads\/2023\/02\/Chariot-Rydwan-Warfare-2oz-Silver-3.mp4\">https:\/\/coin-store-nft.com\/wp-content\/uploads\/2023\/02\/Chariot-Rydwan-Warfare-2oz-Silver-3.mp4<\/a><\/video><\/div>\n<p>Streitwagen Rydwan Kriegsf\u00fchrung Silberm\u00fcnze 2 Oz<\/p>\n<p>\u00ab\u00a0Erleben Sie den Nervenkitzel der alten Kriegsf\u00fchrung mit unserem Chariot Rydwan NFT-Kunstwerk. Ein Meisterwerk des Kampfes und des Ruhms.\u00a0\u00bb<\/p>\n<p>\u00ab\u00a0Tauchen Sie ein in den Nervenkitzel der Schlacht mit unserem Chariot Rydwan Warfare NFT. Atemberaubende Bilder erwecken die alte keltische Kriegsf\u00fchrung zum Leben.\u00a0\u00bb Da es sich um ein NFT handelt, enth\u00e4lt das Kunstwerk Animationen, die die M\u00fcnze als seltenes Sammlerst\u00fcck in einem digitalen Raum zum Leben erwecken. NFT Mintage limitiert auf nur 3 St\u00fcck weltweit. Weltweit einzigartige Kombination von Silberm\u00fcnze und NFT. Holen Sie sich noch heute diese atemberaubende Kollektion in unserem Shop.<\/p>\n","protected":false},"excerpt":{"rendered":"<p><span id=\"tgtAlignment_0\" class=\"ts-alignment-element\" data-is-focusable=\"true\">\u00ab\u00a0<\/span><span id=\"tgtAlignment_1\" class=\"ts-alignment-element\" data-is-focusable=\"true\">Erlebe<\/span> <span id=\"tgtAlignment_2\" class=\"ts-alignment-element\" data-is-focusable=\"true\">den<\/span> <span id=\"tgtAlignment_3\" class=\"ts-alignment-element\" data-is-focusable=\"true\">Nervenkitzel<\/span> <span id=\"tgtAlignment_4\" class=\"ts-alignment-element\" data-is-focusable=\"true\">uralter<\/span> <span id=\"tgtAlignment_5\" class=\"ts-alignment-element\" data-is-focusable=\"true\">Kriegsf\u00fchrung<\/span> <span id=\"tgtAlignment_6\" class=\"ts-alignment-element\" data-is-focusable=\"true\">mit<\/span> <span id=\"tgtAlignment_7\" class=\"ts-alignment-element\" data-is-focusable=\"true\">unserem<\/span> <span id=\"tgtAlignment_8\" class=\"ts-alignment-element\" data-is-focusable=\"true\">Chariot<\/span> <span id=\"tgtAlignment_9\" class=\"ts-alignment-element\" data-is-focusable=\"true\">Rydwan<\/span> <span id=\"tgtAlignment_10\" class=\"ts-alignment-element\" data-is-focusable=\"true\">NFT<\/span>&#8211;<span id=\"tgtAlignment_11\" class=\"ts-alignment-element\" data-is-focusable=\"true\">Kunstwerk<\/span>.<\/p>\n<p><span id=\"tgtAlignment_12\" class=\"ts-alignment-element\" data-is-focusable=\"true\">Ein<\/span> <span id=\"tgtAlignment_13\" class=\"ts-alignment-element\" data-is-focusable=\"true\">Meisterwerk<\/span> des <span id=\"tgtAlignment_14\" class=\"ts-alignment-element\" data-is-focusable=\"true\">Kampfes<\/span> <span id=\"tgtAlignment_15\" class=\"ts-alignment-element\" data-is-focusable=\"true\">und<\/span> <span id=\"tgtAlignment_16\" class=\"ts-alignment-element\" data-is-focusable=\"true\">des<\/span> <span id=\"tgtAlignment_17\" class=\"ts-alignment-element\" data-is-focusable=\"true\">Ruhms<\/span><span id=\"tgtAlignment_18\" class=\"ts-alignment-element\" data-is-focusable=\"true\">.\u00a0\u00bb<\/span> <span id=\"tgtAlignment_19\" class=\"ts-alignment-element\" data-is-focusable=\"true\">\u00ab\u00a0<\/span><span id=\"tgtAlignment_20\" class=\"ts-alignment-element\" data-is-focusable=\"true\">Tauche<\/span> <span id=\"tgtAlignment_21\" class=\"ts-alignment-element\" data-is-focusable=\"true\">mit<\/span> <span id=\"tgtAlignment_22\" class=\"ts-alignment-element\" data-is-focusable=\"true\">unserem<\/span> <span id=\"tgtAlignment_23\" class=\"ts-alignment-element\" data-is-focusable=\"true\">Chariot<\/span> <span id=\"tgtAlignment_24\" class=\"ts-alignment-element\" data-is-focusable=\"true\">Rydwan<\/span> <span id=\"tgtAlignment_25\" class=\"ts-alignment-element\" data-is-focusable=\"true\">Warfare<\/span> <span id=\"tgtAlignment_26\" class=\"ts-alignment-element\" data-is-focusable=\"true\">NFT<\/span>&#8211;<span id=\"tgtAlignment_27\" class=\"ts-alignment-element\" data-is-focusable=\"true\">Artwork<\/span> in <span id=\"tgtAlignment_28\" class=\"ts-alignment-element\" data-is-focusable=\"true\">den<\/span> <span id=\"tgtAlignment_29\" class=\"ts-alignment-element\" data-is-focusable=\"true\">Nervenkitzel<\/span> <span id=\"tgtAlignment_30\" class=\"ts-alignment-element\" data-is-focusable=\"true\">des<\/span> <span id=\"tgtAlignment_31\" class=\"ts-alignment-element\" data-is-focusable=\"true\">Kampfes<\/span> <span id=\"tgtAlignment_32\" class=\"ts-alignment-element\" data-is-focusable=\"true\">ein<\/span><span id=\"tgtAlignment_33\" class=\"ts-alignment-element\" data-is-focusable=\"true\">.<\/span><\/p>\n<p><span id=\"tgtAlignment_34\" class=\"ts-alignment-element\" data-is-focusable=\"true\">Atemberaubende<\/span> <span id=\"tgtAlignment_35\" class=\"ts-alignment-element\" data-is-focusable=\"true\">Grafiken<\/span> <span id=\"tgtAlignment_36\" class=\"ts-alignment-element\" data-is-focusable=\"true\">erwecken<\/span> <span id=\"tgtAlignment_37\" class=\"ts-alignment-element\" data-is-focusable=\"true\">alte<\/span> <span id=\"tgtAlignment_38\" class=\"ts-alignment-element\" data-is-focusable=\"true\">keltische<\/span> <span id=\"tgtAlignment_39\" class=\"ts-alignment-element\" data-is-focusable=\"true\">Kriegsf\u00fchrung<\/span> <span id=\"tgtAlignment_40\" class=\"ts-alignment-element\" data-is-focusable=\"true\">zum<\/span> <span id=\"tgtAlignment_41\" class=\"ts-alignment-element\" data-is-focusable=\"true\">Leben<\/span><span id=\"tgtAlignment_42\" class=\"ts-alignment-element\" data-is-focusable=\"true\">.\u00a0\u00bb<\/span><\/p>\n<p><span id=\"tgtAlignment_43\" class=\"ts-alignment-element\" data-is-focusable=\"true\">Als<\/span> <span id=\"tgtAlignment_44\" class=\"ts-alignment-element\" data-is-focusable=\"true\">NFT<\/span> <span id=\"tgtAlignment_45\" class=\"ts-alignment-element\" data-is-focusable=\"true\">enth\u00e4lt<\/span> <span id=\"tgtAlignment_46\" class=\"ts-alignment-element\" data-is-focusable=\"true\">das<\/span> <span id=\"tgtAlignment_47\" class=\"ts-alignment-element\" data-is-focusable=\"true\">Kunstwerk<\/span> <span id=\"tgtAlignment_48\" class=\"ts-alignment-element\" data-is-focusable=\"true\">Animationen<\/span><span id=\"tgtAlignment_49\" class=\"ts-alignment-element\" data-is-focusable=\"true\">,<\/span> die <span id=\"tgtAlignment_50\" class=\"ts-alignment-element\" data-is-focusable=\"true\">die<\/span> <span id=\"tgtAlignment_51\" class=\"ts-alignment-element\" data-is-focusable=\"true\">M\u00fcnze<\/span> <span id=\"tgtAlignment_52\" class=\"ts-alignment-element\" data-is-focusable=\"true\">in<\/span> <span id=\"tgtAlignment_53\" class=\"ts-alignment-element\" data-is-focusable=\"true\">einem<\/span> <span id=\"tgtAlignment_54\" class=\"ts-alignment-element\" data-is-focusable=\"true\">digitalen<\/span> <span id=\"tgtAlignment_55\" class=\"ts-alignment-element\" data-is-focusable=\"true\">Raum<\/span> <span id=\"tgtAlignment_56\" class=\"ts-alignment-element\" data-is-focusable=\"true\">als<\/span> <span id=\"tgtAlignment_57\" class=\"ts-alignment-element\" data-is-focusable=\"true\">seltenes<\/span> <span id=\"tgtAlignment_58\" class=\"ts-alignment-element\" data-is-focusable=\"true\">Sammlerst\u00fcck<\/span> <span id=\"tgtAlignment_59\" class=\"ts-alignment-element\" data-is-focusable=\"true\">zum<\/span> <span id=\"tgtAlignment_60\" class=\"ts-alignment-element\" data-is-focusable=\"true\">Leben<\/span> <span id=\"tgtAlignment_61\" class=\"ts-alignment-element\" data-is-focusable=\"true\">erwecken<\/span><span id=\"tgtAlignment_62\" class=\"ts-alignment-element\" data-is-focusable=\"true\">.<\/span><\/p>\n<p><span id=\"tgtAlignment_63\" class=\"ts-alignment-element\" data-is-focusable=\"true\">NFT<\/span> <span id=\"tgtAlignment_64\" class=\"ts-alignment-element\" data-is-focusable=\"true\">Auflage<\/span> <span id=\"tgtAlignment_65\" class=\"ts-alignment-element\" data-is-focusable=\"true\">limitiert<\/span> <span id=\"tgtAlignment_66\" class=\"ts-alignment-element\" data-is-focusable=\"true\">auf<\/span> <span id=\"tgtAlignment_67\" class=\"ts-alignment-element\" data-is-focusable=\"true\">nur<\/span> <span id=\"tgtAlignment_68\" class=\"ts-alignment-element\" data-is-focusable=\"true\">3<\/span> <span id=\"tgtAlignment_69\" class=\"ts-alignment-element\" data-is-focusable=\"true\">St\u00fcck<\/span> <span id=\"tgtAlignment_70\" class=\"ts-alignment-element\" data-is-focusable=\"true\">weltweit<\/span><\/p>\n","protected":false},"featured_media":6296,"comment_status":"open","ping_status":"closed","template":"","meta":{"inline_featured_image":false},"product_brand":[],"product_cat":[202,101],"product_tag":[],"class_list":{"0":"post-1859","1":"product","2":"type-product","3":"status-publish","4":"has-post-thumbnail","6":"product_cat-epic-tales-of-heroes-and-gods","7":"product_cat-silbermuenze","8":"pa_anzahl-muenzen-weltweit-169","9":"pa_anzahl-nft-weltweit-3-nfts-weltweit","10":"pa_echtheitszertifikat-ja","11":"pa_gewicht-der-muenze-groesser-2-oz","12":"pa_herstellungsland-niue","13":"pa_material-muenze-silber-0-999","14":"pa_muenzdurchmesser-mm-50-mm","15":"pa_nennwert-muenze-5-dollar","16":"pa_oberflaechenbeschaffenheit-antikes-finish","17":"pa_praegejahr-der-muenze-133","19":"first","20":"instock","21":"featured","22":"taxable","23":"shipping-taxable","24":"purchasable","25":"product-type-simple"},"jetpack_sharing_enabled":true,"_links":{"self":[{"href":"https:\/\/coin-store-nft.com\/fr\/wp-json\/wp\/v2\/product\/1859"}],"collection":[{"href":"https:\/\/coin-store-nft.com\/fr\/wp-json\/wp\/v2\/product"}],"about":[{"href":"https:\/\/coin-store-nft.com\/fr\/wp-json\/wp\/v2\/types\/product"}],"replies":[{"embeddable":true,"href":"https:\/\/coin-store-nft.com\/fr\/wp-json\/wp\/v2\/comments?post=1859"}],"wp:featuredmedia":[{"embeddable":true,"href":"https:\/\/coin-store-nft.com\/fr\/wp-json\/wp\/v2\/media\/6296"}],"wp:attachment":[{"href":"https:\/\/coin-store-nft.com\/fr\/wp-json\/wp\/v2\/media?parent=1859"}],"wp:term":[{"taxonomy":"product_brand","embeddable":true,"href":"https:\/\/coin-store-nft.com\/fr\/wp-json\/wp\/v2\/product_brand?post=1859"},{"taxonomy":"product_cat","embeddable":true,"href":"https:\/\/coin-store-nft.com\/fr\/wp-json\/wp\/v2\/product_cat?post=1859"},{"taxonomy":"product_tag","embeddable":true,"href":"https:\/\/coin-store-nft.com\/fr\/wp-json\/wp\/v2\/product_tag?post=1859"}],"curies":[{"name":"wp","href":"https:\/\/api.w.org\/{rel}","templated":true}]}}