{"id":1891,"date":"2023-02-25T08:10:48","date_gmt":"2023-02-25T07:10:48","guid":{"rendered":"https:\/\/coin-store-nft.com\/?post_type=product&#038;p=1891"},"modified":"2023-07-06T08:14:32","modified_gmt":"2023-07-06T06:14:32","slug":"historic-guy-fawkes-silber-1-oz","status":"publish","type":"product","link":"https:\/\/coin-store-nft.com\/fr\/produkt\/historic-guy-fawkes-silber-1-oz\/","title":{"rendered":"HISTORIC GUY FAWKES MASK II Anonymous V for Vendetta faszinierende Silberm\u00fcnze 1 Oz"},"content":{"rendered":"<div style=\"width: 800px;\" class=\"wp-video\"><!--[if lt IE 9]><script>document.createElement('video');<\/script><![endif]-->\n<video class=\"wp-video-shortcode\" id=\"video-1891-1\" width=\"800\" height=\"450\" preload=\"metadata\" controls=\"controls\"><source type=\"video\/mp4\" src=\"https:\/\/coin-store-nft.com\/wp-content\/uploads\/2023\/02\/HISTORIC-GUY-FAWKES-MASK-II-Anonymous-V-for-Vendetta-.mp4?_=1\" \/><a href=\"https:\/\/coin-store-nft.com\/wp-content\/uploads\/2023\/02\/HISTORIC-GUY-FAWKES-MASK-II-Anonymous-V-for-Vendetta-.mp4\">https:\/\/coin-store-nft.com\/wp-content\/uploads\/2023\/02\/HISTORIC-GUY-FAWKES-MASK-II-Anonymous-V-for-Vendetta-.mp4<\/a><\/video><\/div>\n<p>HISTORIC GUY FAWKES MASK II Anonymous V for Vendetta Silberm\u00fcnze 1 Oz<\/p>\n<p>Unsere neue Kollektion umfasst einige der ikonischsten Silberm\u00fcnzen, darunter die Guy-Fawkes-Maske und den Salvatore Dali-Geldraub,<\/p>\n<p>die in atemberaubende digitale Kunst verwandelt wurden. Jedes NFT in dieser Kollektion ist ein einzigartiges und einzigartiges St\u00fcck,<\/p>\n<p>das die komplizierten Details und die Sch\u00f6nheit dieser M\u00fcnzen einf\u00e4ngt.<\/p>\n<p>Mit anonymen Silberm\u00fcnzen k\u00f6nnen Sie ein St\u00fcck Geschichte besitzen und Ihrem Portfolio an digitalen Verm\u00f6genswerten einen Hauch von Luxus<\/p>\n<p>verleihen. Unsere NFTs sind perfekt f\u00fcr Sammler, die seltene und exklusive Gegenst\u00e4nde besitzen m\u00f6chten, sowie f\u00fcr Investoren, die nach einer<\/p>\n<p>neuen und aufregenden M\u00f6glichkeit suchen, ihr Portfolio zu diversifizieren.<\/p>\n<p>Unsere NFTs basieren auf der SOLANA-Blockchain, um sicherzustellen, dass sie absolut sicher und transparent sind.<\/p>\n<p>Sie k\u00f6nnen sich darauf verlassen, dass jedes St\u00fcck in unserer Kollektion authentisch ist und von unserem Expertenteam \u00fcberpr\u00fcft wurde.<\/p>\n<p>Warum also warten? Treten Sie der exklusiven Anonymous Silver Coins-Community bei und besitzen Sie ein St\u00fcck Geschichte, das im Laufe der Zeit<\/p>\n<p>nur noch an Wert gewinnen wird. Mit NFTs in limitierter Auflage k\u00f6nnen Sie sicher sein, dass Sie einen wirklich einzigartigen und wertvollen<\/p>\n<p>Verm\u00f6genswert erhalten, auf den Sie stolz sein werden. Verpassen Sie nicht diese Gelegenheit, Ihrem Portfolio an digitalen Verm\u00f6genswerten<\/p>\n<p>mit anonymen Silberm\u00fcnzen einen Hauch von Luxus zu verleihen!<\/p>\n","protected":false},"excerpt":{"rendered":"<p>HISTORIC GUY FAWKES MASK II Anonymous V for Vendetta Silberm\u00fcnze 1 Oz Unsere neue Kollektion umfasst einige der ikonischsten Silberm\u00fcnzen, darunter die Guy-Fawkes-Maske und den Salvatore Dali-Geldraub, die in atemberaubende digitale Kunst verwandelt wurden. Jedes NFT in dieser Kollektion ist ein einzigartiges und einzigartiges St\u00fcck, das die komplizierten Details und die Sch\u00f6nheit dieser M\u00fcnzen einf\u00e4ngt. [&hellip;]<\/p>\n","protected":false},"featured_media":5961,"comment_status":"open","ping_status":"closed","template":"","meta":{"inline_featured_image":false},"product_brand":[],"product_cat":[101,203],"product_tag":[],"class_list":{"0":"post-1891","1":"product","2":"type-product","3":"status-publish","4":"has-post-thumbnail","6":"product_cat-silbermuenze","7":"product_cat-anonymous-coins","8":"pa_anzahl-muenzen-weltweit-999-muenzen-weltweit","9":"pa_anzahl-nft-weltweit-3-nfts-weltweit","10":"pa_echtheitszertifikat-ja","11":"pa_gewicht-der-muenze-groesser-1-oz","12":"pa_herstellungsland-cook-island","13":"pa_material-muenze-silber-0-999","14":"pa_nennwert-muenze-5-dollar","15":"pa_oberflaechenbeschaffenheit-black-proof","16":"pa_praegejahr-der-muenze-131","18":"first","19":"instock","20":"taxable","21":"shipping-taxable","22":"purchasable","23":"product-type-simple"},"jetpack_sharing_enabled":true,"_links":{"self":[{"href":"https:\/\/coin-store-nft.com\/fr\/wp-json\/wp\/v2\/product\/1891"}],"collection":[{"href":"https:\/\/coin-store-nft.com\/fr\/wp-json\/wp\/v2\/product"}],"about":[{"href":"https:\/\/coin-store-nft.com\/fr\/wp-json\/wp\/v2\/types\/product"}],"replies":[{"embeddable":true,"href":"https:\/\/coin-store-nft.com\/fr\/wp-json\/wp\/v2\/comments?post=1891"}],"wp:featuredmedia":[{"embeddable":true,"href":"https:\/\/coin-store-nft.com\/fr\/wp-json\/wp\/v2\/media\/5961"}],"wp:attachment":[{"href":"https:\/\/coin-store-nft.com\/fr\/wp-json\/wp\/v2\/media?parent=1891"}],"wp:term":[{"taxonomy":"product_brand","embeddable":true,"href":"https:\/\/coin-store-nft.com\/fr\/wp-json\/wp\/v2\/product_brand?post=1891"},{"taxonomy":"product_cat","embeddable":true,"href":"https:\/\/coin-store-nft.com\/fr\/wp-json\/wp\/v2\/product_cat?post=1891"},{"taxonomy":"product_tag","embeddable":true,"href":"https:\/\/coin-store-nft.com\/fr\/wp-json\/wp\/v2\/product_tag?post=1891"}],"curies":[{"name":"wp","href":"https:\/\/api.w.org\/{rel}","templated":true}]}}