{"id":2029,"date":"2023-02-27T16:55:54","date_gmt":"2023-02-27T15:55:54","guid":{"rendered":"https:\/\/coin-store-nft.com\/?post_type=product&#038;p=2029"},"modified":"2023-06-25T11:27:03","modified_gmt":"2023-06-25T09:27:03","slug":"germania-ice-silber-1oz","status":"publish","type":"product","link":"https:\/\/coin-store-nft.com\/fr\/produkt\/germania-ice-silber-1oz\/","title":{"rendered":"Germania ICE SpaceX faszinierende Silberm\u00fcnze 1oz No. 336"},"content":{"rendered":"<div style=\"width: 800px;\" class=\"wp-video\"><!--[if lt IE 9]><script>document.createElement('video');<\/script><![endif]-->\n<video class=\"wp-video-shortcode\" id=\"video-2029-1\" width=\"800\" height=\"800\" preload=\"metadata\" controls=\"controls\"><source type=\"video\/mp4\" src=\"https:\/\/coin-store-nft.com\/wp-content\/uploads\/2023\/02\/Germania-ICE-2019-5-Mark-SpaceX-Series-1oz-Silver-Coin-No.-336.mp4?_=1\" \/><a href=\"https:\/\/coin-store-nft.com\/wp-content\/uploads\/2023\/02\/Germania-ICE-2019-5-Mark-SpaceX-Series-1oz-Silver-Coin-No.-336.mp4\">https:\/\/coin-store-nft.com\/wp-content\/uploads\/2023\/02\/Germania-ICE-2019-5-Mark-SpaceX-Series-1oz-Silver-Coin-No.-336.mp4<\/a><\/video><\/div>\n<p>Germania ICE SpaceX Silverm\u00fcnze 1oz No. 336<\/p>\n<p>Die Germania als Personifikation zeigt eine sch\u00f6ne Frau mit langem, wallenden Haar, in einem vom Wind verwehten Kleid, mit einem Siegeskranz auf dem Kopf. Die Silhouette der weiblichen Personifikation Germania ist in w\u00fcrdevoller Pose dargestellt. Begleitet wird Lady Germania vom zweik\u00f6pfigen Adler, einem Symbol aus der germanischen Mythologie, das mit Janus (Gott aller Herkunft) in Verbindung gebracht wird.<\/p>\n<p>Der zweik\u00f6pfige Adler ist ein Symbol, das in der r\u00f6mischen Mythologie mit Janus in Verbindung gebracht wir, dem Gott aller Herkunft, W\u00e4chter von T\u00fcren, Toren, Durchg\u00e4ngen und Br\u00fccken, dem Schutzpatron alliierter Vereinbarungen und Vereinbarungen. Gegen\u00fcberliegende K\u00f6pfe symbolisieren Vergangenheit und Zukunft. Die Blitze, die in den Klauen eines Adlers gehalten werden, sind ein g\u00f6ttliches Attribut, das St\u00e4rke und die Macht von Sch\u00f6pfung und Zerst\u00f6rung symbolisiert.<\/p>\n","protected":false},"excerpt":{"rendered":"<p>Germania ICE SpaceX Silverm\u00fcnze 1oz No. 336 Die Germania als Personifikation zeigt eine sch\u00f6ne Frau mit langem, wallenden Haar, in einem vom Wind verwehten Kleid, mit einem Siegeskranz auf dem Kopf. Die Silhouette der weiblichen Personifikation Germania ist in w\u00fcrdevoller Pose dargestellt. Begleitet wird Lady Germania vom zweik\u00f6pfigen Adler, einem Symbol aus der germanischen Mythologie, [&hellip;]<\/p>\n","protected":false},"featured_media":2038,"comment_status":"open","ping_status":"closed","template":"","meta":{"inline_featured_image":false},"product_brand":[],"product_cat":[148,101],"product_tag":[],"class_list":{"0":"post-2029","1":"product","2":"type-product","3":"status-publish","4":"has-post-thumbnail","6":"product_cat-allegories-britannia-germania","7":"product_cat-silbermuenze","8":"pa_anzahl-muenzen-weltweit-169","9":"pa_anzahl-nft-weltweit-3-nfts-weltweit","10":"pa_echtheitszertifikat-ja","11":"pa_gewicht-der-muenze-groesser-1-oz","12":"pa_herstellungsland-deutschland","13":"pa_herstellungsland-germania-mint","14":"pa_material-muenze-silber-0-999","15":"pa_muenzdurchmesser-mm-3861-mm","16":"pa_nennwert-muenze-5-mark","17":"pa_oberflaechenbeschaffenheit-space-red-smartminttech","18":"pa_praegejahr-der-muenze-133","20":"first","21":"instock","22":"taxable","23":"shipping-taxable","24":"purchasable","25":"product-type-simple"},"jetpack_sharing_enabled":true,"_links":{"self":[{"href":"https:\/\/coin-store-nft.com\/fr\/wp-json\/wp\/v2\/product\/2029"}],"collection":[{"href":"https:\/\/coin-store-nft.com\/fr\/wp-json\/wp\/v2\/product"}],"about":[{"href":"https:\/\/coin-store-nft.com\/fr\/wp-json\/wp\/v2\/types\/product"}],"replies":[{"embeddable":true,"href":"https:\/\/coin-store-nft.com\/fr\/wp-json\/wp\/v2\/comments?post=2029"}],"wp:featuredmedia":[{"embeddable":true,"href":"https:\/\/coin-store-nft.com\/fr\/wp-json\/wp\/v2\/media\/2038"}],"wp:attachment":[{"href":"https:\/\/coin-store-nft.com\/fr\/wp-json\/wp\/v2\/media?parent=2029"}],"wp:term":[{"taxonomy":"product_brand","embeddable":true,"href":"https:\/\/coin-store-nft.com\/fr\/wp-json\/wp\/v2\/product_brand?post=2029"},{"taxonomy":"product_cat","embeddable":true,"href":"https:\/\/coin-store-nft.com\/fr\/wp-json\/wp\/v2\/product_cat?post=2029"},{"taxonomy":"product_tag","embeddable":true,"href":"https:\/\/coin-store-nft.com\/fr\/wp-json\/wp\/v2\/product_tag?post=2029"}],"curies":[{"name":"wp","href":"https:\/\/api.w.org\/{rel}","templated":true}]}}