{"id":2173,"date":"2023-03-03T10:26:49","date_gmt":"2023-03-03T09:26:49","guid":{"rendered":"https:\/\/coin-store-nft.com\/?post_type=product&#038;p=2173"},"modified":"2024-07-09T16:53:13","modified_gmt":"2024-07-09T14:53:13","slug":"adele-100th-klimt-silber-1-oz","status":"publish","type":"product","link":"https:\/\/coin-store-nft.com\/fr\/produkt\/adele-100th-klimt-silber-1-oz\/","title":{"rendered":"ADELE 100th Anniversary Gustav Klimt Silberm\u00fcnze 1 Oz"},"content":{"rendered":"<div style=\"width: 800px;\" class=\"wp-video\"><!--[if lt IE 9]><script>document.createElement('video');<\/script><![endif]-->\n<video class=\"wp-video-shortcode\" id=\"video-2173-1\" width=\"800\" height=\"450\" autoplay=\"1\" preload=\"metadata\" controls=\"controls\"><source type=\"video\/mp4\" src=\"https:\/\/coin-store-nft.com\/wp-content\/uploads\/2023\/03\/ADELE-100th-Anniversary-Gustav-Klimt-1-OZ-Silver-Coin-limitedrare-edition-big.mp4?_=1\" \/><a href=\"https:\/\/coin-store-nft.com\/wp-content\/uploads\/2023\/03\/ADELE-100th-Anniversary-Gustav-Klimt-1-OZ-Silver-Coin-limitedrare-edition-big.mp4\">https:\/\/coin-store-nft.com\/wp-content\/uploads\/2023\/03\/ADELE-100th-Anniversary-Gustav-Klimt-1-OZ-Silver-Coin-limitedrare-edition-big.mp4<\/a><\/video><\/div>\n<p>ADELE 100th Anniversary Gustav Klimt Silberm\u00fcnze 1 Oz<\/p>\n<p>Gustav Klimt (1862-1918) war ein \u00f6sterreichischer symbolistischer Maler und eines der prominentesten Mitglieder der Wiener Secession.<\/p>\n<p>Er ist bekannt f\u00fcr seine komplizierten und sehr dekorativen Gem\u00e4lde, die sich durch die Verwendung von Blattgold und<\/p>\n<p>Ornamenten auszeichnen, sowie f\u00fcr seine Frauenportr\u00e4ts. Klimts Werk befasste sich oft mit Themen wie Sexualit\u00e4t, Liebe und<\/p>\n<p>der conditio humana und wurde stark von den Jugendstil- und Jugendstilbewegungen des sp\u00e4ten 19. und fr\u00fchen 20. Jahrhunderts beeinflusst.<\/p>\n<p>Er ist vielleicht am bekanntesten f\u00fcr sein Meisterwerk \u00ab\u00a0Der Kuss\u00a0\u00bb, das ein Paar zeigt, das sich umarmt und von einem Meer aus Gold umgeben ist.<\/p>\n<p>Trotz Kontroversen und Kritik zu seinen Lebzeiten wird Klimts Werk heute weithin gefeiert und beeinflusst<\/p>\n<p>weiterhin K\u00fcnstler und Kunstliebhaber auf der ganzen Welt.<\/p>\n","protected":false},"excerpt":{"rendered":"<p>ADELE 100th Anniversary Gustav Klimt Silberm\u00fcnze 1 Oz Gustav Klimt (1862-1918) war ein \u00f6sterreichischer symbolistischer Maler und eines der prominentesten Mitglieder der Wiener Secession. Er ist bekannt f\u00fcr seine komplizierten und sehr dekorativen Gem\u00e4lde, die sich durch die Verwendung von Blattgold und Ornamenten auszeichnen, sowie f\u00fcr seine Frauenportr\u00e4ts. Klimts Werk befasste sich oft mit Themen [&hellip;]<\/p>\n","protected":false},"featured_media":5953,"comment_status":"open","ping_status":"closed","template":"","meta":{"inline_featured_image":false},"product_brand":[],"product_cat":[101,205],"product_tag":[],"class_list":{"0":"post-2173","1":"product","2":"type-product","3":"status-publish","4":"has-post-thumbnail","6":"product_cat-silbermuenze","7":"product_cat-art-coins","8":"pa_anzahl-muenzen-weltweit-164","9":"pa_anzahl-nft-weltweit-3-nfts-weltweit","10":"pa_echtheitszertifikat-ja","11":"pa_gewicht-der-muenze-1-oz-2834-g","12":"pa_herstellungsland-austria","13":"pa_material-muenze-silber-0-999","14":"pa_muenzdurchmesser-mm-3861-mm","15":"pa_nennwert-muenze-15-euro","16":"pa_oberflaechenbeschaffenheit-bu-brilliant-unzirkuliert","17":"pa_praegejahr-der-muenze-132","19":"first","20":"outofstock","21":"taxable","22":"shipping-taxable","23":"purchasable","24":"product-type-simple"},"jetpack_sharing_enabled":true,"_links":{"self":[{"href":"https:\/\/coin-store-nft.com\/fr\/wp-json\/wp\/v2\/product\/2173"}],"collection":[{"href":"https:\/\/coin-store-nft.com\/fr\/wp-json\/wp\/v2\/product"}],"about":[{"href":"https:\/\/coin-store-nft.com\/fr\/wp-json\/wp\/v2\/types\/product"}],"replies":[{"embeddable":true,"href":"https:\/\/coin-store-nft.com\/fr\/wp-json\/wp\/v2\/comments?post=2173"}],"wp:featuredmedia":[{"embeddable":true,"href":"https:\/\/coin-store-nft.com\/fr\/wp-json\/wp\/v2\/media\/5953"}],"wp:attachment":[{"href":"https:\/\/coin-store-nft.com\/fr\/wp-json\/wp\/v2\/media?parent=2173"}],"wp:term":[{"taxonomy":"product_brand","embeddable":true,"href":"https:\/\/coin-store-nft.com\/fr\/wp-json\/wp\/v2\/product_brand?post=2173"},{"taxonomy":"product_cat","embeddable":true,"href":"https:\/\/coin-store-nft.com\/fr\/wp-json\/wp\/v2\/product_cat?post=2173"},{"taxonomy":"product_tag","embeddable":true,"href":"https:\/\/coin-store-nft.com\/fr\/wp-json\/wp\/v2\/product_tag?post=2173"}],"curies":[{"name":"wp","href":"https:\/\/api.w.org\/{rel}","templated":true}]}}