{"id":2179,"date":"2023-03-03T10:39:56","date_gmt":"2023-03-03T09:39:56","guid":{"rendered":"https:\/\/coin-store-nft.com\/?post_type=product&#038;p=2179"},"modified":"2023-06-19T08:16:12","modified_gmt":"2023-06-19T06:16:12","slug":"nft-adele-gustav-klimt-1-3","status":"publish","type":"product","link":"https:\/\/coin-store-nft.com\/fr\/produkt\/nft-adele-gustav-klimt-1-3\/","title":{"rendered":"NFT-ADELE GUSTAV KLIMT #1\/3"},"content":{"rendered":"<p><a href=\"https:\/\/solsea.io\/n\/GkdzDaWYK4caDQdtCusfnRtZcKgnpnr6E4aBuuj7cNEU\/\" target=\"_blank\" rel=\"noopener\">https:\/\/solsea.io\/n\/GkdzDaWYK4caDQdtCusfnRtZcKgnpnr6E4aBuuj7cNEU\/<\/a><\/p>\n<div style=\"width: 800px;\" class=\"wp-video\"><!--[if lt IE 9]><script>document.createElement('video');<\/script><![endif]-->\n<video class=\"wp-video-shortcode\" id=\"video-2179-1\" width=\"800\" height=\"450\" preload=\"metadata\" controls=\"controls\"><source type=\"video\/mp4\" src=\"https:\/\/coin-store-nft.com\/wp-content\/uploads\/2023\/03\/ADELE-100th-Anniversary-Gustav-Klimt-1-OZ-Silver-Coin-limitedrare-edition-big.mp4?_=1\" \/><a href=\"https:\/\/coin-store-nft.com\/wp-content\/uploads\/2023\/03\/ADELE-100th-Anniversary-Gustav-Klimt-1-OZ-Silver-Coin-limitedrare-edition-big.mp4\">https:\/\/coin-store-nft.com\/wp-content\/uploads\/2023\/03\/ADELE-100th-Anniversary-Gustav-Klimt-1-OZ-Silver-Coin-limitedrare-edition-big.mp4<\/a><\/video><\/div>\n<p>NFT-ADELE GUSTAV KLIMT #1\/3 eine zertifizierte Silberm\u00fcnze in limitierter Auflage verwandelt sich in ein animiertes NFT#1, eine neue und weltweit einzigartige Kombination, ein Muss f\u00fcr jeden Sammler, hier kaufen.<\/p>\n<p>Atemberaubende Sammlung von Paint-Artisten, die auf NFTs mit erstaunlichen Silberm\u00fcnzen verewigt wurden. Wir stellen die neueste Erg\u00e4nzung in der Welt der NFTs vor &#8211; eine atemberaubende Sammlung von Paint-Artisten, die auf wundersch\u00f6nen Silberm\u00fcnzen verewigt sind! Jede M\u00fcnze zeigt ein ber\u00fchmtes Kunstwerk von einigen der ber\u00fchmtesten Maler aller Zeiten, darunter KLIMT, Salvador Dali, Frida Kahlo und die Mona Lisa von Leonard Da Vinci. Diese NFTs sind nicht nur digitale Kunst &#8211; sie sind physische Kunstwerke f\u00fcr sich. Jede M\u00fcnze besteht aus reinem Silber mit einem Gewicht von 1 Oz bis 3 Oz und wurde wundersch\u00f6n gearbeitet, um das Kunstwerk in exquisiten Details zu pr\u00e4sentieren. Sie werden stolz darauf sein, eines dieser unglaublichen St\u00fccke zu besitzen und es in Ihrem Zuhause oder B\u00fcro auszustellen. Aber das ist noch nicht alles &#8211; jede M\u00fcnze wird auch mit einem einzigartigen NFT-Token geliefert, der ihre Echtheit und ihren Besitz \u00fcberpr\u00fcft. Mit dem NFT k\u00f6nnen Sie nachweisen, dass Sie die physische M\u00fcnze besitzen, und erhalten auch Zugang zu exklusiven digitalen Inhalten, die sich auf das Kunstwerk und den K\u00fcnstler beziehen. Diese Sammlung ist ein Muss f\u00fcr jeden Kunstliebhaber oder Sammler und stellt auch eine fantastische Investitionsm\u00f6glichkeit dar. Verpassen Sie nicht Ihre Chance, ein St\u00fcck Geschichte und ein Kunstwerk zu besitzen, das im Laufe der Zeit nur an Wert gewinnt. Warum also warten? Besuchen Sie jetzt unsere Website und st\u00f6bern Sie in der Sammlung von Paint-Artist, die auf wundersch\u00f6nen Silberm\u00fcnzen verewigt sind. Investieren Sie noch heute in Ihre Zukunft und Ihre Leidenschaft f\u00fcr Kunst!<\/p>\n","protected":false},"excerpt":{"rendered":"<p>https:\/\/solsea.io\/n\/GkdzDaWYK4caDQdtCusfnRtZcKgnpnr6E4aBuuj7cNEU\/ NFT-ADELE GUSTAV KLIMT #1\/3 eine zertifizierte Silberm\u00fcnze in limitierter Auflage verwandelt sich in ein animiertes NFT#1, eine neue und weltweit einzigartige Kombination, ein Muss f\u00fcr jeden Sammler, hier kaufen. Atemberaubende Sammlung von Paint-Artisten, die auf NFTs mit erstaunlichen Silberm\u00fcnzen verewigt wurden. Wir stellen die neueste Erg\u00e4nzung in der Welt der NFTs vor &#8211; eine [&hellip;]<\/p>\n","protected":false},"featured_media":2180,"comment_status":"open","ping_status":"closed","template":"","meta":{"inline_featured_image":false},"product_brand":[],"product_cat":[205,100],"product_tag":[],"class_list":{"0":"post-2179","1":"product","2":"type-product","3":"status-publish","4":"has-post-thumbnail","6":"product_cat-art-coins","7":"product_cat-nft","8":"product_shipping_class-digital-asset","9":"pa_anzahl-muenzen-weltweit-164","10":"pa_anzahl-nft-weltweit-3-nfts-weltweit","11":"pa_echtheitszertifikat-ja","12":"pa_gewicht-der-muenze-1-oz-2834-g","13":"pa_herstellungsland-austria","14":"pa_material-muenze-silber-0-999","15":"pa_muenzdurchmesser-mm-3861-mm","16":"pa_nennwert-muenze-15-euro","17":"pa_oberflaechenbeschaffenheit-bu-brilliant-unzirkuliert","18":"pa_praegejahr-der-muenze-132","20":"first","21":"instock","22":"featured","23":"virtual","24":"purchasable","25":"product-type-simple"},"jetpack_sharing_enabled":true,"_links":{"self":[{"href":"https:\/\/coin-store-nft.com\/fr\/wp-json\/wp\/v2\/product\/2179"}],"collection":[{"href":"https:\/\/coin-store-nft.com\/fr\/wp-json\/wp\/v2\/product"}],"about":[{"href":"https:\/\/coin-store-nft.com\/fr\/wp-json\/wp\/v2\/types\/product"}],"replies":[{"embeddable":true,"href":"https:\/\/coin-store-nft.com\/fr\/wp-json\/wp\/v2\/comments?post=2179"}],"wp:featuredmedia":[{"embeddable":true,"href":"https:\/\/coin-store-nft.com\/fr\/wp-json\/wp\/v2\/media\/2180"}],"wp:attachment":[{"href":"https:\/\/coin-store-nft.com\/fr\/wp-json\/wp\/v2\/media?parent=2179"}],"wp:term":[{"taxonomy":"product_brand","embeddable":true,"href":"https:\/\/coin-store-nft.com\/fr\/wp-json\/wp\/v2\/product_brand?post=2179"},{"taxonomy":"product_cat","embeddable":true,"href":"https:\/\/coin-store-nft.com\/fr\/wp-json\/wp\/v2\/product_cat?post=2179"},{"taxonomy":"product_tag","embeddable":true,"href":"https:\/\/coin-store-nft.com\/fr\/wp-json\/wp\/v2\/product_tag?post=2179"}],"curies":[{"name":"wp","href":"https:\/\/api.w.org\/{rel}","templated":true}]}}