{"id":6676,"date":"2023-03-23T08:59:06","date_gmt":"2023-03-23T07:59:06","guid":{"rendered":"https:\/\/coin-store-nft.com\/?post_type=product&#038;p=6676"},"modified":"2023-06-20T12:49:50","modified_gmt":"2023-06-20T10:49:50","slug":"nft-germania-iron-cross-1-3","status":"publish","type":"product","link":"https:\/\/coin-store-nft.com\/fr\/produkt\/nft-germania-iron-cross-1-3\/","title":{"rendered":"NFT-Germania Iron Cross #1\/3"},"content":{"rendered":"<p><a href=\"https:\/\/solscan.io\/token\/7to4PbkPzAVoYn2xZ8ZmCSA13dzyK5Cf5Za5DC5dZ9qc\" target=\"_blank\" rel=\"noopener\">https:\/\/solscan.io\/token\/7to4PbkPzAVoYn2xZ8ZmCSA13dzyK5Cf5Za5DC5dZ9qc<\/a><\/p>\n<p>NFT-Germania Iron Cross #1\/3<\/p>\n<div style=\"width: 800px;\" class=\"wp-video\"><!--[if lt IE 9]><script>document.createElement('video');<\/script><![endif]-->\n<video class=\"wp-video-shortcode\" id=\"video-6676-1\" width=\"800\" height=\"450\" preload=\"metadata\" controls=\"controls\"><source type=\"video\/mp4\" src=\"https:\/\/coin-store-nft.com\/wp-content\/uploads\/2023\/03\/Unbenanntes-Video-2.mp4?_=1\" \/><a href=\"https:\/\/coin-store-nft.com\/wp-content\/uploads\/2023\/03\/Unbenanntes-Video-2.mp4\">https:\/\/coin-store-nft.com\/wp-content\/uploads\/2023\/03\/Unbenanntes-Video-2.mp4<\/a><\/video><\/div>\n<p>&nbsp;<\/p>\n<p><span class=\"TextRun SCXW121127088 BCX0\" lang=\"DE-DE\" xml:lang=\"DE-DE\" data-contrast=\"auto\"><span class=\"NormalTextRun SCXW121127088 BCX0\">Bildseite Germania als Personifikation zeigt eine sch\u00f6ne Frau mit langen, wallenden Haaren, gekleidet in ein vom Wind verwehtes Kleid, mit einem Siegessymbol Lorbeerkranz auf dem Kopf. Die Silhouette der weiblichen Personifikation Germania ist in w\u00fcrdevoller Pose dargestellt. Begleitet wird Lady Germania vom zweik\u00f6pfigen Adler \u2013 einem Symbol aus der germanischen Mythologie, das mit Janus in Verbindung gebracht wird, dem Gott aller Herkunft, dem W\u00e4chter von T\u00fcren, Toren, Durchg\u00e4ngen und Br\u00fccken, dem Schutzpatron von Vertr\u00e4gen und B\u00fcndnissen. Die gegen\u00fcberliegenden K\u00f6pfe des Adlers symbolisieren die Vergangenheit und die Zukunft. In <\/span><span class=\"NormalTextRun SCXW121127088 BCX0\">der rechten oberen Ecke ist das Eiserne Kreuz zu sehen, das nur an die Tapfersten <\/span><\/span><span class=\"TextRun Highlight SCXW121127088 BCX0\" lang=\"DE-DE\" xml:lang=\"DE-DE\" data-contrast=\"auto\"><span class=\"NormalTextRun SCXW121127088 BCX0\">verliehen<\/span><\/span><span class=\"TextRun SCXW121127088 BCX0\" lang=\"DE-DE\" xml:lang=\"DE-DE\" data-contrast=\"auto\"><span class=\"NormalTextRun SCXW121127088 BCX0\"> wird. R\u00fcckw\u00e4rts Der zweik\u00f6pfige Adler ist ein Symbol, das in der r\u00f6mischen Mythologie mit Janus in Verbindung gebracht wird \u2013 dem Gott aller Herkunft, dem W\u00e4chter von T\u00fcren, Toren, Durchg\u00e4ngen und Br\u00fccken, dem Schutzpatron alliierter Vereinbarungen und Vereinbarungen. Gegen\u00fcberliegende K\u00f6pfe symbolisieren Vergangenheit und Zukunft. Die Blitze, die in den Klauen eines Adlers gehalten werden, sind ein g\u00f6ttliches Attribut, das St\u00e4rke und die Macht von Sch\u00f6pfung und Zerst\u00f6rung symbolisiert.<\/span><\/span><span class=\"EOP SCXW121127088 BCX0\" data-ccp-props=\"{&quot;201341983&quot;:0,&quot;335559739&quot;:0,&quot;335559740&quot;:240}\">\u00a0<\/span><\/p>\n","protected":false},"excerpt":{"rendered":"<p>https:\/\/solscan.io\/token\/7to4PbkPzAVoYn2xZ8ZmCSA13dzyK5Cf5Za5DC5dZ9qc NFT-Germania Iron Cross #1\/3 &nbsp; Bildseite Germania als Personifikation zeigt eine sch\u00f6ne Frau mit langen, wallenden Haaren, gekleidet in ein vom Wind verwehtes Kleid, mit einem Siegessymbol Lorbeerkranz auf dem Kopf. Die Silhouette der weiblichen Personifikation Germania ist in w\u00fcrdevoller Pose dargestellt. Begleitet wird Lady Germania vom zweik\u00f6pfigen Adler \u2013 einem Symbol aus der [&hellip;]<\/p>\n","protected":false},"featured_media":6677,"comment_status":"open","ping_status":"closed","template":"","meta":{"inline_featured_image":false},"product_brand":[],"product_cat":[148,100],"product_tag":[],"class_list":{"0":"post-6676","1":"product","2":"type-product","3":"status-publish","4":"has-post-thumbnail","6":"product_cat-allegories-britannia-germania","7":"product_cat-nft","8":"product_shipping_class-digital-asset","9":"pa_anzahl-muenzen-weltweit-169","10":"pa_anzahl-nft-weltweit-3-nfts-weltweit","11":"pa_echtheitszertifikat-ja","12":"pa_gewicht-der-muenze-groesser-1-oz","13":"pa_herstellungsland-germania-mint","14":"pa_material-muenze-feinsilber-0-999","15":"pa_muenzdurchmesser-mm-3861-mm","16":"pa_nennwert-muenze-5-mark","17":"pa_oberflaechenbeschaffenheit-proof","18":"pa_praegejahr-der-muenze-133","20":"first","21":"instock","22":"featured","23":"virtual","24":"purchasable","25":"product-type-simple"},"jetpack_sharing_enabled":true,"_links":{"self":[{"href":"https:\/\/coin-store-nft.com\/fr\/wp-json\/wp\/v2\/product\/6676"}],"collection":[{"href":"https:\/\/coin-store-nft.com\/fr\/wp-json\/wp\/v2\/product"}],"about":[{"href":"https:\/\/coin-store-nft.com\/fr\/wp-json\/wp\/v2\/types\/product"}],"replies":[{"embeddable":true,"href":"https:\/\/coin-store-nft.com\/fr\/wp-json\/wp\/v2\/comments?post=6676"}],"wp:featuredmedia":[{"embeddable":true,"href":"https:\/\/coin-store-nft.com\/fr\/wp-json\/wp\/v2\/media\/6677"}],"wp:attachment":[{"href":"https:\/\/coin-store-nft.com\/fr\/wp-json\/wp\/v2\/media?parent=6676"}],"wp:term":[{"taxonomy":"product_brand","embeddable":true,"href":"https:\/\/coin-store-nft.com\/fr\/wp-json\/wp\/v2\/product_brand?post=6676"},{"taxonomy":"product_cat","embeddable":true,"href":"https:\/\/coin-store-nft.com\/fr\/wp-json\/wp\/v2\/product_cat?post=6676"},{"taxonomy":"product_tag","embeddable":true,"href":"https:\/\/coin-store-nft.com\/fr\/wp-json\/wp\/v2\/product_tag?post=6676"}],"curies":[{"name":"wp","href":"https:\/\/api.w.org\/{rel}","templated":true}]}}