{"id":7054,"date":"2023-04-27T08:05:29","date_gmt":"2023-04-27T06:05:29","guid":{"rendered":"https:\/\/coin-store-nft.com\/?post_type=product&#038;p=7054"},"modified":"2024-07-07T01:28:11","modified_gmt":"2024-07-06T23:28:11","slug":"kama-sutra-i-moments-of-love-3oz-silber","status":"publish","type":"product","link":"https:\/\/coin-store-nft.com\/fr\/produkt\/kama-sutra-i-moments-of-love-3oz-silber\/","title":{"rendered":"KAMA SUTRA I Moments of Love &#8211; 3000 Francs Cameroon 2019 &#8211; 3Oz Silberm\u00fcnze"},"content":{"rendered":"<div style=\"width: 640px;\" class=\"wp-video\"><!--[if lt IE 9]><script>document.createElement('video');<\/script><![endif]-->\n<video class=\"wp-video-shortcode\" id=\"video-7054-1\" width=\"640\" height=\"360\" autoplay=\"1\" preload=\"metadata\" controls=\"controls\"><source type=\"video\/webm\" src=\"https:\/\/coin-store-nft.com\/wp-content\/uploads\/2023\/04\/Kama-Sutra-I-Small.webm?_=1\" \/><a href=\"https:\/\/coin-store-nft.com\/wp-content\/uploads\/2023\/04\/Kama-Sutra-I-Small.webm\">https:\/\/coin-store-nft.com\/wp-content\/uploads\/2023\/04\/Kama-Sutra-I-Small.webm<\/a><\/video><\/div>\n<p>&nbsp;<\/p>\n<p>KAMA SUTRA I Moments of Love &#8211; 3000 Francs Cameroon 2019 3 Oz Silberm\u00fcnze<\/p>\n<p>Die Vorderseite dieser erstaunlichen, seltenen 3 OZ Silberm\u00fcnzen, eine au\u00dfergew\u00f6hnliche Sammlung, zeigt zwei Liebende in einem intensiven Moment der Erotik und des Verlangens. Auf dem Hintergrund der Personen ein wundersch\u00f6nes florales buntes Muster. Auf der linken Seite der Vorderseite befindet sich die Inschrift \u00ab\u00a0KAMA SUTRA\u00a0\u00bb &#8211; der Name der M\u00fcnze und \u00ab\u00a0Moments of Love\u00a0\u00bb &#8211; der Name der Serie. Die R\u00fcckseite der M\u00fcnze zeigt die Gesichter der beiden Liebenden, des Mannes und einer Frau, auf einem Blumenmuster und die Inschriften: \u00ab\u00a0REPUBLIQUE DU CAMEROUN\u00a0\u00bb \u2013 das Ausgabeland, \u00ab\u00a02019\u00a0\u00bb \u2013 das Ausgabejahr und \u00ab\u00a03000 FRANCS CFA\u00a0\u00bb \u2013 der Nennwert. Dieses wunderbare Sammlerst\u00fcck wird gemeinsam mit dem NFT#1 und einem Handbuch geliefert. Limitierte Auflage &#8211; nur 3 NFT weltweit.<\/p>\n","protected":false},"excerpt":{"rendered":"<p>KAMA SUTRA I Moments of Love 3000 Francs Cameroon 2019 &#8211; 3 Oz Silberm\u00fcnze<\/p>\n","protected":false},"featured_media":7081,"comment_status":"open","ping_status":"closed","template":"","meta":{"inline_featured_image":false},"product_brand":[],"product_cat":[827,101],"product_tag":[],"class_list":{"0":"post-7054","1":"product","2":"type-product","3":"status-publish","4":"has-post-thumbnail","6":"product_cat-kama-sutra","7":"product_cat-silbermuenze","8":"pa_anzahl-muenzen-weltweit-169","9":"pa_anzahl-nft-weltweit-3-nfts-weltweit","10":"pa_echtheitszertifikat-ja","11":"pa_gewicht-der-muenze-3-oz-8504-g","12":"pa_herstellungsland-cameroon","13":"pa_material-muenze-silber-0-999","14":"pa_muenzdurchmesser-mm-3-oz","15":"pa_nennwert-muenze-3000-francs","16":"pa_oberflaechenbeschaffenheit-antikes-finish","17":"pa_praegejahr-der-muenze-133","19":"first","20":"instock","21":"purchasable","22":"product-type-simple"},"jetpack_sharing_enabled":true,"_links":{"self":[{"href":"https:\/\/coin-store-nft.com\/fr\/wp-json\/wp\/v2\/product\/7054"}],"collection":[{"href":"https:\/\/coin-store-nft.com\/fr\/wp-json\/wp\/v2\/product"}],"about":[{"href":"https:\/\/coin-store-nft.com\/fr\/wp-json\/wp\/v2\/types\/product"}],"replies":[{"embeddable":true,"href":"https:\/\/coin-store-nft.com\/fr\/wp-json\/wp\/v2\/comments?post=7054"}],"wp:featuredmedia":[{"embeddable":true,"href":"https:\/\/coin-store-nft.com\/fr\/wp-json\/wp\/v2\/media\/7081"}],"wp:attachment":[{"href":"https:\/\/coin-store-nft.com\/fr\/wp-json\/wp\/v2\/media?parent=7054"}],"wp:term":[{"taxonomy":"product_brand","embeddable":true,"href":"https:\/\/coin-store-nft.com\/fr\/wp-json\/wp\/v2\/product_brand?post=7054"},{"taxonomy":"product_cat","embeddable":true,"href":"https:\/\/coin-store-nft.com\/fr\/wp-json\/wp\/v2\/product_cat?post=7054"},{"taxonomy":"product_tag","embeddable":true,"href":"https:\/\/coin-store-nft.com\/fr\/wp-json\/wp\/v2\/product_tag?post=7054"}],"curies":[{"name":"wp","href":"https:\/\/api.w.org\/{rel}","templated":true}]}}